{"id":29989,"date":"2021-01-18T15:29:07","date_gmt":"2021-01-18T14:29:07","guid":{"rendered":"https:\/\/2021.festivita.be\/?page_id=29989"},"modified":"2026-01-09T10:55:57","modified_gmt":"2026-01-09T09:55:57","slug":"het-team","status":"publish","type":"page","link":"https:\/\/festivita.be\/nl\/over-ons\/het-team\/","title":{"rendered":"Het team"},"content":{"rendered":"<hr \/>\n<p style=\"text-align: justify;\"><strong><a href=\"https:\/\/festivita.be\/nl\/over-ons\/michel-keustermans\/\">Michel Keustermans<\/a><\/strong>, artistiek directeur<\/p>\n<p style=\"text-align: justify;\"><strong>Carlota Garc\u00eda<\/strong>, algemeen co\u00f6rdinator<\/p>\n<p><strong>Rafael N\u00fa\u00f1ez<\/strong>, communicatie en productie<\/p>\n<p style=\"text-align: justify;\"><b>Herv\u00e9 Douchy, Marc Vanscheeuwijck &amp; Beno\u00eet Laurent<\/b>, muziekale adviseurs<\/p>\n<p style=\"text-align: justify;\"><strong>Fran\u00e7ois Van Eeckhaute<\/strong> (<a href=\"http:\/\/labarca.be\" target=\"_blank\" rel=\"noopener\">LaBarca vzw<\/a>), artistiek adviseur, licht- en visuele ontwerper<\/p>\n<p><b>Jean-Pierre Keustermans et Corentin Keustermans<\/b>, assistent toneelmeester<\/p>\n<p style=\"text-align: justify;\"><strong>Carlota Garc\u00eda<\/strong>, bemiddelings co\u00f6rdinator<\/p>\n<p><strong>Caroline Weynants, Herve\u0301 Douchy, Michel Keustermans, Kris Verhelst et Peter Van Heyghen<\/strong>, jury Premi\u00e8re<strong><br \/>Marc Vanscheeuwijck<\/strong>, juryvoorzitter<\/p>\n<p style=\"text-align: justify;\"><strong>Eric Debue<\/strong>, operationele monitoring<\/p>\n<p style=\"text-align: justify;\"><strong>C\u00e9cile Vervier<\/strong>, vormgever<\/p>\n<p style=\"text-align: justify;\"><strong>Sarah Vermeulen<\/strong> (<a href=\"https:\/\/www.serenai.eu\/fr\/\" target=\"_blank\" rel=\"noopener\">Serenai<\/a>) <strong>&amp; Laurence Morel<\/strong> (<a href=\"https:\/\/nakami.be\" target=\"_blank\" rel=\"noopener\">Nakami<\/a>), pers en promotie<\/p>\n<p><b>Matteo Gemolo<\/b>, sociale netwerken<\/p>\n<p><a href=\"https:\/\/www.instagram.com\/malouvdh_photography\/\" target=\"_blank\" rel=\"noopener\"><strong>Malou Van den Heuvel<\/strong><\/a>, fotografe <b><\/b><\/p>\n<p><b><a href=\"http:\/\/www.josehuedo.com\/\" target=\"_blank\" rel=\"noopener\">Jose Huedo<\/a><\/b>, videoreportage<\/p>\n<p><strong>Nathalie &amp; Catherine Keustermans,<\/strong> catering<\/p>\n<p><b>Christiane Destombes, Jean-Marc Destombes Thierry Schl\u00f6gel<\/b>, receptie en ticketing<\/p>\n<p><strong>Bianca Alves<\/strong>, co\u00f6rdinatie vrijwilligers<\/p>\n<p><strong>Veronica Samyn<\/strong>,\u00a0vertaling NL<\/p>\n<p><a href=\"https:\/\/erikparys.myportfolio.com\/\"><strong>Erik Parys<\/strong><\/a>, video editor<\/p>\n\n<div class=\"wp-block-image\">\n<figure class=\"aligncenter size-large\"><img loading=\"lazy\" decoding=\"async\" width=\"1024\" height=\"682\" src=\"https:\/\/festivita.be\/wp-content\/uploads\/2025\/03\/Group-picture-2-1024x682.jpg\" alt=\"festivita25-equipe\" class=\"wp-image-41154\" srcset=\"https:\/\/festivita.be\/wp-content\/uploads\/2025\/03\/Group-picture-2-1024x682.jpg 1024w, https:\/\/festivita.be\/wp-content\/uploads\/2025\/03\/Group-picture-2-300x200.jpg 300w, https:\/\/festivita.be\/wp-content\/uploads\/2025\/03\/Group-picture-2-768x512.jpg 768w, https:\/\/festivita.be\/wp-content\/uploads\/2025\/03\/Group-picture-2-1536x1023.jpg 1536w, https:\/\/festivita.be\/wp-content\/uploads\/2025\/03\/Group-picture-2-2048x1365.jpg 2048w\" sizes=\"auto, (max-width: 1024px) 100vw, 1024px\" \/><\/figure><\/div>","protected":false},"excerpt":{"rendered":"<p>Michel Keustermans, artistiek directeur Carlota Garc\u00eda, algemeen co\u00f6rdinator Rafael N\u00fa\u00f1ez, communicatie en productie Herv\u00e9 Douchy, Marc Vanscheeuwijck &amp; Beno\u00eet Laurent, muziekale adviseurs Fran\u00e7ois Van Eeckhaute (LaBarca vzw), artistiek adviseur, licht- en visuele ontwerper Jean-Pierre Keustermans et Corentin Keustermans, assistent toneelmeester Carlota Garc\u00eda, bemiddelings co\u00f6rdinator Caroline Weynants, Herve\u0301 Douchy, Michel Keustermans, Kris Verhelst et Peter Van [&hellip;]<\/p>\n","protected":false},"author":2,"featured_media":0,"parent":30242,"menu_order":2,"comment_status":"closed","ping_status":"closed","template":"","meta":{"_acf_changed":false,"_themeisle_gutenberg_block_has_review":false,"footnotes":""},"class_list":["post-29989","page","type-page","status-publish","hentry"],"acf":[],"yoast_head":"<!-- This site is optimized with the Yoast SEO plugin v27.2 - https:\/\/yoast.com\/product\/yoast-seo-wordpress\/ -->\n<title>Het team - FestiVita!<\/title>\n<meta name=\"description\" content=\"L&#039;\u00e9quipe de FestiVita! Brussels Early Music Festival 2022\" \/>\n<meta name=\"robots\" content=\"index, follow, max-snippet:-1, max-image-preview:large, max-video-preview:-1\" \/>\n<link rel=\"canonical\" href=\"https:\/\/festivita.be\/nl\/over-ons\/het-team\/\" \/>\n<meta property=\"og:locale\" content=\"nl_NL\" \/>\n<meta property=\"og:type\" content=\"article\" \/>\n<meta property=\"og:title\" content=\"Het team - FestiVita!\" \/>\n<meta property=\"og:description\" content=\"L&#039;\u00e9quipe de FestiVita! Brussels Early Music Festival 2022\" \/>\n<meta property=\"og:url\" content=\"https:\/\/festivita.be\/nl\/over-ons\/het-team\/\" \/>\n<meta property=\"og:site_name\" content=\"FestiVita!\" \/>\n<meta property=\"article:publisher\" content=\"https:\/\/www.facebook.com\/FestiVita-Brussels-Early-Music-Festival-102508725164674\/about\/?ref=page_internal\" \/>\n<meta property=\"article:modified_time\" content=\"2026-01-09T09:55:57+00:00\" \/>\n<meta property=\"og:image\" content=\"https:\/\/festivita.be\/wp-content\/uploads\/2025\/03\/Group-picture-2-scaled.jpg\" \/>\n\t<meta property=\"og:image:width\" content=\"2560\" \/>\n\t<meta property=\"og:image:height\" content=\"1706\" \/>\n\t<meta property=\"og:image:type\" content=\"image\/jpeg\" \/>\n<meta name=\"twitter:card\" content=\"summary_large_image\" \/>\n<meta name=\"twitter:label1\" content=\"Geschatte leestijd\" \/>\n\t<meta name=\"twitter:data1\" content=\"1 minuut\" \/>\n<script type=\"application\/ld+json\" class=\"yoast-schema-graph\">{\"@context\":\"https:\/\/schema.org\",\"@graph\":[{\"@type\":\"WebPage\",\"@id\":\"https:\/\/festivita.be\/nl\/over-ons\/het-team\/\",\"url\":\"https:\/\/festivita.be\/nl\/over-ons\/het-team\/\",\"name\":\"Het team - FestiVita!\",\"isPartOf\":{\"@id\":\"https:\/\/festivita.be\/nl\/#website\"},\"primaryImageOfPage\":{\"@id\":\"https:\/\/festivita.be\/nl\/over-ons\/het-team\/#primaryimage\"},\"image\":{\"@id\":\"https:\/\/festivita.be\/nl\/over-ons\/het-team\/#primaryimage\"},\"thumbnailUrl\":\"https:\/\/festivita.be\/wp-content\/uploads\/2025\/03\/Group-picture-2-1024x682.jpg\",\"datePublished\":\"2021-01-18T14:29:07+00:00\",\"dateModified\":\"2026-01-09T09:55:57+00:00\",\"description\":\"L'\u00e9quipe de FestiVita! Brussels Early Music Festival 2022\",\"breadcrumb\":{\"@id\":\"https:\/\/festivita.be\/nl\/over-ons\/het-team\/#breadcrumb\"},\"inLanguage\":\"nl-NL\",\"potentialAction\":[{\"@type\":\"ReadAction\",\"target\":[\"https:\/\/festivita.be\/nl\/over-ons\/het-team\/\"]}]},{\"@type\":\"ImageObject\",\"inLanguage\":\"nl-NL\",\"@id\":\"https:\/\/festivita.be\/nl\/over-ons\/het-team\/#primaryimage\",\"url\":\"https:\/\/festivita.be\/wp-content\/uploads\/2025\/03\/Group-picture-2-1024x682.jpg\",\"contentUrl\":\"https:\/\/festivita.be\/wp-content\/uploads\/2025\/03\/Group-picture-2-1024x682.jpg\"},{\"@type\":\"BreadcrumbList\",\"@id\":\"https:\/\/festivita.be\/nl\/over-ons\/het-team\/#breadcrumb\",\"itemListElement\":[{\"@type\":\"ListItem\",\"position\":1,\"name\":\"Accueil\",\"item\":\"https:\/\/festivita.be\/nl\/\"},{\"@type\":\"ListItem\",\"position\":2,\"name\":\"OVERS ONS\",\"item\":\"https:\/\/festivita.be\/nl\/a-propos\/\"},{\"@type\":\"ListItem\",\"position\":3,\"name\":\"Het team\"}]},{\"@type\":\"WebSite\",\"@id\":\"https:\/\/festivita.be\/nl\/#website\",\"url\":\"https:\/\/festivita.be\/nl\/\",\"name\":\"FestiVita!\",\"description\":\"Brussels Early Music Festival\",\"publisher\":{\"@id\":\"https:\/\/festivita.be\/nl\/#organization\"},\"potentialAction\":[{\"@type\":\"SearchAction\",\"target\":{\"@type\":\"EntryPoint\",\"urlTemplate\":\"https:\/\/festivita.be\/nl\/?s={search_term_string}\"},\"query-input\":{\"@type\":\"PropertyValueSpecification\",\"valueRequired\":true,\"valueName\":\"search_term_string\"}}],\"inLanguage\":\"nl-NL\"},{\"@type\":\"Organization\",\"@id\":\"https:\/\/festivita.be\/nl\/#organization\",\"name\":\"Festivita\",\"url\":\"https:\/\/festivita.be\/nl\/\",\"logo\":{\"@type\":\"ImageObject\",\"inLanguage\":\"nl-NL\",\"@id\":\"https:\/\/festivita.be\/nl\/#\/schema\/logo\/image\/\",\"url\":\"https:\/\/festivita.be\/wp-content\/uploads\/2020\/10\/festivita-2-logo.jpg\",\"contentUrl\":\"https:\/\/festivita.be\/wp-content\/uploads\/2020\/10\/festivita-2-logo.jpg\",\"width\":887,\"height\":400,\"caption\":\"Festivita\"},\"image\":{\"@id\":\"https:\/\/festivita.be\/nl\/#\/schema\/logo\/image\/\"},\"sameAs\":[\"https:\/\/www.facebook.com\/FestiVita-Brussels-Early-Music-Festival-102508725164674\/about\/?ref=page_internal\",\"https:\/\/www.instagram.com\/festivita_be\/\",\"https:\/\/www.youtube.com\/channel\/UC_hlu4NfyE2QYXIYy-3EiVQ\"]}]}<\/script>\n<!-- \/ Yoast SEO plugin. -->","yoast_head_json":{"title":"Het team - FestiVita!","description":"L'\u00e9quipe de FestiVita! Brussels Early Music Festival 2022","robots":{"index":"index","follow":"follow","max-snippet":"max-snippet:-1","max-image-preview":"max-image-preview:large","max-video-preview":"max-video-preview:-1"},"canonical":"https:\/\/festivita.be\/nl\/over-ons\/het-team\/","og_locale":"nl_NL","og_type":"article","og_title":"Het team - FestiVita!","og_description":"L'\u00e9quipe de FestiVita! Brussels Early Music Festival 2022","og_url":"https:\/\/festivita.be\/nl\/over-ons\/het-team\/","og_site_name":"FestiVita!","article_publisher":"https:\/\/www.facebook.com\/FestiVita-Brussels-Early-Music-Festival-102508725164674\/about\/?ref=page_internal","article_modified_time":"2026-01-09T09:55:57+00:00","og_image":[{"width":2560,"height":1706,"url":"https:\/\/festivita.be\/wp-content\/uploads\/2025\/03\/Group-picture-2-scaled.jpg","type":"image\/jpeg"}],"twitter_card":"summary_large_image","twitter_misc":{"Geschatte leestijd":"1 minuut"},"schema":{"@context":"https:\/\/schema.org","@graph":[{"@type":"WebPage","@id":"https:\/\/festivita.be\/nl\/over-ons\/het-team\/","url":"https:\/\/festivita.be\/nl\/over-ons\/het-team\/","name":"Het team - FestiVita!","isPartOf":{"@id":"https:\/\/festivita.be\/nl\/#website"},"primaryImageOfPage":{"@id":"https:\/\/festivita.be\/nl\/over-ons\/het-team\/#primaryimage"},"image":{"@id":"https:\/\/festivita.be\/nl\/over-ons\/het-team\/#primaryimage"},"thumbnailUrl":"https:\/\/festivita.be\/wp-content\/uploads\/2025\/03\/Group-picture-2-1024x682.jpg","datePublished":"2021-01-18T14:29:07+00:00","dateModified":"2026-01-09T09:55:57+00:00","description":"L'\u00e9quipe de FestiVita! Brussels Early Music Festival 2022","breadcrumb":{"@id":"https:\/\/festivita.be\/nl\/over-ons\/het-team\/#breadcrumb"},"inLanguage":"nl-NL","potentialAction":[{"@type":"ReadAction","target":["https:\/\/festivita.be\/nl\/over-ons\/het-team\/"]}]},{"@type":"ImageObject","inLanguage":"nl-NL","@id":"https:\/\/festivita.be\/nl\/over-ons\/het-team\/#primaryimage","url":"https:\/\/festivita.be\/wp-content\/uploads\/2025\/03\/Group-picture-2-1024x682.jpg","contentUrl":"https:\/\/festivita.be\/wp-content\/uploads\/2025\/03\/Group-picture-2-1024x682.jpg"},{"@type":"BreadcrumbList","@id":"https:\/\/festivita.be\/nl\/over-ons\/het-team\/#breadcrumb","itemListElement":[{"@type":"ListItem","position":1,"name":"Accueil","item":"https:\/\/festivita.be\/nl\/"},{"@type":"ListItem","position":2,"name":"OVERS ONS","item":"https:\/\/festivita.be\/nl\/a-propos\/"},{"@type":"ListItem","position":3,"name":"Het team"}]},{"@type":"WebSite","@id":"https:\/\/festivita.be\/nl\/#website","url":"https:\/\/festivita.be\/nl\/","name":"FestiVita!","description":"Brussels Early Music Festival","publisher":{"@id":"https:\/\/festivita.be\/nl\/#organization"},"potentialAction":[{"@type":"SearchAction","target":{"@type":"EntryPoint","urlTemplate":"https:\/\/festivita.be\/nl\/?s={search_term_string}"},"query-input":{"@type":"PropertyValueSpecification","valueRequired":true,"valueName":"search_term_string"}}],"inLanguage":"nl-NL"},{"@type":"Organization","@id":"https:\/\/festivita.be\/nl\/#organization","name":"Festivita","url":"https:\/\/festivita.be\/nl\/","logo":{"@type":"ImageObject","inLanguage":"nl-NL","@id":"https:\/\/festivita.be\/nl\/#\/schema\/logo\/image\/","url":"https:\/\/festivita.be\/wp-content\/uploads\/2020\/10\/festivita-2-logo.jpg","contentUrl":"https:\/\/festivita.be\/wp-content\/uploads\/2020\/10\/festivita-2-logo.jpg","width":887,"height":400,"caption":"Festivita"},"image":{"@id":"https:\/\/festivita.be\/nl\/#\/schema\/logo\/image\/"},"sameAs":["https:\/\/www.facebook.com\/FestiVita-Brussels-Early-Music-Festival-102508725164674\/about\/?ref=page_internal","https:\/\/www.instagram.com\/festivita_be\/","https:\/\/www.youtube.com\/channel\/UC_hlu4NfyE2QYXIYy-3EiVQ"]}]}},"_links":{"self":[{"href":"https:\/\/festivita.be\/nl\/wp-json\/wp\/v2\/pages\/29989","targetHints":{"allow":["GET"]}}],"collection":[{"href":"https:\/\/festivita.be\/nl\/wp-json\/wp\/v2\/pages"}],"about":[{"href":"https:\/\/festivita.be\/nl\/wp-json\/wp\/v2\/types\/page"}],"author":[{"embeddable":true,"href":"https:\/\/festivita.be\/nl\/wp-json\/wp\/v2\/users\/2"}],"replies":[{"embeddable":true,"href":"https:\/\/festivita.be\/nl\/wp-json\/wp\/v2\/comments?post=29989"}],"version-history":[{"count":45,"href":"https:\/\/festivita.be\/nl\/wp-json\/wp\/v2\/pages\/29989\/revisions"}],"predecessor-version":[{"id":42403,"href":"https:\/\/festivita.be\/nl\/wp-json\/wp\/v2\/pages\/29989\/revisions\/42403"}],"up":[{"embeddable":true,"href":"https:\/\/festivita.be\/nl\/wp-json\/wp\/v2\/pages\/30242"}],"wp:attachment":[{"href":"https:\/\/festivita.be\/nl\/wp-json\/wp\/v2\/media?parent=29989"}],"curies":[{"name":"wp","href":"https:\/\/api.w.org\/{rel}","templated":true}]}}