{"id":30284,"date":"2021-01-22T10:53:24","date_gmt":"2021-01-22T09:53:24","guid":{"rendered":"https:\/\/2021.festivita.be\/?page_id=30284"},"modified":"2021-01-22T12:05:17","modified_gmt":"2021-01-22T11:05:17","slug":"privacy","status":"publish","type":"page","link":"https:\/\/festivita.be\/nl\/privacy\/","title":{"rendered":"PRIVACY"},"content":{"rendered":"<p>Sorry, deze pagina is niet vertaald.<\/p>\n<p><strong>Conditions g\u00e9n\u00e9rales d&#8217;utilisation du site www.festivita.be<\/strong><\/p>\n<p><strong><em>ARTICLE 1\u00a0: Objet<\/em><\/strong><\/p>\n<p>Les pr\u00e9sentes \u00ab\u00a0conditions g\u00e9n\u00e9rales d&#8217;utilisation\u00a0\u00bb ont pour objet l&#8217;encadrement juridique des modalit\u00e9s de mise \u00e0 disposition des services du site\u00a0<a href=\"http:\/\/www.festivita.be\">www.festivita.be<\/a>\u00a0et leur utilisation par \u00ab\u00a0l&#8217;Utilisateur\u00a0\u00bb.<\/p>\n<p>Les conditions g\u00e9n\u00e9rales d&#8217;utilisation doivent \u00eatre accept\u00e9es par tout Utilisateur souhaitant acc\u00e9der au site. Elles constituent le contrat entre le site et l&#8217;Utilisateur. L\u2019acc\u00e8s au site par l\u2019Utilisateur signifie son acceptation des pr\u00e9sentes conditions g\u00e9n\u00e9rales d\u2019utilisation.<\/p>\n<p><strong><em>ARTICLE 2\u00a0: Mentions l\u00e9gales<\/em><\/strong><\/p>\n<p>L&#8217;\u00e9dition du site\u00a0<strong>www.festivita.be\u00a0<\/strong>est assur\u00e9e par la Soci\u00e9t\u00e9 l\u2019Art de Divertir asbl dont le si\u00e8ge social est situ\u00e9 au\u00a0rue Mathias, 27 &#8211; 1440 Braine-le-ch\u00e2teau, Belgique.<\/p>\n<p>Le Directeur de la publication est\u00a0M. Michel Keustermans.<\/p>\n<p>L&#8217;h\u00e9bergeur du site <strong>www.festivita.be<\/strong><strong>\u00a0<\/strong>est la Soci\u00e9t\u00e9\u00a0Infomaniak dont le si\u00e8ge social est situ\u00e9 Avenue de la Praille 26, 1227 Gen\u00e8ve, Suisse.<\/p>\n<p><strong><em>ARTICLE\u00a03\u00a0: D\u00e9finitions<\/em><\/strong><\/p>\n<p>La pr\u00e9sente clause a pour objet de d\u00e9finir les diff\u00e9rents termes essentiels du contrat\u00a0:<\/p>\n<ul>\n<li>Utilisateur\u00a0: ce terme d\u00e9signe toute personne qui utilise le site ou l&#8217;un des services propos\u00e9s par le site ;<\/li>\n<li>Contenu utilisateur\u00a0: ce sont les donn\u00e9es transmises par l&#8217;Utilisateur au sein du site ;<\/li>\n<li>Membre\u00a0: l&#8217;Utilisateur devient membre lorsqu&#8217;il est identifi\u00e9 sur le site ;<\/li>\n<li>Identifiant et mot de passe\u00a0: c&#8217;est l&#8217;ensemble des informations n\u00e9cessaires \u00e0 l&#8217;identification d&#8217;un Utilisateur sur le site. L&#8217;identifiant et le mot de passe permettent \u00e0 l&#8217;Utilisateur d&#8217;acc\u00e9der \u00e0 des services r\u00e9serv\u00e9s aux membres du site. Le mot de passe est confidentiel.<\/li>\n<\/ul>\n<p><strong><em>ARTICLE\u00a04\u00a0: acc\u00e8s aux services<\/em><\/strong><\/p>\n<p>Le site permet \u00e0 l&#8217;Utilisateur un acc\u00e8s gratuit aux services suivants\u00a0:<\/p>\n<ul>\n<li>pr\u00e9sentation\u00a0du festival Festi<em>Vita!<\/em> ;<\/li>\n<li>sa programmation ;<\/li>\n<li>son agenda\u00a0;<\/li>\n<li><span style=\"color: #000000;\">sa billetterie ;<\/span><\/li>\n<li><span style=\"color: #000000;\">une galerie d\u2019\u00e9v\u00e9nements et souvenirs.<\/span><\/li>\n<\/ul>\n<p>Le site est accessible gratuitement en tout lieu \u00e0 tout Utilisateur ayant un acc\u00e8s \u00e0 Internet. Tous les frais support\u00e9s par l&#8217;Utilisateur pour acc\u00e9der au service (mat\u00e9riel informatique, logiciels, connexion Internet, etc.) sont \u00e0 sa charge.<\/p>\n<p>Tout \u00e9v\u00e9nement d\u00fb \u00e0 un cas de force majeure ayant pour cons\u00e9quence un dysfonctionnement du r\u00e9seau ou du serveur n&#8217;engage pas la responsabilit\u00e9 de www.festivita.be.<\/p>\n<p>L&#8217;acc\u00e8s aux services du site peut \u00e0 tout moment faire l&#8217;objet d&#8217;une interruption, d&#8217;une suspension, d&#8217;une modification sans pr\u00e9avis pour une maintenance ou pour tout autre cas. L&#8217;Utilisateur s&#8217;oblige \u00e0 ne r\u00e9clamer aucune indemnisation suite \u00e0 l&#8217;interruption, \u00e0 la suspension ou \u00e0 la modification du pr\u00e9sent contrat.<\/p>\n<p>L&#8217;Utilisateur a la possibilit\u00e9 de c<span style=\"color: #000000;\">ontacter le site par messagerie \u00e9lectronique \u00e0 l\u2019adresse <a href=\"mailto:florian@festivita.be\">florian@festivita.be<\/a><\/span>.<\/p>\n<p><strong><em>ARTICLE\u00a05\u00a0: Propri\u00e9t\u00e9 intellectuelle<\/em><\/strong><\/p>\n<p>Les marques, logos, signes et tout autre contenu du site font l&#8217;objet d&#8217;une protection par le Code de la propri\u00e9t\u00e9 intellectuelle et plus particuli\u00e8rement par le droit d&#8217;auteur.<\/p>\n<p>L&#8217;Utilisateur sollicite l&#8217;autorisation pr\u00e9alable du site pour toute reproduction, publication, copie des diff\u00e9rents contenus.<\/p>\n<p>L&#8217;Utilisateur s&#8217;engage \u00e0 une utilisation des contenus du site dans un cadre strictement priv\u00e9. Une utilisation des contenus \u00e0 des fins commerciales est strictement interdite.<\/p>\n<p>Tout contenu mis en ligne par l&#8217;Utilisateur est de sa seule responsabilit\u00e9. L&#8217;Utilisateur s&#8217;engage \u00e0 ne pas mettre en ligne de contenus pouvant porter atteinte aux int\u00e9r\u00eats de tierces personnes. Tout recours en justice engag\u00e9 par un tiers l\u00e9s\u00e9 contre le site sera pris en charge par l&#8217;Utilisateur.<\/p>\n<p>Le contenu de l&#8217;Utilisateur peut \u00eatre \u00e0 tout moment et pour n&#8217;importe quelle raison supprim\u00e9 ou modifi\u00e9 par le site. L&#8217;Utilisateur ne re\u00e7oit aucune justification et notification pr\u00e9alablement \u00e0 la suppression ou \u00e0 la modification du contenu Utilisateur.<\/p>\n<p><strong><em>ARTICLE\u00a06\u00a0: Donn\u00e9es personnelles<\/em><\/strong><\/p>\n<p>Les informations demand\u00e9es \u00e0 l\u2019inscription au site sont n\u00e9cessaires et obligatoires pour la cr\u00e9ation du compte de l&#8217;Utilisateur. En particulier, l&#8217;adresse \u00e9lectronique pourra \u00eatre utilis\u00e9e par le site pour l&#8217;administration, la gestion et l&#8217;animation du service.<\/p>\n<p>Le site assure \u00e0 l&#8217;Utilisateur une collecte et un traitement d&#8217;informations personnelles dans le respect de la vie priv\u00e9e. En vertu du nouveau R\u00e8glement G\u00e9n\u00e9ral sur la Protection des Donn\u00e9s (RGPD) de mai 2018, l&#8217;Utilisateur dispose d&#8217;un droit d&#8217;acc\u00e8s, de rectification, de suppression et d&#8217;opposition de ses donn\u00e9es personnelles.<br \/>\nL&#8217;Utilisateur exerce ce droit via\u00a0:<\/p>\n<ul>\n<li>un formulaire de contact\u00a0;<\/li>\n<li>par mail \u00e0 <span style=\"color: #000000;\"><a href=\"mailto:florian@festivita.be\">florian@festivita.be<\/a><\/span>\u00a0;<\/li>\n<li>par voie postale au\u00a028 rue Mathias, 1440 Braine-le-ch\u00e2teau, Belgique.<\/li>\n<\/ul>\n<p><strong><em>ARTICLE\u00a07\u00a0: Responsabilit\u00e9 et force majeure<\/em><\/strong><\/p>\n<p>Les sources des informations diffus\u00e9es sur le site sont r\u00e9put\u00e9es fiables. Toutefois, le site se r\u00e9serve la facult\u00e9 d&#8217;une non-garantie de la fiabilit\u00e9 des sources. Les informations donn\u00e9es sur le site le sont \u00e0 titre purement informatif. Ainsi, l&#8217;Utilisateur assume seul l&#8217;enti\u00e8re responsabilit\u00e9 de l&#8217;utilisation des informations et contenus du pr\u00e9sent site.<\/p>\n<p>L&#8217;Utilisateur s&#8217;assure de garder son mot de passe secret. Toute divulgation du mot de passe, quelle que soit sa forme, est interdite.<\/p>\n<p>L&#8217;Utilisateur assume les risques li\u00e9s \u00e0 l&#8217;utilisation de son identifiant et mot de passe. Le site d\u00e9cline toute responsabilit\u00e9.<\/p>\n<p>Tout usage du service par l&#8217;Utilisateur ayant directement ou indirectement pour cons\u00e9quence des dommages doit faire l&#8217;objet d&#8217;une indemnisation au profit du site.<\/p>\n<p>Une garantie optimale de la s\u00e9curit\u00e9 et de la confidentialit\u00e9 des donn\u00e9es transmises n&#8217;est pas assur\u00e9e par le site. Toutefois, le site s&#8217;engage \u00e0 mettre en \u0153uvre tous les moyens n\u00e9cessaires afin de garantir au mieux la s\u00e9curit\u00e9 et la confidentialit\u00e9 des donn\u00e9es.<\/p>\n<p>La responsabilit\u00e9 du site ne peut \u00eatre engag\u00e9e en cas de force majeure ou du fait impr\u00e9visible et insurmontable d&#8217;un tiers.<\/p>\n<p><strong><em>ARTICLE\u00a08\u00a0: Liens hypertextes<\/em><\/strong><\/p>\n<p>De nombreux liens hypertextes sortants sont pr\u00e9sents sur le site, cependant les pages web o\u00f9 m\u00e8nent ces liens n&#8217;engagent en rien la responsabilit\u00e9 de <a href=\"http:\/\/www.festivita.be\">www.festivita.be<\/a> qui n&#8217;a pas le contr\u00f4le de ces liens.<\/p>\n<p>L&#8217;Utilisateur s&#8217;interdit donc \u00e0 engager la responsabilit\u00e9 du site concernant le contenu et les ressources relatives \u00e0 ces liens hypertextes sortants.<\/p>\n<p><strong><em>ARTICLE\u00a09\u00a0: \u00c9volution du contrat<\/em><\/strong><\/p>\n<p>Le site se r\u00e9serve \u00e0 tout moment le droit de modifier les clauses stipul\u00e9es dans le pr\u00e9sent contrat.<\/p>\n<p><strong><em>ARTICLE\u00a010\u00a0: Dur\u00e9e<\/em><\/strong><\/p>\n<p>La dur\u00e9e du pr\u00e9sent contrat est ind\u00e9termin\u00e9e. Le contrat produit ses effets \u00e0 l&#8217;\u00e9gard de l&#8217;Utilisateur \u00e0 compter de l&#8217;utilisation du service.<\/p>\n<p><strong><em>ARTICLE\u00a011\u00a0: Droit applicable et juridiction comp\u00e9tente<\/em><\/strong><\/p>\n<p>La l\u00e9gislation belge s&#8217;applique au pr\u00e9sent contrat. En cas d&#8217;absence de r\u00e9solution amiable d&#8217;un litige n\u00e9 entre les parties, seuls les tribunaux\u00a0de Nivelles\u00a0sont comp\u00e9tents.<\/p>\n","protected":false},"excerpt":{"rendered":"<p>Sorry, deze pagina is niet vertaald. Conditions g\u00e9n\u00e9rales d&#8217;utilisation du site www.festivita.be ARTICLE 1\u00a0: Objet Les pr\u00e9sentes \u00ab\u00a0conditions g\u00e9n\u00e9rales d&#8217;utilisation\u00a0\u00bb ont pour objet l&#8217;encadrement juridique des modalit\u00e9s de mise \u00e0 disposition des services du site\u00a0www.festivita.be\u00a0et leur utilisation par \u00ab\u00a0l&#8217;Utilisateur\u00a0\u00bb. Les conditions g\u00e9n\u00e9rales d&#8217;utilisation doivent \u00eatre accept\u00e9es par tout Utilisateur souhaitant acc\u00e9der au site. Elles constituent [&hellip;]<\/p>\n","protected":false},"author":3,"featured_media":0,"parent":0,"menu_order":10,"comment_status":"closed","ping_status":"closed","template":"","meta":{"_acf_changed":false,"_themeisle_gutenberg_block_has_review":false,"footnotes":""},"class_list":["post-30284","page","type-page","status-publish","hentry"],"acf":[],"yoast_head":"<!-- This site is optimized with the Yoast SEO plugin v27.2 - https:\/\/yoast.com\/product\/yoast-seo-wordpress\/ -->\n<title>PRIVACY - FestiVita!<\/title>\n<meta name=\"robots\" content=\"index, follow, max-snippet:-1, max-image-preview:large, max-video-preview:-1\" \/>\n<link rel=\"canonical\" href=\"https:\/\/festivita.be\/nl\/privacy\/\" \/>\n<meta property=\"og:locale\" content=\"nl_NL\" \/>\n<meta property=\"og:type\" content=\"article\" \/>\n<meta property=\"og:title\" content=\"PRIVACY - FestiVita!\" \/>\n<meta property=\"og:description\" content=\"Sorry, deze pagina is niet vertaald. Conditions g\u00e9n\u00e9rales d&#8217;utilisation du site www.festivita.be ARTICLE 1\u00a0: Objet Les pr\u00e9sentes \u00ab\u00a0conditions g\u00e9n\u00e9rales d&#8217;utilisation\u00a0\u00bb ont pour objet l&#8217;encadrement juridique des modalit\u00e9s de mise \u00e0 disposition des services du site\u00a0www.festivita.be\u00a0et leur utilisation par \u00ab\u00a0l&#8217;Utilisateur\u00a0\u00bb. Les conditions g\u00e9n\u00e9rales d&#8217;utilisation doivent \u00eatre accept\u00e9es par tout Utilisateur souhaitant acc\u00e9der au site. Elles constituent [&hellip;]\" \/>\n<meta property=\"og:url\" content=\"https:\/\/festivita.be\/nl\/privacy\/\" \/>\n<meta property=\"og:site_name\" content=\"FestiVita!\" \/>\n<meta property=\"article:publisher\" content=\"https:\/\/www.facebook.com\/FestiVita-Brussels-Early-Music-Festival-102508725164674\/about\/?ref=page_internal\" \/>\n<meta property=\"article:modified_time\" content=\"2021-01-22T11:05:17+00:00\" \/>\n<meta property=\"og:image\" content=\"https:\/\/festivita.be\/wp-content\/uploads\/2020\/10\/festivita-2-logo.jpg\" \/>\n\t<meta property=\"og:image:width\" content=\"887\" \/>\n\t<meta property=\"og:image:height\" content=\"400\" \/>\n\t<meta property=\"og:image:type\" content=\"image\/jpeg\" \/>\n<meta name=\"twitter:card\" content=\"summary_large_image\" \/>\n<meta name=\"twitter:label1\" content=\"Geschatte leestijd\" \/>\n\t<meta name=\"twitter:data1\" content=\"5 minuten\" \/>\n<script type=\"application\/ld+json\" class=\"yoast-schema-graph\">{\"@context\":\"https:\/\/schema.org\",\"@graph\":[{\"@type\":\"WebPage\",\"@id\":\"https:\/\/festivita.be\/nl\/privacy\/\",\"url\":\"https:\/\/festivita.be\/nl\/privacy\/\",\"name\":\"PRIVACY - FestiVita!\",\"isPartOf\":{\"@id\":\"https:\/\/festivita.be\/nl\/#website\"},\"datePublished\":\"2021-01-22T09:53:24+00:00\",\"dateModified\":\"2021-01-22T11:05:17+00:00\",\"breadcrumb\":{\"@id\":\"https:\/\/festivita.be\/nl\/privacy\/#breadcrumb\"},\"inLanguage\":\"nl-NL\",\"potentialAction\":[{\"@type\":\"ReadAction\",\"target\":[\"https:\/\/festivita.be\/nl\/privacy\/\"]}]},{\"@type\":\"BreadcrumbList\",\"@id\":\"https:\/\/festivita.be\/nl\/privacy\/#breadcrumb\",\"itemListElement\":[{\"@type\":\"ListItem\",\"position\":1,\"name\":\"Accueil\",\"item\":\"https:\/\/festivita.be\/nl\/\"},{\"@type\":\"ListItem\",\"position\":2,\"name\":\"PRIVACY\"}]},{\"@type\":\"WebSite\",\"@id\":\"https:\/\/festivita.be\/nl\/#website\",\"url\":\"https:\/\/festivita.be\/nl\/\",\"name\":\"FestiVita!\",\"description\":\"Brussels Early Music Festival\",\"publisher\":{\"@id\":\"https:\/\/festivita.be\/nl\/#organization\"},\"potentialAction\":[{\"@type\":\"SearchAction\",\"target\":{\"@type\":\"EntryPoint\",\"urlTemplate\":\"https:\/\/festivita.be\/nl\/?s={search_term_string}\"},\"query-input\":{\"@type\":\"PropertyValueSpecification\",\"valueRequired\":true,\"valueName\":\"search_term_string\"}}],\"inLanguage\":\"nl-NL\"},{\"@type\":\"Organization\",\"@id\":\"https:\/\/festivita.be\/nl\/#organization\",\"name\":\"Festivita\",\"url\":\"https:\/\/festivita.be\/nl\/\",\"logo\":{\"@type\":\"ImageObject\",\"inLanguage\":\"nl-NL\",\"@id\":\"https:\/\/festivita.be\/nl\/#\/schema\/logo\/image\/\",\"url\":\"https:\/\/festivita.be\/wp-content\/uploads\/2020\/10\/festivita-2-logo.jpg\",\"contentUrl\":\"https:\/\/festivita.be\/wp-content\/uploads\/2020\/10\/festivita-2-logo.jpg\",\"width\":887,\"height\":400,\"caption\":\"Festivita\"},\"image\":{\"@id\":\"https:\/\/festivita.be\/nl\/#\/schema\/logo\/image\/\"},\"sameAs\":[\"https:\/\/www.facebook.com\/FestiVita-Brussels-Early-Music-Festival-102508725164674\/about\/?ref=page_internal\",\"https:\/\/www.instagram.com\/festivita_be\/\",\"https:\/\/www.youtube.com\/channel\/UC_hlu4NfyE2QYXIYy-3EiVQ\"]}]}<\/script>\n<!-- \/ Yoast SEO plugin. -->","yoast_head_json":{"title":"PRIVACY - FestiVita!","robots":{"index":"index","follow":"follow","max-snippet":"max-snippet:-1","max-image-preview":"max-image-preview:large","max-video-preview":"max-video-preview:-1"},"canonical":"https:\/\/festivita.be\/nl\/privacy\/","og_locale":"nl_NL","og_type":"article","og_title":"PRIVACY - FestiVita!","og_description":"Sorry, deze pagina is niet vertaald. Conditions g\u00e9n\u00e9rales d&#8217;utilisation du site www.festivita.be ARTICLE 1\u00a0: Objet Les pr\u00e9sentes \u00ab\u00a0conditions g\u00e9n\u00e9rales d&#8217;utilisation\u00a0\u00bb ont pour objet l&#8217;encadrement juridique des modalit\u00e9s de mise \u00e0 disposition des services du site\u00a0www.festivita.be\u00a0et leur utilisation par \u00ab\u00a0l&#8217;Utilisateur\u00a0\u00bb. Les conditions g\u00e9n\u00e9rales d&#8217;utilisation doivent \u00eatre accept\u00e9es par tout Utilisateur souhaitant acc\u00e9der au site. Elles constituent [&hellip;]","og_url":"https:\/\/festivita.be\/nl\/privacy\/","og_site_name":"FestiVita!","article_publisher":"https:\/\/www.facebook.com\/FestiVita-Brussels-Early-Music-Festival-102508725164674\/about\/?ref=page_internal","article_modified_time":"2021-01-22T11:05:17+00:00","og_image":[{"width":887,"height":400,"url":"https:\/\/festivita.be\/wp-content\/uploads\/2020\/10\/festivita-2-logo.jpg","type":"image\/jpeg"}],"twitter_card":"summary_large_image","twitter_misc":{"Geschatte leestijd":"5 minuten"},"schema":{"@context":"https:\/\/schema.org","@graph":[{"@type":"WebPage","@id":"https:\/\/festivita.be\/nl\/privacy\/","url":"https:\/\/festivita.be\/nl\/privacy\/","name":"PRIVACY - FestiVita!","isPartOf":{"@id":"https:\/\/festivita.be\/nl\/#website"},"datePublished":"2021-01-22T09:53:24+00:00","dateModified":"2021-01-22T11:05:17+00:00","breadcrumb":{"@id":"https:\/\/festivita.be\/nl\/privacy\/#breadcrumb"},"inLanguage":"nl-NL","potentialAction":[{"@type":"ReadAction","target":["https:\/\/festivita.be\/nl\/privacy\/"]}]},{"@type":"BreadcrumbList","@id":"https:\/\/festivita.be\/nl\/privacy\/#breadcrumb","itemListElement":[{"@type":"ListItem","position":1,"name":"Accueil","item":"https:\/\/festivita.be\/nl\/"},{"@type":"ListItem","position":2,"name":"PRIVACY"}]},{"@type":"WebSite","@id":"https:\/\/festivita.be\/nl\/#website","url":"https:\/\/festivita.be\/nl\/","name":"FestiVita!","description":"Brussels Early Music Festival","publisher":{"@id":"https:\/\/festivita.be\/nl\/#organization"},"potentialAction":[{"@type":"SearchAction","target":{"@type":"EntryPoint","urlTemplate":"https:\/\/festivita.be\/nl\/?s={search_term_string}"},"query-input":{"@type":"PropertyValueSpecification","valueRequired":true,"valueName":"search_term_string"}}],"inLanguage":"nl-NL"},{"@type":"Organization","@id":"https:\/\/festivita.be\/nl\/#organization","name":"Festivita","url":"https:\/\/festivita.be\/nl\/","logo":{"@type":"ImageObject","inLanguage":"nl-NL","@id":"https:\/\/festivita.be\/nl\/#\/schema\/logo\/image\/","url":"https:\/\/festivita.be\/wp-content\/uploads\/2020\/10\/festivita-2-logo.jpg","contentUrl":"https:\/\/festivita.be\/wp-content\/uploads\/2020\/10\/festivita-2-logo.jpg","width":887,"height":400,"caption":"Festivita"},"image":{"@id":"https:\/\/festivita.be\/nl\/#\/schema\/logo\/image\/"},"sameAs":["https:\/\/www.facebook.com\/FestiVita-Brussels-Early-Music-Festival-102508725164674\/about\/?ref=page_internal","https:\/\/www.instagram.com\/festivita_be\/","https:\/\/www.youtube.com\/channel\/UC_hlu4NfyE2QYXIYy-3EiVQ"]}]}},"_links":{"self":[{"href":"https:\/\/festivita.be\/nl\/wp-json\/wp\/v2\/pages\/30284","targetHints":{"allow":["GET"]}}],"collection":[{"href":"https:\/\/festivita.be\/nl\/wp-json\/wp\/v2\/pages"}],"about":[{"href":"https:\/\/festivita.be\/nl\/wp-json\/wp\/v2\/types\/page"}],"author":[{"embeddable":true,"href":"https:\/\/festivita.be\/nl\/wp-json\/wp\/v2\/users\/3"}],"replies":[{"embeddable":true,"href":"https:\/\/festivita.be\/nl\/wp-json\/wp\/v2\/comments?post=30284"}],"version-history":[{"count":2,"href":"https:\/\/festivita.be\/nl\/wp-json\/wp\/v2\/pages\/30284\/revisions"}],"predecessor-version":[{"id":30287,"href":"https:\/\/festivita.be\/nl\/wp-json\/wp\/v2\/pages\/30284\/revisions\/30287"}],"wp:attachment":[{"href":"https:\/\/festivita.be\/nl\/wp-json\/wp\/v2\/media?parent=30284"}],"curies":[{"name":"wp","href":"https:\/\/api.w.org\/{rel}","templated":true}]}}