{"id":35273,"date":"2022-07-26T10:48:08","date_gmt":"2022-07-26T08:48:08","guid":{"rendered":"https:\/\/festivita.be\/?page_id=35273"},"modified":"2023-02-16T19:45:24","modified_gmt":"2023-02-16T18:45:24","slug":"le-poeme-harmonique","status":"publish","type":"page","link":"https:\/\/festivita.be\/nl\/archieven\/programmatie-2023\/le-poeme-harmonique\/","title":{"rendered":"Le Po\u00e8me Harmonique &#038; Isabelle Druet"},"content":{"rendered":"\n<h4 class=\"has-text-align-center wp-block-heading\" id=\"h-16-0220-30-22-00\">16\/02<br>20:30 &#8211; 22:00<\/h4>\n\n\n\n<h4 class=\"wp-block-heading\" id=\"h-mon-amant-de-saint-jean\">Mon Amant de Saint-Jean<\/h4>\n\n\n<p style=\"text-align: justify;\">De geschiedenis herhaalt zich. Weten we waar de barokmuziek, die sinds enkele jaren een heropleving kent, vandaan komt ? De geschiedenis herhaalt zich en herinnert ons hieraan. Vanaf het begin van de 20e eeuw, toen Wanda Landowska het klavecimbel herontdekte, toen Charles Bordes Lully de hemel in prees, toen Xavier de Courville de geest van Monteverdi deed herleven en toen Weckerlin de geweldige link legde tussen barokmuziek en populaire liederen en klankkleuren\u2026. De meeste zangers van die tijd volgenden hun na waaronder Yvette Guilbert, die 17e-eeuwse airs de cour zong op dezelfde toon als de populaire liedjes van toen en haar eigen repertoire !<\/p>\n<p style=\"text-align: justify;\">Vincent Dumestre en St\u00e9phanie d&#8217;Oustrac, beiden gepassioneerd door dit spel van echo&#8217;s van het ene verleden naar het andere, delen deze verrassende en fascinerende aantrekkingskracht en wilden van hun allereerste samenwerking een uniek muzikaal en theatraal avontuur maken met als titel Mon Amant de Saint-Jean.<\/p>\n<p style=\"text-align: justify;\">Een recital waarbij de sfeer van de liederen van de wilde jaren twintig haar zoete waanzin in de oude muziek blaast, verbonden door een gevoel van nabijheid, van intimiteit, waarbij enkel de emotie van de stem en de po\u00ebzie van de teksten primeren.<\/p>\n<p style=\"text-align: justify;\">Daar verschillende gezangen worden afgewisseld, word je eveneens uitgenodigd om te luisteren naar enkele van de mooiste airs uit de barok waar de uitdrukking van de liefde een tijdloze weerklank vindt in de realistische melodie\u00ebn van de 20e eeuw, zelfs tot in de arrangementen van de hedendaagse componist Vincent Bouchot.<\/p>\n<p style=\"text-align: justify;\">Dit alles wordt verbonden door het intieme timbre van Le Po\u00e8me Harmonique \u2013 als een web geweven door emotie, waarvan op het podium de fijne draden het innerlijke avontuur van een vrouw onthullen op het moment dat herinneringen aan vervlogen liefdes opduiken.<\/p>\n<p style=\"text-align: justify;\">Het interbellum markeert een vaak over het hoofd geziene etappe in de herontdekking van de oude muziek. Dit is de periode van etnomusicologie, het verzamelen van \u201cliederen van weleer\u201d, waarin de zoektocht naar een eigen identiteit de aantrekkingskracht naar een \u00a0verzonnen nationale roman aanwakkert; waarin nostalgie naar vervlogen tijden wedijvert met de wervelende energie van het cabaret. Kunstenaars, onderzoekers, musicologen &#8211; zoals Xavier de Courville of Vincent d&#8217;Indy &#8211; gingen vervolgens op zoek naar werken die nog niet &#8216;barok&#8217; werden genoemd, om ze te integreren in het populaire register van de traditionele zang. En in het zangrepertoire van Colette Renard, Fr\u00e9hel, Barbara of Damia, zo gaan hofmelodie\u00ebn hand in hand met nieuwe creaties en worden lyrische tragedies gecombineerd met liedjes die gezongen werden op het Franse platteland!<\/p>\n<p style=\"text-align: right;\"><strong>Isabelle Druet<\/strong>, mezzo-sopraan<br \/><strong>Fiona-\u00c9milie Poupard &amp; Sandrine Dup\u00e9<\/strong>, viool<br \/><strong>Alice Trocellier<\/strong>, viola da gamba<br \/><strong>Pauline Buet<\/strong>, cello<br \/><strong>Vincent Lhermet<\/strong>, accordeon<br \/><strong>M\u00e9lanie Flahaut<\/strong>, fagot en fluiten<br \/><strong>Vincent Dumestre<\/strong>, theorbe &amp; dirigent<\/p>\n\n\n<figure class=\"wp-block-embed aligncenter is-type-video is-provider-youtube wp-block-embed-youtube wp-embed-aspect-16-9 wp-has-aspect-ratio\"><div class=\"wp-block-embed__wrapper\">\n<iframe loading=\"lazy\" title=\"Mon Amant de Saint Jean - Le Po\u00e8me Harmonique, Ch\u00e2teau d&#039;Hardelot\" width=\"640\" height=\"360\" src=\"https:\/\/www.youtube.com\/embed\/YQ4C9b3qjyQ?feature=oembed\" frameborder=\"0\" allow=\"accelerometer; autoplay; clipboard-write; encrypted-media; gyroscope; picture-in-picture; web-share\" referrerpolicy=\"strict-origin-when-cross-origin\" allowfullscreen><\/iframe>\n<\/div><\/figure>\n\n\n\n<h2 class=\"wp-block-heading\" id=\"h-biografie-n\">Biografie\u00ebn<\/h2>\n\n\n\n<h5 class=\"wp-block-heading\" id=\"h-le-po-me-harmonique\">Le Po\u00e8me Harmonique<\/h5>\n\n\n<p style=\"text-align: justify;\">Sinds 1998 brengt Le Po\u00e8me Harmonique gepassioneerde muzikanten samen rond zijn oprichter Vincent Dumestre, die zich toeleggen op de interpretatie van 17e en 18e -eeuwse muziek. Het ensemble schittert op de Franse en internationale sc\u00e8ne en demonstreert door zijn inventieve en veeleisende programma&#8217;s, een verlichte benadering van de kern van het repertoire en van diepgaand studiewerk van vocale en instrumentale texturen.<\/p>\n<p style=\"text-align: justify;\">Zijn werkterrein&nbsp;? De bekende of onbekende bladzijdes uit het dagelijks leven en ceremonies in Versailles (Lalande, Lully, Couperin, Cl\u00e9rambault, Charpentier&#8230;), het barokke Itali\u00eb van Monteverdi tot Pergolese of zelfs het Engeland van Purcell en Clarke. Voor de opera stelt hij zich enorme fresco\u2019s voor ; recentelijk de barokke zarzuela <em>Coronis<\/em> van Dur\u00f3n met Omar Porras. Uit zijn trouwe samenwerking met Benjamin Lazar, verzegeld rond Lully, kwamen verschillende voorstellingen voort die unaniem geprezen werden in de pers (Le Bourgeois gentilhomme, Cadmus &amp; Hermione, Pha\u00e9ton). Ook andere producties waarbij muziek andere &nbsp;artistieke disciplines ontmoet werden eveneens op lof onthaald: de voorstelling Le Carnaval Baroque met C\u00e9cile Roussat en Julien Lubek, de poppenopera Caligula van Pagliardi met Mimmo Cuticchio, de concertvoorstelling \u00c9l\u00e9vations die bedacht werd &nbsp;met circusartiest Mathurin Bolze.<\/p>\n<p style=\"text-align: justify;\">Vertrouwd met de grootste festivals en concertzalen ter wereld &#8211; Op\u00e9ra-Comique, Op\u00e9ra Royal de Versailles, Philharmonie de Paris, Th\u00e9\u00e2tre des Champs-\u00c9lys\u00e9es, Festivals of Ambronay, Beaune and Sabl\u00e9, Wigmore Hall (Londen), NCPA (Beijing), Wiener Konzerthaus, Concertgebouw van Brugge, BOZAR (Brussel), Oji Hall (Tokyo), Columbia University (New York), Teatro San Carlo (Napels), Accademia Santa Cecilia (Rome), Philharmonie de Saint-Petersburg of de BBC Proms.\u2026 \u2013, is Le Po\u00e8me Harmonique is ook erg verbonden met zijn geboortestreek, &nbsp;&nbsp;Normandi\u00eb, de bakermat van vele creaties.<\/p>\n<p style=\"text-align: justify;\">Op vlak van creaties staat het jaar 2022 natuurlijk in het teken van de 400ste verjaardag van de geboorte van Moli\u00e8re met <em>Le Ballet des Jean-Baptiste<\/em> in de Op\u00e9ra royal de Versailles en in de Op\u00e9ra de Dijon vanaf januari en nadien in Vitry, Hamburg , Vratislavie, Radio France, Soissons en Le Havre. Ook de lyrische activiteit wordt niet overgeslagen met <em>Il Nerone ou Le Couronnement de Popp\u00e9e<\/em> met de Acad\u00e9mie de l&#8217;Op\u00e9ra de Paris, gecre\u00eberd in het Th\u00e9\u00e2tre de l&#8217;Ath\u00e9n\u00e9e en in de Op\u00e9ra de Dijon. Tot slot wordt in 2022 Coronis hernomen in de Op\u00e9ra-comique en zien we heel wat beweging in het buitenland&nbsp;: Wenen, Moskou, Biecz, Hamburg, Praag, Madrid, Berlijn&#8230;<\/p>\n<p style=\"text-align: justify;\">Met vandaag een veertigtal referenties, kent de uitgebreide discografie van Le Po\u00e8me Harmonique veel bijval bij publiek en critici zoals &nbsp;<em>Anamorfosi<\/em> (Recording of the month de<em> Gramophone, <\/em>Diapason d\u2019Or et Choc de <em>Classica),<\/em><em> Aux marches du palais<\/em>, gewijd aan traditionele Franse liederen en haar interpretaties van belangrijke werken uit het barokrepertoire (<em>Combattimenti&nbsp;! <\/em>&nbsp;van Monteverdi, <em>Le\u00e7ons de T\u00e9n\u00e8bres<\/em> van Couperin, <em>Te Deum<\/em> van Charpentier en Lully). In 2022 worden veel projecten uitgebracht die werden opgenomen toen het publiek&nbsp; afstand moest nemen van de concertzalen: de muziek van <em>Bourgeois Gentilhomme<\/em> van Lully (Diapason d&#8217;or), <em>Les Noces royales de Louis XIV <\/em>voor het label Ch\u00e2teau de Versailles Spectacles of nogmaals &nbsp;<em>Coronis<\/em> &nbsp;van Sebastian Dur\u00f2n (Diamant van Op\u00e9ra Magazine) en Vivaldi&#8217;s <em>Nisi Dominus<\/em> (eind augustus) voor het label Alpha Classics. <em>Mon Amant de Saint-Jean,<\/em> Monteverdi&#8217;s recital uit de gekke jaren zal in het najaar van 2022 worden opgenomen met voorziene release door Alpha Classics in het voorjaar van 2023, daarnaast zal ook Egisto van Cavalli, uitgebracht door CVS verschijnen in de lente van 2023.<\/p>\n<p style=\"text-align: justify;\">Le Po\u00e8me Harmonique wordt ondersteund door het Ministerie van Cultuur (DRAC van Normandi\u00eb), de regio Normandi\u00eb, het departement Seine-Maritime, de stad Rouen en werkt samen met het project Demos &#8211; Philharmonie de Paris.<\/p>\n<p style=\"text-align: justify;\">Le Po\u00e8me Harmonique is als verbonden artiest in residentie bij de Fondation Singer-Polignac.<\/p>\n<p style=\"text-align: justify;\">Voor projecten in Normandi\u00eb geniet Le Po\u00e8me Harmonique steun van La Caisse des D\u00e9p\u00f4ts, PGS Group en SNCF R\u00e9seau Normandie.<\/p>\n\n\n<h5 class=\"wp-block-heading\" id=\"h-vincent-dumestre\">Vincent Dumestre<\/h5>\n\n\n<p style=\"text-align: justify;\">Dankzij zijn uitgesproken smaak voor kunst, zijn creatieve gevoel voor barokke esthetiek, zijn passie als ontdekkingsreiziger en zijn voorliefde voor gezamenlijk avontuur, lag het voor de hand om het repertoire van de 17e en 18e eeuw te verkennen en een ensemble op maat te cre\u00ebren. Met zijn gezelschap, Le Po\u00e8me Harmonique, &nbsp;is Vincent Dumestre vandaag een van de meest vindingrijke en veelzijdige vakmensen van de heropleving van de barok. Hij dirigeert zowel orkesten, koren, muziekseizoenen, wedstrijden en festivals, zonder daarbij te wijken van zijn eigen tokkelinstrument. Van opgravingen tot reconstructies, van bekende componisten tot onverwachte programma&#8217;s, hij blijft ons volwaardige creaties aanbieden die als maatstaf gelden en de horizon verruimen van een heel deel vocale instrumentale muziek.<\/p>\n<p style=\"text-align: justify;\">Wanneer hij gevraagd wordt op belangrijke internationale plaatsen van de barokmuziek met Le Po\u00e8me Harmonique, laat hij zich, afhankelijk van het project, vergezellen door de koren van de Compagnie La Temp\u00eate, Aedes, Accentus en Les Cris de Paris, de musicAeterna-ensembles , Musica Florea, Arte Suonatori, het Regionaal Orkest van Normandi\u00eb, Capella Cracoviensis en Orkiestra Historyczna. Daarnaast is Vincent Dumestre ook actief&nbsp; in Normandi\u00eb, de regio waar zijn ensemble vandaan komt. Sinds vijf jaar is hij ook artistiek leider van het Jura Baroque Music Festival en nam in &nbsp;2017 het Misteria Paschalia-festival in Krakau onder zijn hoede.<\/p>\n<p style=\"text-align: justify;\">Een dertigtal opnames, cd\u2019s en dvd&#8217;s, uitgebracht bij het label Alpha Classics, waarvan hij artiest van het eerste uur is, en bij het label Ch\u00e2teau de Versailles Spectacles, getuigen van zijn vruchtbare samenwerking met Le Po\u00e8me Harmonique op het gebied van kunstmuziek en populaire muziek.<\/p>\n<p style=\"text-align: justify;\">Vincent Dumestre is \u2018Officier de l\u2019ordre des Arts et des Lettres\u2019 en \u2018Chevalier de l\u2019Ordre national du M\u00e9rite\u2019.<\/p>","protected":false},"excerpt":{"rendered":"<p>16\/0220:30 &#8211; 22:00 Mon Amant de Saint-Jean De geschiedenis herhaalt zich. Weten we waar de barokmuziek, die sinds enkele jaren een heropleving kent, vandaan komt ? De geschiedenis herhaalt zich en herinnert ons hieraan. Vanaf het begin van de 20e eeuw, toen Wanda Landowska het klavecimbel herontdekte, toen Charles Bordes Lully de hemel in prees, [&hellip;]<\/p>\n","protected":false},"author":3,"featured_media":0,"parent":34992,"menu_order":1,"comment_status":"closed","ping_status":"closed","template":"","meta":{"_acf_changed":false,"_themeisle_gutenberg_block_has_review":false,"footnotes":""},"class_list":["post-35273","page","type-page","status-publish","hentry"],"acf":[],"yoast_head":"<!-- This site is optimized with the Yoast SEO plugin v27.2 - https:\/\/yoast.com\/product\/yoast-seo-wordpress\/ -->\n<title>Le Po\u00e8me Harmonique &amp; Isabelle Druet - FestiVita!<\/title>\n<meta name=\"robots\" content=\"index, follow, max-snippet:-1, max-image-preview:large, max-video-preview:-1\" \/>\n<link rel=\"canonical\" href=\"https:\/\/festivita.be\/nl\/archieven\/programmatie-2023\/le-poeme-harmonique\/\" \/>\n<meta property=\"og:locale\" content=\"nl_NL\" \/>\n<meta property=\"og:type\" content=\"article\" \/>\n<meta property=\"og:title\" content=\"Le Po\u00e8me Harmonique &amp; Isabelle Druet - FestiVita!\" \/>\n<meta property=\"og:description\" content=\"16\/0220:30 &#8211; 22:00 Mon Amant de Saint-Jean De geschiedenis herhaalt zich. Weten we waar de barokmuziek, die sinds enkele jaren een heropleving kent, vandaan komt ? De geschiedenis herhaalt zich en herinnert ons hieraan. Vanaf het begin van de 20e eeuw, toen Wanda Landowska het klavecimbel herontdekte, toen Charles Bordes Lully de hemel in prees, [&hellip;]\" \/>\n<meta property=\"og:url\" content=\"https:\/\/festivita.be\/nl\/archieven\/programmatie-2023\/le-poeme-harmonique\/\" \/>\n<meta property=\"og:site_name\" content=\"FestiVita!\" \/>\n<meta property=\"article:publisher\" content=\"https:\/\/www.facebook.com\/FestiVita-Brussels-Early-Music-Festival-102508725164674\/about\/?ref=page_internal\" \/>\n<meta property=\"article:modified_time\" content=\"2023-02-16T18:45:24+00:00\" \/>\n<meta property=\"og:image\" content=\"https:\/\/festivita.be\/wp-content\/uploads\/2020\/10\/festivita-2-logo.jpg\" \/>\n\t<meta property=\"og:image:width\" content=\"887\" \/>\n\t<meta property=\"og:image:height\" content=\"400\" \/>\n\t<meta property=\"og:image:type\" content=\"image\/jpeg\" \/>\n<meta name=\"twitter:card\" content=\"summary_large_image\" \/>\n<meta name=\"twitter:label1\" content=\"Geschatte leestijd\" \/>\n\t<meta name=\"twitter:data1\" content=\"7 minuten\" \/>\n<script type=\"application\/ld+json\" class=\"yoast-schema-graph\">{\"@context\":\"https:\/\/schema.org\",\"@graph\":[{\"@type\":\"WebPage\",\"@id\":\"https:\/\/festivita.be\/nl\/archieven\/programmatie-2023\/le-poeme-harmonique\/\",\"url\":\"https:\/\/festivita.be\/nl\/archieven\/programmatie-2023\/le-poeme-harmonique\/\",\"name\":\"Le Po\u00e8me Harmonique & Isabelle Druet - FestiVita!\",\"isPartOf\":{\"@id\":\"https:\/\/festivita.be\/nl\/#website\"},\"datePublished\":\"2022-07-26T08:48:08+00:00\",\"dateModified\":\"2023-02-16T18:45:24+00:00\",\"breadcrumb\":{\"@id\":\"https:\/\/festivita.be\/nl\/archieven\/programmatie-2023\/le-poeme-harmonique\/#breadcrumb\"},\"inLanguage\":\"nl-NL\",\"potentialAction\":[{\"@type\":\"ReadAction\",\"target\":[\"https:\/\/festivita.be\/nl\/archieven\/programmatie-2023\/le-poeme-harmonique\/\"]}]},{\"@type\":\"BreadcrumbList\",\"@id\":\"https:\/\/festivita.be\/nl\/archieven\/programmatie-2023\/le-poeme-harmonique\/#breadcrumb\",\"itemListElement\":[{\"@type\":\"ListItem\",\"position\":1,\"name\":\"Accueil\",\"item\":\"https:\/\/festivita.be\/nl\/\"},{\"@type\":\"ListItem\",\"position\":2,\"name\":\"ARCHIEVEN\",\"item\":\"https:\/\/festivita.be\/nl\/archives\/\"},{\"@type\":\"ListItem\",\"position\":3,\"name\":\"2023\",\"item\":\"https:\/\/festivita.be\/nl\/archives\/programmation-2023\/\"},{\"@type\":\"ListItem\",\"position\":4,\"name\":\"Le Po\u00e8me Harmonique &#038; Isabelle Druet\"}]},{\"@type\":\"WebSite\",\"@id\":\"https:\/\/festivita.be\/nl\/#website\",\"url\":\"https:\/\/festivita.be\/nl\/\",\"name\":\"FestiVita!\",\"description\":\"Brussels Early Music Festival\",\"publisher\":{\"@id\":\"https:\/\/festivita.be\/nl\/#organization\"},\"potentialAction\":[{\"@type\":\"SearchAction\",\"target\":{\"@type\":\"EntryPoint\",\"urlTemplate\":\"https:\/\/festivita.be\/nl\/?s={search_term_string}\"},\"query-input\":{\"@type\":\"PropertyValueSpecification\",\"valueRequired\":true,\"valueName\":\"search_term_string\"}}],\"inLanguage\":\"nl-NL\"},{\"@type\":\"Organization\",\"@id\":\"https:\/\/festivita.be\/nl\/#organization\",\"name\":\"Festivita\",\"url\":\"https:\/\/festivita.be\/nl\/\",\"logo\":{\"@type\":\"ImageObject\",\"inLanguage\":\"nl-NL\",\"@id\":\"https:\/\/festivita.be\/nl\/#\/schema\/logo\/image\/\",\"url\":\"https:\/\/festivita.be\/wp-content\/uploads\/2020\/10\/festivita-2-logo.jpg\",\"contentUrl\":\"https:\/\/festivita.be\/wp-content\/uploads\/2020\/10\/festivita-2-logo.jpg\",\"width\":887,\"height\":400,\"caption\":\"Festivita\"},\"image\":{\"@id\":\"https:\/\/festivita.be\/nl\/#\/schema\/logo\/image\/\"},\"sameAs\":[\"https:\/\/www.facebook.com\/FestiVita-Brussels-Early-Music-Festival-102508725164674\/about\/?ref=page_internal\",\"https:\/\/www.instagram.com\/festivita_be\/\",\"https:\/\/www.youtube.com\/channel\/UC_hlu4NfyE2QYXIYy-3EiVQ\"]}]}<\/script>\n<!-- \/ Yoast SEO plugin. -->","yoast_head_json":{"title":"Le Po\u00e8me Harmonique & Isabelle Druet - FestiVita!","robots":{"index":"index","follow":"follow","max-snippet":"max-snippet:-1","max-image-preview":"max-image-preview:large","max-video-preview":"max-video-preview:-1"},"canonical":"https:\/\/festivita.be\/nl\/archieven\/programmatie-2023\/le-poeme-harmonique\/","og_locale":"nl_NL","og_type":"article","og_title":"Le Po\u00e8me Harmonique & Isabelle Druet - FestiVita!","og_description":"16\/0220:30 &#8211; 22:00 Mon Amant de Saint-Jean De geschiedenis herhaalt zich. Weten we waar de barokmuziek, die sinds enkele jaren een heropleving kent, vandaan komt ? De geschiedenis herhaalt zich en herinnert ons hieraan. Vanaf het begin van de 20e eeuw, toen Wanda Landowska het klavecimbel herontdekte, toen Charles Bordes Lully de hemel in prees, [&hellip;]","og_url":"https:\/\/festivita.be\/nl\/archieven\/programmatie-2023\/le-poeme-harmonique\/","og_site_name":"FestiVita!","article_publisher":"https:\/\/www.facebook.com\/FestiVita-Brussels-Early-Music-Festival-102508725164674\/about\/?ref=page_internal","article_modified_time":"2023-02-16T18:45:24+00:00","og_image":[{"width":887,"height":400,"url":"https:\/\/festivita.be\/wp-content\/uploads\/2020\/10\/festivita-2-logo.jpg","type":"image\/jpeg"}],"twitter_card":"summary_large_image","twitter_misc":{"Geschatte leestijd":"7 minuten"},"schema":{"@context":"https:\/\/schema.org","@graph":[{"@type":"WebPage","@id":"https:\/\/festivita.be\/nl\/archieven\/programmatie-2023\/le-poeme-harmonique\/","url":"https:\/\/festivita.be\/nl\/archieven\/programmatie-2023\/le-poeme-harmonique\/","name":"Le Po\u00e8me Harmonique & Isabelle Druet - FestiVita!","isPartOf":{"@id":"https:\/\/festivita.be\/nl\/#website"},"datePublished":"2022-07-26T08:48:08+00:00","dateModified":"2023-02-16T18:45:24+00:00","breadcrumb":{"@id":"https:\/\/festivita.be\/nl\/archieven\/programmatie-2023\/le-poeme-harmonique\/#breadcrumb"},"inLanguage":"nl-NL","potentialAction":[{"@type":"ReadAction","target":["https:\/\/festivita.be\/nl\/archieven\/programmatie-2023\/le-poeme-harmonique\/"]}]},{"@type":"BreadcrumbList","@id":"https:\/\/festivita.be\/nl\/archieven\/programmatie-2023\/le-poeme-harmonique\/#breadcrumb","itemListElement":[{"@type":"ListItem","position":1,"name":"Accueil","item":"https:\/\/festivita.be\/nl\/"},{"@type":"ListItem","position":2,"name":"ARCHIEVEN","item":"https:\/\/festivita.be\/nl\/archives\/"},{"@type":"ListItem","position":3,"name":"2023","item":"https:\/\/festivita.be\/nl\/archives\/programmation-2023\/"},{"@type":"ListItem","position":4,"name":"Le Po\u00e8me Harmonique &#038; Isabelle Druet"}]},{"@type":"WebSite","@id":"https:\/\/festivita.be\/nl\/#website","url":"https:\/\/festivita.be\/nl\/","name":"FestiVita!","description":"Brussels Early Music Festival","publisher":{"@id":"https:\/\/festivita.be\/nl\/#organization"},"potentialAction":[{"@type":"SearchAction","target":{"@type":"EntryPoint","urlTemplate":"https:\/\/festivita.be\/nl\/?s={search_term_string}"},"query-input":{"@type":"PropertyValueSpecification","valueRequired":true,"valueName":"search_term_string"}}],"inLanguage":"nl-NL"},{"@type":"Organization","@id":"https:\/\/festivita.be\/nl\/#organization","name":"Festivita","url":"https:\/\/festivita.be\/nl\/","logo":{"@type":"ImageObject","inLanguage":"nl-NL","@id":"https:\/\/festivita.be\/nl\/#\/schema\/logo\/image\/","url":"https:\/\/festivita.be\/wp-content\/uploads\/2020\/10\/festivita-2-logo.jpg","contentUrl":"https:\/\/festivita.be\/wp-content\/uploads\/2020\/10\/festivita-2-logo.jpg","width":887,"height":400,"caption":"Festivita"},"image":{"@id":"https:\/\/festivita.be\/nl\/#\/schema\/logo\/image\/"},"sameAs":["https:\/\/www.facebook.com\/FestiVita-Brussels-Early-Music-Festival-102508725164674\/about\/?ref=page_internal","https:\/\/www.instagram.com\/festivita_be\/","https:\/\/www.youtube.com\/channel\/UC_hlu4NfyE2QYXIYy-3EiVQ"]}]}},"_links":{"self":[{"href":"https:\/\/festivita.be\/nl\/wp-json\/wp\/v2\/pages\/35273","targetHints":{"allow":["GET"]}}],"collection":[{"href":"https:\/\/festivita.be\/nl\/wp-json\/wp\/v2\/pages"}],"about":[{"href":"https:\/\/festivita.be\/nl\/wp-json\/wp\/v2\/types\/page"}],"author":[{"embeddable":true,"href":"https:\/\/festivita.be\/nl\/wp-json\/wp\/v2\/users\/3"}],"replies":[{"embeddable":true,"href":"https:\/\/festivita.be\/nl\/wp-json\/wp\/v2\/comments?post=35273"}],"version-history":[{"count":10,"href":"https:\/\/festivita.be\/nl\/wp-json\/wp\/v2\/pages\/35273\/revisions"}],"predecessor-version":[{"id":36941,"href":"https:\/\/festivita.be\/nl\/wp-json\/wp\/v2\/pages\/35273\/revisions\/36941"}],"up":[{"embeddable":true,"href":"https:\/\/festivita.be\/nl\/wp-json\/wp\/v2\/pages\/34992"}],"wp:attachment":[{"href":"https:\/\/festivita.be\/nl\/wp-json\/wp\/v2\/media?parent=35273"}],"curies":[{"name":"wp","href":"https:\/\/api.w.org\/{rel}","templated":true}]}}