{"id":35287,"date":"2022-07-26T11:05:19","date_gmt":"2022-07-26T09:05:19","guid":{"rendered":"https:\/\/festivita.be\/?page_id=35287"},"modified":"2024-02-13T18:07:34","modified_gmt":"2024-02-13T17:07:34","slug":"renaissancebal","status":"publish","type":"page","link":"https:\/\/festivita.be\/nl\/festivita24\/programma\/renaissancebal\/","title":{"rendered":"Renaissancebal"},"content":{"rendered":"\n<h4 class=\"wp-block-heading has-text-align-center\" id=\"h-18-0220-30-22-00\">Zaterdag 17 februari<br>20:30<br>SOLD OUT !<\/h4>\n\n\n\n<figure class=\"wp-block-image size-large\"><img loading=\"lazy\" decoding=\"async\" width=\"1024\" height=\"683\" src=\"http:\/\/festivita.be\/wp-content\/uploads\/2022\/03\/festivita-2022-bal-renaissance-lieven-baert-web-3bis-1024x683.jpg\" alt=\"\u00a9Malou Van den Heuvel\" class=\"wp-image-34165\" srcset=\"https:\/\/festivita.be\/wp-content\/uploads\/2022\/03\/festivita-2022-bal-renaissance-lieven-baert-web-3bis-1024x683.jpg 1024w, https:\/\/festivita.be\/wp-content\/uploads\/2022\/03\/festivita-2022-bal-renaissance-lieven-baert-web-3bis-300x200.jpg 300w, https:\/\/festivita.be\/wp-content\/uploads\/2022\/03\/festivita-2022-bal-renaissance-lieven-baert-web-3bis-768x512.jpg 768w, https:\/\/festivita.be\/wp-content\/uploads\/2022\/03\/festivita-2022-bal-renaissance-lieven-baert-web-3bis-1536x1024.jpg 1536w, https:\/\/festivita.be\/wp-content\/uploads\/2022\/03\/festivita-2022-bal-renaissance-lieven-baert-web-3bis-2048x1365.jpg 2048w\" sizes=\"auto, (max-width: 1024px) 100vw, 1024px\" \/><figcaption class=\"wp-element-caption\">\u00a9Malou Van den Heuvel<\/figcaption><\/figure>\n\n\n\n<p>De Sonadori, begeleid door studenten oude muziek van het Conservatoire royal de Bruxelles, laten je dansen op historische choreografie\u00ebn onder leiding van meester Lieven Baert en zijn gekostumeerde dansers.<\/p>\n\n\n\n<p>Tijdens dit gezellige moment, onder de grote kroonluchters van de Salle des Caryatides, waan je je op het jaarlijkse Grand Bal aan het hof van de aartshertogen Albert en Isabelle!<\/p>\n\n\n\n<p class=\"has-text-align-right\"><strong>Lieven Baert<\/strong> choregraphie &amp; dans<\/p>\n\n\n\n<p class=\"has-text-align-right\"><strong>Les Sonadori<\/strong><br><span style=\"font-weight: 400;\"><strong>Odile Edouard<\/strong>, soprano de violon<br><strong>Nicolas Sansarlat<\/strong>, contralto de violon<br><strong>Alain Gervreau<\/strong>, t\u00e9nor de violon<br><strong>Sarah van Oudenhove<\/strong>, bassetto de violon <br><strong>Herv\u00e9 Douchy<\/strong>, basse de violon<br><strong>Pascale Boquet<\/strong>, luth <br><\/span><\/p>\n\n\n\n<p class=\"has-text-align-right\">Leerlingen van het Conservatoire royal de Bruxelles, <br>afdeling Oude Muziek onder leiding van <strong>Laura Pok<\/strong><br><strong>Aylin Onasci, Noam Shpilman-Bass, Olivier Lalau, Jean Van Vyve,<\/strong> blokfluit<br><strong>M\u00e9lanie Pel\u00e9, Anna Nefedova, Cornelia Zambila,<\/strong> <strong>C\u00e9cilia Rez\u00e0val,<\/strong>&nbsp; viool<br><strong>Naomie Charlier,<\/strong> gamba<br><strong>Alba Villar,<\/strong> cello<br><strong>Katarzyna Martynuska,<\/strong> violone<br><strong>Katerina Bliskovska, <\/strong>gitaar<\/p>\n\n\n<div class=\"wp-block-image\">\n<figure class=\"aligncenter size-large is-resized\"><img loading=\"lazy\" decoding=\"async\" width=\"1024\" height=\"683\" src=\"http:\/\/festivita.be\/wp-content\/uploads\/2022\/03\/festivita-2022-bal-renaissance-lieven-baert-web-6-1024x683.jpg\" alt=\"\u00a9Malou Van den Heuvel\" class=\"wp-image-34201\" style=\"aspect-ratio:1.499267935578331;width:514px;height:auto\" srcset=\"https:\/\/festivita.be\/wp-content\/uploads\/2022\/03\/festivita-2022-bal-renaissance-lieven-baert-web-6-1024x683.jpg 1024w, https:\/\/festivita.be\/wp-content\/uploads\/2022\/03\/festivita-2022-bal-renaissance-lieven-baert-web-6-300x200.jpg 300w, https:\/\/festivita.be\/wp-content\/uploads\/2022\/03\/festivita-2022-bal-renaissance-lieven-baert-web-6-768x512.jpg 768w, https:\/\/festivita.be\/wp-content\/uploads\/2022\/03\/festivita-2022-bal-renaissance-lieven-baert-web-6-1536x1024.jpg 1536w, https:\/\/festivita.be\/wp-content\/uploads\/2022\/03\/festivita-2022-bal-renaissance-lieven-baert-web-6-2048x1365.jpg 2048w\" sizes=\"auto, (max-width: 1024px) 100vw, 1024px\" \/><figcaption class=\"wp-element-caption\">\u00a9Malou Van den Heuvel<\/figcaption><\/figure><\/div>\n\n\n<p class=\"has-text-align-right\"><\/p>\n\n\n\n<h2 class=\"wp-block-heading\" id=\"h-biographie\">Biografi\u00eben<\/h2>\n\n\n\n<h3 class=\"wp-block-heading\">Lieven Baert<\/h3>\n\n\n\n<p>Lieven Baert is professioneel choreograaf, dansdocent, performer en theaterregisseur. Tijdens zijn 30-jarige carri\u00e8re danste, choreografeerde en regisseerde hij oude dansprodukties in Duitsland, Oostenrijk, Spanje, Itali\u00eb, Zweden, het Verenigd Koninkrijk en Nederland, Japan, Mexico, Rusland en de Verenigde Staten. Hij was gastprofessor aan de Universiteit van Stockholm en Stanford University in de Verenigde Staten en doceert sinds 2003 historische dans aan de Universiteit van Madrid Rey Juan Carlos. Sinds 1997 is hij de choreograaf van Landshuter Hochzeit 1475, het grootste historisch festival van Duitsland. Sinds 2003 is hij ook de vaste directeur van het Brusselse Operettentheater. Bovendien werkt hij aan outreach- en jeugdprogramma&#8217;s voor de Koninklijke Balletschool van Belgi\u00eb en de Koninklijke Vlaamse Opera.<\/p>\n\n\n<div class=\"wp-block-image\">\n<figure class=\"aligncenter size-large is-resized\"><img loading=\"lazy\" decoding=\"async\" width=\"1024\" height=\"600\" src=\"http:\/\/festivita.be\/wp-content\/uploads\/2023\/11\/FestiVita-les-sonadori-1024x600.jpg\" alt=\"\" class=\"wp-image-38222\" style=\"aspect-ratio:1.7066666666666668;width:582px;height:auto\" srcset=\"https:\/\/festivita.be\/wp-content\/uploads\/2023\/11\/FestiVita-les-sonadori-1024x600.jpg 1024w, https:\/\/festivita.be\/wp-content\/uploads\/2023\/11\/FestiVita-les-sonadori-300x176.jpg 300w, https:\/\/festivita.be\/wp-content\/uploads\/2023\/11\/FestiVita-les-sonadori-768x450.jpg 768w, https:\/\/festivita.be\/wp-content\/uploads\/2023\/11\/FestiVita-les-sonadori-1536x900.jpg 1536w, https:\/\/festivita.be\/wp-content\/uploads\/2023\/11\/FestiVita-les-sonadori-2048x1200.jpg 2048w\" sizes=\"auto, (max-width: 1024px) 100vw, 1024px\" \/><figcaption class=\"wp-element-caption\">\u00a9Elisabeth Douchy<\/figcaption><\/figure><\/div>\n\n\n<h3 class=\"wp-block-heading\">Les Sonadori<\/h3>\n\n\n\n<p>De Sonadori is een ensemble van vijf of zes violen van verschillende grootte,&nbsp; en biedt een breed, diep en helder klankuniversum, uniek in de hedendaagse muziekwereld, de vrucht van de samenwerking met vier gespecialiseerde vioolbouwers en twee strijkstokkenbouwers, en het doctoraat in de kunsten van Alain Gervreau (nov. 2014).<\/p>\n\n\n\n<p>Het brengt een groep 16e-eeuwse violen weer tot leven in concerten, bals, processies met profane muziek (dansen, ricercares, madrigalen) of religieuze muziek (motetten).<\/p>\n\n\n\n<p>De Sonadori namen al deel aan de volgende festivals: Saintes, Sabl\u00e9-sur-Sarthe, Musique et M\u00e9moire, Pontoise, Toulouse les orgues, &#8220;Mons 2015&#8221;, Arques-la-Bataille, Rencontres musicales de V\u00e9zelay, Musicales en Auxois, de concerten van St.&nbsp; Germain (Gen\u00e8ve), Musiques aux Cordeliers (Dijon), Orgue en Ville (Besan\u00e7on), Les M\u00e9lodies des Causses, La reverdie (Sens), Montceau-les-Mines, Cond\u00e9 sur l&#8217;Escault, St. Omer.<\/p>\n\n\n\n<p>De musici, van wie er drie lesgeven aan vooraanstaande conservatoria in Europa, geven improvisatieworkshops (aan conservatoria in Ambronay, Metz, Carpentras, Haut Jura, St. Omer en Avignon) en organiseren conferenties en ontmoetingen met het publiek.<\/p>\n\n\n\n<h3 class=\"wp-block-heading\">Programma<\/h3>\n\n\n\n<p>&#8211; Bransle Cassandre &#8211; <strong>T. Arbeau<\/strong><br>&#8211; Bransle de la montarde &#8211; <strong>T. Arbeau<\/strong><br>&#8211; Bransle de la torche &#8211; <strong>M. Praetorius<\/strong><br>&#8211; Pavane et gaillarde Ferrareze &#8211; <strong>P. Phal\u00e8se<\/strong><br>&#8211; Canario &#8211; <strong>M. Praetorius<\/strong><br>&#8211; Black Almain&nbsp;&#8211; <strong>Trad.<\/strong><br>&#8211; Contredanse, Gathering Peascods&nbsp;&#8211; <strong>J. Playford<\/strong><br>&#8211; Contredanse &#8220;la bonne amiti\u00e9&#8221; &#8211; <strong>Trad.<\/strong><\/p>\n\n\n\n<h3 class=\"wp-block-heading\">Tutorials<\/h3>\n\n\n\n<p>Volg de stijldansen met onze tutorials voorbereid door onze dansmeesters Lieven Baert en Josephine Schreibers. Je kunt de afspeellijst ook <a href=\"https:\/\/www.youtube.com\/playlist?list=PLz-nO5jxr11-yABP2FVPYWhjzUlZ4Mouh\">hier<\/a> bekijken.<\/p>\n\n\n\n<div class=\"wp-block-columns is-layout-flex wp-container-core-columns-is-layout-9d6595d7 wp-block-columns-is-layout-flex\">\n<div class=\"wp-block-column is-layout-flow wp-block-column-is-layout-flow\">\n<figure class=\"wp-block-embed is-type-video is-provider-youtube wp-block-embed-youtube wp-embed-aspect-16-9 wp-has-aspect-ratio\"><div class=\"wp-block-embed__wrapper\">\n<iframe loading=\"lazy\" title=\"Tutoriel danse Renaissance : 1. Le double\" width=\"640\" height=\"360\" src=\"https:\/\/www.youtube.com\/embed\/QTCS0xee9eo?list=PLz-nO5jxr11-yABP2FVPYWhjzUlZ4Mouh\" frameborder=\"0\" allow=\"accelerometer; autoplay; clipboard-write; encrypted-media; gyroscope; picture-in-picture; web-share\" referrerpolicy=\"strict-origin-when-cross-origin\" allowfullscreen><\/iframe>\n<\/div><figcaption class=\"wp-element-caption\">1. Le Double<\/figcaption><\/figure>\n<\/div>\n\n\n\n<div class=\"wp-block-column is-layout-flow wp-block-column-is-layout-flow\">\n<figure class=\"wp-block-embed is-type-video is-provider-youtube wp-block-embed-youtube wp-embed-aspect-16-9 wp-has-aspect-ratio\"><div class=\"wp-block-embed__wrapper\">\n<iframe loading=\"lazy\" title=\"Tutoriel danse Renaissance : 2. Combinaison double - simple\" width=\"640\" height=\"360\" src=\"https:\/\/www.youtube.com\/embed\/0Y9pbFHF9YA?list=PLz-nO5jxr11-yABP2FVPYWhjzUlZ4Mouh\" frameborder=\"0\" allow=\"accelerometer; autoplay; clipboard-write; encrypted-media; gyroscope; picture-in-picture; web-share\" referrerpolicy=\"strict-origin-when-cross-origin\" allowfullscreen><\/iframe>\n<\/div><figcaption class=\"wp-element-caption\">2. Combinaison Double \/ Simple<\/figcaption><\/figure>\n<\/div>\n\n\n\n<div class=\"wp-block-column is-layout-flow wp-block-column-is-layout-flow\">\n<figure class=\"wp-block-embed is-type-video is-provider-youtube wp-block-embed-youtube wp-embed-aspect-16-9 wp-has-aspect-ratio\"><div class=\"wp-block-embed__wrapper\">\n<iframe loading=\"lazy\" title=\"Tutoriel danse Renaissance : 3. La Pavane\" width=\"640\" height=\"360\" src=\"https:\/\/www.youtube.com\/embed\/FVb-PRZnNKM?list=PLz-nO5jxr11-yABP2FVPYWhjzUlZ4Mouh\" frameborder=\"0\" allow=\"accelerometer; autoplay; clipboard-write; encrypted-media; gyroscope; picture-in-picture; web-share\" referrerpolicy=\"strict-origin-when-cross-origin\" allowfullscreen><\/iframe>\n<\/div><figcaption class=\"wp-element-caption\">3. La Pavane<\/figcaption><\/figure>\n<\/div>\n<\/div>\n\n\n\n<div class=\"wp-block-columns is-layout-flex wp-container-core-columns-is-layout-9d6595d7 wp-block-columns-is-layout-flex\">\n<div class=\"wp-block-column is-layout-flow wp-block-column-is-layout-flow\">\n<figure class=\"wp-block-embed is-type-video is-provider-youtube wp-block-embed-youtube wp-embed-aspect-16-9 wp-has-aspect-ratio\"><div class=\"wp-block-embed__wrapper\">\n<iframe loading=\"lazy\" title=\"Tutoriel danse Renaissance : 4. Le Chass\u00e9\" width=\"640\" height=\"360\" src=\"https:\/\/www.youtube.com\/embed\/N4suQWvHjwU?list=PLz-nO5jxr11-yABP2FVPYWhjzUlZ4Mouh\" frameborder=\"0\" allow=\"accelerometer; autoplay; clipboard-write; encrypted-media; gyroscope; picture-in-picture; web-share\" referrerpolicy=\"strict-origin-when-cross-origin\" allowfullscreen><\/iframe>\n<\/div><figcaption class=\"wp-element-caption\">4. Le Chass\u00e9<\/figcaption><\/figure>\n<\/div>\n\n\n\n<div class=\"wp-block-column is-layout-flow wp-block-column-is-layout-flow\">\n<figure class=\"wp-block-embed is-type-video is-provider-youtube wp-block-embed-youtube wp-embed-aspect-16-9 wp-has-aspect-ratio\"><div class=\"wp-block-embed__wrapper\">\n<iframe loading=\"lazy\" title=\"Tutoriel danse Renaissance : 5. Le Set &amp; Turn\" width=\"640\" height=\"360\" src=\"https:\/\/www.youtube.com\/embed\/DlgiljQYg_w?list=PLz-nO5jxr11-yABP2FVPYWhjzUlZ4Mouh\" frameborder=\"0\" allow=\"accelerometer; autoplay; clipboard-write; encrypted-media; gyroscope; picture-in-picture; web-share\" referrerpolicy=\"strict-origin-when-cross-origin\" allowfullscreen><\/iframe>\n<\/div><figcaption class=\"wp-element-caption\">5. Le Set &amp; Turn<\/figcaption><\/figure>\n<\/div>\n\n\n\n<div class=\"wp-block-column is-layout-flow wp-block-column-is-layout-flow\">\n<figure class=\"wp-block-embed is-type-video is-provider-youtube wp-block-embed-youtube wp-embed-aspect-16-9 wp-has-aspect-ratio\"><div class=\"wp-block-embed__wrapper\">\n<iframe loading=\"lazy\" title=\"Tutoriel danse Renaissance : 6. Le Pas Saut\u00e9\" width=\"640\" height=\"360\" src=\"https:\/\/www.youtube.com\/embed\/bkXy--8EVIE?list=PLz-nO5jxr11-yABP2FVPYWhjzUlZ4Mouh\" frameborder=\"0\" allow=\"accelerometer; autoplay; clipboard-write; encrypted-media; gyroscope; picture-in-picture; web-share\" referrerpolicy=\"strict-origin-when-cross-origin\" allowfullscreen><\/iframe>\n<\/div><figcaption class=\"wp-element-caption\">6. Le Pas Saut\u00e9<\/figcaption><\/figure>\n<\/div>\n<\/div>\n\n\n\n<div class=\"wp-block-columns is-layout-flex wp-container-core-columns-is-layout-9d6595d7 wp-block-columns-is-layout-flex\">\n<div class=\"wp-block-column is-layout-flow wp-block-column-is-layout-flow\">\n<figure class=\"wp-block-embed is-type-video is-provider-youtube wp-block-embed-youtube wp-embed-aspect-16-9 wp-has-aspect-ratio\"><div class=\"wp-block-embed__wrapper\">\n<iframe loading=\"lazy\" title=\"Tutoriel danse Renaissance : 7. Le Pas de Gaillarde\" width=\"640\" height=\"360\" src=\"https:\/\/www.youtube.com\/embed\/cCN5WEdpKHg?list=PLz-nO5jxr11-yABP2FVPYWhjzUlZ4Mouh\" frameborder=\"0\" allow=\"accelerometer; autoplay; clipboard-write; encrypted-media; gyroscope; picture-in-picture; web-share\" referrerpolicy=\"strict-origin-when-cross-origin\" allowfullscreen><\/iframe>\n<\/div><figcaption class=\"wp-element-caption\">7. Le Pas de Gaillarde<\/figcaption><\/figure>\n<\/div>\n\n\n\n<div class=\"wp-block-column is-layout-flow wp-block-column-is-layout-flow\">\n<figure class=\"wp-block-embed is-type-video is-provider-youtube wp-block-embed-youtube wp-embed-aspect-16-9 wp-has-aspect-ratio\"><div class=\"wp-block-embed__wrapper\">\n<iframe loading=\"lazy\" title=\"Tutoriel danse Renaissance : 8. Le Canario\" width=\"640\" height=\"360\" src=\"https:\/\/www.youtube.com\/embed\/jw4Un07prPg?list=PLz-nO5jxr11-yABP2FVPYWhjzUlZ4Mouh\" frameborder=\"0\" allow=\"accelerometer; autoplay; clipboard-write; encrypted-media; gyroscope; picture-in-picture; web-share\" referrerpolicy=\"strict-origin-when-cross-origin\" allowfullscreen><\/iframe>\n<\/div><figcaption class=\"wp-element-caption\">8. Le Canario<\/figcaption><\/figure>\n<\/div>\n\n\n\n<div class=\"wp-block-column is-layout-flow wp-block-column-is-layout-flow\">\n<figure class=\"wp-block-embed is-type-video is-provider-youtube wp-block-embed-youtube wp-embed-aspect-16-9 wp-has-aspect-ratio\"><div class=\"wp-block-embed__wrapper\">\n<iframe loading=\"lazy\" title=\"Tutoriel danse Renaissance : 9. Cast in - Cast out &amp; Conclusion\" width=\"640\" height=\"360\" src=\"https:\/\/www.youtube.com\/embed\/RYqHzI1JSSM?list=PLz-nO5jxr11-yABP2FVPYWhjzUlZ4Mouh\" frameborder=\"0\" allow=\"accelerometer; autoplay; clipboard-write; encrypted-media; gyroscope; picture-in-picture; web-share\" referrerpolicy=\"strict-origin-when-cross-origin\" allowfullscreen><\/iframe>\n<\/div><figcaption class=\"wp-element-caption\">9. Cast in &#8211; Cast out &amp; Conclusion<\/figcaption><\/figure>\n<\/div>\n<\/div>\n","protected":false},"excerpt":{"rendered":"<p>Zaterdag 17 februari20:30SOLD OUT ! De Sonadori, begeleid door studenten oude muziek van het Conservatoire royal de Bruxelles, laten je dansen op historische choreografie\u00ebn onder leiding van meester Lieven Baert en zijn gekostumeerde dansers. Tijdens dit gezellige moment, onder de grote kroonluchters van de Salle des Caryatides, waan je je op het jaarlijkse Grand Bal [&hellip;]<\/p>\n","protected":false},"author":3,"featured_media":0,"parent":38502,"menu_order":7,"comment_status":"closed","ping_status":"closed","template":"","meta":{"_acf_changed":false,"_themeisle_gutenberg_block_has_review":false,"footnotes":""},"class_list":["post-35287","page","type-page","status-publish","hentry"],"acf":[],"yoast_head":"<!-- This site is optimized with the Yoast SEO plugin v27.2 - https:\/\/yoast.com\/product\/yoast-seo-wordpress\/ -->\n<title>Renaissancebal - FestiVita!<\/title>\n<meta name=\"robots\" content=\"index, follow, max-snippet:-1, max-image-preview:large, max-video-preview:-1\" \/>\n<link rel=\"canonical\" href=\"https:\/\/festivita.be\/nl\/festivita24\/programma\/renaissancebal\/\" \/>\n<meta property=\"og:locale\" content=\"nl_NL\" \/>\n<meta property=\"og:type\" content=\"article\" \/>\n<meta property=\"og:title\" content=\"Renaissancebal - FestiVita!\" \/>\n<meta property=\"og:description\" content=\"Zaterdag 17 februari20:30SOLD OUT ! De Sonadori, begeleid door studenten oude muziek van het Conservatoire royal de Bruxelles, laten je dansen op historische choreografie\u00ebn onder leiding van meester Lieven Baert en zijn gekostumeerde dansers. Tijdens dit gezellige moment, onder de grote kroonluchters van de Salle des Caryatides, waan je je op het jaarlijkse Grand Bal [&hellip;]\" \/>\n<meta property=\"og:url\" content=\"https:\/\/festivita.be\/nl\/festivita24\/programma\/renaissancebal\/\" \/>\n<meta property=\"og:site_name\" content=\"FestiVita!\" \/>\n<meta property=\"article:publisher\" content=\"https:\/\/www.facebook.com\/FestiVita-Brussels-Early-Music-Festival-102508725164674\/about\/?ref=page_internal\" \/>\n<meta property=\"article:modified_time\" content=\"2024-02-13T17:07:34+00:00\" \/>\n<meta property=\"og:image\" content=\"http:\/\/festivita.be\/wp-content\/uploads\/2022\/03\/festivita-2022-bal-renaissance-lieven-baert-web-3bis-1024x683.jpg\" \/>\n<meta name=\"twitter:card\" content=\"summary_large_image\" \/>\n<meta name=\"twitter:label1\" content=\"Geschatte leestijd\" \/>\n\t<meta name=\"twitter:data1\" content=\"4 minuten\" \/>\n<script type=\"application\/ld+json\" class=\"yoast-schema-graph\">{\"@context\":\"https:\/\/schema.org\",\"@graph\":[{\"@type\":\"WebPage\",\"@id\":\"https:\/\/festivita.be\/nl\/festivita24\/programma\/renaissancebal\/\",\"url\":\"https:\/\/festivita.be\/nl\/festivita24\/programma\/renaissancebal\/\",\"name\":\"Renaissancebal - FestiVita!\",\"isPartOf\":{\"@id\":\"https:\/\/festivita.be\/nl\/#website\"},\"primaryImageOfPage\":{\"@id\":\"https:\/\/festivita.be\/nl\/festivita24\/programma\/renaissancebal\/#primaryimage\"},\"image\":{\"@id\":\"https:\/\/festivita.be\/nl\/festivita24\/programma\/renaissancebal\/#primaryimage\"},\"thumbnailUrl\":\"http:\/\/festivita.be\/wp-content\/uploads\/2022\/03\/festivita-2022-bal-renaissance-lieven-baert-web-3bis-1024x683.jpg\",\"datePublished\":\"2022-07-26T09:05:19+00:00\",\"dateModified\":\"2024-02-13T17:07:34+00:00\",\"breadcrumb\":{\"@id\":\"https:\/\/festivita.be\/nl\/festivita24\/programma\/renaissancebal\/#breadcrumb\"},\"inLanguage\":\"nl-NL\",\"potentialAction\":[{\"@type\":\"ReadAction\",\"target\":[\"https:\/\/festivita.be\/nl\/festivita24\/programma\/renaissancebal\/\"]}]},{\"@type\":\"ImageObject\",\"inLanguage\":\"nl-NL\",\"@id\":\"https:\/\/festivita.be\/nl\/festivita24\/programma\/renaissancebal\/#primaryimage\",\"url\":\"http:\/\/festivita.be\/wp-content\/uploads\/2022\/03\/festivita-2022-bal-renaissance-lieven-baert-web-3bis-1024x683.jpg\",\"contentUrl\":\"http:\/\/festivita.be\/wp-content\/uploads\/2022\/03\/festivita-2022-bal-renaissance-lieven-baert-web-3bis-1024x683.jpg\"},{\"@type\":\"BreadcrumbList\",\"@id\":\"https:\/\/festivita.be\/nl\/festivita24\/programma\/renaissancebal\/#breadcrumb\",\"itemListElement\":[{\"@type\":\"ListItem\",\"position\":1,\"name\":\"Accueil\",\"item\":\"https:\/\/festivita.be\/nl\/\"},{\"@type\":\"ListItem\",\"position\":2,\"name\":\"FESTIVITA! 2024\",\"item\":\"https:\/\/festivita.be\/nl\/festivita24\/\"},{\"@type\":\"ListItem\",\"position\":3,\"name\":\"Programma FestiVita! 2024\",\"item\":\"https:\/\/festivita.be\/nl\/festivita24\/programme\/\"},{\"@type\":\"ListItem\",\"position\":4,\"name\":\"Renaissancebal\"}]},{\"@type\":\"WebSite\",\"@id\":\"https:\/\/festivita.be\/nl\/#website\",\"url\":\"https:\/\/festivita.be\/nl\/\",\"name\":\"FestiVita!\",\"description\":\"Brussels Early Music Festival\",\"publisher\":{\"@id\":\"https:\/\/festivita.be\/nl\/#organization\"},\"potentialAction\":[{\"@type\":\"SearchAction\",\"target\":{\"@type\":\"EntryPoint\",\"urlTemplate\":\"https:\/\/festivita.be\/nl\/?s={search_term_string}\"},\"query-input\":{\"@type\":\"PropertyValueSpecification\",\"valueRequired\":true,\"valueName\":\"search_term_string\"}}],\"inLanguage\":\"nl-NL\"},{\"@type\":\"Organization\",\"@id\":\"https:\/\/festivita.be\/nl\/#organization\",\"name\":\"Festivita\",\"url\":\"https:\/\/festivita.be\/nl\/\",\"logo\":{\"@type\":\"ImageObject\",\"inLanguage\":\"nl-NL\",\"@id\":\"https:\/\/festivita.be\/nl\/#\/schema\/logo\/image\/\",\"url\":\"https:\/\/festivita.be\/wp-content\/uploads\/2020\/10\/festivita-2-logo.jpg\",\"contentUrl\":\"https:\/\/festivita.be\/wp-content\/uploads\/2020\/10\/festivita-2-logo.jpg\",\"width\":887,\"height\":400,\"caption\":\"Festivita\"},\"image\":{\"@id\":\"https:\/\/festivita.be\/nl\/#\/schema\/logo\/image\/\"},\"sameAs\":[\"https:\/\/www.facebook.com\/FestiVita-Brussels-Early-Music-Festival-102508725164674\/about\/?ref=page_internal\",\"https:\/\/www.instagram.com\/festivita_be\/\",\"https:\/\/www.youtube.com\/channel\/UC_hlu4NfyE2QYXIYy-3EiVQ\"]}]}<\/script>\n<!-- \/ Yoast SEO plugin. -->","yoast_head_json":{"title":"Renaissancebal - FestiVita!","robots":{"index":"index","follow":"follow","max-snippet":"max-snippet:-1","max-image-preview":"max-image-preview:large","max-video-preview":"max-video-preview:-1"},"canonical":"https:\/\/festivita.be\/nl\/festivita24\/programma\/renaissancebal\/","og_locale":"nl_NL","og_type":"article","og_title":"Renaissancebal - FestiVita!","og_description":"Zaterdag 17 februari20:30SOLD OUT ! De Sonadori, begeleid door studenten oude muziek van het Conservatoire royal de Bruxelles, laten je dansen op historische choreografie\u00ebn onder leiding van meester Lieven Baert en zijn gekostumeerde dansers. Tijdens dit gezellige moment, onder de grote kroonluchters van de Salle des Caryatides, waan je je op het jaarlijkse Grand Bal [&hellip;]","og_url":"https:\/\/festivita.be\/nl\/festivita24\/programma\/renaissancebal\/","og_site_name":"FestiVita!","article_publisher":"https:\/\/www.facebook.com\/FestiVita-Brussels-Early-Music-Festival-102508725164674\/about\/?ref=page_internal","article_modified_time":"2024-02-13T17:07:34+00:00","og_image":[{"url":"http:\/\/festivita.be\/wp-content\/uploads\/2022\/03\/festivita-2022-bal-renaissance-lieven-baert-web-3bis-1024x683.jpg","type":"","width":"","height":""}],"twitter_card":"summary_large_image","twitter_misc":{"Geschatte leestijd":"4 minuten"},"schema":{"@context":"https:\/\/schema.org","@graph":[{"@type":"WebPage","@id":"https:\/\/festivita.be\/nl\/festivita24\/programma\/renaissancebal\/","url":"https:\/\/festivita.be\/nl\/festivita24\/programma\/renaissancebal\/","name":"Renaissancebal - FestiVita!","isPartOf":{"@id":"https:\/\/festivita.be\/nl\/#website"},"primaryImageOfPage":{"@id":"https:\/\/festivita.be\/nl\/festivita24\/programma\/renaissancebal\/#primaryimage"},"image":{"@id":"https:\/\/festivita.be\/nl\/festivita24\/programma\/renaissancebal\/#primaryimage"},"thumbnailUrl":"http:\/\/festivita.be\/wp-content\/uploads\/2022\/03\/festivita-2022-bal-renaissance-lieven-baert-web-3bis-1024x683.jpg","datePublished":"2022-07-26T09:05:19+00:00","dateModified":"2024-02-13T17:07:34+00:00","breadcrumb":{"@id":"https:\/\/festivita.be\/nl\/festivita24\/programma\/renaissancebal\/#breadcrumb"},"inLanguage":"nl-NL","potentialAction":[{"@type":"ReadAction","target":["https:\/\/festivita.be\/nl\/festivita24\/programma\/renaissancebal\/"]}]},{"@type":"ImageObject","inLanguage":"nl-NL","@id":"https:\/\/festivita.be\/nl\/festivita24\/programma\/renaissancebal\/#primaryimage","url":"http:\/\/festivita.be\/wp-content\/uploads\/2022\/03\/festivita-2022-bal-renaissance-lieven-baert-web-3bis-1024x683.jpg","contentUrl":"http:\/\/festivita.be\/wp-content\/uploads\/2022\/03\/festivita-2022-bal-renaissance-lieven-baert-web-3bis-1024x683.jpg"},{"@type":"BreadcrumbList","@id":"https:\/\/festivita.be\/nl\/festivita24\/programma\/renaissancebal\/#breadcrumb","itemListElement":[{"@type":"ListItem","position":1,"name":"Accueil","item":"https:\/\/festivita.be\/nl\/"},{"@type":"ListItem","position":2,"name":"FESTIVITA! 2024","item":"https:\/\/festivita.be\/nl\/festivita24\/"},{"@type":"ListItem","position":3,"name":"Programma FestiVita! 2024","item":"https:\/\/festivita.be\/nl\/festivita24\/programme\/"},{"@type":"ListItem","position":4,"name":"Renaissancebal"}]},{"@type":"WebSite","@id":"https:\/\/festivita.be\/nl\/#website","url":"https:\/\/festivita.be\/nl\/","name":"FestiVita!","description":"Brussels Early Music Festival","publisher":{"@id":"https:\/\/festivita.be\/nl\/#organization"},"potentialAction":[{"@type":"SearchAction","target":{"@type":"EntryPoint","urlTemplate":"https:\/\/festivita.be\/nl\/?s={search_term_string}"},"query-input":{"@type":"PropertyValueSpecification","valueRequired":true,"valueName":"search_term_string"}}],"inLanguage":"nl-NL"},{"@type":"Organization","@id":"https:\/\/festivita.be\/nl\/#organization","name":"Festivita","url":"https:\/\/festivita.be\/nl\/","logo":{"@type":"ImageObject","inLanguage":"nl-NL","@id":"https:\/\/festivita.be\/nl\/#\/schema\/logo\/image\/","url":"https:\/\/festivita.be\/wp-content\/uploads\/2020\/10\/festivita-2-logo.jpg","contentUrl":"https:\/\/festivita.be\/wp-content\/uploads\/2020\/10\/festivita-2-logo.jpg","width":887,"height":400,"caption":"Festivita"},"image":{"@id":"https:\/\/festivita.be\/nl\/#\/schema\/logo\/image\/"},"sameAs":["https:\/\/www.facebook.com\/FestiVita-Brussels-Early-Music-Festival-102508725164674\/about\/?ref=page_internal","https:\/\/www.instagram.com\/festivita_be\/","https:\/\/www.youtube.com\/channel\/UC_hlu4NfyE2QYXIYy-3EiVQ"]}]}},"_links":{"self":[{"href":"https:\/\/festivita.be\/nl\/wp-json\/wp\/v2\/pages\/35287","targetHints":{"allow":["GET"]}}],"collection":[{"href":"https:\/\/festivita.be\/nl\/wp-json\/wp\/v2\/pages"}],"about":[{"href":"https:\/\/festivita.be\/nl\/wp-json\/wp\/v2\/types\/page"}],"author":[{"embeddable":true,"href":"https:\/\/festivita.be\/nl\/wp-json\/wp\/v2\/users\/3"}],"replies":[{"embeddable":true,"href":"https:\/\/festivita.be\/nl\/wp-json\/wp\/v2\/comments?post=35287"}],"version-history":[{"count":16,"href":"https:\/\/festivita.be\/nl\/wp-json\/wp\/v2\/pages\/35287\/revisions"}],"predecessor-version":[{"id":39041,"href":"https:\/\/festivita.be\/nl\/wp-json\/wp\/v2\/pages\/35287\/revisions\/39041"}],"up":[{"embeddable":true,"href":"https:\/\/festivita.be\/nl\/wp-json\/wp\/v2\/pages\/38502"}],"wp:attachment":[{"href":"https:\/\/festivita.be\/nl\/wp-json\/wp\/v2\/media?parent=35287"}],"curies":[{"name":"wp","href":"https:\/\/api.w.org\/{rel}","templated":true}]}}