{"id":35291,"date":"2022-07-26T10:55:28","date_gmt":"2022-07-26T08:55:28","guid":{"rendered":"https:\/\/festivita.be\/?page_id=35291"},"modified":"2022-12-14T15:06:16","modified_gmt":"2022-12-14T14:06:16","slug":"duo-lair-du-temps","status":"publish","type":"page","link":"https:\/\/festivita.be\/nl\/archieven\/programmatie-2023\/duo-lair-du-temps\/","title":{"rendered":"Duo L&#8217;Air du Temps"},"content":{"rendered":"\n<h5 class=\"wp-block-heading\" id=\"h-jong-publiek-concert\"><strong>\u201cJong publiek\u201d concert<\/strong><\/h5>\n\n\n\n<h4 class=\"has-text-align-center wp-block-heading\" id=\"h-19-0211-00-12-00-15-00-16-00\">19\/02<br>11:00-12:00 &amp; 15:00-16:00<\/h4>\n\n\n\n<h4 class=\"wp-block-heading\" id=\"h-doornroosje\">Doornroosje<\/h4>\n\n\n<p style=\"text-align: justify;\">Doornroosje is een po\u00ebtische voorstelling die het bekende sprookje vertelt, zonder enig gebruik van de tekst waarbij het genre van een klassiek concert worden opengetrokken en toegankelijk gemaakt \u00a0voor een gezinspubliek.<\/p>\n<p style=\"text-align: justify;\">Levendige taferelen, een unieke ongeziene muzikale combinatie, energie, gezelligheid, betoverende belichting, een prachtig decor,\u2026. De voorstelling bevat alle ingredi\u00ebnten om samen een magisch moment te beleven.<\/p>\n<p style=\"text-align: justify;\">De opvoering wil de vertellende en ontroerende aspecten van de muziek in de verf zetten doorheen verschillende stijlen en tijden, alsook de magie die elkeen beleeft tijdens live muziekoptreden. De visuele en muzikale combinatie spreekt tot de verbeelding en droomwereld van de luisteraars waarbij de verschillende klankkleuren van de instrumenten perfect samengaan met het verhaal. Het publiek, tussen 3 en 103 jaar oud, laat zich meevoeren doorheen verschillende tijden, waarbij ongemerkt de jaren vlotjes voorbij vloeien.<\/p>\n\n<p style=\"text-align: right;\"><strong>Ayelet Karni &amp; Rachel Heymans<\/strong> : idee, blokfluiten en hobo<br \/><strong>Igor Mamlenkov<\/strong> : poppenspeler<br \/><strong>Mel Myland<\/strong> : d\u00e9cor en poppen<\/p>\n\n\n<figure class=\"wp-block-embed aligncenter is-type-video is-provider-youtube wp-block-embed-youtube wp-embed-aspect-16-9 wp-has-aspect-ratio\"><div class=\"wp-block-embed__wrapper\">\n<iframe loading=\"lazy\" title=\"Sleeping Beauty \u2013 Musical Puppet Theatre\" width=\"640\" height=\"360\" src=\"https:\/\/www.youtube.com\/embed\/vngBBj3knMc?feature=oembed\" frameborder=\"0\" allow=\"accelerometer; autoplay; clipboard-write; encrypted-media; gyroscope; picture-in-picture; web-share\" referrerpolicy=\"strict-origin-when-cross-origin\" allowfullscreen><\/iframe>\n<\/div><\/figure>\n\n\n\n<h4 class=\"wp-block-heading\" id=\"h-biografie-n\">Biografie\u00ebn<\/h4>\n\n\n\n<h5 class=\"wp-block-heading\" id=\"h-duo-l-air-du-temps\"><strong>Duo L\u2019Air du Temps<\/strong><\/h5>\n\n\n<p style=\"text-align: justify;\"><strong>Het Duo L\u2019Air du Temps<\/strong>, ontstond uit het verlangen van Ayelet Karni en Rachel Heymans om samen muziek te maken. Ze ontmoeten elkaar in 2011 tijdens hun gezamenlijke studies middeleeuwse blokfluit aan de Schola Cantorum te B\u00e2le en de vonk slaat meteen over\u00a0:<\/p>\n<p style=\"text-align: justify;\">Op muzikaal vlak voelen ze elkaar uitstekend aan en tasten spontaan de grenzen af van hun repertoire en van de instrumentenreeks de hun beiden eigen is: blokfluiten uit de middeleeuwen en de barok, maar ook verschillende soorten schalmeien, bombardes en hobo\u2019s.<\/p>\n<p style=\"text-align: justify;\">Na een paar kleinere projecten wagen ze zich aan de creatie van hun muzikaal poppentheater, Doornroosje, waar ze 4 jaar aan gewerkt hebben. Hierbij maken ze kennis met Mel Myland, een gerenommeerde Engelse poppenspeler die ook de decors ontwierp en verschillende andere getalenteerde poppenspelers die blaken van creativiteit, openheid en engagement.<\/p>\n<p style=\"text-align: justify;\">Het Duo L\u2019Air du Temps verzorgt ook regelmatig concerten waarbij een publiek van ingewijden kan genieten van een uniform programma bestaande uit middeleeuwse muziek en barokmuziek voor twee instrumenten zonder bas. Rachel en Ayelet beperken zich bij het kiezen van hun muzikaal repertoire, ze verkennen en combineren, vertrouwend op de expressieve mogelijkheden van hun talrijke instrumenten.<\/p>\n\n\n<h5 class=\"wp-block-heading\" id=\"h-ayelet-karni\">Ayelet Karni<\/h5>\n\n\n<p>Ayelet Karni, blokfluitiste en hobo\u00efste, geboren in Haifa in Isra\u00ebl. Ze behaalt haar eerste diploma\u2019s aan de Hogeschool voor Muziek en Dans in Jeruzalem met grote onderscheiding.\u00a0Ze volgt ook les Leipzig aan de Hogeschool voor Muziek in het kader van het Erasmusuitwisselingsprogramma en vervolgt nadien haar studies aan de Schola Cantorum te B\u00e2le waar ze haar masterdiploma middeleeuwse blokfluit behaalt, alsook haar hobo- en aggregaat diploma.<\/p>\n<p>Ayelet Karni won verschillende wedstrijden en is laureate van de Bundes-Exzellenz-Stipendium van de Zwitserse stichting ESKAS. Ze speelt regelmatig in orkestverband (oa. met Capriccio Barockorchester en met le Parlement de Musique) en als soliste over de hele wereld. Zij is ook de drijvende kracht achter het project \u00a0\u201cMizmor LeDavid\u201d, gewijd aan het onderzoek en de heropleving van middeleeuwse Hebreeuwse muziek.<\/p>\n\n\n<h5 class=\"wp-block-heading\" id=\"h-rachel-heymans\"><strong>Rachel Heymans<\/strong><\/h5>\n\n\n<p style=\"text-align: justify;\">Rachel Heymans is een Belgische muzikante en startte haar muzikale opleiding blokfluit en kamermuziek bij Fr\u00e9d\u00e9ric de Roos, Laura Pok et Tomma Wessel aan het Koninklijk Conservatorium van Brussel. Ze kreeg eveneens les van Gerd L\u00fcnenb\u00fcrger et Antonio Politano voor het hedendaagse repertoire.<\/p>\n<p style=\"text-align: justify;\">Hongerig naar nieuw repertoire, en aangezien ze altijd al ge\u00efnteresseerd was in -zeer- oude muziek, vertrekt Rachel in 2011 naar de Schola Cantorum te B\u00e2le in Zwitserland waar ze haar master behaald in middeleeuwse blokfluit bij Corina Marti.<\/p>\n<p style=\"text-align: justify;\">Aangetrokken door de klank van de barokhobo, behaalt ze eveneens haar masterdiploma voor dit instrument in de klas van Katharina Arfken. Nadien zet ze deze studie verder aan het Conservatorium van Brussel onder leiding van Benoit Laurent om er eveneens een diploma barokhobo en klassieke hobo te behalen in 2019.<\/p>\n<p style=\"text-align: justify;\">Rachel speelt zowel in orkestverband als in kleinere kamermuziekensembles die zich specialiseren in de interpretatie van het middeleeuwse repertoire, die van de renaissance, barok, klassiek en romantiek op historische instrumenten.\u00a0\u00a0<\/p>\n<p style=\"text-align: justify;\">Tot op heden heeft ze reeds het genoegen gehad samen te werken met talrijke befaamde dirigenten en ensembles zoals Vaklav Luks, Leonardo Garcia Alarcon, les Mufatti, Capriccio Barockorchester Basel, Les Passions de l&#8217;\u00c2me, L&#8217;Ensemble La Fontaine, Collegium Vocale Academy, Balthasar Neumann Ensemble en het Freiburger Barockorchester.<\/p>\n\n\n<h5 class=\"wp-block-heading\" id=\"h-igor-mamlenkov\"><strong>Igor Mamlenkov<\/strong><\/h5>\n\n\n<p>Igor Mamlenkov is geboren in Rusland en komt reeds vroeg in aanraking met Breakdance en theater. Hij werkt zijn middelbare school af in Denemarken en studeert Engelse taalkunde aan de Staatsuniversteit van Bryansk. Hij behaalt het diploma fysiek theater en clown onder leiding van Django Adwards en Johnny Melville in Barcelona en gaat nadien studeren in Zwitserland om er zijn diploma Clown te behalen in 2019 aan de Accademia Teatro Dimitri. Igor maakt ook een aantal experimentele films waarvan enkele bekroond werden in Rusland en Itali\u00eb.<\/p>\n<p>Sinds 2012 toert hij alleen of in duo doorheen Europa met zijn afstudeerproject over Clown \u00ab\u00a0Domovoi\u00a0\u00bb. Hij doet ook regelmatig mee in Zwitserland met theaterproducties van Theater Beaulieu uit Lausanne, de nationale wedstrijd Marche de Saignel\u00e9gier, Compagnie Digestif, Les Pedestrians uit Basel en met het theatergezelschap Markus Zohner uit Lugano.<\/p>\n<p>Daarnaast is Igor ook televisieacteur. Zo was hij reeds te zien in de HBO serie \u00abFoodie Love\u00bb van Isabel Coixet en in de Zwitserse reeks \u00abCellule de Crise\u00bb, gemaakt door Jacob Berger en Andr\u00e9 Dussolier.<\/p>","protected":false},"excerpt":{"rendered":"<p>\u201cJong publiek\u201d concert 19\/0211:00-12:00 &amp; 15:00-16:00 Doornroosje Doornroosje is een po\u00ebtische voorstelling die het bekende sprookje vertelt, zonder enig gebruik van de tekst waarbij het genre van een klassiek concert worden opengetrokken en toegankelijk gemaakt \u00a0voor een gezinspubliek. Levendige taferelen, een unieke ongeziene muzikale combinatie, energie, gezelligheid, betoverende belichting, een prachtig decor,\u2026. De voorstelling bevat [&hellip;]<\/p>\n","protected":false},"author":3,"featured_media":0,"parent":34992,"menu_order":9,"comment_status":"closed","ping_status":"closed","template":"","meta":{"_acf_changed":false,"_themeisle_gutenberg_block_has_review":false,"footnotes":""},"class_list":["post-35291","page","type-page","status-publish","hentry"],"acf":[],"yoast_head":"<!-- This site is optimized with the Yoast SEO plugin v27.2 - https:\/\/yoast.com\/product\/yoast-seo-wordpress\/ -->\n<title>Duo L&#039;Air du Temps - FestiVita!<\/title>\n<meta name=\"robots\" content=\"index, follow, max-snippet:-1, max-image-preview:large, max-video-preview:-1\" \/>\n<link rel=\"canonical\" href=\"https:\/\/festivita.be\/nl\/archieven\/programmatie-2023\/duo-lair-du-temps\/\" \/>\n<meta property=\"og:locale\" content=\"nl_NL\" \/>\n<meta property=\"og:type\" content=\"article\" \/>\n<meta property=\"og:title\" content=\"Duo L&#039;Air du Temps - FestiVita!\" \/>\n<meta property=\"og:description\" content=\"\u201cJong publiek\u201d concert 19\/0211:00-12:00 &amp; 15:00-16:00 Doornroosje Doornroosje is een po\u00ebtische voorstelling die het bekende sprookje vertelt, zonder enig gebruik van de tekst waarbij het genre van een klassiek concert worden opengetrokken en toegankelijk gemaakt \u00a0voor een gezinspubliek. Levendige taferelen, een unieke ongeziene muzikale combinatie, energie, gezelligheid, betoverende belichting, een prachtig decor,\u2026. De voorstelling bevat [&hellip;]\" \/>\n<meta property=\"og:url\" content=\"https:\/\/festivita.be\/nl\/archieven\/programmatie-2023\/duo-lair-du-temps\/\" \/>\n<meta property=\"og:site_name\" content=\"FestiVita!\" \/>\n<meta property=\"article:publisher\" content=\"https:\/\/www.facebook.com\/FestiVita-Brussels-Early-Music-Festival-102508725164674\/about\/?ref=page_internal\" \/>\n<meta property=\"article:modified_time\" content=\"2022-12-14T14:06:16+00:00\" \/>\n<meta property=\"og:image\" content=\"https:\/\/festivita.be\/wp-content\/uploads\/2020\/10\/festivita-2-logo.jpg\" \/>\n\t<meta property=\"og:image:width\" content=\"887\" \/>\n\t<meta property=\"og:image:height\" content=\"400\" \/>\n\t<meta property=\"og:image:type\" content=\"image\/jpeg\" \/>\n<meta name=\"twitter:card\" content=\"summary_large_image\" \/>\n<meta name=\"twitter:label1\" content=\"Geschatte leestijd\" \/>\n\t<meta name=\"twitter:data1\" content=\"5 minuten\" \/>\n<script type=\"application\/ld+json\" class=\"yoast-schema-graph\">{\"@context\":\"https:\/\/schema.org\",\"@graph\":[{\"@type\":\"WebPage\",\"@id\":\"https:\/\/festivita.be\/nl\/archieven\/programmatie-2023\/duo-lair-du-temps\/\",\"url\":\"https:\/\/festivita.be\/nl\/archieven\/programmatie-2023\/duo-lair-du-temps\/\",\"name\":\"Duo L'Air du Temps - FestiVita!\",\"isPartOf\":{\"@id\":\"https:\/\/festivita.be\/nl\/#website\"},\"datePublished\":\"2022-07-26T08:55:28+00:00\",\"dateModified\":\"2022-12-14T14:06:16+00:00\",\"breadcrumb\":{\"@id\":\"https:\/\/festivita.be\/nl\/archieven\/programmatie-2023\/duo-lair-du-temps\/#breadcrumb\"},\"inLanguage\":\"nl-NL\",\"potentialAction\":[{\"@type\":\"ReadAction\",\"target\":[\"https:\/\/festivita.be\/nl\/archieven\/programmatie-2023\/duo-lair-du-temps\/\"]}]},{\"@type\":\"BreadcrumbList\",\"@id\":\"https:\/\/festivita.be\/nl\/archieven\/programmatie-2023\/duo-lair-du-temps\/#breadcrumb\",\"itemListElement\":[{\"@type\":\"ListItem\",\"position\":1,\"name\":\"Accueil\",\"item\":\"https:\/\/festivita.be\/nl\/\"},{\"@type\":\"ListItem\",\"position\":2,\"name\":\"ARCHIEVEN\",\"item\":\"https:\/\/festivita.be\/nl\/archives\/\"},{\"@type\":\"ListItem\",\"position\":3,\"name\":\"2023\",\"item\":\"https:\/\/festivita.be\/nl\/archives\/programmation-2023\/\"},{\"@type\":\"ListItem\",\"position\":4,\"name\":\"Duo L&#8217;Air du Temps\"}]},{\"@type\":\"WebSite\",\"@id\":\"https:\/\/festivita.be\/nl\/#website\",\"url\":\"https:\/\/festivita.be\/nl\/\",\"name\":\"FestiVita!\",\"description\":\"Brussels Early Music Festival\",\"publisher\":{\"@id\":\"https:\/\/festivita.be\/nl\/#organization\"},\"potentialAction\":[{\"@type\":\"SearchAction\",\"target\":{\"@type\":\"EntryPoint\",\"urlTemplate\":\"https:\/\/festivita.be\/nl\/?s={search_term_string}\"},\"query-input\":{\"@type\":\"PropertyValueSpecification\",\"valueRequired\":true,\"valueName\":\"search_term_string\"}}],\"inLanguage\":\"nl-NL\"},{\"@type\":\"Organization\",\"@id\":\"https:\/\/festivita.be\/nl\/#organization\",\"name\":\"Festivita\",\"url\":\"https:\/\/festivita.be\/nl\/\",\"logo\":{\"@type\":\"ImageObject\",\"inLanguage\":\"nl-NL\",\"@id\":\"https:\/\/festivita.be\/nl\/#\/schema\/logo\/image\/\",\"url\":\"https:\/\/festivita.be\/wp-content\/uploads\/2020\/10\/festivita-2-logo.jpg\",\"contentUrl\":\"https:\/\/festivita.be\/wp-content\/uploads\/2020\/10\/festivita-2-logo.jpg\",\"width\":887,\"height\":400,\"caption\":\"Festivita\"},\"image\":{\"@id\":\"https:\/\/festivita.be\/nl\/#\/schema\/logo\/image\/\"},\"sameAs\":[\"https:\/\/www.facebook.com\/FestiVita-Brussels-Early-Music-Festival-102508725164674\/about\/?ref=page_internal\",\"https:\/\/www.instagram.com\/festivita_be\/\",\"https:\/\/www.youtube.com\/channel\/UC_hlu4NfyE2QYXIYy-3EiVQ\"]}]}<\/script>\n<!-- \/ Yoast SEO plugin. -->","yoast_head_json":{"title":"Duo L'Air du Temps - FestiVita!","robots":{"index":"index","follow":"follow","max-snippet":"max-snippet:-1","max-image-preview":"max-image-preview:large","max-video-preview":"max-video-preview:-1"},"canonical":"https:\/\/festivita.be\/nl\/archieven\/programmatie-2023\/duo-lair-du-temps\/","og_locale":"nl_NL","og_type":"article","og_title":"Duo L'Air du Temps - FestiVita!","og_description":"\u201cJong publiek\u201d concert 19\/0211:00-12:00 &amp; 15:00-16:00 Doornroosje Doornroosje is een po\u00ebtische voorstelling die het bekende sprookje vertelt, zonder enig gebruik van de tekst waarbij het genre van een klassiek concert worden opengetrokken en toegankelijk gemaakt \u00a0voor een gezinspubliek. Levendige taferelen, een unieke ongeziene muzikale combinatie, energie, gezelligheid, betoverende belichting, een prachtig decor,\u2026. De voorstelling bevat [&hellip;]","og_url":"https:\/\/festivita.be\/nl\/archieven\/programmatie-2023\/duo-lair-du-temps\/","og_site_name":"FestiVita!","article_publisher":"https:\/\/www.facebook.com\/FestiVita-Brussels-Early-Music-Festival-102508725164674\/about\/?ref=page_internal","article_modified_time":"2022-12-14T14:06:16+00:00","og_image":[{"width":887,"height":400,"url":"https:\/\/festivita.be\/wp-content\/uploads\/2020\/10\/festivita-2-logo.jpg","type":"image\/jpeg"}],"twitter_card":"summary_large_image","twitter_misc":{"Geschatte leestijd":"5 minuten"},"schema":{"@context":"https:\/\/schema.org","@graph":[{"@type":"WebPage","@id":"https:\/\/festivita.be\/nl\/archieven\/programmatie-2023\/duo-lair-du-temps\/","url":"https:\/\/festivita.be\/nl\/archieven\/programmatie-2023\/duo-lair-du-temps\/","name":"Duo L'Air du Temps - FestiVita!","isPartOf":{"@id":"https:\/\/festivita.be\/nl\/#website"},"datePublished":"2022-07-26T08:55:28+00:00","dateModified":"2022-12-14T14:06:16+00:00","breadcrumb":{"@id":"https:\/\/festivita.be\/nl\/archieven\/programmatie-2023\/duo-lair-du-temps\/#breadcrumb"},"inLanguage":"nl-NL","potentialAction":[{"@type":"ReadAction","target":["https:\/\/festivita.be\/nl\/archieven\/programmatie-2023\/duo-lair-du-temps\/"]}]},{"@type":"BreadcrumbList","@id":"https:\/\/festivita.be\/nl\/archieven\/programmatie-2023\/duo-lair-du-temps\/#breadcrumb","itemListElement":[{"@type":"ListItem","position":1,"name":"Accueil","item":"https:\/\/festivita.be\/nl\/"},{"@type":"ListItem","position":2,"name":"ARCHIEVEN","item":"https:\/\/festivita.be\/nl\/archives\/"},{"@type":"ListItem","position":3,"name":"2023","item":"https:\/\/festivita.be\/nl\/archives\/programmation-2023\/"},{"@type":"ListItem","position":4,"name":"Duo L&#8217;Air du Temps"}]},{"@type":"WebSite","@id":"https:\/\/festivita.be\/nl\/#website","url":"https:\/\/festivita.be\/nl\/","name":"FestiVita!","description":"Brussels Early Music Festival","publisher":{"@id":"https:\/\/festivita.be\/nl\/#organization"},"potentialAction":[{"@type":"SearchAction","target":{"@type":"EntryPoint","urlTemplate":"https:\/\/festivita.be\/nl\/?s={search_term_string}"},"query-input":{"@type":"PropertyValueSpecification","valueRequired":true,"valueName":"search_term_string"}}],"inLanguage":"nl-NL"},{"@type":"Organization","@id":"https:\/\/festivita.be\/nl\/#organization","name":"Festivita","url":"https:\/\/festivita.be\/nl\/","logo":{"@type":"ImageObject","inLanguage":"nl-NL","@id":"https:\/\/festivita.be\/nl\/#\/schema\/logo\/image\/","url":"https:\/\/festivita.be\/wp-content\/uploads\/2020\/10\/festivita-2-logo.jpg","contentUrl":"https:\/\/festivita.be\/wp-content\/uploads\/2020\/10\/festivita-2-logo.jpg","width":887,"height":400,"caption":"Festivita"},"image":{"@id":"https:\/\/festivita.be\/nl\/#\/schema\/logo\/image\/"},"sameAs":["https:\/\/www.facebook.com\/FestiVita-Brussels-Early-Music-Festival-102508725164674\/about\/?ref=page_internal","https:\/\/www.instagram.com\/festivita_be\/","https:\/\/www.youtube.com\/channel\/UC_hlu4NfyE2QYXIYy-3EiVQ"]}]}},"_links":{"self":[{"href":"https:\/\/festivita.be\/nl\/wp-json\/wp\/v2\/pages\/35291","targetHints":{"allow":["GET"]}}],"collection":[{"href":"https:\/\/festivita.be\/nl\/wp-json\/wp\/v2\/pages"}],"about":[{"href":"https:\/\/festivita.be\/nl\/wp-json\/wp\/v2\/types\/page"}],"author":[{"embeddable":true,"href":"https:\/\/festivita.be\/nl\/wp-json\/wp\/v2\/users\/3"}],"replies":[{"embeddable":true,"href":"https:\/\/festivita.be\/nl\/wp-json\/wp\/v2\/comments?post=35291"}],"version-history":[{"count":4,"href":"https:\/\/festivita.be\/nl\/wp-json\/wp\/v2\/pages\/35291\/revisions"}],"predecessor-version":[{"id":36331,"href":"https:\/\/festivita.be\/nl\/wp-json\/wp\/v2\/pages\/35291\/revisions\/36331"}],"up":[{"embeddable":true,"href":"https:\/\/festivita.be\/nl\/wp-json\/wp\/v2\/pages\/34992"}],"wp:attachment":[{"href":"https:\/\/festivita.be\/nl\/wp-json\/wp\/v2\/media?parent=35291"}],"curies":[{"name":"wp","href":"https:\/\/api.w.org\/{rel}","templated":true}]}}