{"id":35828,"date":"2022-09-06T11:40:21","date_gmt":"2022-09-06T09:40:21","guid":{"rendered":"https:\/\/festivita.be\/?page_id=35828"},"modified":"2023-02-14T12:17:36","modified_gmt":"2023-02-14T11:17:36","slug":"premiere","status":"publish","type":"page","link":"https:\/\/festivita.be\/nl\/archieven\/programmatie-2023\/premiere\/","title":{"rendered":"Premi\u00e8re"},"content":{"rendered":"\n<h4 class=\"has-text-align-center wp-block-heading\" id=\"h-18-0214-00-17-30\">18\/02<br>14:00-17:30<\/h4>\n\n\n<p style=\"text-align: justify;\">Na een projectoproep, zullen vijf ensembles geselecteerd worden die ons een miniconcertje zullen geven voorzien van commentaar. Hierbij zullen ze de bevindingen van hun historisch onderzoek uit de doeken doen rond het thema van \u201cle Grand Tour&nbsp;europ\u00e9en\u00bb.<\/p>\n<p style=\"text-align: justify;\">Kom deze jonge talenten ontdekken, steunen en toejuichen, waarvan sommigen onder hen &nbsp;voor het eerst op een podium staan.<\/p>\n\n\n<h4 class=\"wp-block-heading\" id=\"h-14-00-14-30\">14:00-14:30<\/h4>\n\n\n\n<h5 class=\"wp-block-heading\"><strong>Prattica di musica<\/strong><br><em>Falsetti Rarissimi<\/em><\/h5>\n\n\n<div class=\"wp-block-image\">\n<figure class=\"aligncenter size-full is-resized\"><img loading=\"lazy\" decoding=\"async\" src=\"https:\/\/festivita.be\/wp-content\/uploads\/2023\/01\/Praticca-di-musica.jpg\" alt=\"\" class=\"wp-image-36642\" width=\"512\" height=\"384\"\/><\/figure><\/div>\n\n<p style=\"text-align: right;\">Andrea&nbsp; Gavagnin, falsetto<br>Justin Glaie, chitarrone, lirone et guitare<br>Vitor Barbero, orgue et clavecin<\/p>\n<p>V. Rovetto \u2013 <em>Gaudete omnes<br data-rich-text-line-break=\"true\"><\/em>G. Gabrieli \u2013 <em>canzon prima \u00ab La spiritata \u00bb<br data-rich-text-line-break=\"true\"><\/em>V. Rovetto \u2013 <em>Misera e come puote<br data-rich-text-line-break=\"true\"><\/em>B. Barbarino \u2013 <em>Io sprezzarvi ?<br data-rich-text-line-break=\"true\"><\/em>Giovanni Girolamo Kapsberger \u2013 <em>toccata \u00ab Arpeggiata \u00bb<br data-rich-text-line-break=\"true\"><\/em>G. L. Conforti \u2013 <em>Laudate pueri<br data-rich-text-line-break=\"true\"><\/em>G. Caccini \u2013 <em>Ardi cor mio<br data-rich-text-line-break=\"true\"><\/em>G. L. Conforti \u2013 <em>Amara vita \u00e8 quella degli amanti<\/em><\/p>\n\n\n<h4 class=\"wp-block-heading\" id=\"h-14-45-15-15\">14:45-15:15<\/h4>\n\n\n\n<h5 class=\"wp-block-heading\"><strong>Archipel consort<br><\/strong><em>Imitatione del francese<\/em><\/h5>\n\n\n<div class=\"wp-block-image\">\n<figure class=\"aligncenter size-full is-resized\"><img loading=\"lazy\" decoding=\"async\" src=\"https:\/\/festivita.be\/wp-content\/uploads\/2023\/01\/festivita-2023-premiere-archipel-consort-program.jpg\" alt=\"\" class=\"wp-image-36642\" width=\"512\" height=\"384\" srcset=\"https:\/\/festivita.be\/wp-content\/uploads\/2023\/01\/festivita-2023-premiere-archipel-consort-program.jpg 1024w, https:\/\/festivita.be\/wp-content\/uploads\/2023\/01\/festivita-2023-premiere-archipel-consort-program-300x225.jpg 300w, https:\/\/festivita.be\/wp-content\/uploads\/2023\/01\/festivita-2023-premiere-archipel-consort-program-768x576.jpg 768w\" sizes=\"auto, (max-width: 512px) 100vw, 512px\" \/><\/figure><\/div>\n\n<p style=\"text-align: right;\">Barbara H\u00fcnninger &amp; Cl\u00e9mence Schiltz, dessus &amp; basse de viole<br>Rebecca Lef\u00e8vre, t\u00e9nor &amp; basse de viole<\/p>\n<p>Eustache Du Caurroy<br>Claude Lejeune<br>Orazio Vecchi<br>Vincenzo Ruffo<br>Salomone Rossi<\/p>\n\n\n<h4 class=\"wp-block-heading\" id=\"h-15-30-16-00\">15:30-16:00<\/h4>\n\n\n\n<h5 class=\"wp-block-heading\" id=\"h-deltaphilippe-vermeulen-il-fiammingo-della-tiorba\"><strong>Delta<\/strong><br><em>Philippe Vermeulen, Il Fiammingo della Tiorba<\/em><\/h5>\n\n\n<div class=\"wp-block-image\">\n<figure class=\"aligncenter size-full is-resized\"><img loading=\"lazy\" decoding=\"async\" src=\"https:\/\/festivita.be\/wp-content\/uploads\/2023\/01\/festivita-2023-premiere-delta-program.jpg\" alt=\"\" class=\"wp-image-36644\" width=\"512\" height=\"384\" srcset=\"https:\/\/festivita.be\/wp-content\/uploads\/2023\/01\/festivita-2023-premiere-delta-program.jpg 1024w, https:\/\/festivita.be\/wp-content\/uploads\/2023\/01\/festivita-2023-premiere-delta-program-300x225.jpg 300w, https:\/\/festivita.be\/wp-content\/uploads\/2023\/01\/festivita-2023-premiere-delta-program-768x576.jpg 768w\" sizes=\"auto, (max-width: 512px) 100vw, 512px\" \/><\/figure><\/div>\n\n<p style=\"text-align: right;\">Anne-Sophie Eisel\u00e9, viole de gambe<br>Adriaan Lauwers, th\u00e9orbe, guitare baroque et chant<\/p>\n<div class=\"page\" title=\"Page 4\">\n<div class=\"layoutArea\">\n<p class=\"column\">Giovanni Girolamo Kapsperger \/ Adriaan Lauwers \u2013 <i>Toccata arpeggiata<br><\/i>Bellerofonte Castaldi \u2013 <i>Cecchina corrente<br><\/i>Giovanni Girolamo Kapsperger \u2013 <i>Capona \u2013 Canario<br><\/i>Giovanni Girolamo Kapsperger \u2013 <i>Felici gl\u2019animi<br><\/i>Giovanni Girolamo Kapsperger \u2013 <i>Preludio quinto<br><\/i>Adriaan Lauwers \u2013<i> Improvisatie toccata<br><\/i>Giovanni Girolamo Kapsperger \/ Adriaan Lauwers \u2013 <i>Colascione<br><\/i>Girolamo Frescobaldi \u2013 <i>Canzon quinta detta la Tromboncina<br><\/i>Domenico Pellegrini \u2013 <em>Ricercata del primo Tuono<\/em><br>Foscarini \/ Adriaan Lauwers \u2013 <i>Corrente con la sua variatione<br><\/i>Domenico Pellegrini \u2013 <i>Chiaccona in parte variate<br><\/i>Giovanni Girolamo Kapsperger \u2013 <i>Gia\u0300 risi del mio mal<\/i><\/p>\n<\/div>\n<\/div>\n\n\n<h4 class=\"wp-block-heading\" id=\"h-16-15-16-45\">16:15-16:45<\/h4>\n\n\n\n<h5 class=\"wp-block-heading\"><strong>Ayres Extemporae<br><\/strong><em>Une carte postale romaine \u00e0&nbsp;la fin du 17e<\/em><\/h5>\n\n\n<div class=\"wp-block-image\">\n<figure class=\"aligncenter size-full is-resized\"><img loading=\"lazy\" decoding=\"async\" src=\"https:\/\/festivita.be\/wp-content\/uploads\/2023\/01\/festivita-2023-premiere-ayres-extemporae-program.jpg\" alt=\"\" class=\"wp-image-36649\" width=\"512\" height=\"384\" srcset=\"https:\/\/festivita.be\/wp-content\/uploads\/2023\/01\/festivita-2023-premiere-ayres-extemporae-program.jpg 1024w, https:\/\/festivita.be\/wp-content\/uploads\/2023\/01\/festivita-2023-premiere-ayres-extemporae-program-300x225.jpg 300w, https:\/\/festivita.be\/wp-content\/uploads\/2023\/01\/festivita-2023-premiere-ayres-extemporae-program-768x576.jpg 768w\" sizes=\"auto, (max-width: 512px) 100vw, 512px\" \/><\/figure><\/div>\n\n<p style=\"text-align: right;\">Xenia Gogu, violon<br data-rich-text-line-break=\"true\">V\u00edctor Garc\u00eda, violoncelle \u00e0 5 cordes<br>Teresa Madeira, violoncelle<\/p>\n<p>Alessandro Stradella \u2013 <em>Sinfonia n.5 en la mineur pour deux violons et basse continue<br data-rich-text-line-break=\"true\"><\/em>Giovanni Bononcini \u2013 <em>Sinfonia per violoncello en sol mineur<br data-rich-text-line-break=\"true\"><\/em>Giovanni Bononcini \u2013 <em>air &#8220;Chi serva la belta&#8221; de l&#8217;oratorio &#8220;La Maddalena a&#8217;piedi di Cristo&#8221;<br data-rich-text-line-break=\"true\"><\/em>Arcangelo Corelli \u2013 <em>Sonate&nbsp;pour violon Op.5, n.10 en fa majeur<\/em><\/p>\n\n\n<h4 class=\"wp-block-heading\" id=\"h-17-00-17-30\">17:00-17:30<\/h4>\n\n\n\n<h5 class=\"wp-block-heading\" id=\"h-la-voix-de-l-meplaisirs-d-amour-histoires-d-amour-et-de-chagrin\"><strong>La Voix de L\u2019\u00c2me<br><\/strong><em>Plaisirs d\u2019Amour :&nbsp;Histoires d\u2019Amour et de Chagrin<\/em><\/h5>\n\n\n<div class=\"wp-block-image\">\n<figure class=\"aligncenter size-full is-resized\"><img loading=\"lazy\" decoding=\"async\" src=\"https:\/\/festivita.be\/wp-content\/uploads\/2023\/01\/festivita-2023-premiere-la-voix-de-l-ame-program.jpg\" alt=\"\" class=\"wp-image-36651\" width=\"512\" height=\"384\" srcset=\"https:\/\/festivita.be\/wp-content\/uploads\/2023\/01\/festivita-2023-premiere-la-voix-de-l-ame-program.jpg 1024w, https:\/\/festivita.be\/wp-content\/uploads\/2023\/01\/festivita-2023-premiere-la-voix-de-l-ame-program-300x225.jpg 300w, https:\/\/festivita.be\/wp-content\/uploads\/2023\/01\/festivita-2023-premiere-la-voix-de-l-ame-program-768x576.jpg 768w\" sizes=\"auto, (max-width: 512px) 100vw, 512px\" \/><\/figure><\/div>\n\n<p style=\"text-align: right;\">Bianca Alves, chant<br>Vasco Pereira, pianoforte<\/p>\n<p>Giuseppe Giordani \u2013 <em>Arietta \u201cCaro Mio Ben\u201d<\/em><br>Jean-Paul-\u00c9gide Martini \u2013 <em>Romance \u201cPlaisir d\u2019Amour\u201d<\/em><br>Wolfgang Amadeus Mozart \u2013 <em>\u201cDas Veilchen\u201d, K.476<\/em><br>Wolfgang Amadeus Mozart \u2013 <em>\u201cFantasia\u201d,&nbsp;K.397<\/em><br>Joseph Haydn \u2013 <em>\u201cShe never told her love\u201d, Hob.XXVIa:34<\/em><br>Jos\u00e9 Francisco Leal \u2013 <em>\u201cEsta noite, oh C\u00e9os que dita\u201d<\/em><br>Martin Pierre D\u2019Alvimare \u2013 <em>Romance \u201cMon Coeur Soupire\u201d<\/em><\/p>","protected":false},"excerpt":{"rendered":"<p>18\/0214:00-17:30 Na een projectoproep, zullen vijf ensembles geselecteerd worden die ons een miniconcertje zullen geven voorzien van commentaar. Hierbij zullen ze de bevindingen van hun historisch onderzoek uit de doeken doen rond het thema van \u201cle Grand Tour&nbsp;europ\u00e9en\u00bb. Kom deze jonge talenten ontdekken, steunen en toejuichen, waarvan sommigen onder hen &nbsp;voor het eerst op een [&hellip;]<\/p>\n","protected":false},"author":3,"featured_media":0,"parent":34992,"menu_order":5,"comment_status":"closed","ping_status":"closed","template":"","meta":{"_acf_changed":false,"_themeisle_gutenberg_block_has_review":false,"footnotes":""},"class_list":["post-35828","page","type-page","status-publish","hentry"],"acf":[],"yoast_head":"<!-- This site is optimized with the Yoast SEO plugin v27.2 - https:\/\/yoast.com\/product\/yoast-seo-wordpress\/ -->\n<title>Premi\u00e8re - FestiVita!<\/title>\n<meta name=\"robots\" content=\"index, follow, max-snippet:-1, max-image-preview:large, max-video-preview:-1\" \/>\n<link rel=\"canonical\" href=\"https:\/\/festivita.be\/nl\/archieven\/programmatie-2023\/premiere\/\" \/>\n<meta property=\"og:locale\" content=\"nl_NL\" \/>\n<meta property=\"og:type\" content=\"article\" \/>\n<meta property=\"og:title\" content=\"Premi\u00e8re - FestiVita!\" \/>\n<meta property=\"og:description\" content=\"18\/0214:00-17:30 Na een projectoproep, zullen vijf ensembles geselecteerd worden die ons een miniconcertje zullen geven voorzien van commentaar. Hierbij zullen ze de bevindingen van hun historisch onderzoek uit de doeken doen rond het thema van \u201cle Grand Tour&nbsp;europ\u00e9en\u00bb. Kom deze jonge talenten ontdekken, steunen en toejuichen, waarvan sommigen onder hen &nbsp;voor het eerst op een [&hellip;]\" \/>\n<meta property=\"og:url\" content=\"https:\/\/festivita.be\/nl\/archieven\/programmatie-2023\/premiere\/\" \/>\n<meta property=\"og:site_name\" content=\"FestiVita!\" \/>\n<meta property=\"article:publisher\" content=\"https:\/\/www.facebook.com\/FestiVita-Brussels-Early-Music-Festival-102508725164674\/about\/?ref=page_internal\" \/>\n<meta property=\"article:modified_time\" content=\"2023-02-14T11:17:36+00:00\" \/>\n<meta property=\"og:image\" content=\"https:\/\/festivita.be\/wp-content\/uploads\/2023\/01\/Praticca-di-musica.jpg\" \/>\n<meta name=\"twitter:card\" content=\"summary_large_image\" \/>\n<meta name=\"twitter:label1\" content=\"Geschatte leestijd\" \/>\n\t<meta name=\"twitter:data1\" content=\"3 minuten\" \/>\n<script type=\"application\/ld+json\" class=\"yoast-schema-graph\">{\"@context\":\"https:\/\/schema.org\",\"@graph\":[{\"@type\":\"WebPage\",\"@id\":\"https:\/\/festivita.be\/nl\/archieven\/programmatie-2023\/premiere\/\",\"url\":\"https:\/\/festivita.be\/nl\/archieven\/programmatie-2023\/premiere\/\",\"name\":\"Premi\u00e8re - FestiVita!\",\"isPartOf\":{\"@id\":\"https:\/\/festivita.be\/nl\/#website\"},\"primaryImageOfPage\":{\"@id\":\"https:\/\/festivita.be\/nl\/archieven\/programmatie-2023\/premiere\/#primaryimage\"},\"image\":{\"@id\":\"https:\/\/festivita.be\/nl\/archieven\/programmatie-2023\/premiere\/#primaryimage\"},\"thumbnailUrl\":\"https:\/\/festivita.be\/wp-content\/uploads\/2023\/01\/Praticca-di-musica.jpg\",\"datePublished\":\"2022-09-06T09:40:21+00:00\",\"dateModified\":\"2023-02-14T11:17:36+00:00\",\"breadcrumb\":{\"@id\":\"https:\/\/festivita.be\/nl\/archieven\/programmatie-2023\/premiere\/#breadcrumb\"},\"inLanguage\":\"nl-NL\",\"potentialAction\":[{\"@type\":\"ReadAction\",\"target\":[\"https:\/\/festivita.be\/nl\/archieven\/programmatie-2023\/premiere\/\"]}]},{\"@type\":\"ImageObject\",\"inLanguage\":\"nl-NL\",\"@id\":\"https:\/\/festivita.be\/nl\/archieven\/programmatie-2023\/premiere\/#primaryimage\",\"url\":\"https:\/\/festivita.be\/wp-content\/uploads\/2023\/01\/Praticca-di-musica.jpg\",\"contentUrl\":\"https:\/\/festivita.be\/wp-content\/uploads\/2023\/01\/Praticca-di-musica.jpg\"},{\"@type\":\"BreadcrumbList\",\"@id\":\"https:\/\/festivita.be\/nl\/archieven\/programmatie-2023\/premiere\/#breadcrumb\",\"itemListElement\":[{\"@type\":\"ListItem\",\"position\":1,\"name\":\"Accueil\",\"item\":\"https:\/\/festivita.be\/nl\/\"},{\"@type\":\"ListItem\",\"position\":2,\"name\":\"ARCHIEVEN\",\"item\":\"https:\/\/festivita.be\/nl\/archives\/\"},{\"@type\":\"ListItem\",\"position\":3,\"name\":\"2023\",\"item\":\"https:\/\/festivita.be\/nl\/archives\/programmation-2023\/\"},{\"@type\":\"ListItem\",\"position\":4,\"name\":\"Premi\u00e8re\"}]},{\"@type\":\"WebSite\",\"@id\":\"https:\/\/festivita.be\/nl\/#website\",\"url\":\"https:\/\/festivita.be\/nl\/\",\"name\":\"FestiVita!\",\"description\":\"Brussels Early Music Festival\",\"publisher\":{\"@id\":\"https:\/\/festivita.be\/nl\/#organization\"},\"potentialAction\":[{\"@type\":\"SearchAction\",\"target\":{\"@type\":\"EntryPoint\",\"urlTemplate\":\"https:\/\/festivita.be\/nl\/?s={search_term_string}\"},\"query-input\":{\"@type\":\"PropertyValueSpecification\",\"valueRequired\":true,\"valueName\":\"search_term_string\"}}],\"inLanguage\":\"nl-NL\"},{\"@type\":\"Organization\",\"@id\":\"https:\/\/festivita.be\/nl\/#organization\",\"name\":\"Festivita\",\"url\":\"https:\/\/festivita.be\/nl\/\",\"logo\":{\"@type\":\"ImageObject\",\"inLanguage\":\"nl-NL\",\"@id\":\"https:\/\/festivita.be\/nl\/#\/schema\/logo\/image\/\",\"url\":\"https:\/\/festivita.be\/wp-content\/uploads\/2020\/10\/festivita-2-logo.jpg\",\"contentUrl\":\"https:\/\/festivita.be\/wp-content\/uploads\/2020\/10\/festivita-2-logo.jpg\",\"width\":887,\"height\":400,\"caption\":\"Festivita\"},\"image\":{\"@id\":\"https:\/\/festivita.be\/nl\/#\/schema\/logo\/image\/\"},\"sameAs\":[\"https:\/\/www.facebook.com\/FestiVita-Brussels-Early-Music-Festival-102508725164674\/about\/?ref=page_internal\",\"https:\/\/www.instagram.com\/festivita_be\/\",\"https:\/\/www.youtube.com\/channel\/UC_hlu4NfyE2QYXIYy-3EiVQ\"]}]}<\/script>\n<!-- \/ Yoast SEO plugin. -->","yoast_head_json":{"title":"Premi\u00e8re - FestiVita!","robots":{"index":"index","follow":"follow","max-snippet":"max-snippet:-1","max-image-preview":"max-image-preview:large","max-video-preview":"max-video-preview:-1"},"canonical":"https:\/\/festivita.be\/nl\/archieven\/programmatie-2023\/premiere\/","og_locale":"nl_NL","og_type":"article","og_title":"Premi\u00e8re - FestiVita!","og_description":"18\/0214:00-17:30 Na een projectoproep, zullen vijf ensembles geselecteerd worden die ons een miniconcertje zullen geven voorzien van commentaar. Hierbij zullen ze de bevindingen van hun historisch onderzoek uit de doeken doen rond het thema van \u201cle Grand Tour&nbsp;europ\u00e9en\u00bb. Kom deze jonge talenten ontdekken, steunen en toejuichen, waarvan sommigen onder hen &nbsp;voor het eerst op een [&hellip;]","og_url":"https:\/\/festivita.be\/nl\/archieven\/programmatie-2023\/premiere\/","og_site_name":"FestiVita!","article_publisher":"https:\/\/www.facebook.com\/FestiVita-Brussels-Early-Music-Festival-102508725164674\/about\/?ref=page_internal","article_modified_time":"2023-02-14T11:17:36+00:00","og_image":[{"url":"https:\/\/festivita.be\/wp-content\/uploads\/2023\/01\/Praticca-di-musica.jpg","type":"","width":"","height":""}],"twitter_card":"summary_large_image","twitter_misc":{"Geschatte leestijd":"3 minuten"},"schema":{"@context":"https:\/\/schema.org","@graph":[{"@type":"WebPage","@id":"https:\/\/festivita.be\/nl\/archieven\/programmatie-2023\/premiere\/","url":"https:\/\/festivita.be\/nl\/archieven\/programmatie-2023\/premiere\/","name":"Premi\u00e8re - FestiVita!","isPartOf":{"@id":"https:\/\/festivita.be\/nl\/#website"},"primaryImageOfPage":{"@id":"https:\/\/festivita.be\/nl\/archieven\/programmatie-2023\/premiere\/#primaryimage"},"image":{"@id":"https:\/\/festivita.be\/nl\/archieven\/programmatie-2023\/premiere\/#primaryimage"},"thumbnailUrl":"https:\/\/festivita.be\/wp-content\/uploads\/2023\/01\/Praticca-di-musica.jpg","datePublished":"2022-09-06T09:40:21+00:00","dateModified":"2023-02-14T11:17:36+00:00","breadcrumb":{"@id":"https:\/\/festivita.be\/nl\/archieven\/programmatie-2023\/premiere\/#breadcrumb"},"inLanguage":"nl-NL","potentialAction":[{"@type":"ReadAction","target":["https:\/\/festivita.be\/nl\/archieven\/programmatie-2023\/premiere\/"]}]},{"@type":"ImageObject","inLanguage":"nl-NL","@id":"https:\/\/festivita.be\/nl\/archieven\/programmatie-2023\/premiere\/#primaryimage","url":"https:\/\/festivita.be\/wp-content\/uploads\/2023\/01\/Praticca-di-musica.jpg","contentUrl":"https:\/\/festivita.be\/wp-content\/uploads\/2023\/01\/Praticca-di-musica.jpg"},{"@type":"BreadcrumbList","@id":"https:\/\/festivita.be\/nl\/archieven\/programmatie-2023\/premiere\/#breadcrumb","itemListElement":[{"@type":"ListItem","position":1,"name":"Accueil","item":"https:\/\/festivita.be\/nl\/"},{"@type":"ListItem","position":2,"name":"ARCHIEVEN","item":"https:\/\/festivita.be\/nl\/archives\/"},{"@type":"ListItem","position":3,"name":"2023","item":"https:\/\/festivita.be\/nl\/archives\/programmation-2023\/"},{"@type":"ListItem","position":4,"name":"Premi\u00e8re"}]},{"@type":"WebSite","@id":"https:\/\/festivita.be\/nl\/#website","url":"https:\/\/festivita.be\/nl\/","name":"FestiVita!","description":"Brussels Early Music Festival","publisher":{"@id":"https:\/\/festivita.be\/nl\/#organization"},"potentialAction":[{"@type":"SearchAction","target":{"@type":"EntryPoint","urlTemplate":"https:\/\/festivita.be\/nl\/?s={search_term_string}"},"query-input":{"@type":"PropertyValueSpecification","valueRequired":true,"valueName":"search_term_string"}}],"inLanguage":"nl-NL"},{"@type":"Organization","@id":"https:\/\/festivita.be\/nl\/#organization","name":"Festivita","url":"https:\/\/festivita.be\/nl\/","logo":{"@type":"ImageObject","inLanguage":"nl-NL","@id":"https:\/\/festivita.be\/nl\/#\/schema\/logo\/image\/","url":"https:\/\/festivita.be\/wp-content\/uploads\/2020\/10\/festivita-2-logo.jpg","contentUrl":"https:\/\/festivita.be\/wp-content\/uploads\/2020\/10\/festivita-2-logo.jpg","width":887,"height":400,"caption":"Festivita"},"image":{"@id":"https:\/\/festivita.be\/nl\/#\/schema\/logo\/image\/"},"sameAs":["https:\/\/www.facebook.com\/FestiVita-Brussels-Early-Music-Festival-102508725164674\/about\/?ref=page_internal","https:\/\/www.instagram.com\/festivita_be\/","https:\/\/www.youtube.com\/channel\/UC_hlu4NfyE2QYXIYy-3EiVQ"]}]}},"_links":{"self":[{"href":"https:\/\/festivita.be\/nl\/wp-json\/wp\/v2\/pages\/35828","targetHints":{"allow":["GET"]}}],"collection":[{"href":"https:\/\/festivita.be\/nl\/wp-json\/wp\/v2\/pages"}],"about":[{"href":"https:\/\/festivita.be\/nl\/wp-json\/wp\/v2\/types\/page"}],"author":[{"embeddable":true,"href":"https:\/\/festivita.be\/nl\/wp-json\/wp\/v2\/users\/3"}],"replies":[{"embeddable":true,"href":"https:\/\/festivita.be\/nl\/wp-json\/wp\/v2\/comments?post=35828"}],"version-history":[{"count":22,"href":"https:\/\/festivita.be\/nl\/wp-json\/wp\/v2\/pages\/35828\/revisions"}],"predecessor-version":[{"id":36926,"href":"https:\/\/festivita.be\/nl\/wp-json\/wp\/v2\/pages\/35828\/revisions\/36926"}],"up":[{"embeddable":true,"href":"https:\/\/festivita.be\/nl\/wp-json\/wp\/v2\/pages\/34992"}],"wp:attachment":[{"href":"https:\/\/festivita.be\/nl\/wp-json\/wp\/v2\/media?parent=35828"}],"curies":[{"name":"wp","href":"https:\/\/api.w.org\/{rel}","templated":true}]}}