{"id":37803,"date":"2023-04-06T10:44:30","date_gmt":"2023-04-06T08:44:30","guid":{"rendered":"https:\/\/festivita.be\/herinneringen-van-festivita\/fv23medias\/pers\/"},"modified":"2023-04-06T10:51:09","modified_gmt":"2023-04-06T08:51:09","slug":"fv23pers","status":"publish","type":"page","link":"https:\/\/festivita.be\/nl\/festivita24\/fv23medias\/fv23pers\/","title":{"rendered":"Pers"},"content":{"rendered":"\n<p><strong>RADIO \/ TELEVISIE<\/strong><\/p>\n\n<p>18\/02\/2023 @Vivacit\u00e9 \/ \u00ab Viva week-end \u00bb \u2013 Sylvie Honor\u00e9 : <a href=\"https:\/\/auvio.rtbf.be\/media\/viva-week-end-viva-week-end-3000510\">Interview met Fr\u00e9d\u00e9rick Haas (Ausonia)<\/a> (van 02:17:04)<\/p>\n\n<p>15\/02\/23 @RTBF \/ JT \u2013 Nathalie Maleux \/ Eric Boever : <a href=\"https:\/\/youtu.be\/tgavPYl2Vn0\">Reportage over schoolbemiddeling<\/a><\/p>\n\n<p>14\/02\/2023 @MUSIQ3 \/ \u00ab Chambre avec vue \u00bb \u2013 Camille De Rijck : <a href=\"https:\/\/auvio.rtbf.be\/media\/chambre-avec-vue-chambre-avec-vue-mira-goldeanu-violoniste-et-michel-keustermans-chef-densemble-pour-le-festival-festivita-2998885\">Interview met Michel Keustermans en Mira Glodeanu<\/a><\/p>\n\n<p>9\/2\/23 @TVCom \/ JT 18h :<a href=\"https:\/\/www.tvcom.be\/video\/info\/michel-keustermans-directeur-artistique-festival-festivita_31840.html\">Michel Keustermans met Caroline Leboute<\/a><\/p>\n\n<p>11\/01\/2023 @TVCom \/ Pause Culture : <a href=\"https:\/\/www.tvcom.be\/video\/info\/pause-culture-michel-keustermans-catherine-thiry_31667.html\">Pause Culture &#8211; Michel Keustermans &#8211; Catherine Thiry<\/a><\/p>\n\n<p><strong>PERS<\/strong><\/p>\n\n<p>19\/02\/2023 @La Libre \u2013 Martine Mergeay : <a href=\"https:\/\/www.lalibre.be\/culture\/2023\/02\/19\/attraper-le-chaland-a-cornet-et-a-cri-3GQDQEAVNZF4LNHUBC2WWMZL3I\/\">Attraper le chaland, \u00e0 cornet et \u00e0 cri<\/a><\/p>\n\n<p>16\/02\/2023 @RTBF \u2013 Vincent Jos\u00e9phy : <a href=\"https:\/\/www.rtbf.be\/article\/les-activites-du-week-end-du-17-au-19-fevrier-en-wallonie-et-a-bruxelles-11153771\">Les activit\u00e9s du week-end du 17 au 19 f\u00e9vrier en Wallonie et \u00e0 Bruxelles<\/a><\/p>\n\n<p>16\/02\/2023 @BRUZZ : <a href=\"https:\/\/www.bruzz.be\/videoreeks\/donderdag-16-februari-2023\/video-muziek-van-middeleeuwen-tot-barok-op-festivita-festival\">Muziek van middeleeuwen tot barok op FestiVita!-festival<\/a><\/p>\n\n<p>15\/02\/2023 @Het Nieuwsblad : <a href=\"https:\/\/www.nieuwsblad.be\/cnt\/dmf20230215_93559382\">Festival in Warandepark brengt oude muziek<\/a><\/p>\n\n<p>15\/02\/2023 @Sudinfo : <a href=\"https:\/\/www.sudinfo.be\/id618536\/article\/2023-02-15\/le-festival-de-musique-ancienne-festivita-bruxelles-du-16-au-19-fevrier\">Le festival de musique ancienne FestiVita! \u00e0 Bruxelles du 16 au 19 f\u00e9vrier<\/a><\/p>\n\n<p>15\/02\/2023 @The Brussels Times : <a href=\"https:\/\/www.brusselstimes.com\/belgium\/372448\/festivita-brings-music-from-the-middle-ages-to-brussels\">FestiVita! brings music from the Middle Ages to Brussels<\/a><strong><\/strong><\/p>\n\n<p>09\/02\/2023 @The Bulletin : <a href=\"https:\/\/www.thebulletin.be\/whats-week-10-16-february-0\">What\u2019s on this week: 10-16 February<\/a><\/p>\n\n<p>09\/02\/2023 @L\u2019Echo \u2013 St\u00e9phane Renard : <a href=\"https:\/\/www.lecho.be\/culture\/musique\/festivita-celebre-la-musique-baroque-au-cercle-gaulois\/10445914.html\">FestiVita! c\u00e9l\u00e8bre la musique baroque au Cercle gaulois<\/a><\/p>\n\n<p>08\/02\/2023 @HLN : <a href=\"https:\/\/www.hln.be\/brussel\/cercle-royal-gaulois-vormt-decor-voor-middeleeuws-muziekfestival~ab66a87b\/\">\u2018Cercle Royal Gaulois&#8217; vormt decor voor middeleeuws muziekfestival<\/a><strong><\/strong><\/p>\n\n<p>03\/02\/2024 @RTBF \u2013 Eric Boever : <a href=\"https:\/\/www.rtbf.be\/article\/quand-la-musique-baroque-sinvite-dans-une-ecole-de-molenbeek-11147308\">Quand la musique baroque s\u2019invite dans une \u00e9cole de Molenbeek<\/a><\/p>\n\n<p>22\/12\/2022 @brusselsinside : <a href=\"https:\/\/www.insidebrussels.be\/V2\/%C3%A9v%C3%A8nement\/festivita-2023-au-cercle-royal-gaulois-a-bruxelles\/\">FestiVita! 2023 au Cercle Royal Gaulois \u00e0 Bruxelles<\/a><\/p>\n\n<p>19\/12\/2022 @Frontview Magazine : <a href=\"https:\/\/www.frontview-magazine.be\/nl\/nieuws\/festivita-2023-ontdek-de-magie-van-oude-muziek\">FestiVita! 2023: Ontdek de magie van oude muziek<\/a><\/p>\n\n<p>16\/12\/2022 @Musiczine : <a href=\"https:\/\/www.musiczine.net\/nl\/news\/item\/88665-festivita-2023-ontdek-de-magie-van-oude-muziek-van-16-tot-19-februari-2023.html\">FestiVita! 2023: ontdek de magie van oude muziek van 16 tot 19 februari 2023<\/a><\/p>\n","protected":false},"excerpt":{"rendered":"<p>RADIO \/ TELEVISIE 18\/02\/2023 @Vivacit\u00e9 \/ \u00ab Viva week-end \u00bb \u2013 Sylvie Honor\u00e9 : Interview met Fr\u00e9d\u00e9rick Haas (Ausonia) (van 02:17:04) 15\/02\/23 @RTBF \/ JT \u2013 Nathalie Maleux \/ Eric Boever : Reportage over schoolbemiddeling 14\/02\/2023 @MUSIQ3 \/ \u00ab Chambre avec vue \u00bb \u2013 Camille De Rijck : Interview met Michel Keustermans en Mira Glodeanu [&hellip;]<\/p>\n","protected":false},"author":3,"featured_media":0,"parent":37686,"menu_order":1,"comment_status":"closed","ping_status":"closed","template":"","meta":{"_acf_changed":false,"_themeisle_gutenberg_block_has_review":false,"footnotes":""},"class_list":["post-37803","page","type-page","status-publish","hentry"],"acf":[],"yoast_head":"<!-- This site is optimized with the Yoast SEO plugin v27.2 - https:\/\/yoast.com\/product\/yoast-seo-wordpress\/ -->\n<title>Pers - FestiVita!<\/title>\n<meta name=\"robots\" content=\"index, follow, max-snippet:-1, max-image-preview:large, max-video-preview:-1\" \/>\n<link rel=\"canonical\" href=\"https:\/\/festivita.be\/nl\/festivita24\/fv23medias\/fv23pers\/\" \/>\n<meta property=\"og:locale\" content=\"nl_NL\" \/>\n<meta property=\"og:type\" content=\"article\" \/>\n<meta property=\"og:title\" content=\"Pers - FestiVita!\" \/>\n<meta property=\"og:description\" content=\"RADIO \/ TELEVISIE 18\/02\/2023 @Vivacit\u00e9 \/ \u00ab Viva week-end \u00bb \u2013 Sylvie Honor\u00e9 : Interview met Fr\u00e9d\u00e9rick Haas (Ausonia) (van 02:17:04) 15\/02\/23 @RTBF \/ JT \u2013 Nathalie Maleux \/ Eric Boever : Reportage over schoolbemiddeling 14\/02\/2023 @MUSIQ3 \/ \u00ab Chambre avec vue \u00bb \u2013 Camille De Rijck : Interview met Michel Keustermans en Mira Glodeanu [&hellip;]\" \/>\n<meta property=\"og:url\" content=\"https:\/\/festivita.be\/nl\/festivita24\/fv23medias\/fv23pers\/\" \/>\n<meta property=\"og:site_name\" content=\"FestiVita!\" \/>\n<meta property=\"article:publisher\" content=\"https:\/\/www.facebook.com\/FestiVita-Brussels-Early-Music-Festival-102508725164674\/about\/?ref=page_internal\" \/>\n<meta property=\"article:modified_time\" content=\"2023-04-06T08:51:09+00:00\" \/>\n<meta property=\"og:image\" content=\"https:\/\/festivita.be\/wp-content\/uploads\/2020\/10\/festivita-2-logo.jpg\" \/>\n\t<meta property=\"og:image:width\" content=\"887\" \/>\n\t<meta property=\"og:image:height\" content=\"400\" \/>\n\t<meta property=\"og:image:type\" content=\"image\/jpeg\" \/>\n<meta name=\"twitter:card\" content=\"summary_large_image\" \/>\n<meta name=\"twitter:label1\" content=\"Geschatte leestijd\" \/>\n\t<meta name=\"twitter:data1\" content=\"1 minuut\" \/>\n<script type=\"application\/ld+json\" class=\"yoast-schema-graph\">{\"@context\":\"https:\/\/schema.org\",\"@graph\":[{\"@type\":\"WebPage\",\"@id\":\"https:\/\/festivita.be\/nl\/festivita24\/fv23medias\/fv23pers\/\",\"url\":\"https:\/\/festivita.be\/nl\/festivita24\/fv23medias\/fv23pers\/\",\"name\":\"Pers - FestiVita!\",\"isPartOf\":{\"@id\":\"https:\/\/festivita.be\/nl\/#website\"},\"datePublished\":\"2023-04-06T08:44:30+00:00\",\"dateModified\":\"2023-04-06T08:51:09+00:00\",\"breadcrumb\":{\"@id\":\"https:\/\/festivita.be\/nl\/festivita24\/fv23medias\/fv23pers\/#breadcrumb\"},\"inLanguage\":\"nl-NL\",\"potentialAction\":[{\"@type\":\"ReadAction\",\"target\":[\"https:\/\/festivita.be\/nl\/festivita24\/fv23medias\/fv23pers\/\"]}]},{\"@type\":\"BreadcrumbList\",\"@id\":\"https:\/\/festivita.be\/nl\/festivita24\/fv23medias\/fv23pers\/#breadcrumb\",\"itemListElement\":[{\"@type\":\"ListItem\",\"position\":1,\"name\":\"Accueil\",\"item\":\"https:\/\/festivita.be\/nl\/\"},{\"@type\":\"ListItem\",\"position\":2,\"name\":\"FESTIVITA! 2024\",\"item\":\"https:\/\/festivita.be\/nl\/festivita24\/\"},{\"@type\":\"ListItem\",\"position\":3,\"name\":\"2023\",\"item\":\"https:\/\/festivita.be\/nl\/festivita24\/fv23medias\/\"},{\"@type\":\"ListItem\",\"position\":4,\"name\":\"Pers\"}]},{\"@type\":\"WebSite\",\"@id\":\"https:\/\/festivita.be\/nl\/#website\",\"url\":\"https:\/\/festivita.be\/nl\/\",\"name\":\"FestiVita!\",\"description\":\"Brussels Early Music Festival\",\"publisher\":{\"@id\":\"https:\/\/festivita.be\/nl\/#organization\"},\"potentialAction\":[{\"@type\":\"SearchAction\",\"target\":{\"@type\":\"EntryPoint\",\"urlTemplate\":\"https:\/\/festivita.be\/nl\/?s={search_term_string}\"},\"query-input\":{\"@type\":\"PropertyValueSpecification\",\"valueRequired\":true,\"valueName\":\"search_term_string\"}}],\"inLanguage\":\"nl-NL\"},{\"@type\":\"Organization\",\"@id\":\"https:\/\/festivita.be\/nl\/#organization\",\"name\":\"Festivita\",\"url\":\"https:\/\/festivita.be\/nl\/\",\"logo\":{\"@type\":\"ImageObject\",\"inLanguage\":\"nl-NL\",\"@id\":\"https:\/\/festivita.be\/nl\/#\/schema\/logo\/image\/\",\"url\":\"https:\/\/festivita.be\/wp-content\/uploads\/2020\/10\/festivita-2-logo.jpg\",\"contentUrl\":\"https:\/\/festivita.be\/wp-content\/uploads\/2020\/10\/festivita-2-logo.jpg\",\"width\":887,\"height\":400,\"caption\":\"Festivita\"},\"image\":{\"@id\":\"https:\/\/festivita.be\/nl\/#\/schema\/logo\/image\/\"},\"sameAs\":[\"https:\/\/www.facebook.com\/FestiVita-Brussels-Early-Music-Festival-102508725164674\/about\/?ref=page_internal\",\"https:\/\/www.instagram.com\/festivita_be\/\",\"https:\/\/www.youtube.com\/channel\/UC_hlu4NfyE2QYXIYy-3EiVQ\"]}]}<\/script>\n<!-- \/ Yoast SEO plugin. -->","yoast_head_json":{"title":"Pers - FestiVita!","robots":{"index":"index","follow":"follow","max-snippet":"max-snippet:-1","max-image-preview":"max-image-preview:large","max-video-preview":"max-video-preview:-1"},"canonical":"https:\/\/festivita.be\/nl\/festivita24\/fv23medias\/fv23pers\/","og_locale":"nl_NL","og_type":"article","og_title":"Pers - FestiVita!","og_description":"RADIO \/ TELEVISIE 18\/02\/2023 @Vivacit\u00e9 \/ \u00ab Viva week-end \u00bb \u2013 Sylvie Honor\u00e9 : Interview met Fr\u00e9d\u00e9rick Haas (Ausonia) (van 02:17:04) 15\/02\/23 @RTBF \/ JT \u2013 Nathalie Maleux \/ Eric Boever : Reportage over schoolbemiddeling 14\/02\/2023 @MUSIQ3 \/ \u00ab Chambre avec vue \u00bb \u2013 Camille De Rijck : Interview met Michel Keustermans en Mira Glodeanu [&hellip;]","og_url":"https:\/\/festivita.be\/nl\/festivita24\/fv23medias\/fv23pers\/","og_site_name":"FestiVita!","article_publisher":"https:\/\/www.facebook.com\/FestiVita-Brussels-Early-Music-Festival-102508725164674\/about\/?ref=page_internal","article_modified_time":"2023-04-06T08:51:09+00:00","og_image":[{"width":887,"height":400,"url":"https:\/\/festivita.be\/wp-content\/uploads\/2020\/10\/festivita-2-logo.jpg","type":"image\/jpeg"}],"twitter_card":"summary_large_image","twitter_misc":{"Geschatte leestijd":"1 minuut"},"schema":{"@context":"https:\/\/schema.org","@graph":[{"@type":"WebPage","@id":"https:\/\/festivita.be\/nl\/festivita24\/fv23medias\/fv23pers\/","url":"https:\/\/festivita.be\/nl\/festivita24\/fv23medias\/fv23pers\/","name":"Pers - FestiVita!","isPartOf":{"@id":"https:\/\/festivita.be\/nl\/#website"},"datePublished":"2023-04-06T08:44:30+00:00","dateModified":"2023-04-06T08:51:09+00:00","breadcrumb":{"@id":"https:\/\/festivita.be\/nl\/festivita24\/fv23medias\/fv23pers\/#breadcrumb"},"inLanguage":"nl-NL","potentialAction":[{"@type":"ReadAction","target":["https:\/\/festivita.be\/nl\/festivita24\/fv23medias\/fv23pers\/"]}]},{"@type":"BreadcrumbList","@id":"https:\/\/festivita.be\/nl\/festivita24\/fv23medias\/fv23pers\/#breadcrumb","itemListElement":[{"@type":"ListItem","position":1,"name":"Accueil","item":"https:\/\/festivita.be\/nl\/"},{"@type":"ListItem","position":2,"name":"FESTIVITA! 2024","item":"https:\/\/festivita.be\/nl\/festivita24\/"},{"@type":"ListItem","position":3,"name":"2023","item":"https:\/\/festivita.be\/nl\/festivita24\/fv23medias\/"},{"@type":"ListItem","position":4,"name":"Pers"}]},{"@type":"WebSite","@id":"https:\/\/festivita.be\/nl\/#website","url":"https:\/\/festivita.be\/nl\/","name":"FestiVita!","description":"Brussels Early Music Festival","publisher":{"@id":"https:\/\/festivita.be\/nl\/#organization"},"potentialAction":[{"@type":"SearchAction","target":{"@type":"EntryPoint","urlTemplate":"https:\/\/festivita.be\/nl\/?s={search_term_string}"},"query-input":{"@type":"PropertyValueSpecification","valueRequired":true,"valueName":"search_term_string"}}],"inLanguage":"nl-NL"},{"@type":"Organization","@id":"https:\/\/festivita.be\/nl\/#organization","name":"Festivita","url":"https:\/\/festivita.be\/nl\/","logo":{"@type":"ImageObject","inLanguage":"nl-NL","@id":"https:\/\/festivita.be\/nl\/#\/schema\/logo\/image\/","url":"https:\/\/festivita.be\/wp-content\/uploads\/2020\/10\/festivita-2-logo.jpg","contentUrl":"https:\/\/festivita.be\/wp-content\/uploads\/2020\/10\/festivita-2-logo.jpg","width":887,"height":400,"caption":"Festivita"},"image":{"@id":"https:\/\/festivita.be\/nl\/#\/schema\/logo\/image\/"},"sameAs":["https:\/\/www.facebook.com\/FestiVita-Brussels-Early-Music-Festival-102508725164674\/about\/?ref=page_internal","https:\/\/www.instagram.com\/festivita_be\/","https:\/\/www.youtube.com\/channel\/UC_hlu4NfyE2QYXIYy-3EiVQ"]}]}},"_links":{"self":[{"href":"https:\/\/festivita.be\/nl\/wp-json\/wp\/v2\/pages\/37803","targetHints":{"allow":["GET"]}}],"collection":[{"href":"https:\/\/festivita.be\/nl\/wp-json\/wp\/v2\/pages"}],"about":[{"href":"https:\/\/festivita.be\/nl\/wp-json\/wp\/v2\/types\/page"}],"author":[{"embeddable":true,"href":"https:\/\/festivita.be\/nl\/wp-json\/wp\/v2\/users\/3"}],"replies":[{"embeddable":true,"href":"https:\/\/festivita.be\/nl\/wp-json\/wp\/v2\/comments?post=37803"}],"version-history":[{"count":1,"href":"https:\/\/festivita.be\/nl\/wp-json\/wp\/v2\/pages\/37803\/revisions"}],"predecessor-version":[{"id":37804,"href":"https:\/\/festivita.be\/nl\/wp-json\/wp\/v2\/pages\/37803\/revisions\/37804"}],"up":[{"embeddable":true,"href":"https:\/\/festivita.be\/nl\/wp-json\/wp\/v2\/pages\/37686"}],"wp:attachment":[{"href":"https:\/\/festivita.be\/nl\/wp-json\/wp\/v2\/media?parent=37803"}],"curies":[{"name":"wp","href":"https:\/\/api.w.org\/{rel}","templated":true}]}}