{"id":38524,"date":"2023-11-21T11:09:05","date_gmt":"2023-11-21T10:09:05","guid":{"rendered":"https:\/\/festivita.be\/festivita24\/programma\/ensemble-correspondances\/"},"modified":"2024-01-12T16:18:30","modified_gmt":"2024-01-12T15:18:30","slug":"ensemble-correspondances","status":"publish","type":"page","link":"https:\/\/festivita.be\/nl\/festivita24\/programma\/ensemble-correspondances\/","title":{"rendered":"Ensemble Correspondances"},"content":{"rendered":"\n<h4 class=\"wp-block-heading has-text-align-center\" id=\"block-408db3a8-3a9e-41ac-9d79-5e57311ab68d\">Vrijdag 16 februari<br>20:30<\/h4>\n\n\n\n<figure class=\"wp-block-image size-large\"><img loading=\"lazy\" decoding=\"async\" width=\"1024\" height=\"683\" src=\"http:\/\/festivita.be\/wp-content\/uploads\/2023\/11\/FestiVita-correspondances-1024x683.jpg\" alt=\"\" class=\"wp-image-38228\" srcset=\"https:\/\/festivita.be\/wp-content\/uploads\/2023\/11\/FestiVita-correspondances-1024x683.jpg 1024w, https:\/\/festivita.be\/wp-content\/uploads\/2023\/11\/FestiVita-correspondances-300x200.jpg 300w, https:\/\/festivita.be\/wp-content\/uploads\/2023\/11\/FestiVita-correspondances-768x512.jpg 768w, https:\/\/festivita.be\/wp-content\/uploads\/2023\/11\/FestiVita-correspondances-1536x1024.jpg 1536w, https:\/\/festivita.be\/wp-content\/uploads\/2023\/11\/FestiVita-correspondances-2048x1365.jpg 2048w\" sizes=\"auto, (max-width: 1024px) 100vw, 1024px\" \/><figcaption class=\"wp-element-caption\">\u00a9Alban van Wassenhove<\/figcaption><\/figure>\n\n\n\n<h4 class=\"wp-block-heading\" id=\"block-42a7329d-2fdc-4b33-83ed-45dc10adcbfb\">Lamentations des hommes, Marc-Antoine Charpentier<\/h4>\n\n\n\n<p><strong>Marc-Antointe Charpentier en Henri Du Mont<\/strong><\/p>\n\n\n\n<p>De Klaagliederen van de profeet Jeremia in het Oude Testament betreuren de verwoesting van de Tempel van Jeruzalem door de Babyloni\u00ebrs zes eeuwen voor Christus. Meer dan tien eeuwen later gingen ze van de Joodse liturgie naar de christelijke traditie en namen ze hun plaats in het officie van de Goede Week in.<\/p>\n\n\n\n<p>De &#8220;offices de t\u00e9n\u00e8bres&#8221;, die op muziek werden gezet, hadden een sterke invloed op het religieuze leven in heel de Grote Eeuw. Van de 600 kloosters in Parijs tot de abdijen in alle provincies van het koninkrijk, en niet te vergeten bepaalde parochies, profiteerden de geestelijken van deze buitengewone ceremonie om hun stempel op de zielen te drukken. Het ritueel bestond erin dat geleidelijk de duisternis werd opgewekt met het doven van kaarsen. Langzaamaan verlieten componisten het sobere vlakke lied en kwamen met sublieme polyfone werken, die meestal uitgevoerd werden in kloosters. Hun schriftuur veroorzaakte een soort betoverend effect, door de structuur van de tekst die werd doorspekt met Hebreeuwse letters op de lange vocalises. Charpentier is de componist uit deze periode die de meeste le\u00e7ons de t\u00e9n\u00e8bres schreef. Zijn stijl varieert duidelijk naargelang de context: van de bloemrijke ornamentatie van de Abbaye-aux-bois tot de prachtige ernst van de Le\u00e7ons pour les J\u00e9suites in dit concert, de muziek is altijd van ongekende diepte en vurigheid&#8230;<\/p>\n\n\n\n<p class=\"has-text-align-right\"><strong>Paco Garcia, Andr\u00e9 Perez Munio,<\/strong> haute-contre<br><strong>Jordan Moua\u00efssia, Randol Rodriguez,<\/strong> tailles<br><strong>Etienne Bazola, Lysandre Ch\u00e2lon,<\/strong> basses<br><strong>B\u00e9atrice Linon, Paul Monteiro,<\/strong> viool<br><strong>Lucile Perret, Marine Sablonni\u00e8re,<\/strong> fluit<br><strong>Gauthier Broutin,<\/strong> basse de violon<br><strong>Mathilde Vialle, <\/strong>basse de viole<br><strong>Thibaut Roussel,<\/strong> theorbo<br><strong>S\u00e9bastien Dauc\u00e9,<\/strong> orgel en leiding<\/p>\n\n\n\n<p class=\"has-text-align-right\"><br><\/p>\n\n\n\n<h4 class=\"wp-block-heading\" id=\"block-aa444704-d10f-4d14-a452-b673ffc0193a\">Biografie\u00ebn<\/h4>\n\n\n\n<h4 class=\"wp-block-heading\" id=\"block-34f588fb-1261-48f9-8682-f29b611f11c9\">Correspondances<\/h4>\n\n\n\n<p>Correspondances werd opgericht in 2009 en bestaat uit een groep zangers en instrumentalisten, allen specialisten in de muziek van Le Grand Si\u00e8cle, onder leiding van klavecinist en organist S\u00e9bastien Dauc\u00e9. In slechts een paar jaar tijd is het ensemble een referentie geworden in het repertoire van 17e-eeuwse Franse muziek, met zowel muziek met klanken die de hedendaagse luisteraar direct aanspreken als met zeldzamere, originelere vormen.<\/p>\n\n\n\n<p>De herontdekking van niet eerder gepubliceerde werken en het zo dicht mogelijk benaderen van het 17e-eeuwse spel vormen de kern van het project van het ensemble. De langlopende onderzoeksprogramma&#8217;s hebben al ontroerende resultaten opgeleverd, zoals de monumentale reconstructie van de kroning van Lodewijk XIV, of de partituur van het Ballet Royal de la Nuit, waardoor we een belangrijk muzikaal moment van de 17e eeuw kunnen herontdekken, dat het bewind van de Zonnekoning inluidde.<\/p>\n\n\n\n<p>De toewijding van het ensemble om zowel gevestigde componisten als vergeten musici nieuw leven in te blazen heeft geresulteerd in zeventien opnames met het Harmonia Mundi label, die in Frankrijk en daarbuiten lovend zijn ontvangen. Deze bevatten Litanies de la Vierge (2013), Pastorale de No\u00ebl (2016), Histoires Sacr\u00e9es (2019) van de favoriete componist van het ensemble, Marc-Antoine Charpentier; de Meslanges pour la Chapelle d&#8217;un Prince (2015) van Etienne Moulini\u00e9; de Grands Motets van Henry du Mont (2016) en Michel-Richard de Lalande (2022); Perpetual Night, het debuutalbum van soliste Lucile Richardot (2018); en Buxtehude&#8217;s Membra Jesu Nostri (2021).<\/p>\n\n\n\n<p>In dezelfde geest van herontdekking wil Correspondances<strong> <\/strong>voor de lyrische scene die aan de opera voorafging, Franse en buitenlandse toneelvormen leven inblazen, zoals hofballet, sacrale geschiedenis, semi-opera of ook het Engels masker. In 2017 zag het Ballet royal de la nuit het licht in het Th\u00e9\u00e2tre de Caen, een grandioze en magische vorm voor de 21e eeuw van choreografe Francesca Lattuada. Het ensemble zet zijn verkenning van de experimentele formats die Le Grand Si\u00e8cle kenmerkten voort met Songs, geregisseerd door Samuel Achache voor de stem van Lucile Richardot, en het Engelse masker Cupid &amp; Death, gecre\u00eberd in 2021 in het Th\u00e9\u00e2tre de Caen, een excentriek amusement in het hart van een omgekeerde wereld gecre\u00eberd door Jos Houben en Emily Wilson. Eveneens in 2021 zal Correspondances voor het eerst optreden op het Festival Lyrique d&#8217;Aix-en-Provence met Combattimento, la th\u00e9orie du cygne noir, een utopische compositie gebaseerd op de reconstructie van de ideale stad uit de werken van Monteverdi en zijn Italiaanse collega&#8217;s uit het begin van de 17e eeuw, verbeeld door Silvia Costa.<\/p>\n\n\n\n<p>Buiten de gebaande paden brengt Correspondances polyfonie en opera naar plaatsen waar het het minst verwacht wordt. Sinds 2020 fietst het ensemble elke zomer over de wegen van Normandi\u00eb om de muziek van de 17e eeuw naar het hart van de dorpen en het platteland te brengen. Het is een muzikaal, sportief en Normandisch avontuur voor jong en oud.<\/p>\n\n\n\n<p>Correspondances is te zien in het theater van Caen. Het is geassocieerd met het Museum van Louvre. Het ontvangt creatieve residentiesteun van La vie br\u00e8ve &#8211; Th\u00e9\u00e2tre de l&#8217;Aquarium. Correspondances wordt ondersteund door het Minist\u00e8re de la Culture &#8211; DRAC Normandie, de R\u00e9gion Normandie, het D\u00e9partement du Calvados en de Stad en het Theater van Caen. Het ensemble wordt gesteund door de Correspondances Foundation, die muziekliefhebbers verenigt die onderzoek, uitgave en uitvoering van 17e-eeuwse muziek ondersteunen. Het ontvangt regelmatig steun van het departement Calvados, het Institut Fran\u00e7ais, ODIA Normandie en het Centre National de la Musique voor zijn concert-, export- en opnameactiviteiten.<\/p>\n\n\n\n<p>Ensemble Correspondances is lid van Arviva &#8211; Arts vivants, Arts durables, en zet zich in voor de ecologische transitie van podiumkunsten. Het ensemble is lid van FEVIS, Profedim en het European Early Music Network.<\/p>\n\n\n\n<h4 class=\"wp-block-heading\">S\u00e9bastien Dauc\u00e9<\/h4>\n\n\n\n<p>Organist en klavecinist S\u00e9bastien Dauc\u00e9 wordt gedreven door het verlangen om een rijk en weinig bekend repertoire van zeventiende-eeuwse Franse muziek tot leven te brengen.<\/p>\n\n\n\n<p>Tijdens zijn studie aan het Conservatoire Sup\u00e9rieur de Lyon ontmoette hij de toekomstige leden van Correspondances. Hij kreeg les van Fran\u00e7oise Lengell\u00e9 en Yves Rechsteiner. Aanvankelijk veelgevraagd als continuospeler en dirigent (Pygmalion Ensemble, Festival d&#8217;Aix en Provence, Ma\u00eetrise &amp; Orchestre Philharmonique de Radio France, enz.), richtte hij in 2009 het ensemble Correspondances op in Lyon, dat zangers en instrumentalisten met een voorliefde voor het Franse sacrale repertoire van Le Grand Si\u00e8cle samenbrengt.<\/p>\n\n\n\n<p>Met het ensemble, dat hij dirigeert vanaf klavecimbel of orgel, reist hij door heel Frankrijk en de wereld en maakt hij regelmatig opnames voor de radio. S\u00e9bastien Dauc\u00e9 en het ensemble Correspondances zijn in residentie bij het Th\u00e9\u00e2tre de Caen, waarmee ze hun eerste podiumprojecten ontwikkelen (Trois Femmes geregisseerd door Vincent Huguet in 2016, daarna het Ballet Royal de la Nuit, het legendarische hofballet waaruit de mythe van de Zonnekoning is ontstaan, geregisseerd door Francesca Lattuada in november 2017). Het avontuur wordt voortgezet met het Engelse masker Cupid &amp; Death in 2020, een wederopstanding van The Rite of Louis XIV in 2021 en een David &amp; Jonathas De Charpentier het volgend seizoen. S\u00e9bastien Dauc\u00e9 en het ensemble Correspondances zijn ook verbonden aan de Opera en de Kapel van het Kasteel van Versailles en het Louvre Museum.<\/p>\n\n\n\n<p>Japan, Colombia, de Verenigde Staten en China zijn mijlpalen in de carri\u00e8re van het ensemble, naast regelmatige samenwerkingen in Europa (Engeland, Duitsland, Benelux, Nederland, Itali\u00eb, Polen). Met de steun van het harmonia mundi label, een pionier in vele opzichten in het barokrepertoire, heeft de verkenning door het ensemble van een weinig gespeeld en vaak onuitgegeven repertoire geresulteerd in een discografie van zeventien opnames die lovende kritieken hebben ontvangen: Diapasons d&#8217;or de l&#8217;ann\u00e9e, ffff T\u00e9l\u00e9rama, Editor&#8217;s Choice de Gramophone, Chocs de l&#8217;ann\u00e9e de Classica, Prix de la Critique Allemande du disque, Prix C\u00e9cilia de la critique belge&#8230;<\/p>\n\n\n\n<p>Het ensemble heeft internationaal lof geoogst: in 2016 won het prijzen tijdens de Echo Preis ceremonie in het Konzerthaus in Berlijn in de categorie\u00ebn Beste Wereldpremi\u00e8re voor het Concert Royal de la Nuit en Beste Jonge Dirigent van het Jaar; het Australische tijdschrift Limelight bekroonde het tot Beste Opera van het Jaar 2016 voor het Concert Royal de la Nuit.<\/p>\n\n\n\n<p>Naast zijn activiteiten als musicus werkt S\u00e9bastien Dauc\u00e9 samen met vooraanstaande 17e-eeuwse specialisten, publiceert hij regelmatig artikelen en neemt hij deel aan grote uitvoeringspraktijkprojecten. Gepassioneerd door de kwestie van muzikale stijl, bewerkt hij de muziek van het ensemble en gaat zelfs zo ver dat hij volledige hercomposities voorstelt wanneer dat nodig is, zoals het geval was voor het Ballet Royal de la Nuit.<\/p>\n\n\n\n<p>Van 2012 tot 2018 gaf hij les aan de P\u00f4le Sup\u00e9rieur de Paris. In 2018 was hij artistiek gastdirecteur van het London Festival of Baroque Music. In 2023 wordt hij artistiek directeur van de Promenades Musicales du Pays d&#8217;Auge.<\/p>\n","protected":false},"excerpt":{"rendered":"<p>Vrijdag 16 februari20:30 Lamentations des hommes, Marc-Antoine Charpentier Marc-Antointe Charpentier en Henri Du Mont De Klaagliederen van de profeet Jeremia in het Oude Testament betreuren de verwoesting van de Tempel van Jeruzalem door de Babyloni\u00ebrs zes eeuwen voor Christus. Meer dan tien eeuwen later gingen ze van de Joodse liturgie naar de christelijke traditie en [&hellip;]<\/p>\n","protected":false},"author":2,"featured_media":0,"parent":38502,"menu_order":0,"comment_status":"closed","ping_status":"closed","template":"","meta":{"_acf_changed":false,"_themeisle_gutenberg_block_has_review":false,"footnotes":""},"class_list":["post-38524","page","type-page","status-publish","hentry"],"acf":[],"yoast_head":"<!-- This site is optimized with the Yoast SEO plugin v27.2 - https:\/\/yoast.com\/product\/yoast-seo-wordpress\/ -->\n<title>Ensemble Correspondances - FestiVita!<\/title>\n<meta name=\"robots\" content=\"index, follow, max-snippet:-1, max-image-preview:large, max-video-preview:-1\" \/>\n<link rel=\"canonical\" href=\"https:\/\/festivita.be\/nl\/festivita24\/programma\/ensemble-correspondances\/\" \/>\n<meta property=\"og:locale\" content=\"nl_NL\" \/>\n<meta property=\"og:type\" content=\"article\" \/>\n<meta property=\"og:title\" content=\"Ensemble Correspondances - FestiVita!\" \/>\n<meta property=\"og:description\" content=\"Vrijdag 16 februari20:30 Lamentations des hommes, Marc-Antoine Charpentier Marc-Antointe Charpentier en Henri Du Mont De Klaagliederen van de profeet Jeremia in het Oude Testament betreuren de verwoesting van de Tempel van Jeruzalem door de Babyloni\u00ebrs zes eeuwen voor Christus. Meer dan tien eeuwen later gingen ze van de Joodse liturgie naar de christelijke traditie en [&hellip;]\" \/>\n<meta property=\"og:url\" content=\"https:\/\/festivita.be\/nl\/festivita24\/programma\/ensemble-correspondances\/\" \/>\n<meta property=\"og:site_name\" content=\"FestiVita!\" \/>\n<meta property=\"article:publisher\" content=\"https:\/\/www.facebook.com\/FestiVita-Brussels-Early-Music-Festival-102508725164674\/about\/?ref=page_internal\" \/>\n<meta property=\"article:modified_time\" content=\"2024-01-12T15:18:30+00:00\" \/>\n<meta property=\"og:image\" content=\"http:\/\/festivita.be\/wp-content\/uploads\/2023\/11\/FestiVita-correspondances-1024x683.jpg\" \/>\n<meta name=\"twitter:card\" content=\"summary_large_image\" \/>\n<meta name=\"twitter:label1\" content=\"Geschatte leestijd\" \/>\n\t<meta name=\"twitter:data1\" content=\"8 minuten\" \/>\n<script type=\"application\/ld+json\" class=\"yoast-schema-graph\">{\"@context\":\"https:\/\/schema.org\",\"@graph\":[{\"@type\":\"WebPage\",\"@id\":\"https:\/\/festivita.be\/nl\/festivita24\/programma\/ensemble-correspondances\/\",\"url\":\"https:\/\/festivita.be\/nl\/festivita24\/programma\/ensemble-correspondances\/\",\"name\":\"Ensemble Correspondances - FestiVita!\",\"isPartOf\":{\"@id\":\"https:\/\/festivita.be\/nl\/#website\"},\"primaryImageOfPage\":{\"@id\":\"https:\/\/festivita.be\/nl\/festivita24\/programma\/ensemble-correspondances\/#primaryimage\"},\"image\":{\"@id\":\"https:\/\/festivita.be\/nl\/festivita24\/programma\/ensemble-correspondances\/#primaryimage\"},\"thumbnailUrl\":\"http:\/\/festivita.be\/wp-content\/uploads\/2023\/11\/FestiVita-correspondances-1024x683.jpg\",\"datePublished\":\"2023-11-21T10:09:05+00:00\",\"dateModified\":\"2024-01-12T15:18:30+00:00\",\"breadcrumb\":{\"@id\":\"https:\/\/festivita.be\/nl\/festivita24\/programma\/ensemble-correspondances\/#breadcrumb\"},\"inLanguage\":\"nl-NL\",\"potentialAction\":[{\"@type\":\"ReadAction\",\"target\":[\"https:\/\/festivita.be\/nl\/festivita24\/programma\/ensemble-correspondances\/\"]}]},{\"@type\":\"ImageObject\",\"inLanguage\":\"nl-NL\",\"@id\":\"https:\/\/festivita.be\/nl\/festivita24\/programma\/ensemble-correspondances\/#primaryimage\",\"url\":\"http:\/\/festivita.be\/wp-content\/uploads\/2023\/11\/FestiVita-correspondances-1024x683.jpg\",\"contentUrl\":\"http:\/\/festivita.be\/wp-content\/uploads\/2023\/11\/FestiVita-correspondances-1024x683.jpg\"},{\"@type\":\"BreadcrumbList\",\"@id\":\"https:\/\/festivita.be\/nl\/festivita24\/programma\/ensemble-correspondances\/#breadcrumb\",\"itemListElement\":[{\"@type\":\"ListItem\",\"position\":1,\"name\":\"Accueil\",\"item\":\"https:\/\/festivita.be\/nl\/\"},{\"@type\":\"ListItem\",\"position\":2,\"name\":\"FESTIVITA! 2024\",\"item\":\"https:\/\/festivita.be\/nl\/festivita24\/\"},{\"@type\":\"ListItem\",\"position\":3,\"name\":\"Programma FestiVita! 2024\",\"item\":\"https:\/\/festivita.be\/nl\/festivita24\/programme\/\"},{\"@type\":\"ListItem\",\"position\":4,\"name\":\"Ensemble Correspondances\"}]},{\"@type\":\"WebSite\",\"@id\":\"https:\/\/festivita.be\/nl\/#website\",\"url\":\"https:\/\/festivita.be\/nl\/\",\"name\":\"FestiVita!\",\"description\":\"Brussels Early Music Festival\",\"publisher\":{\"@id\":\"https:\/\/festivita.be\/nl\/#organization\"},\"potentialAction\":[{\"@type\":\"SearchAction\",\"target\":{\"@type\":\"EntryPoint\",\"urlTemplate\":\"https:\/\/festivita.be\/nl\/?s={search_term_string}\"},\"query-input\":{\"@type\":\"PropertyValueSpecification\",\"valueRequired\":true,\"valueName\":\"search_term_string\"}}],\"inLanguage\":\"nl-NL\"},{\"@type\":\"Organization\",\"@id\":\"https:\/\/festivita.be\/nl\/#organization\",\"name\":\"Festivita\",\"url\":\"https:\/\/festivita.be\/nl\/\",\"logo\":{\"@type\":\"ImageObject\",\"inLanguage\":\"nl-NL\",\"@id\":\"https:\/\/festivita.be\/nl\/#\/schema\/logo\/image\/\",\"url\":\"https:\/\/festivita.be\/wp-content\/uploads\/2020\/10\/festivita-2-logo.jpg\",\"contentUrl\":\"https:\/\/festivita.be\/wp-content\/uploads\/2020\/10\/festivita-2-logo.jpg\",\"width\":887,\"height\":400,\"caption\":\"Festivita\"},\"image\":{\"@id\":\"https:\/\/festivita.be\/nl\/#\/schema\/logo\/image\/\"},\"sameAs\":[\"https:\/\/www.facebook.com\/FestiVita-Brussels-Early-Music-Festival-102508725164674\/about\/?ref=page_internal\",\"https:\/\/www.instagram.com\/festivita_be\/\",\"https:\/\/www.youtube.com\/channel\/UC_hlu4NfyE2QYXIYy-3EiVQ\"]}]}<\/script>\n<!-- \/ Yoast SEO plugin. -->","yoast_head_json":{"title":"Ensemble Correspondances - FestiVita!","robots":{"index":"index","follow":"follow","max-snippet":"max-snippet:-1","max-image-preview":"max-image-preview:large","max-video-preview":"max-video-preview:-1"},"canonical":"https:\/\/festivita.be\/nl\/festivita24\/programma\/ensemble-correspondances\/","og_locale":"nl_NL","og_type":"article","og_title":"Ensemble Correspondances - FestiVita!","og_description":"Vrijdag 16 februari20:30 Lamentations des hommes, Marc-Antoine Charpentier Marc-Antointe Charpentier en Henri Du Mont De Klaagliederen van de profeet Jeremia in het Oude Testament betreuren de verwoesting van de Tempel van Jeruzalem door de Babyloni\u00ebrs zes eeuwen voor Christus. Meer dan tien eeuwen later gingen ze van de Joodse liturgie naar de christelijke traditie en [&hellip;]","og_url":"https:\/\/festivita.be\/nl\/festivita24\/programma\/ensemble-correspondances\/","og_site_name":"FestiVita!","article_publisher":"https:\/\/www.facebook.com\/FestiVita-Brussels-Early-Music-Festival-102508725164674\/about\/?ref=page_internal","article_modified_time":"2024-01-12T15:18:30+00:00","og_image":[{"url":"http:\/\/festivita.be\/wp-content\/uploads\/2023\/11\/FestiVita-correspondances-1024x683.jpg","type":"","width":"","height":""}],"twitter_card":"summary_large_image","twitter_misc":{"Geschatte leestijd":"8 minuten"},"schema":{"@context":"https:\/\/schema.org","@graph":[{"@type":"WebPage","@id":"https:\/\/festivita.be\/nl\/festivita24\/programma\/ensemble-correspondances\/","url":"https:\/\/festivita.be\/nl\/festivita24\/programma\/ensemble-correspondances\/","name":"Ensemble Correspondances - FestiVita!","isPartOf":{"@id":"https:\/\/festivita.be\/nl\/#website"},"primaryImageOfPage":{"@id":"https:\/\/festivita.be\/nl\/festivita24\/programma\/ensemble-correspondances\/#primaryimage"},"image":{"@id":"https:\/\/festivita.be\/nl\/festivita24\/programma\/ensemble-correspondances\/#primaryimage"},"thumbnailUrl":"http:\/\/festivita.be\/wp-content\/uploads\/2023\/11\/FestiVita-correspondances-1024x683.jpg","datePublished":"2023-11-21T10:09:05+00:00","dateModified":"2024-01-12T15:18:30+00:00","breadcrumb":{"@id":"https:\/\/festivita.be\/nl\/festivita24\/programma\/ensemble-correspondances\/#breadcrumb"},"inLanguage":"nl-NL","potentialAction":[{"@type":"ReadAction","target":["https:\/\/festivita.be\/nl\/festivita24\/programma\/ensemble-correspondances\/"]}]},{"@type":"ImageObject","inLanguage":"nl-NL","@id":"https:\/\/festivita.be\/nl\/festivita24\/programma\/ensemble-correspondances\/#primaryimage","url":"http:\/\/festivita.be\/wp-content\/uploads\/2023\/11\/FestiVita-correspondances-1024x683.jpg","contentUrl":"http:\/\/festivita.be\/wp-content\/uploads\/2023\/11\/FestiVita-correspondances-1024x683.jpg"},{"@type":"BreadcrumbList","@id":"https:\/\/festivita.be\/nl\/festivita24\/programma\/ensemble-correspondances\/#breadcrumb","itemListElement":[{"@type":"ListItem","position":1,"name":"Accueil","item":"https:\/\/festivita.be\/nl\/"},{"@type":"ListItem","position":2,"name":"FESTIVITA! 2024","item":"https:\/\/festivita.be\/nl\/festivita24\/"},{"@type":"ListItem","position":3,"name":"Programma FestiVita! 2024","item":"https:\/\/festivita.be\/nl\/festivita24\/programme\/"},{"@type":"ListItem","position":4,"name":"Ensemble Correspondances"}]},{"@type":"WebSite","@id":"https:\/\/festivita.be\/nl\/#website","url":"https:\/\/festivita.be\/nl\/","name":"FestiVita!","description":"Brussels Early Music Festival","publisher":{"@id":"https:\/\/festivita.be\/nl\/#organization"},"potentialAction":[{"@type":"SearchAction","target":{"@type":"EntryPoint","urlTemplate":"https:\/\/festivita.be\/nl\/?s={search_term_string}"},"query-input":{"@type":"PropertyValueSpecification","valueRequired":true,"valueName":"search_term_string"}}],"inLanguage":"nl-NL"},{"@type":"Organization","@id":"https:\/\/festivita.be\/nl\/#organization","name":"Festivita","url":"https:\/\/festivita.be\/nl\/","logo":{"@type":"ImageObject","inLanguage":"nl-NL","@id":"https:\/\/festivita.be\/nl\/#\/schema\/logo\/image\/","url":"https:\/\/festivita.be\/wp-content\/uploads\/2020\/10\/festivita-2-logo.jpg","contentUrl":"https:\/\/festivita.be\/wp-content\/uploads\/2020\/10\/festivita-2-logo.jpg","width":887,"height":400,"caption":"Festivita"},"image":{"@id":"https:\/\/festivita.be\/nl\/#\/schema\/logo\/image\/"},"sameAs":["https:\/\/www.facebook.com\/FestiVita-Brussels-Early-Music-Festival-102508725164674\/about\/?ref=page_internal","https:\/\/www.instagram.com\/festivita_be\/","https:\/\/www.youtube.com\/channel\/UC_hlu4NfyE2QYXIYy-3EiVQ"]}]}},"_links":{"self":[{"href":"https:\/\/festivita.be\/nl\/wp-json\/wp\/v2\/pages\/38524","targetHints":{"allow":["GET"]}}],"collection":[{"href":"https:\/\/festivita.be\/nl\/wp-json\/wp\/v2\/pages"}],"about":[{"href":"https:\/\/festivita.be\/nl\/wp-json\/wp\/v2\/types\/page"}],"author":[{"embeddable":true,"href":"https:\/\/festivita.be\/nl\/wp-json\/wp\/v2\/users\/2"}],"replies":[{"embeddable":true,"href":"https:\/\/festivita.be\/nl\/wp-json\/wp\/v2\/comments?post=38524"}],"version-history":[{"count":4,"href":"https:\/\/festivita.be\/nl\/wp-json\/wp\/v2\/pages\/38524\/revisions"}],"predecessor-version":[{"id":38796,"href":"https:\/\/festivita.be\/nl\/wp-json\/wp\/v2\/pages\/38524\/revisions\/38796"}],"up":[{"embeddable":true,"href":"https:\/\/festivita.be\/nl\/wp-json\/wp\/v2\/pages\/38502"}],"wp:attachment":[{"href":"https:\/\/festivita.be\/nl\/wp-json\/wp\/v2\/media?parent=38524"}],"curies":[{"name":"wp","href":"https:\/\/api.w.org\/{rel}","templated":true}]}}