{"id":40079,"date":"2024-11-09T22:10:00","date_gmt":"2024-11-09T21:10:00","guid":{"rendered":"https:\/\/festivita.be\/?page_id=40079"},"modified":"2025-01-10T19:43:12","modified_gmt":"2025-01-10T18:43:12","slug":"gli-incogniti","status":"publish","type":"page","link":"https:\/\/festivita.be\/nl\/festivita-2025\/programma-festivita-2025\/gli-incogniti\/","title":{"rendered":"Gli Incogniti"},"content":{"rendered":"\n<h4 class=\"wp-block-heading has-text-align-center\" id=\"block-408db3a8-3a9e-41ac-9d79-5e57311ab68d\">Vrijdag 21 februari<br>21:00<\/h4>\n\n\n\n<div style=\"height:25px\" aria-hidden=\"true\" class=\"wp-block-spacer\"><\/div>\n\n\n\n<figure class=\"wp-block-image size-large\"><img loading=\"lazy\" decoding=\"async\" width=\"1024\" height=\"683\" src=\"https:\/\/festivita.be\/wp-content\/uploads\/2025\/01\/2024-Radio-France-Paris-\u00a9Dimitri-Scapolan5-1024x683.jpg\" alt=\"festivita-incogniti\" class=\"wp-image-40701\" srcset=\"https:\/\/festivita.be\/wp-content\/uploads\/2025\/01\/2024-Radio-France-Paris-\u00a9Dimitri-Scapolan5-1024x683.jpg 1024w, https:\/\/festivita.be\/wp-content\/uploads\/2025\/01\/2024-Radio-France-Paris-\u00a9Dimitri-Scapolan5-300x200.jpg 300w, https:\/\/festivita.be\/wp-content\/uploads\/2025\/01\/2024-Radio-France-Paris-\u00a9Dimitri-Scapolan5-768x512.jpg 768w, https:\/\/festivita.be\/wp-content\/uploads\/2025\/01\/2024-Radio-France-Paris-\u00a9Dimitri-Scapolan5-1536x1024.jpg 1536w, https:\/\/festivita.be\/wp-content\/uploads\/2025\/01\/2024-Radio-France-Paris-\u00a9Dimitri-Scapolan5-2048x1365.jpg 2048w\" sizes=\"auto, (max-width: 1024px) 100vw, 1024px\" \/><figcaption class=\"wp-element-caption\">\u00a9Dimitri Scapolan<\/figcaption><\/figure>\n\n\n\n<h4 class=\"wp-block-heading\" id=\"block-42a7329d-2fdc-4b33-83ed-45dc10adcbfb\">Le petit Monde \u00e0 l&#8217;Envers<\/h4>\n\n\n\n<p>Bekeek jij als kind de wonderlijke wereld wel eens voorovergebogen tussen jouw benen, de wereld op z\u2019n kop? \u2018\u2019A small world upside down\u2019. In dit nieuw project volgen Amandine Beyer en Gli Incogniti Vivaldi in zijn meest grillige gedaante: instrumenten die hun partij ruilen, solo\u2019s die worden gedupliceerd, vormen die in elkaar overlopen, weerbarstige patronen en motieven, fuga&#8217;s in concerto&#8217;s, dromerige allegro\u2019s en dansende adagio&#8217;s\u2026 Alles lijkt omgekeerd, verwachtingen worden niet meer ingevuld, maar tegelijkertijd ontdekt u de boeiende geheimen over de essentie van klank.&nbsp;&nbsp;<br><\/p>\n\n\n\n<p class=\"has-text-align-right\"><strong>Amandine Beyer<\/strong>, viool en leiding<br><strong>Neven Lesage<\/strong>, hobo<br><strong>Alba Roca<\/strong>, viool<br><strong>Yoko Kawakubo<\/strong>, viool<br><strong>Marta Paramo<\/strong>, altviool<br><strong>Marco Ceccato<\/strong>, cello<br><strong>Anna Fontana<\/strong>, klavecimbel &amp; orgel<br><strong>Francesco Romano<\/strong>, theorbo<br><strong>Baldomero Barciela Varela<\/strong>, violone<\/p>\n\n\n\n<div style=\"height:10px\" aria-hidden=\"true\" class=\"wp-block-spacer\"><\/div>\n\n\n\n<div style=\"height:25px\" aria-hidden=\"true\" class=\"wp-block-spacer\"><\/div>\n\n\n\n<figure class=\"wp-block-embed is-type-video is-provider-youtube wp-block-embed-youtube wp-embed-aspect-16-9 wp-has-aspect-ratio\"><div class=\"wp-block-embed__wrapper\">\n<iframe loading=\"lazy\" title=\"VIVALDI &quot;Il Mondo al rovescio&quot; - GLI INCOGNITI (official clip)\" width=\"640\" height=\"360\" src=\"https:\/\/www.youtube.com\/embed\/M9bRMWUS7hw?feature=oembed\" frameborder=\"0\" allow=\"accelerometer; autoplay; clipboard-write; encrypted-media; gyroscope; picture-in-picture; web-share\" referrerpolicy=\"strict-origin-when-cross-origin\" allowfullscreen><\/iframe>\n<\/div><\/figure>\n\n\n\n<div style=\"height:10px\" aria-hidden=\"true\" class=\"wp-block-spacer\"><\/div>\n\n\n\n<div style=\"height:25px\" aria-hidden=\"true\" class=\"wp-block-spacer\"><\/div>\n\n\n\n<h4 class=\"wp-block-heading\" id=\"block-34f588fb-1261-48f9-8682-f29b611f11c9\">Gli Incogniti<\/h4>\n\n\n\n<p>Het ensemble Gli Incogniti werd in 2006 opgericht door een groep vrienden verenigd rond violiste Amandine Beyer. Het ontleent zijn naam aan de Accademia degli Incogniti, \u00e9\u00e9n van de meest actieve en libertaire artistieke en academische kringen van het 17e-eeuwse Veneti\u00eb. Het is immers de geest van die Accademia die de Incogniti drijft: zin voor het onbekende in al zijn vormen, experimenteren met geluid, onderzoek naar het repertoire, het herontdekken van de grote &#8216;klassiekers&#8217; en van in vergetelheid geraakte meesterwerken. Het oprechte plezier dat zij beleven aan samen werken en samen spelen, beantwoordt aan hun voornaamste ambitie: een ge\u00ebngageerde en coherente visie uitdragen op de werken die ze uitvoeren, volgens hun gezamenlijke gevoeligheden en smaak. Vandaag de dag is de groep \u00e9\u00e9n van de toonaangevende ensembles in historisch ge\u00efnformeerde interpretatie, met een repertoire vari\u00ebrend van de barok (Vivaldi, Bach, Pachelbel) tot de Klassieke periode met Haydn, Carl Philipp Emanuel Bach en Mozart.&nbsp;<\/p>\n\n\n\n<p>Gli Incogniti is geregeld te gast in de grootste concertzalen van Frankrijk en de wijde wereld: de Philharmonie van Parijs, het Th\u00e9\u00e2tre des Champs-Elys\u00e9es, het Auditorium van Radio France, de Opera\u2019s van Bordeaux, Dijon en Rouen, de Wigmore Hall in Londen, de Oji Hall in Tokio, de Philharmonie van Luxemburg, BOZAR Brussel, de Philharmonie van Berlijn en de Philharmonie van Essen in Duitsland, Oude Muziek Utrecht, de Fondation Royaumont, het Arsenal de Metz, het Th\u00e9\u00e2tre de la Ville &#8230; Het Ensemble treedt ook op tijdens grote festivals zoals het Boston Festival in de VS, Printemps des Arts in Montecarlo, MA Festival Brugge, Bergen International Festival in Noorwegen, Torroella Festival in Spanje, de festivals van Saintes, Saint-Denis, Montpellier, Sabl\u00e9, Ambronay, &#8230;<\/p>\n\n\n\n<p>Het Ensemble werkt regelmatig samen met grote solisten zoals Giuliano Carmignola, Kristian Bezuidenhout, Andreas Staier, Maria Cristina Kiehr, Alexe\u00ef Lubimov, Hans-J\u00f6rg Mammel&#8230;<\/p>\n\n\n\n<p>Voorts wordt het leven van Gli Incogniti gevoed en verrijkt door samenwerkingen met andere kunsttakken. Tussen 2018 en 2023 heeft het Ensemble meegewerkt aan twee voorstellingen van <strong>Rosas<\/strong>, het gezelschap van danseres <strong>Anne Teresa De Keersmaeker<\/strong>: \u2018The Six Brandenburg Concertos and <em>\u2018Mystery Sonatas \/ for Rosa\u2019<\/em> met de zeer virtuoze Rozenkranssonates van Heinrich Ignaz Franz Biber, waarbij elke voorstelling aanleiding gaf tot meer dan veertig optredens over de hele wereld (Berlijn, New York, Lissabon, Brussel, Parijs, Luxemburg, Hongkong, &#8230;). In 2021 heeft Gli Incogniti ook de voorstelling <em>Bar&#8217;Oc &#8211; lo viatge d&#8217;amor<\/em> gebracht samen met het zanggezelschap <strong>La Manufacture verbale<\/strong>, een programma waarbij liederen uit de mondelinge traditie gecombineerd werden met barokmuziek. In 2024 is het Ensemble uitgenodigd om mee te werken aan de nieuwe creatie van <strong>Rosas<\/strong>, gebaseerd op de beroemde Vier Jaargetijden van Vivaldi.<\/p>\n\n\n\n<p>Onder de ongeveer vijftien opnames die het Ensemble gemaakt heeft, kunnen de Vier Jaargetijden van Vivaldi (Zig-Zag Territoires\/Outhere), Il Teatro alla Moda (Vivaldi &#8211; Harmonia Mundi) of nog Il Mondo al Rovescio (Vivaldi &#8211; Harmonia Mundi) vermeld worden als werken die een blijvende indruk gemaakt hebben. Zijn nieuwe plaat, met de complete Rozenkranssonates van Biber uit de voorstelling van Anne Teresa De Keersmaeker, is in de winter van 2023 uitgebracht door Harmonia Mundi. Zijn hele discografie is unaniem geprezen door de algemene en vakpers (Gramophone Award, BBC Musical Choice, 4F de T\u00e9l\u00e9rama, Diapason d&#8217;Or de l&#8217;ann\u00e9e, Choc Classica de l&#8217;ann\u00e9e, Excepcional de Scherzo, Preis der deutschen Schallplattenkritik, &#8230;).<\/p>\n\n\n\n<p>Gli Incogniti, dat erg veel belang hecht aan de liefde voor Oude Muziek uit te dragen, organiseert sinds 2017 een Academie voor kamermuziek met aandacht voor houdings- en bewegingsleer gericht op barokensembles, studenten en jonge professionals. Sinds 2023 organiseert het ensemble een programma met culturele activiteiten op het gebied van muziek en dans op middelbare scholen.<\/p>\n\n\n\n<p><em>Gli Incogniti wordt ondersteund door de Direction r\u00e9gionale des Affaires culturelles van Nouvelle-Aquitaine, de regio Nouvelle-Aquitaine en het Departement van de Gironde. Het ensemble ontvangt regelmatig steun van Adami en Spedidam, twee vennootschappen voor het beheer van de rechten van uitvoerende kunstenaars, van het Centre national de la Musique, afdeling Export, voor zijn concert- en opnameactiviteiten en van de Caisse des d\u00e9p\u00f4ts pour l\u2019Acad\u00e9mie.<\/em><\/p>\n\n\n\n<div style=\"height:25px\" aria-hidden=\"true\" class=\"wp-block-spacer\"><\/div>\n\n\n\n<figure class=\"wp-block-image size-large\"><img loading=\"lazy\" decoding=\"async\" width=\"1024\" height=\"683\" src=\"https:\/\/festivita.be\/wp-content\/uploads\/2024\/10\/Amandine-Beyer-\u00a9Bertrand-Pichene1-1024x683.jpg\" alt=\"festivita-amandinebeyer\" class=\"wp-image-39970\" srcset=\"https:\/\/festivita.be\/wp-content\/uploads\/2024\/10\/Amandine-Beyer-\u00a9Bertrand-Pichene1-1024x683.jpg 1024w, https:\/\/festivita.be\/wp-content\/uploads\/2024\/10\/Amandine-Beyer-\u00a9Bertrand-Pichene1-300x200.jpg 300w, https:\/\/festivita.be\/wp-content\/uploads\/2024\/10\/Amandine-Beyer-\u00a9Bertrand-Pichene1-768x512.jpg 768w, https:\/\/festivita.be\/wp-content\/uploads\/2024\/10\/Amandine-Beyer-\u00a9Bertrand-Pichene1-1536x1024.jpg 1536w, https:\/\/festivita.be\/wp-content\/uploads\/2024\/10\/Amandine-Beyer-\u00a9Bertrand-Pichene1-2048x1365.jpg 2048w\" sizes=\"auto, (max-width: 1024px) 100vw, 1024px\" \/><figcaption class=\"wp-element-caption\">\u00a9Bertrand Pichene<\/figcaption><\/figure>\n\n\n\n<h4 class=\"wp-block-heading\">Amandine Beyer<\/h4>\n\n\n\n<p>Sinds het begin van haar carri\u00e8re meer dan twintig jaar geleden heeft Amandine Beyer concerten gegeven over de hele wereld. Als veelgevraagd soliste heeft zij opgetreden in de Philharmonie van Parijs, in de Carnegie Hall in New York, in de Wigmore Hall in Londen, in Bozar in Brussel, in de Oji Hall in Tokio &#8230; Ze wordt regelmatig uitgenodigd als soliste en Konzertmeister door het Freiburger Barock Orchester, de Akademie F\u00fcr Alte Musik, het Arion Orchestra van Montreal, het European Union Baroque Orchestra, het Tafelmusik Baroque Orchestra van Toronto, Les Si\u00e8cles, het Ensemble 415 van Chiara Banchini, het Finnish Baroque Orchestra &#8230;<\/p>\n\n\n\n<p>In 2006 heeft Amandine Beyer haar eigen ensemble opgericht, Gli Incogniti, waarmee zij de instrumentale muziek brengt van Bach, Vivaldi, Corelli, Pachelbel, Matteis, Couperin, Carl Philipp Emanuel Bach, Haydn, Mozart &#8230; Gli Incogniti treedt op in de meest prestigieuze festivals en concertzalen van Frankrijk (Philharmonie de Paris, Th\u00e9\u00e2tre des Champs Elys\u00e9es, Arsenal de Metz, Op\u00e9ra de Bordeaux, Festival Radio France Montpellier Occitanie, Festival de Saintes, &#8230;) en in het buitenland (Boston Festival, Bergen International Festival in Noorwegen, Wigmore Hall, Concertgebouw in Brugge, Flagey en Bozar in Brussel, Philharmonie de Li\u00e8ge, Philharmonie du Luxembourg, &#8230;).<\/p>\n\n\n\n<p>In 2011 heeft Amandine Beyer de Sonates &amp; Partita&#8217;s van J.S. Bach opgenomen (Zig-Zag Territoires\/Outhere Music) waarvoor ze bij pers en publiek enorm veel bijval geoogst heeft. Vervolgens is zij door choreografe Anne Teresa De Keersmaeker (dansgezelschap Rosas) gevraagd om de voorstelling <em>Partita 2<\/em> te cre\u00ebren. Na vijf voorstellingen in de Cour d&#8217;Honneur van het Palais des Papes in Avignon tot slot van het Festival IN, is zij begonnen aan een internationale tournee met meer dan 80 voorstellingen over de hele wereld.<\/p>\n\n\n\n<p>Die samenwerking wordt in 2018 voortgezet met de deelname van haar ensemble Gli Incogniti aan het project The Six Brandenburg Concertos, met uitvoeringen in de Op\u00e9ra de Paris, de Munt in Brussel, Berlijn, New York, Luik, Rijsel, Luxemburg, &#8230; Daarna, in 2022, voor de creatie van <em>Mystery Sonatas \/ for Rosa<\/em>, met de Rozenkranssonates van de Oostenrijkse componist Heinrich Ignaz Franz Biber.<\/p>\n\n\n\n<p>Tegelijkertijd wijdt Amandine Beyer zich aan kamermuziek met partners als Pierre Hanta\u00ef, Kristian Bezuidenhout en Andreas Staier, waarbij ze stukken uitvoert gaande van de barok tot de romantiek, van onder anderen Schubert en Beethoven. In 2015 heeft ze het Kitgut Quartet opgericht, een strijkkwartet dat op historische instrumenten speelt. Hun eerste album, \u2018Tis too late to be wise\u2019, gewijd aan Haydn en Engeland (Purcell, Locke), werd in 2019 door Harmonia Mundi uitgebracht en krijgt lovende kritieken.&nbsp;<\/p>\n\n\n\n<p>Sinds Amindea Beyer in 2008 de Vier Jaargetijden van Vivaldi opgenomen heeft, kwam het Ensemble onder de aandacht van het grote publiek, en is de discografie van Amandine Beyer en Gli Incogniti unaniem geprezen door de critici en beloond met de hoogste onderscheidingen (Diapason d&#8217;Or, Choc de l&#8217;ann\u00e9e, Gramophone Editor&#8217;s Choice, 4F de T\u00e9l\u00e9rama). In het seizoen 2022-2023 worden er twee nieuwe albums uitgebracht door Harmonia Mundi. Eerst, in september 2022, met Il Mondo al Rovescio, gewijd aan Vivaldi, met een programma van acht concerti voor verschillende instrumenten. Daarna in februari 2023, met Bibers Mysteriesonates uit het dansproject met Rosas.<\/p>\n\n\n\n<p>Na haar studie bij Chiara Banchini aan de Schola Cantorum in Bazel, heeft Amandine Beyer Chiara Banchini opgevolgd en is ze zelf docente geworden in 2010. Gedreven door het verlangen de liefde voor oude muziek door te geven, heeft zij in 2017 met Gli Incogniti een Academie voor kamermuziek met aandacht voor houdings- en bewegingsleer opgericht. Ze wordt regelmatig uitgenodigd om masterclasses te geven over de hele wereld (Itali\u00eb, Duitsland, Taiwan, VS, Canada, &#8230;).<\/p>\n\n\n\n<p><a href=\"https:\/\/festivita.be\/nl\/festivita-2025\/ticket-prices\/\"><strong>Tarieven: <\/strong><br>Voorverkoop: 35\u20ac\/25\u20ac\/20\u20ac\/10\u20ac\/5\u20ac<br>Verkoop: 40\u20ac\/30\u20ac\/25\u20ac\/10\u20ac\/5\u20ac<\/a><\/p>\n","protected":false},"excerpt":{"rendered":"<p>Vrijdag 21 februari21:00 Le petit Monde \u00e0 l&#8217;Envers Bekeek jij als kind de wonderlijke wereld wel eens voorovergebogen tussen jouw benen, de wereld op z\u2019n kop? \u2018\u2019A small world upside down\u2019. In dit nieuw project volgen Amandine Beyer en Gli Incogniti Vivaldi in zijn meest grillige gedaante: instrumenten die hun partij ruilen, solo\u2019s die worden [&hellip;]<\/p>\n","protected":false},"author":2,"featured_media":0,"parent":39953,"menu_order":3,"comment_status":"closed","ping_status":"closed","template":"","meta":{"_acf_changed":false,"_themeisle_gutenberg_block_has_review":false,"footnotes":""},"class_list":["post-40079","page","type-page","status-publish","hentry"],"acf":[],"yoast_head":"<!-- This site is optimized with the Yoast SEO plugin v27.2 - https:\/\/yoast.com\/product\/yoast-seo-wordpress\/ -->\n<title>Gli Incogniti - FestiVita!<\/title>\n<meta name=\"robots\" content=\"index, follow, max-snippet:-1, max-image-preview:large, max-video-preview:-1\" \/>\n<link rel=\"canonical\" href=\"https:\/\/festivita.be\/nl\/festivita-2025\/programma-festivita-2025\/gli-incogniti\/\" \/>\n<meta property=\"og:locale\" content=\"nl_NL\" \/>\n<meta property=\"og:type\" content=\"article\" \/>\n<meta property=\"og:title\" content=\"Gli Incogniti - FestiVita!\" \/>\n<meta property=\"og:description\" content=\"Vrijdag 21 februari21:00 Le petit Monde \u00e0 l&#8217;Envers Bekeek jij als kind de wonderlijke wereld wel eens voorovergebogen tussen jouw benen, de wereld op z\u2019n kop? \u2018\u2019A small world upside down\u2019. In dit nieuw project volgen Amandine Beyer en Gli Incogniti Vivaldi in zijn meest grillige gedaante: instrumenten die hun partij ruilen, solo\u2019s die worden [&hellip;]\" \/>\n<meta property=\"og:url\" content=\"https:\/\/festivita.be\/nl\/festivita-2025\/programma-festivita-2025\/gli-incogniti\/\" \/>\n<meta property=\"og:site_name\" content=\"FestiVita!\" \/>\n<meta property=\"article:publisher\" content=\"https:\/\/www.facebook.com\/FestiVita-Brussels-Early-Music-Festival-102508725164674\/about\/?ref=page_internal\" \/>\n<meta property=\"article:modified_time\" content=\"2025-01-10T18:43:12+00:00\" \/>\n<meta property=\"og:image\" content=\"https:\/\/festivita.be\/wp-content\/uploads\/2020\/10\/festivita-2-logo.jpg\" \/>\n\t<meta property=\"og:image:width\" content=\"887\" \/>\n\t<meta property=\"og:image:height\" content=\"400\" \/>\n\t<meta property=\"og:image:type\" content=\"image\/jpeg\" \/>\n<meta name=\"twitter:card\" content=\"summary_large_image\" \/>\n<meta name=\"twitter:label1\" content=\"Geschatte leestijd\" \/>\n\t<meta name=\"twitter:data1\" content=\"8 minuten\" \/>\n<script type=\"application\/ld+json\" class=\"yoast-schema-graph\">{\"@context\":\"https:\/\/schema.org\",\"@graph\":[{\"@type\":\"WebPage\",\"@id\":\"https:\/\/festivita.be\/nl\/festivita-2025\/programma-festivita-2025\/gli-incogniti\/\",\"url\":\"https:\/\/festivita.be\/nl\/festivita-2025\/programma-festivita-2025\/gli-incogniti\/\",\"name\":\"Gli Incogniti - FestiVita!\",\"isPartOf\":{\"@id\":\"https:\/\/festivita.be\/nl\/#website\"},\"datePublished\":\"2024-11-09T21:10:00+00:00\",\"dateModified\":\"2025-01-10T18:43:12+00:00\",\"breadcrumb\":{\"@id\":\"https:\/\/festivita.be\/nl\/festivita-2025\/programma-festivita-2025\/gli-incogniti\/#breadcrumb\"},\"inLanguage\":\"nl-NL\",\"potentialAction\":[{\"@type\":\"ReadAction\",\"target\":[\"https:\/\/festivita.be\/nl\/festivita-2025\/programma-festivita-2025\/gli-incogniti\/\"]}]},{\"@type\":\"BreadcrumbList\",\"@id\":\"https:\/\/festivita.be\/nl\/festivita-2025\/programma-festivita-2025\/gli-incogniti\/#breadcrumb\",\"itemListElement\":[{\"@type\":\"ListItem\",\"position\":1,\"name\":\"Accueil\",\"item\":\"https:\/\/festivita.be\/nl\/\"},{\"@type\":\"ListItem\",\"position\":2,\"name\":\"FESTIVITA! 2025\",\"item\":\"https:\/\/festivita.be\/nl\/festivita-2025\/\"},{\"@type\":\"ListItem\",\"position\":3,\"name\":\"Programma FestiVita! 2025\",\"item\":\"https:\/\/festivita.be\/nl\/festivita-2025\/programma-festivita-2025\/\"},{\"@type\":\"ListItem\",\"position\":4,\"name\":\"Gli Incogniti\"}]},{\"@type\":\"WebSite\",\"@id\":\"https:\/\/festivita.be\/nl\/#website\",\"url\":\"https:\/\/festivita.be\/nl\/\",\"name\":\"FestiVita!\",\"description\":\"Brussels Early Music Festival\",\"publisher\":{\"@id\":\"https:\/\/festivita.be\/nl\/#organization\"},\"potentialAction\":[{\"@type\":\"SearchAction\",\"target\":{\"@type\":\"EntryPoint\",\"urlTemplate\":\"https:\/\/festivita.be\/nl\/?s={search_term_string}\"},\"query-input\":{\"@type\":\"PropertyValueSpecification\",\"valueRequired\":true,\"valueName\":\"search_term_string\"}}],\"inLanguage\":\"nl-NL\"},{\"@type\":\"Organization\",\"@id\":\"https:\/\/festivita.be\/nl\/#organization\",\"name\":\"Festivita\",\"url\":\"https:\/\/festivita.be\/nl\/\",\"logo\":{\"@type\":\"ImageObject\",\"inLanguage\":\"nl-NL\",\"@id\":\"https:\/\/festivita.be\/nl\/#\/schema\/logo\/image\/\",\"url\":\"https:\/\/festivita.be\/wp-content\/uploads\/2020\/10\/festivita-2-logo.jpg\",\"contentUrl\":\"https:\/\/festivita.be\/wp-content\/uploads\/2020\/10\/festivita-2-logo.jpg\",\"width\":887,\"height\":400,\"caption\":\"Festivita\"},\"image\":{\"@id\":\"https:\/\/festivita.be\/nl\/#\/schema\/logo\/image\/\"},\"sameAs\":[\"https:\/\/www.facebook.com\/FestiVita-Brussels-Early-Music-Festival-102508725164674\/about\/?ref=page_internal\",\"https:\/\/www.instagram.com\/festivita_be\/\",\"https:\/\/www.youtube.com\/channel\/UC_hlu4NfyE2QYXIYy-3EiVQ\"]}]}<\/script>\n<!-- \/ Yoast SEO plugin. -->","yoast_head_json":{"title":"Gli Incogniti - FestiVita!","robots":{"index":"index","follow":"follow","max-snippet":"max-snippet:-1","max-image-preview":"max-image-preview:large","max-video-preview":"max-video-preview:-1"},"canonical":"https:\/\/festivita.be\/nl\/festivita-2025\/programma-festivita-2025\/gli-incogniti\/","og_locale":"nl_NL","og_type":"article","og_title":"Gli Incogniti - FestiVita!","og_description":"Vrijdag 21 februari21:00 Le petit Monde \u00e0 l&#8217;Envers Bekeek jij als kind de wonderlijke wereld wel eens voorovergebogen tussen jouw benen, de wereld op z\u2019n kop? \u2018\u2019A small world upside down\u2019. In dit nieuw project volgen Amandine Beyer en Gli Incogniti Vivaldi in zijn meest grillige gedaante: instrumenten die hun partij ruilen, solo\u2019s die worden [&hellip;]","og_url":"https:\/\/festivita.be\/nl\/festivita-2025\/programma-festivita-2025\/gli-incogniti\/","og_site_name":"FestiVita!","article_publisher":"https:\/\/www.facebook.com\/FestiVita-Brussels-Early-Music-Festival-102508725164674\/about\/?ref=page_internal","article_modified_time":"2025-01-10T18:43:12+00:00","og_image":[{"width":887,"height":400,"url":"https:\/\/festivita.be\/wp-content\/uploads\/2020\/10\/festivita-2-logo.jpg","type":"image\/jpeg"}],"twitter_card":"summary_large_image","twitter_misc":{"Geschatte leestijd":"8 minuten"},"schema":{"@context":"https:\/\/schema.org","@graph":[{"@type":"WebPage","@id":"https:\/\/festivita.be\/nl\/festivita-2025\/programma-festivita-2025\/gli-incogniti\/","url":"https:\/\/festivita.be\/nl\/festivita-2025\/programma-festivita-2025\/gli-incogniti\/","name":"Gli Incogniti - FestiVita!","isPartOf":{"@id":"https:\/\/festivita.be\/nl\/#website"},"datePublished":"2024-11-09T21:10:00+00:00","dateModified":"2025-01-10T18:43:12+00:00","breadcrumb":{"@id":"https:\/\/festivita.be\/nl\/festivita-2025\/programma-festivita-2025\/gli-incogniti\/#breadcrumb"},"inLanguage":"nl-NL","potentialAction":[{"@type":"ReadAction","target":["https:\/\/festivita.be\/nl\/festivita-2025\/programma-festivita-2025\/gli-incogniti\/"]}]},{"@type":"BreadcrumbList","@id":"https:\/\/festivita.be\/nl\/festivita-2025\/programma-festivita-2025\/gli-incogniti\/#breadcrumb","itemListElement":[{"@type":"ListItem","position":1,"name":"Accueil","item":"https:\/\/festivita.be\/nl\/"},{"@type":"ListItem","position":2,"name":"FESTIVITA! 2025","item":"https:\/\/festivita.be\/nl\/festivita-2025\/"},{"@type":"ListItem","position":3,"name":"Programma FestiVita! 2025","item":"https:\/\/festivita.be\/nl\/festivita-2025\/programma-festivita-2025\/"},{"@type":"ListItem","position":4,"name":"Gli Incogniti"}]},{"@type":"WebSite","@id":"https:\/\/festivita.be\/nl\/#website","url":"https:\/\/festivita.be\/nl\/","name":"FestiVita!","description":"Brussels Early Music Festival","publisher":{"@id":"https:\/\/festivita.be\/nl\/#organization"},"potentialAction":[{"@type":"SearchAction","target":{"@type":"EntryPoint","urlTemplate":"https:\/\/festivita.be\/nl\/?s={search_term_string}"},"query-input":{"@type":"PropertyValueSpecification","valueRequired":true,"valueName":"search_term_string"}}],"inLanguage":"nl-NL"},{"@type":"Organization","@id":"https:\/\/festivita.be\/nl\/#organization","name":"Festivita","url":"https:\/\/festivita.be\/nl\/","logo":{"@type":"ImageObject","inLanguage":"nl-NL","@id":"https:\/\/festivita.be\/nl\/#\/schema\/logo\/image\/","url":"https:\/\/festivita.be\/wp-content\/uploads\/2020\/10\/festivita-2-logo.jpg","contentUrl":"https:\/\/festivita.be\/wp-content\/uploads\/2020\/10\/festivita-2-logo.jpg","width":887,"height":400,"caption":"Festivita"},"image":{"@id":"https:\/\/festivita.be\/nl\/#\/schema\/logo\/image\/"},"sameAs":["https:\/\/www.facebook.com\/FestiVita-Brussels-Early-Music-Festival-102508725164674\/about\/?ref=page_internal","https:\/\/www.instagram.com\/festivita_be\/","https:\/\/www.youtube.com\/channel\/UC_hlu4NfyE2QYXIYy-3EiVQ"]}]}},"_links":{"self":[{"href":"https:\/\/festivita.be\/nl\/wp-json\/wp\/v2\/pages\/40079","targetHints":{"allow":["GET"]}}],"collection":[{"href":"https:\/\/festivita.be\/nl\/wp-json\/wp\/v2\/pages"}],"about":[{"href":"https:\/\/festivita.be\/nl\/wp-json\/wp\/v2\/types\/page"}],"author":[{"embeddable":true,"href":"https:\/\/festivita.be\/nl\/wp-json\/wp\/v2\/users\/2"}],"replies":[{"embeddable":true,"href":"https:\/\/festivita.be\/nl\/wp-json\/wp\/v2\/comments?post=40079"}],"version-history":[{"count":9,"href":"https:\/\/festivita.be\/nl\/wp-json\/wp\/v2\/pages\/40079\/revisions"}],"predecessor-version":[{"id":40704,"href":"https:\/\/festivita.be\/nl\/wp-json\/wp\/v2\/pages\/40079\/revisions\/40704"}],"up":[{"embeddable":true,"href":"https:\/\/festivita.be\/nl\/wp-json\/wp\/v2\/pages\/39953"}],"wp:attachment":[{"href":"https:\/\/festivita.be\/nl\/wp-json\/wp\/v2\/media?parent=40079"}],"curies":[{"name":"wp","href":"https:\/\/api.w.org\/{rel}","templated":true}]}}