{"id":40111,"date":"2024-11-10T09:11:49","date_gmt":"2024-11-10T08:11:49","guid":{"rendered":"https:\/\/festivita.be\/?page_id=40111"},"modified":"2025-01-10T19:00:30","modified_gmt":"2025-01-10T18:00:30","slug":"odhecaton","status":"publish","type":"page","link":"https:\/\/festivita.be\/nl\/festivita-2025\/programma-festivita-2025\/odhecaton\/","title":{"rendered":"Odhecaton"},"content":{"rendered":"\n<h4 class=\"wp-block-heading has-text-align-center\" id=\"block-408db3a8-3a9e-41ac-9d79-5e57311ab68d\">Zaterdag 22 februari<br>21:00<\/h4>\n\n\n\n<div style=\"height:25px\" aria-hidden=\"true\" class=\"wp-block-spacer\"><\/div>\n\n\n\n<figure class=\"wp-block-image size-large\"><img loading=\"lazy\" decoding=\"async\" width=\"1024\" height=\"678\" src=\"https:\/\/festivita.be\/wp-content\/uploads\/2024\/10\/Odhecaton.-@Odhecaton-Ensemble-jpg-1024x678.jpg\" alt=\"festivita-odhecaton\" class=\"wp-image-39968\" srcset=\"https:\/\/festivita.be\/wp-content\/uploads\/2024\/10\/Odhecaton.-@Odhecaton-Ensemble-jpg-1024x678.jpg 1024w, https:\/\/festivita.be\/wp-content\/uploads\/2024\/10\/Odhecaton.-@Odhecaton-Ensemble-jpg-300x199.jpg 300w, https:\/\/festivita.be\/wp-content\/uploads\/2024\/10\/Odhecaton.-@Odhecaton-Ensemble-jpg-768x509.jpg 768w, https:\/\/festivita.be\/wp-content\/uploads\/2024\/10\/Odhecaton.-@Odhecaton-Ensemble-jpg-1536x1017.jpg 1536w, https:\/\/festivita.be\/wp-content\/uploads\/2024\/10\/Odhecaton.-@Odhecaton-Ensemble-jpg-2048x1356.jpg 2048w\" sizes=\"auto, (max-width: 1024px) 100vw, 1024px\" \/><figcaption class=\"wp-element-caption\">@Odhecaton Ensemble<\/figcaption><\/figure>\n\n\n\n<h4 class=\"wp-block-heading\" id=\"block-42a7329d-2fdc-4b33-83ed-45dc10adcbfb\">Voices from San Marco<\/h4>\n\n\n\n<p>In het Veneti\u00eb van de zestiende eeuw besloten de autoriteiten van de San Marco basiliek dat aan die basiliek \u201cde grootst mogelijke luister\u201d bijgezet moest worden, door de beste zangers en instrumentalisten in dienst te nemen. Als centrum van de burgerlijke en religieuze macht van de \u201cSerenissima Repubblica di Venezia\u201d kreeg de basiliek een uitgebreide muziekkapel als element van representativiteit en prestige, aangezien ze ook dienst deed als kapel van de doge, de hoogste autoriteit van de stad. Giovanni Gabrieli en daarna Claudio Monteverdi, de eerstgenoemde als titulair organist en de laatstgenoemde als kapelmeester, waren verantwoordelijk voor het garanderen van deze luister door middel van hun composities, die altijd neigden naar experimenteren en het luisterrijke. Een aantal van die composities werd geschreven voor twee of meer groepen muzikanten die met elkaar in dialoog gingen, verspreid in de ruimte, in de grote en resonerende San Marco basiliek, zoals in het geval van het motet voor twee koren Hodie completi sunt van Giovanni Gabrieli. De muziekstukken die door Giovanni Gabrieli geschreven zijn, introduceerden verscheidene innovaties, waaronder een chromatische en harmonisch meer gedurfde en verrassende stijl, zoals in het motet \u2018Timor et tremor\u2019, waarin het de bedoeling is dat de stemmen zeer brede, bijna prohibitieve bereiken bestrijken in een harmonisch weefsel rijk aan verontrustende contrasten, bestaande uit dissonanten en vertragingen. Claudio Monteverdi kwam in oktober 1613 in Veneti\u00eb aan, nadat hij door de procuratoren van San Marco aangezocht was om de muziekkapel van de basiliek te leiden na zijn ontslag aan het hof van de Gonzaga\u2019s in Mantua. Zijn leven en werk omvatte de bezoldigde uitoefening van zijn taken in de San Marco basiliek, waar zijn talenten als geleerde contrapuntist naar voren kwamen, en het stimulerende terrein van madrigalist en theaterproductie. Op beide gebieden is hij erin geslaagd een po\u00ebtische wereld om te zetten in muziek, die van de \u201caffetti\u201d, waar het gesproken woord \u201cde meester van de harmonie werd en niet haar slaaf\u201d.<br><\/p>\n\n\n\n<p class=\"has-text-align-right\"><strong>Alessandro Carmignani,<\/strong> countertenor<br><strong>Guilhem Terrail,<\/strong> countertenor<br><strong>Gianluigi Ghiringhelli,<\/strong> countertenor<br><strong>Oscar Gordon Lee,<\/strong> countertenor<br><strong>Vincenzo Di Donato,<\/strong> tenor<br><strong>Roberto Rilievi,<\/strong> tenor <br><strong>Marcello Vargetto,<\/strong> bas <br><strong>Enrico Bava,<\/strong> bas<br><strong>Marc Vanscheeuwijck,<\/strong> viola <br><strong>Giulio De Nardo,<\/strong> orgel<br><strong>Paolo Da Col,<\/strong> leiding<\/p>\n\n\n\n<div style=\"height:10px\" aria-hidden=\"true\" class=\"wp-block-spacer\"><\/div>\n\n\n\n<div style=\"height:25px\" aria-hidden=\"true\" class=\"wp-block-spacer\"><\/div>\n\n\n\n<figure class=\"wp-block-embed is-type-video is-provider-youtube wp-block-embed-youtube wp-embed-aspect-16-9 wp-has-aspect-ratio\"><div class=\"wp-block-embed__wrapper\">\n<iframe loading=\"lazy\" title=\"ODHECATON dir. Paolo da Col : Claudio Monteverdi : Salve Regina (World Premiere Recording) (HD)\" width=\"640\" height=\"360\" src=\"https:\/\/www.youtube.com\/embed\/qeRPX-CQmnc?feature=oembed\" frameborder=\"0\" allow=\"accelerometer; autoplay; clipboard-write; encrypted-media; gyroscope; picture-in-picture; web-share\" referrerpolicy=\"strict-origin-when-cross-origin\" allowfullscreen><\/iframe>\n<\/div><\/figure>\n\n\n\n<div style=\"height:10px\" aria-hidden=\"true\" class=\"wp-block-spacer\"><\/div>\n\n\n\n<div style=\"height:25px\" aria-hidden=\"true\" class=\"wp-block-spacer\"><\/div>\n\n\n\n<h4 class=\"wp-block-heading\" id=\"block-34f588fb-1261-48f9-8682-f29b611f11c9\">Odhecaton<\/h4>\n\n\n\n<p>Sinds zijn oprichting in 1998 heeft het ensemble Odhecaton enkele van de meest prestigieuze opnameprijzen ontvangen en is het door de vakpers erkend als pionier van een nieuwe interpretatieve benadering van polyfone uitvoeringen. De naam van dit vocaal ensemble is afgeleid van de Harmonice Musices Odhecaton, het eerste gedrukte boek met polyfone muziek (Veneti\u00eb, O. Petrucci 1501). Het repertoire dat dit ensemble het liefste brengt, bestrijkt de Europese muziekproductie van de vijftiende tot de achttiende eeuw. Odhecaton omvat enkele van de meest gerenommeerde mannenstemmen van Itali\u00eb, gespecialiseerd in de uitvoering van renaissance- en preklassieke muziek, onder leiding van Paolo Da Col. Het ensemble heeft een vijftiental cd&#8217;s opgenomen, gewijd aan respectievelijk de werken van Gombert, Isaac, Josquin en Pe\u00f1alosa, de meesters van Picardi\u00eb, Spaanse en Portugese componisten die in de zeventiende eeuw actief waren op de Canarische Eilanden, Palestrina, Monteverdi, Carlo Gesualdo, Orlando di Lasso, Alessandro Scarlatti en Loyset Comp\u00e8re. Met deze programma&#8217;s wordt Odhecaton uitgenodigd voor de belangrijkste festivals in Europa en Amerika en heeft het de hoogste discografische onderscheidingen ontvangen: Grand prix international de l&#8217;Acad\u00e9mie du disque lyrique, 2 diapason d&#8217;or de l&#8217;ann\u00e9e, 5 diapason (Diapason), choc (Classica), plaat van de maand (Amadeus), cd van het jaar (Goldberg), Editor&#8217;s choice (Gramophone). De afgelopen jaren heeft Odhecaton een groot deel van zijn werk gewijd aan de interpretatie van de gewijde muziek van Claudio Monteverdi en het hedendaags repertoire (De Stefani, Sciarrino, Scelsi, P\u00e4rt, Rihm en de Pablo). Voor de festiviteiten rond Monteverdi in 2017 heeft Odhecaton deelgenomen aan de productie van de documentaire \u201cMonteverdi, aux sources de l&#8217;Op\u00e9ra\u201d van het televisiestation ARTE, geregisseerd door Philippe B\u00e9ziat. In 2018 heeft Odhecaton van de Italiaanse vakpers de Abbiati-prijs gekregen voor zijn uitvoeringen die door de jury omschreven werden als \u201ceen paradigma van stijl, expressieve duidelijkheid en versterking van de klankruimtes waarin ze resoneren\u201d. In 2021 bracht het ensemble de cd \u201cGiosquino. Josquin Desprez in Italia\u201d (Arcana Outhere) uit in samenwerking met het ensemble The Gesualdo Six, La Pifarescha en La Reverdie, ter gelegenheid van de vijfhonderdste sterfdag van de componist. Het album is bekroond met de prestigieuze Diapason d&#8217;Or en stond op de shortlist van de Gramophone Awards 2022. In 2023 is de cd &#8216;Sabbato Sancto. Lamentationes et Responsoria\u201d van Paolo Aretino (Arcana Outhere) uitgebracht waarvoor zij in oktober 2023 nogmaals een Diapason d&#8217;Or gekregen hebben.<\/p>\n\n\n\n<div style=\"height:25px\" aria-hidden=\"true\" class=\"wp-block-spacer\"><\/div>\n\n\n<div class=\"wp-block-image\">\n<figure class=\"aligncenter size-large is-resized\"><img loading=\"lazy\" decoding=\"async\" width=\"576\" height=\"1024\" src=\"https:\/\/festivita.be\/wp-content\/uploads\/2024\/10\/Paolo-Da-Col-@-Fabio-Fiandrini-1-576x1024.jpg\" alt=\"\" class=\"wp-image-40113\" style=\"width:363px;height:auto\" srcset=\"https:\/\/festivita.be\/wp-content\/uploads\/2024\/10\/Paolo-Da-Col-@-Fabio-Fiandrini-1-576x1024.jpg 576w, https:\/\/festivita.be\/wp-content\/uploads\/2024\/10\/Paolo-Da-Col-@-Fabio-Fiandrini-1-169x300.jpg 169w, https:\/\/festivita.be\/wp-content\/uploads\/2024\/10\/Paolo-Da-Col-@-Fabio-Fiandrini-1-768x1365.jpg 768w, https:\/\/festivita.be\/wp-content\/uploads\/2024\/10\/Paolo-Da-Col-@-Fabio-Fiandrini-1-864x1536.jpg 864w, https:\/\/festivita.be\/wp-content\/uploads\/2024\/10\/Paolo-Da-Col-@-Fabio-Fiandrini-1-1152x2048.jpg 1152w, https:\/\/festivita.be\/wp-content\/uploads\/2024\/10\/Paolo-Da-Col-@-Fabio-Fiandrini-1-scaled.jpg 1440w\" sizes=\"auto, (max-width: 576px) 100vw, 576px\" \/><figcaption class=\"wp-element-caption\">\u00a9Fabio Fiandrini<\/figcaption><\/figure><\/div>\n\n\n<h4 class=\"wp-block-heading\">Paolo da Col<\/h4>\n\n\n\n<p>Paolo Da Col studeerde muziek aan het conservatorium van Bologna en musicologie aan de universiteit van Veneti\u00eb en het Centre d&#8217;\u00c9tudes Sup\u00e9rieures de la Renaissance in Tours. Van kindsbeen af ging zijn belangstelling uit naar het repertoire van renaissance- en preklassieke muziek, waarbij hij voortdurend onderzoek en uitvoering combineerde. Hij heeft gedurende meer dan twintig jaar deel uitgemaakt van vele Italiaanse vocale ensembles. Hij is bibliothecaris aan het conservatorium van Veneti\u00eb. Sinds 1998 leidt hij het vocaal ensemble Odhecaton. Hij heeft samen met Luigi Ferdinando Tagliavini aan het hoofd gestaan van het tijdschrift L&#8217;Organo en hij heeft als muziekcriticus gewerkt voor verscheidene gespecialiseerde tijdschriften. Hij heeft de muziekcatalogus opgesteld van uitgever Arnaldo Forni uit Bologna, hij geeft partituren uit van instrumentale en vocale muziek en is auteur van catalogi van muziekverzamelingen en essays over de geschiedenis van vocale muziek. Hij werkt mee aan de kritische editie van de werken van C. Gesualdo da Venosa en G. Tartini.<br><\/p>\n\n\n\n<p><a href=\"https:\/\/festivita.be\/nl\/festivita-2025\/ticket-prices\/\"><strong>Tarieven: <\/strong><br>Voorverkoop: 35\u20ac\/25\u20ac\/20\u20ac\/10\u20ac\/5\u20ac<br>Verkoop: 40\u20ac\/30\u20ac\/25\u20ac\/10\u20ac\/5\u20ac<\/a><\/p>\n","protected":false},"excerpt":{"rendered":"<p>Zaterdag 22 februari21:00 Voices from San Marco In het Veneti\u00eb van de zestiende eeuw besloten de autoriteiten van de San Marco basiliek dat aan die basiliek \u201cde grootst mogelijke luister\u201d bijgezet moest worden, door de beste zangers en instrumentalisten in dienst te nemen. Als centrum van de burgerlijke en religieuze macht van de \u201cSerenissima Repubblica [&hellip;]<\/p>\n","protected":false},"author":2,"featured_media":0,"parent":39953,"menu_order":3,"comment_status":"closed","ping_status":"closed","template":"","meta":{"_acf_changed":false,"_themeisle_gutenberg_block_has_review":false,"footnotes":""},"class_list":["post-40111","page","type-page","status-publish","hentry"],"acf":[],"yoast_head":"<!-- This site is optimized with the Yoast SEO plugin v27.2 - https:\/\/yoast.com\/product\/yoast-seo-wordpress\/ -->\n<title>Odhecaton - FestiVita!<\/title>\n<meta name=\"robots\" content=\"index, follow, max-snippet:-1, max-image-preview:large, max-video-preview:-1\" \/>\n<link rel=\"canonical\" href=\"https:\/\/festivita.be\/nl\/festivita-2025\/programma-festivita-2025\/odhecaton\/\" \/>\n<meta property=\"og:locale\" content=\"nl_NL\" \/>\n<meta property=\"og:type\" content=\"article\" \/>\n<meta property=\"og:title\" content=\"Odhecaton - FestiVita!\" \/>\n<meta property=\"og:description\" content=\"Zaterdag 22 februari21:00 Voices from San Marco In het Veneti\u00eb van de zestiende eeuw besloten de autoriteiten van de San Marco basiliek dat aan die basiliek \u201cde grootst mogelijke luister\u201d bijgezet moest worden, door de beste zangers en instrumentalisten in dienst te nemen. Als centrum van de burgerlijke en religieuze macht van de \u201cSerenissima Repubblica [&hellip;]\" \/>\n<meta property=\"og:url\" content=\"https:\/\/festivita.be\/nl\/festivita-2025\/programma-festivita-2025\/odhecaton\/\" \/>\n<meta property=\"og:site_name\" content=\"FestiVita!\" \/>\n<meta property=\"article:publisher\" content=\"https:\/\/www.facebook.com\/FestiVita-Brussels-Early-Music-Festival-102508725164674\/about\/?ref=page_internal\" \/>\n<meta property=\"article:modified_time\" content=\"2025-01-10T18:00:30+00:00\" \/>\n<meta property=\"og:image\" content=\"https:\/\/festivita.be\/wp-content\/uploads\/2024\/10\/Odhecaton.-@Odhecaton-Ensemble-jpg-scaled.jpg\" \/>\n\t<meta property=\"og:image:width\" content=\"2560\" \/>\n\t<meta property=\"og:image:height\" content=\"1695\" \/>\n\t<meta property=\"og:image:type\" content=\"image\/jpeg\" \/>\n<meta name=\"twitter:card\" content=\"summary_large_image\" \/>\n<meta name=\"twitter:label1\" content=\"Geschatte leestijd\" \/>\n\t<meta name=\"twitter:data1\" content=\"6 minuten\" \/>\n<script type=\"application\/ld+json\" class=\"yoast-schema-graph\">{\"@context\":\"https:\/\/schema.org\",\"@graph\":[{\"@type\":\"WebPage\",\"@id\":\"https:\/\/festivita.be\/nl\/festivita-2025\/programma-festivita-2025\/odhecaton\/\",\"url\":\"https:\/\/festivita.be\/nl\/festivita-2025\/programma-festivita-2025\/odhecaton\/\",\"name\":\"Odhecaton - FestiVita!\",\"isPartOf\":{\"@id\":\"https:\/\/festivita.be\/nl\/#website\"},\"primaryImageOfPage\":{\"@id\":\"https:\/\/festivita.be\/nl\/festivita-2025\/programma-festivita-2025\/odhecaton\/#primaryimage\"},\"image\":{\"@id\":\"https:\/\/festivita.be\/nl\/festivita-2025\/programma-festivita-2025\/odhecaton\/#primaryimage\"},\"thumbnailUrl\":\"https:\/\/festivita.be\/wp-content\/uploads\/2024\/10\/Odhecaton.-@Odhecaton-Ensemble-jpg-1024x678.jpg\",\"datePublished\":\"2024-11-10T08:11:49+00:00\",\"dateModified\":\"2025-01-10T18:00:30+00:00\",\"breadcrumb\":{\"@id\":\"https:\/\/festivita.be\/nl\/festivita-2025\/programma-festivita-2025\/odhecaton\/#breadcrumb\"},\"inLanguage\":\"nl-NL\",\"potentialAction\":[{\"@type\":\"ReadAction\",\"target\":[\"https:\/\/festivita.be\/nl\/festivita-2025\/programma-festivita-2025\/odhecaton\/\"]}]},{\"@type\":\"ImageObject\",\"inLanguage\":\"nl-NL\",\"@id\":\"https:\/\/festivita.be\/nl\/festivita-2025\/programma-festivita-2025\/odhecaton\/#primaryimage\",\"url\":\"https:\/\/festivita.be\/wp-content\/uploads\/2024\/10\/Odhecaton.-@Odhecaton-Ensemble-jpg-1024x678.jpg\",\"contentUrl\":\"https:\/\/festivita.be\/wp-content\/uploads\/2024\/10\/Odhecaton.-@Odhecaton-Ensemble-jpg-1024x678.jpg\"},{\"@type\":\"BreadcrumbList\",\"@id\":\"https:\/\/festivita.be\/nl\/festivita-2025\/programma-festivita-2025\/odhecaton\/#breadcrumb\",\"itemListElement\":[{\"@type\":\"ListItem\",\"position\":1,\"name\":\"Accueil\",\"item\":\"https:\/\/festivita.be\/nl\/\"},{\"@type\":\"ListItem\",\"position\":2,\"name\":\"FESTIVITA! 2025\",\"item\":\"https:\/\/festivita.be\/nl\/festivita-2025\/\"},{\"@type\":\"ListItem\",\"position\":3,\"name\":\"Programma FestiVita! 2025\",\"item\":\"https:\/\/festivita.be\/nl\/festivita-2025\/programma-festivita-2025\/\"},{\"@type\":\"ListItem\",\"position\":4,\"name\":\"Odhecaton\"}]},{\"@type\":\"WebSite\",\"@id\":\"https:\/\/festivita.be\/nl\/#website\",\"url\":\"https:\/\/festivita.be\/nl\/\",\"name\":\"FestiVita!\",\"description\":\"Brussels Early Music Festival\",\"publisher\":{\"@id\":\"https:\/\/festivita.be\/nl\/#organization\"},\"potentialAction\":[{\"@type\":\"SearchAction\",\"target\":{\"@type\":\"EntryPoint\",\"urlTemplate\":\"https:\/\/festivita.be\/nl\/?s={search_term_string}\"},\"query-input\":{\"@type\":\"PropertyValueSpecification\",\"valueRequired\":true,\"valueName\":\"search_term_string\"}}],\"inLanguage\":\"nl-NL\"},{\"@type\":\"Organization\",\"@id\":\"https:\/\/festivita.be\/nl\/#organization\",\"name\":\"Festivita\",\"url\":\"https:\/\/festivita.be\/nl\/\",\"logo\":{\"@type\":\"ImageObject\",\"inLanguage\":\"nl-NL\",\"@id\":\"https:\/\/festivita.be\/nl\/#\/schema\/logo\/image\/\",\"url\":\"https:\/\/festivita.be\/wp-content\/uploads\/2020\/10\/festivita-2-logo.jpg\",\"contentUrl\":\"https:\/\/festivita.be\/wp-content\/uploads\/2020\/10\/festivita-2-logo.jpg\",\"width\":887,\"height\":400,\"caption\":\"Festivita\"},\"image\":{\"@id\":\"https:\/\/festivita.be\/nl\/#\/schema\/logo\/image\/\"},\"sameAs\":[\"https:\/\/www.facebook.com\/FestiVita-Brussels-Early-Music-Festival-102508725164674\/about\/?ref=page_internal\",\"https:\/\/www.instagram.com\/festivita_be\/\",\"https:\/\/www.youtube.com\/channel\/UC_hlu4NfyE2QYXIYy-3EiVQ\"]}]}<\/script>\n<!-- \/ Yoast SEO plugin. -->","yoast_head_json":{"title":"Odhecaton - FestiVita!","robots":{"index":"index","follow":"follow","max-snippet":"max-snippet:-1","max-image-preview":"max-image-preview:large","max-video-preview":"max-video-preview:-1"},"canonical":"https:\/\/festivita.be\/nl\/festivita-2025\/programma-festivita-2025\/odhecaton\/","og_locale":"nl_NL","og_type":"article","og_title":"Odhecaton - FestiVita!","og_description":"Zaterdag 22 februari21:00 Voices from San Marco In het Veneti\u00eb van de zestiende eeuw besloten de autoriteiten van de San Marco basiliek dat aan die basiliek \u201cde grootst mogelijke luister\u201d bijgezet moest worden, door de beste zangers en instrumentalisten in dienst te nemen. Als centrum van de burgerlijke en religieuze macht van de \u201cSerenissima Repubblica [&hellip;]","og_url":"https:\/\/festivita.be\/nl\/festivita-2025\/programma-festivita-2025\/odhecaton\/","og_site_name":"FestiVita!","article_publisher":"https:\/\/www.facebook.com\/FestiVita-Brussels-Early-Music-Festival-102508725164674\/about\/?ref=page_internal","article_modified_time":"2025-01-10T18:00:30+00:00","og_image":[{"width":2560,"height":1695,"url":"https:\/\/festivita.be\/wp-content\/uploads\/2024\/10\/Odhecaton.-@Odhecaton-Ensemble-jpg-scaled.jpg","type":"image\/jpeg"}],"twitter_card":"summary_large_image","twitter_misc":{"Geschatte leestijd":"6 minuten"},"schema":{"@context":"https:\/\/schema.org","@graph":[{"@type":"WebPage","@id":"https:\/\/festivita.be\/nl\/festivita-2025\/programma-festivita-2025\/odhecaton\/","url":"https:\/\/festivita.be\/nl\/festivita-2025\/programma-festivita-2025\/odhecaton\/","name":"Odhecaton - FestiVita!","isPartOf":{"@id":"https:\/\/festivita.be\/nl\/#website"},"primaryImageOfPage":{"@id":"https:\/\/festivita.be\/nl\/festivita-2025\/programma-festivita-2025\/odhecaton\/#primaryimage"},"image":{"@id":"https:\/\/festivita.be\/nl\/festivita-2025\/programma-festivita-2025\/odhecaton\/#primaryimage"},"thumbnailUrl":"https:\/\/festivita.be\/wp-content\/uploads\/2024\/10\/Odhecaton.-@Odhecaton-Ensemble-jpg-1024x678.jpg","datePublished":"2024-11-10T08:11:49+00:00","dateModified":"2025-01-10T18:00:30+00:00","breadcrumb":{"@id":"https:\/\/festivita.be\/nl\/festivita-2025\/programma-festivita-2025\/odhecaton\/#breadcrumb"},"inLanguage":"nl-NL","potentialAction":[{"@type":"ReadAction","target":["https:\/\/festivita.be\/nl\/festivita-2025\/programma-festivita-2025\/odhecaton\/"]}]},{"@type":"ImageObject","inLanguage":"nl-NL","@id":"https:\/\/festivita.be\/nl\/festivita-2025\/programma-festivita-2025\/odhecaton\/#primaryimage","url":"https:\/\/festivita.be\/wp-content\/uploads\/2024\/10\/Odhecaton.-@Odhecaton-Ensemble-jpg-1024x678.jpg","contentUrl":"https:\/\/festivita.be\/wp-content\/uploads\/2024\/10\/Odhecaton.-@Odhecaton-Ensemble-jpg-1024x678.jpg"},{"@type":"BreadcrumbList","@id":"https:\/\/festivita.be\/nl\/festivita-2025\/programma-festivita-2025\/odhecaton\/#breadcrumb","itemListElement":[{"@type":"ListItem","position":1,"name":"Accueil","item":"https:\/\/festivita.be\/nl\/"},{"@type":"ListItem","position":2,"name":"FESTIVITA! 2025","item":"https:\/\/festivita.be\/nl\/festivita-2025\/"},{"@type":"ListItem","position":3,"name":"Programma FestiVita! 2025","item":"https:\/\/festivita.be\/nl\/festivita-2025\/programma-festivita-2025\/"},{"@type":"ListItem","position":4,"name":"Odhecaton"}]},{"@type":"WebSite","@id":"https:\/\/festivita.be\/nl\/#website","url":"https:\/\/festivita.be\/nl\/","name":"FestiVita!","description":"Brussels Early Music Festival","publisher":{"@id":"https:\/\/festivita.be\/nl\/#organization"},"potentialAction":[{"@type":"SearchAction","target":{"@type":"EntryPoint","urlTemplate":"https:\/\/festivita.be\/nl\/?s={search_term_string}"},"query-input":{"@type":"PropertyValueSpecification","valueRequired":true,"valueName":"search_term_string"}}],"inLanguage":"nl-NL"},{"@type":"Organization","@id":"https:\/\/festivita.be\/nl\/#organization","name":"Festivita","url":"https:\/\/festivita.be\/nl\/","logo":{"@type":"ImageObject","inLanguage":"nl-NL","@id":"https:\/\/festivita.be\/nl\/#\/schema\/logo\/image\/","url":"https:\/\/festivita.be\/wp-content\/uploads\/2020\/10\/festivita-2-logo.jpg","contentUrl":"https:\/\/festivita.be\/wp-content\/uploads\/2020\/10\/festivita-2-logo.jpg","width":887,"height":400,"caption":"Festivita"},"image":{"@id":"https:\/\/festivita.be\/nl\/#\/schema\/logo\/image\/"},"sameAs":["https:\/\/www.facebook.com\/FestiVita-Brussels-Early-Music-Festival-102508725164674\/about\/?ref=page_internal","https:\/\/www.instagram.com\/festivita_be\/","https:\/\/www.youtube.com\/channel\/UC_hlu4NfyE2QYXIYy-3EiVQ"]}]}},"_links":{"self":[{"href":"https:\/\/festivita.be\/nl\/wp-json\/wp\/v2\/pages\/40111","targetHints":{"allow":["GET"]}}],"collection":[{"href":"https:\/\/festivita.be\/nl\/wp-json\/wp\/v2\/pages"}],"about":[{"href":"https:\/\/festivita.be\/nl\/wp-json\/wp\/v2\/types\/page"}],"author":[{"embeddable":true,"href":"https:\/\/festivita.be\/nl\/wp-json\/wp\/v2\/users\/2"}],"replies":[{"embeddable":true,"href":"https:\/\/festivita.be\/nl\/wp-json\/wp\/v2\/comments?post=40111"}],"version-history":[{"count":6,"href":"https:\/\/festivita.be\/nl\/wp-json\/wp\/v2\/pages\/40111\/revisions"}],"predecessor-version":[{"id":40684,"href":"https:\/\/festivita.be\/nl\/wp-json\/wp\/v2\/pages\/40111\/revisions\/40684"}],"up":[{"embeddable":true,"href":"https:\/\/festivita.be\/nl\/wp-json\/wp\/v2\/pages\/39953"}],"wp:attachment":[{"href":"https:\/\/festivita.be\/nl\/wp-json\/wp\/v2\/media?parent=40111"}],"curies":[{"name":"wp","href":"https:\/\/api.w.org\/{rel}","templated":true}]}}