{"id":40155,"date":"2024-11-10T09:41:22","date_gmt":"2024-11-10T08:41:22","guid":{"rendered":"https:\/\/festivita.be\/?page_id=40155"},"modified":"2024-11-10T09:41:23","modified_gmt":"2024-11-10T08:41:23","slug":"scherzi-musicali","status":"publish","type":"page","link":"https:\/\/festivita.be\/nl\/festivita-2025\/programma-festivita-2025\/scherzi-musicali\/","title":{"rendered":"Scherzi Musicali"},"content":{"rendered":"\n<h4 class=\"wp-block-heading has-text-align-center\" id=\"block-408db3a8-3a9e-41ac-9d79-5e57311ab68d\">Zondag 23 februari<br>17:00<\/h4>\n\n\n\n<div style=\"height:25px\" aria-hidden=\"true\" class=\"wp-block-spacer\"><\/div>\n\n\n<div class=\"wp-block-image\">\n<figure class=\"aligncenter size-large\"><img loading=\"lazy\" decoding=\"async\" width=\"683\" height=\"1024\" src=\"https:\/\/festivita.be\/wp-content\/uploads\/2024\/10\/Scherzi-Musicali-2024-\u00a9-Fille-Roelants-683x1024.jpg\" alt=\"festivita-scherzi\" class=\"wp-image-39976\" srcset=\"https:\/\/festivita.be\/wp-content\/uploads\/2024\/10\/Scherzi-Musicali-2024-\u00a9-Fille-Roelants-683x1024.jpg 683w, https:\/\/festivita.be\/wp-content\/uploads\/2024\/10\/Scherzi-Musicali-2024-\u00a9-Fille-Roelants-200x300.jpg 200w, https:\/\/festivita.be\/wp-content\/uploads\/2024\/10\/Scherzi-Musicali-2024-\u00a9-Fille-Roelants-768x1151.jpg 768w, https:\/\/festivita.be\/wp-content\/uploads\/2024\/10\/Scherzi-Musicali-2024-\u00a9-Fille-Roelants-1025x1536.jpg 1025w, https:\/\/festivita.be\/wp-content\/uploads\/2024\/10\/Scherzi-Musicali-2024-\u00a9-Fille-Roelants.jpg 1366w\" sizes=\"auto, (max-width: 683px) 100vw, 683px\" \/><figcaption class=\"wp-element-caption\">\u00a9Roelants<br><\/figcaption><\/figure><\/div>\n\n\n<h4 class=\"wp-block-heading\" id=\"block-42a7329d-2fdc-4b33-83ed-45dc10adcbfb\">Combattimenti !<\/h4>\n\n\n\n<p>Te wapen! Of het nu gaat om twee vijandelijke krijgers die elkaar bestrijden, of een ridder die een prinses bevrijdt uit de klauwen van een zeemonster, deze gevechten benadrukken het heldendom van de mannelijke hoofdpersoon. Toch worden deze helden snel misleid in hun strijd: de een doodt degene van wie hij houdt zonder het te weten, de ander is overstuur als de schoonheid zich onzichtbaar maakt en voor hem vlucht. Dus terwijl we het over vechten hebben, is het echte probleem de liefde. Een tweeluik waarin Monteverdi&#8217;s emblematische Combattimento op Angelica de Sances&#8217; L&#8217;infortunio respondeert, maar ook een alternatief epiloog voor Sigimondo d&#8217;India&#8217;s Combattimento.<br><\/p>\n\n\n\n<p class=\"has-text-align-right\"><strong>Nicolas Achten<\/strong>, bariton (Testo), theorbo, leiding<br><strong>Wei-Lian Huang<\/strong>, sopraan (Clorinda, Angelica)<br><strong>Emanuele Petracco<\/strong>, tenor (Tancredi, Ruggero)<br><strong>Sojeong Im<\/strong>, sopraan*<br><strong>Bianca Alves<\/strong>, alt*<br><strong>Lucas Bedecarrax<\/strong>, bariton*<br><strong>Andr\u00e9s Soler<\/strong>, bas<br><strong>Ann Cnop<\/strong>, viool 1<br><strong>F\u00e9lix Verry<\/strong>, viool 2<br><strong>Beno\u00eet Douchy<\/strong>, t\u00e9nor de violon<br><strong>Valentin Bajou<\/strong>, basse de violon<br><strong>Cl\u00e9mence Schiltz<\/strong>, violone<br><strong>Vasco Pereira<\/strong>, klavecimbel<br><strong>Fran\u00e7ois Dambois<\/strong>, theorbo en gitaar<br><strong>Lies Wyers<\/strong>, lirone<br><strong>Jean-Marc Am\u00e9<\/strong>, mise en espace<\/p>\n\n\n\n<p class=\"has-text-align-right\"><em>*Leerlingen van het Conservatoire royal de Bruxelles<\/em><\/p>\n\n\n\n<div style=\"height:10px\" aria-hidden=\"true\" class=\"wp-block-spacer\"><\/div>\n\n\n\n<div style=\"height:25px\" aria-hidden=\"true\" class=\"wp-block-spacer\"><\/div>\n\n\n\n<figure class=\"wp-block-embed is-type-video is-provider-youtube wp-block-embed-youtube wp-embed-aspect-16-9 wp-has-aspect-ratio\"><div class=\"wp-block-embed__wrapper\">\n<iframe loading=\"lazy\" title=\"C. Monteverdi \u2014 Ahi Vista troppo dolce (l&#039;Orfeo) | Scherzi Musicali\" width=\"640\" height=\"360\" src=\"https:\/\/www.youtube.com\/embed\/GK8luw9vyU0?feature=oembed\" frameborder=\"0\" allow=\"accelerometer; autoplay; clipboard-write; encrypted-media; gyroscope; picture-in-picture; web-share\" referrerpolicy=\"strict-origin-when-cross-origin\" allowfullscreen><\/iframe>\n<\/div><\/figure>\n\n\n\n<div style=\"height:10px\" aria-hidden=\"true\" class=\"wp-block-spacer\"><\/div>\n\n\n\n<div style=\"height:25px\" aria-hidden=\"true\" class=\"wp-block-spacer\"><\/div>\n\n\n\n<h4 class=\"wp-block-heading\" id=\"block-34f588fb-1261-48f9-8682-f29b611f11c9\">Scherzi Musicali<\/h4>\n\n\n\n<p>In de ruim vijftien jaar van zijn bestaan is het Belgische collectief Scherzi Musicali uitgegroeid tot een belangrijk ensemble in de wereld van de oude muziek, bekend om zijn werk aan de repertoires van de zeventiende en achttiende eeuw, die het met onstilbaar plezier verkent. Scherzi Musicali wil de muziek met dezelfde objectiviteit benaderen, of het nu gaat om herontdekte muziek of om het grote repertoire, en elk van de parameters van hun interpretatie is het voorwerp van onderzoek en reflectie, op zoek naar de meest geschikte filologische keuzes om elke muziekstijl te benaderen.<\/p>\n\n\n\n<p>Het ensemble bestaat uit drie tot meer dan veertig musici en is gecentreerd rond zijn oprichter en artistiek leider, Nicolas Achten (\u00b01985), die zingt terwijl hij zichzelf begeleidt op de luit of theorbe, harp of klavecimbel. Hij wordt omringd door een groep jonge zangers en instrumentalisten met wie hij concert na concert een klankidentiteit ontwikkelt op basis van basso continuo instrumenten en hun interactie met de retoriek van het zingen.<\/p>\n\n\n\n<p>Scherzi Musicali treedt op in heel Europa: Festival de Wallonie, Festival van Vlaanderen, De Bijloke, De Singel, Concertgebouw Brugge, Amuz, Bozar, Automne Musical de Spa, Festival Oude Muziek Utrecht, Operadagen Rotterdam, Ferrara Musica, Amici Della Musica di Padova, the Venetian Festival of Baroque Music, Tage Alter Musik Herne, Musikfestspiele Potsdam, RheinVokal, Musikverein Wien, K\u00f6lner Philharmonie, Itin\u00e9raire Baroque en P\u00e9rigord Vert, Embaroquement Imm\u00e9diat, Festival d\u2019Ambronay, Kuhmo Chamber Music Festival, Barokkfest Trondheim, La Fenice, enz.<\/p>\n\n\n\n<p>Bewust van haar educatieve missie werkt Scherzi Musicali regelmatig samen met de &#8220;Jeunesses Musicales&#8221; om jong publiek kennis te laten maken met oude muziek.<\/p>\n\n\n\n<p>De discografie van Scherzi Musicali omvat tot op heden dertien opnames, waarvan elf wereldpremi\u00e8res: &#8220;L&#8217;Euridice&#8221; &#8211; Giulio Caccini (2008), &#8220;Dulcis Amor Iesu&#8221; &#8211; motetten van Giovanni Felice Sances (2009), twee bundels &#8220;Petits Motets&#8221; &#8211; Joseph Hector Fiocco (2009 &amp; 2017), &#8220;La Catena d&#8217;Adone&#8221; &#8211; Domenico Mazzocchi (2010), &#8220;How pleasant &#8217;tis to Love&#8221; &#8211; liederen van Henry Purcell (2012), &#8220;Il Pianto d&#8217;Orfeo&#8221; &#8211; Monteverdi, Caccini, Peri&#8230; (2013) en &#8220;La Maddalena&#8221;, oratorium van Antonio Bertali (2016), &#8220;Dialoghi Amorosi&#8221;- Sances (2017) -, &#8220;O Penosa Lontananza&#8221; &#8211; ongepubliceerde cantates van Alessandro Scarlatti (2018), &#8220;O Splendida Dies &#8211; motetten van Giovanni Paolo Colonna (2019), en &#8220;Motets&#8221; &#8211; Jean-No\u00ebl Hamal (2021). Hun laatste opus is gewijd aan de \u201cLe\u00e7ons de t\u00e9n\u00e8bres\u201d van Charles-Joseph Van Helmont (2023) en in 2024 komt het dubbelalbum &#8220;Il Concerto Caccini&#8221; uit. Deze albums zijn uitgegeven door Alpha, Deutsche Harmonia Mundi\/Sony, Musique en Wallonie en Ricercar, voor wie het ensemble nu exclusief opneemt.<\/p>\n\n\n\n<p>Elk van hun opnamen is door de internationale pers enthousiast ontvangen: Diapason d&#8217;or, Diapason d\u00e9couverte, Choc (Classica), Joker (Crescendo magazine), Octaves de la Musique, La Clef (ResMusica), Prelude Classics Award, 4 sterren (Monde de la musique), Muse d&#8217;Or &amp; Muse du mois (Muse baroque), Golden Ring (Classic Info), Outstanding (International Record Review), Pix C\u00e6cilia, enz.<\/p>\n\n\n\n<p>Op het filmdoek is Scherzi Musicali te zien in de reportage &#8220;Monteverdi, aux sources de l&#8217;op\u00e9ra&#8221; van Philippe B\u00e9ziat (Arte, 2017), of in de film &#8220;\u00c0 l&#8217;ombre des filles&#8221; van \u00c9tienne Comar (release in 2022).<\/p>\n\n\n\n<p>Scherzi Musicali wordt ondersteund door de F\u00e9d\u00e9ration Wallonie-Bruxelles (Direction g\u00e9n\u00e9rale de la Culture, Service de la Musique) en is &#8220;artist in residence&#8221; in het Koninklijk Museum Voor Schone Kunsten Antwerpen.<\/p>\n\n\n\n<div style=\"height:25px\" aria-hidden=\"true\" class=\"wp-block-spacer\"><\/div>\n\n\n<div class=\"wp-block-image\">\n<figure class=\"aligncenter size-large is-resized\"><img loading=\"lazy\" decoding=\"async\" width=\"1024\" height=\"683\" src=\"https:\/\/festivita.be\/wp-content\/uploads\/2024\/10\/KMSKA-Nicolas-Achten-\u00a9-Fille-Roelants-3-1-1024x683.jpg\" alt=\"festivita-nicolas-achten\" class=\"wp-image-40157\" style=\"width:726px;height:auto\" srcset=\"https:\/\/festivita.be\/wp-content\/uploads\/2024\/10\/KMSKA-Nicolas-Achten-\u00a9-Fille-Roelants-3-1-1024x683.jpg 1024w, https:\/\/festivita.be\/wp-content\/uploads\/2024\/10\/KMSKA-Nicolas-Achten-\u00a9-Fille-Roelants-3-1-300x200.jpg 300w, https:\/\/festivita.be\/wp-content\/uploads\/2024\/10\/KMSKA-Nicolas-Achten-\u00a9-Fille-Roelants-3-1-768x512.jpg 768w, https:\/\/festivita.be\/wp-content\/uploads\/2024\/10\/KMSKA-Nicolas-Achten-\u00a9-Fille-Roelants-3-1-1536x1025.jpg 1536w, https:\/\/festivita.be\/wp-content\/uploads\/2024\/10\/KMSKA-Nicolas-Achten-\u00a9-Fille-Roelants-3-1-2048x1366.jpg 2048w\" sizes=\"auto, (max-width: 1024px) 100vw, 1024px\" \/><figcaption class=\"wp-element-caption\">\u00a9Roelants<\/figcaption><\/figure><\/div>\n\n\n<h4 class=\"wp-block-heading\">Nicolas Achten<\/h4>\n\n\n\n<p>Bariton, klavecinist, luitspeler, harpist en aanvoerder van zijn ensemble ensembleleider, Nicolas Achten (Brussel, \u00b01985) maakte al op zeer jonge leeftijd naam in de wereld van de oude muziek: laureaat van de VIIe Internationale Wedstrijd voor Barokzang van Chimay in 2006, hij werd verkozen tot klassiek artiest van het jaar 2009 bij de Octaves de la Musique en &#8220;Young Musician of the Year Award 2009&#8221; uitgereikt door de Unie van de Belgische Muziekpers.&nbsp;<\/p>\n\n\n\n<p>Nicolas Achten studeerde zang, luit, klavecimbel, oude harp en directie aan de Koninklijke Conservatoria van Brussel en Den Haag; hij voltooide zijn opleiding tijdens verschillende masterclasses, met name aan de Barokacademie van Ambronay en aan het Centre de la Voix de Royaumont.&nbsp;<\/p>\n\n\n\n<p>Sinds 2004 wordt hij uitgenodigd door prestigieuze oude muziekensembles, waaronder l&#8217;Arpeggiata, la Fenice, La Petite Bande, Ausonia, les Agr\u00e9mens, Akad\u00eamia, Les Talens Lyriques, Il Fondamento, Les Musiciens du Louvre, Il Seminario Musicale, le Po\u00e8me Harmonique, Akademie f\u00fcr Alte Musik Berlin, Ensemble Phoenix Munich, en onder leiding van dirigenten als Jean Tub\u00e9ry, Sigiswald Kuijken, Marc Minkowski, Christophe Rousset en Ren\u00e9 Jacobs.&nbsp;<\/p>\n\n\n\n<p>Tegenwoordig is hij \u00e9\u00e9n van de weinige klassieke zangers die zichzelf begeleidt en daarmee het historische gebruik nieuw leven inblaast. Om deze aanpak te verdiepen en zijn onderzoek in de praktijk te brengen, richtte hij het ensemble Scherzi Musicali op, waarvan de concerten in heel Europa alsook de&nbsp; 13 opnames unaniem enthousiast werden onthaald door het publiek en de internationale pers (Diapason d&#8217;or, Diapason d\u00e9couverte, Choc de Classica, Joker de Crescendo, La Clef de ResMusica, Prelude Classics Award, Muse d&#8217;Or, Ring de Classique Info, &#8220;Outstanding&#8221; in de International Record Review, Prix C\u00e6cilia&#8230;).&nbsp;<\/p>\n\n\n\n<p>Daarnaast verkent Nicolas ook atypische ontmoetingen, in een duo met de volksaccordeonist Didier Laloy, of in een trio met de jazzsaxofonist Manu Hermia of de pop\/rock-zanger Kris Dane.&nbsp;<\/p>\n\n\n\n<p>Nicolas Achten is hoofddocent zang oude muziek en luit, en doceert temperamenten en stemming aan het Conservatoire Royal de Bruxelles. Hij was muzikaal directeur van de zomercursussen van Muziektheater Transparant van 2007 tot 2015, en wordt regelmatig uitgenodigd voor masterclasses in heel Europa (Operastudio Vlaanderen, SIMAW in Namen, University of East Anglia, de Yorke Trust in Norfolk, Conservatorio Milano, &#8230;).<\/p>\n\n\n\n<p><a href=\"https:\/\/festivita.be\/nl\/festivita-2025\/ticket-prices\/\"><strong>Tarieven: <\/strong><br>Voorverkoop: 35\u20ac\/25\u20ac\/20\u20ac\/10\u20ac\/5\u20ac<br>Verkoop: 40\u20ac\/30\u20ac\/25\u20ac\/10\u20ac\/5\u20ac<\/a><\/p>\n","protected":false},"excerpt":{"rendered":"<p>Zondag 23 februari17:00 Combattimenti ! Te wapen! Of het nu gaat om twee vijandelijke krijgers die elkaar bestrijden, of een ridder die een prinses bevrijdt uit de klauwen van een zeemonster, deze gevechten benadrukken het heldendom van de mannelijke hoofdpersoon. Toch worden deze helden snel misleid in hun strijd: de een doodt degene van wie [&hellip;]<\/p>\n","protected":false},"author":2,"featured_media":0,"parent":39953,"menu_order":3,"comment_status":"closed","ping_status":"closed","template":"","meta":{"_acf_changed":false,"_themeisle_gutenberg_block_has_review":false,"footnotes":""},"class_list":["post-40155","page","type-page","status-publish","hentry"],"acf":[],"yoast_head":"<!-- This site is optimized with the Yoast SEO plugin v27.2 - https:\/\/yoast.com\/product\/yoast-seo-wordpress\/ -->\n<title>Scherzi Musicali - FestiVita!<\/title>\n<meta name=\"robots\" content=\"index, follow, max-snippet:-1, max-image-preview:large, max-video-preview:-1\" \/>\n<link rel=\"canonical\" href=\"https:\/\/festivita.be\/nl\/festivita-2025\/programma-festivita-2025\/scherzi-musicali\/\" \/>\n<meta property=\"og:locale\" content=\"nl_NL\" \/>\n<meta property=\"og:type\" content=\"article\" \/>\n<meta property=\"og:title\" content=\"Scherzi Musicali - FestiVita!\" \/>\n<meta property=\"og:description\" content=\"Zondag 23 februari17:00 Combattimenti ! Te wapen! Of het nu gaat om twee vijandelijke krijgers die elkaar bestrijden, of een ridder die een prinses bevrijdt uit de klauwen van een zeemonster, deze gevechten benadrukken het heldendom van de mannelijke hoofdpersoon. Toch worden deze helden snel misleid in hun strijd: de een doodt degene van wie [&hellip;]\" \/>\n<meta property=\"og:url\" content=\"https:\/\/festivita.be\/nl\/festivita-2025\/programma-festivita-2025\/scherzi-musicali\/\" \/>\n<meta property=\"og:site_name\" content=\"FestiVita!\" \/>\n<meta property=\"article:publisher\" content=\"https:\/\/www.facebook.com\/FestiVita-Brussels-Early-Music-Festival-102508725164674\/about\/?ref=page_internal\" \/>\n<meta property=\"article:modified_time\" content=\"2024-11-10T08:41:23+00:00\" \/>\n<meta property=\"og:image\" content=\"https:\/\/festivita.be\/wp-content\/uploads\/2020\/10\/festivita-2-logo.jpg\" \/>\n\t<meta property=\"og:image:width\" content=\"887\" \/>\n\t<meta property=\"og:image:height\" content=\"400\" \/>\n\t<meta property=\"og:image:type\" content=\"image\/jpeg\" \/>\n<meta name=\"twitter:card\" content=\"summary_large_image\" \/>\n<meta name=\"twitter:label1\" content=\"Geschatte leestijd\" \/>\n\t<meta name=\"twitter:data1\" content=\"6 minuten\" \/>\n<script type=\"application\/ld+json\" class=\"yoast-schema-graph\">{\"@context\":\"https:\/\/schema.org\",\"@graph\":[{\"@type\":\"WebPage\",\"@id\":\"https:\/\/festivita.be\/nl\/festivita-2025\/programma-festivita-2025\/scherzi-musicali\/\",\"url\":\"https:\/\/festivita.be\/nl\/festivita-2025\/programma-festivita-2025\/scherzi-musicali\/\",\"name\":\"Scherzi Musicali - FestiVita!\",\"isPartOf\":{\"@id\":\"https:\/\/festivita.be\/nl\/#website\"},\"datePublished\":\"2024-11-10T08:41:22+00:00\",\"dateModified\":\"2024-11-10T08:41:23+00:00\",\"breadcrumb\":{\"@id\":\"https:\/\/festivita.be\/nl\/festivita-2025\/programma-festivita-2025\/scherzi-musicali\/#breadcrumb\"},\"inLanguage\":\"nl-NL\",\"potentialAction\":[{\"@type\":\"ReadAction\",\"target\":[\"https:\/\/festivita.be\/nl\/festivita-2025\/programma-festivita-2025\/scherzi-musicali\/\"]}]},{\"@type\":\"BreadcrumbList\",\"@id\":\"https:\/\/festivita.be\/nl\/festivita-2025\/programma-festivita-2025\/scherzi-musicali\/#breadcrumb\",\"itemListElement\":[{\"@type\":\"ListItem\",\"position\":1,\"name\":\"Accueil\",\"item\":\"https:\/\/festivita.be\/nl\/\"},{\"@type\":\"ListItem\",\"position\":2,\"name\":\"FESTIVITA! 2025\",\"item\":\"https:\/\/festivita.be\/nl\/festivita-2025\/\"},{\"@type\":\"ListItem\",\"position\":3,\"name\":\"Programma FestiVita! 2025\",\"item\":\"https:\/\/festivita.be\/nl\/festivita-2025\/programma-festivita-2025\/\"},{\"@type\":\"ListItem\",\"position\":4,\"name\":\"Scherzi Musicali\"}]},{\"@type\":\"WebSite\",\"@id\":\"https:\/\/festivita.be\/nl\/#website\",\"url\":\"https:\/\/festivita.be\/nl\/\",\"name\":\"FestiVita!\",\"description\":\"Brussels Early Music Festival\",\"publisher\":{\"@id\":\"https:\/\/festivita.be\/nl\/#organization\"},\"potentialAction\":[{\"@type\":\"SearchAction\",\"target\":{\"@type\":\"EntryPoint\",\"urlTemplate\":\"https:\/\/festivita.be\/nl\/?s={search_term_string}\"},\"query-input\":{\"@type\":\"PropertyValueSpecification\",\"valueRequired\":true,\"valueName\":\"search_term_string\"}}],\"inLanguage\":\"nl-NL\"},{\"@type\":\"Organization\",\"@id\":\"https:\/\/festivita.be\/nl\/#organization\",\"name\":\"Festivita\",\"url\":\"https:\/\/festivita.be\/nl\/\",\"logo\":{\"@type\":\"ImageObject\",\"inLanguage\":\"nl-NL\",\"@id\":\"https:\/\/festivita.be\/nl\/#\/schema\/logo\/image\/\",\"url\":\"https:\/\/festivita.be\/wp-content\/uploads\/2020\/10\/festivita-2-logo.jpg\",\"contentUrl\":\"https:\/\/festivita.be\/wp-content\/uploads\/2020\/10\/festivita-2-logo.jpg\",\"width\":887,\"height\":400,\"caption\":\"Festivita\"},\"image\":{\"@id\":\"https:\/\/festivita.be\/nl\/#\/schema\/logo\/image\/\"},\"sameAs\":[\"https:\/\/www.facebook.com\/FestiVita-Brussels-Early-Music-Festival-102508725164674\/about\/?ref=page_internal\",\"https:\/\/www.instagram.com\/festivita_be\/\",\"https:\/\/www.youtube.com\/channel\/UC_hlu4NfyE2QYXIYy-3EiVQ\"]}]}<\/script>\n<!-- \/ Yoast SEO plugin. -->","yoast_head_json":{"title":"Scherzi Musicali - FestiVita!","robots":{"index":"index","follow":"follow","max-snippet":"max-snippet:-1","max-image-preview":"max-image-preview:large","max-video-preview":"max-video-preview:-1"},"canonical":"https:\/\/festivita.be\/nl\/festivita-2025\/programma-festivita-2025\/scherzi-musicali\/","og_locale":"nl_NL","og_type":"article","og_title":"Scherzi Musicali - FestiVita!","og_description":"Zondag 23 februari17:00 Combattimenti ! Te wapen! Of het nu gaat om twee vijandelijke krijgers die elkaar bestrijden, of een ridder die een prinses bevrijdt uit de klauwen van een zeemonster, deze gevechten benadrukken het heldendom van de mannelijke hoofdpersoon. Toch worden deze helden snel misleid in hun strijd: de een doodt degene van wie [&hellip;]","og_url":"https:\/\/festivita.be\/nl\/festivita-2025\/programma-festivita-2025\/scherzi-musicali\/","og_site_name":"FestiVita!","article_publisher":"https:\/\/www.facebook.com\/FestiVita-Brussels-Early-Music-Festival-102508725164674\/about\/?ref=page_internal","article_modified_time":"2024-11-10T08:41:23+00:00","og_image":[{"width":887,"height":400,"url":"https:\/\/festivita.be\/wp-content\/uploads\/2020\/10\/festivita-2-logo.jpg","type":"image\/jpeg"}],"twitter_card":"summary_large_image","twitter_misc":{"Geschatte leestijd":"6 minuten"},"schema":{"@context":"https:\/\/schema.org","@graph":[{"@type":"WebPage","@id":"https:\/\/festivita.be\/nl\/festivita-2025\/programma-festivita-2025\/scherzi-musicali\/","url":"https:\/\/festivita.be\/nl\/festivita-2025\/programma-festivita-2025\/scherzi-musicali\/","name":"Scherzi Musicali - FestiVita!","isPartOf":{"@id":"https:\/\/festivita.be\/nl\/#website"},"datePublished":"2024-11-10T08:41:22+00:00","dateModified":"2024-11-10T08:41:23+00:00","breadcrumb":{"@id":"https:\/\/festivita.be\/nl\/festivita-2025\/programma-festivita-2025\/scherzi-musicali\/#breadcrumb"},"inLanguage":"nl-NL","potentialAction":[{"@type":"ReadAction","target":["https:\/\/festivita.be\/nl\/festivita-2025\/programma-festivita-2025\/scherzi-musicali\/"]}]},{"@type":"BreadcrumbList","@id":"https:\/\/festivita.be\/nl\/festivita-2025\/programma-festivita-2025\/scherzi-musicali\/#breadcrumb","itemListElement":[{"@type":"ListItem","position":1,"name":"Accueil","item":"https:\/\/festivita.be\/nl\/"},{"@type":"ListItem","position":2,"name":"FESTIVITA! 2025","item":"https:\/\/festivita.be\/nl\/festivita-2025\/"},{"@type":"ListItem","position":3,"name":"Programma FestiVita! 2025","item":"https:\/\/festivita.be\/nl\/festivita-2025\/programma-festivita-2025\/"},{"@type":"ListItem","position":4,"name":"Scherzi Musicali"}]},{"@type":"WebSite","@id":"https:\/\/festivita.be\/nl\/#website","url":"https:\/\/festivita.be\/nl\/","name":"FestiVita!","description":"Brussels Early Music Festival","publisher":{"@id":"https:\/\/festivita.be\/nl\/#organization"},"potentialAction":[{"@type":"SearchAction","target":{"@type":"EntryPoint","urlTemplate":"https:\/\/festivita.be\/nl\/?s={search_term_string}"},"query-input":{"@type":"PropertyValueSpecification","valueRequired":true,"valueName":"search_term_string"}}],"inLanguage":"nl-NL"},{"@type":"Organization","@id":"https:\/\/festivita.be\/nl\/#organization","name":"Festivita","url":"https:\/\/festivita.be\/nl\/","logo":{"@type":"ImageObject","inLanguage":"nl-NL","@id":"https:\/\/festivita.be\/nl\/#\/schema\/logo\/image\/","url":"https:\/\/festivita.be\/wp-content\/uploads\/2020\/10\/festivita-2-logo.jpg","contentUrl":"https:\/\/festivita.be\/wp-content\/uploads\/2020\/10\/festivita-2-logo.jpg","width":887,"height":400,"caption":"Festivita"},"image":{"@id":"https:\/\/festivita.be\/nl\/#\/schema\/logo\/image\/"},"sameAs":["https:\/\/www.facebook.com\/FestiVita-Brussels-Early-Music-Festival-102508725164674\/about\/?ref=page_internal","https:\/\/www.instagram.com\/festivita_be\/","https:\/\/www.youtube.com\/channel\/UC_hlu4NfyE2QYXIYy-3EiVQ"]}]}},"_links":{"self":[{"href":"https:\/\/festivita.be\/nl\/wp-json\/wp\/v2\/pages\/40155","targetHints":{"allow":["GET"]}}],"collection":[{"href":"https:\/\/festivita.be\/nl\/wp-json\/wp\/v2\/pages"}],"about":[{"href":"https:\/\/festivita.be\/nl\/wp-json\/wp\/v2\/types\/page"}],"author":[{"embeddable":true,"href":"https:\/\/festivita.be\/nl\/wp-json\/wp\/v2\/users\/2"}],"replies":[{"embeddable":true,"href":"https:\/\/festivita.be\/nl\/wp-json\/wp\/v2\/comments?post=40155"}],"version-history":[{"count":5,"href":"https:\/\/festivita.be\/nl\/wp-json\/wp\/v2\/pages\/40155\/revisions"}],"predecessor-version":[{"id":40299,"href":"https:\/\/festivita.be\/nl\/wp-json\/wp\/v2\/pages\/40155\/revisions\/40299"}],"up":[{"embeddable":true,"href":"https:\/\/festivita.be\/nl\/wp-json\/wp\/v2\/pages\/39953"}],"wp:attachment":[{"href":"https:\/\/festivita.be\/nl\/wp-json\/wp\/v2\/media?parent=40155"}],"curies":[{"name":"wp","href":"https:\/\/api.w.org\/{rel}","templated":true}]}}