{"id":40167,"date":"2024-11-09T21:40:14","date_gmt":"2024-11-09T20:40:14","guid":{"rendered":"https:\/\/festivita.be\/?page_id=40167"},"modified":"2024-11-09T21:40:16","modified_gmt":"2024-11-09T20:40:16","slug":"musica-gloria","status":"publish","type":"page","link":"https:\/\/festivita.be\/nl\/festivita-2025\/programma-festivita-2025\/musica-gloria\/","title":{"rendered":"Musica Gloria"},"content":{"rendered":"\n<h4 class=\"wp-block-heading has-text-align-center\" id=\"block-408db3a8-3a9e-41ac-9d79-5e57311ab68d\">Donderdag 20 februari<br>19:30<\/h4>\n\n\n\n<div style=\"height:25px\" aria-hidden=\"true\" class=\"wp-block-spacer\"><\/div>\n\n\n\n<figure class=\"wp-block-image size-large\"><img loading=\"lazy\" decoding=\"async\" width=\"1024\" height=\"653\" src=\"https:\/\/festivita.be\/wp-content\/uploads\/2024\/10\/Copyright-Malou-Van-Den-Heuvel-1-1024x653.jpg\" alt=\"festivita-musicagloria\" class=\"wp-image-39955\" srcset=\"https:\/\/festivita.be\/wp-content\/uploads\/2024\/10\/Copyright-Malou-Van-Den-Heuvel-1-1024x653.jpg 1024w, https:\/\/festivita.be\/wp-content\/uploads\/2024\/10\/Copyright-Malou-Van-Den-Heuvel-1-300x191.jpg 300w, https:\/\/festivita.be\/wp-content\/uploads\/2024\/10\/Copyright-Malou-Van-Den-Heuvel-1-768x490.jpg 768w, https:\/\/festivita.be\/wp-content\/uploads\/2024\/10\/Copyright-Malou-Van-Den-Heuvel-1-1536x980.jpg 1536w, https:\/\/festivita.be\/wp-content\/uploads\/2024\/10\/Copyright-Malou-Van-Den-Heuvel-1-2048x1307.jpg 2048w\" sizes=\"auto, (max-width: 1024px) 100vw, 1024px\" \/><figcaption class=\"wp-element-caption\">\u00a9Malou Van den Heuvel<br><\/figcaption><\/figure>\n\n\n\n<h4 class=\"wp-block-heading\" id=\"block-42a7329d-2fdc-4b33-83ed-45dc10adcbfb\">Concerti e arie veneziani<\/h4>\n\n\n\n<p>Het kleurrijke Veneti\u00eb was een Italiaanse pioniersstad in het veelvuldige gebruik van de \u2018moderne\u2019 blaasinstrumenten aan het begin van de 18<sup>e<\/sup> eeuw. In dit concert komen daarvan de traverso, hobo en blokfluit aan bod. Niet alleen voor zijn wereldberoemde vier seizoen, maar ook voor andere composities, liet Vivaldi zich inspireren door de natuur zoals in het <em>Concerto del Gardellino <\/em>(distelvink). Voor de variatiereeks <em>La Follia<\/em> baseert hij zich dan weer op een eeuwenoud muzikaal-harmonisch schema. De \u2018rosse\u2019 priester, een bijnaam van Vivaldi, schreef uiteraard ook geestelijke muziek. In dit programma brengt Musica Gloria een selectie uit zijn <em>Nisi Dominus.<\/em> Gasparini werkte samen met Vivaldi aan het meisjesweeshuis <em>Ospedale della Piet\u00e0<\/em> en schreef, net zoals Vivaldi, heel wat opera\u2019s, waaronder <em>L\u2019Oracolo del Fato <\/em>waaruit het ensemble een pakkende aria speelt. Met het hoboconcerto van Marcello komt er nog een belangrijke\u00a0Venetiaanse componist aan bod. Dit concerto werd, mede dankzij Bachs bewerking voor orgel, bekend.<\/p>\n\n\n\n<p class=\"has-text-align-right\"><strong>Pieter De Praetere<\/strong>, countertenor<br><strong>Nele Vertommen<\/strong>, hobo, blokfluit &amp; leiding<br><strong>Beniamino Paganini<\/strong>, traverso, klavecimbel &amp; directie<br><strong>Elise Dupont &amp; Marrie Mooij<\/strong>, viool<br><strong>Lena Rademann<\/strong>, altviool<br><strong>Anne-Linde Visser<\/strong>, cello <br><strong>Giulio Quirici<\/strong>, theorbe &amp; barokgitaar<\/p>\n\n\n\n<div style=\"height:10px\" aria-hidden=\"true\" class=\"wp-block-spacer\"><\/div>\n\n\n\n<div style=\"height:25px\" aria-hidden=\"true\" class=\"wp-block-spacer\"><\/div>\n\n\n\n<figure class=\"wp-block-embed is-type-video is-provider-youtube wp-block-embed-youtube wp-embed-aspect-16-9 wp-has-aspect-ratio\"><div class=\"wp-block-embed__wrapper\">\n<iframe loading=\"lazy\" title=\"H\u00e4ndel, Oboe concerto in g minor \/\/ Musica Gloria\" width=\"640\" height=\"360\" src=\"https:\/\/www.youtube.com\/embed\/XkrYtBrALsw?feature=oembed\" frameborder=\"0\" allow=\"accelerometer; autoplay; clipboard-write; encrypted-media; gyroscope; picture-in-picture; web-share\" referrerpolicy=\"strict-origin-when-cross-origin\" allowfullscreen><\/iframe>\n<\/div><\/figure>\n\n\n\n<div style=\"height:10px\" aria-hidden=\"true\" class=\"wp-block-spacer\"><\/div>\n\n\n\n<div style=\"height:25px\" aria-hidden=\"true\" class=\"wp-block-spacer\"><\/div>\n\n\n\n<h4 class=\"wp-block-heading\" id=\"block-34f588fb-1261-48f9-8682-f29b611f11c9\">Musica Gloria<\/h4>\n\n\n\n<p>Musica Gloria is een jong, sprankelend, instrumentaal en vocaal barokensemble, geleid door&nbsp;<a href=\"https:\/\/musicagloria.com\/biografie-beniamino-paganini\/\">Beniamino Paganini<\/a>&nbsp;(traverso, barokklavieren, maestro al cembalo en musicoloog) en&nbsp;<a href=\"https:\/\/musicagloria.com\/biografie-nele-vertommen\/\">Nele Vertommen<\/a>&nbsp;(barokhobo, blokfluit en artistiek onderzoek). Het ensemble wil oude muziek op een affectvolle, levendige, kleurrijke en historisch ge\u00efnformeerde manier, op (kopie\u00ebn van) historische instrumenten bij luisteraars brengen. Het repertoire van Musica Gloria gaat van vroeg- tot laatbarok en van de meest bekende tot ten onrechte onbekende werken. Boeiende, evenwichtige en gefundeerde programma\u2019s brengen, is een must voor het ensemble. Afhankelijk van het programma en het project concerteert Musica Gloria met 2 tot een 40-tal jonge, enthousiaste solisten. Musica Gloria kiest bewust voor een aanpak vanuit respect en verantwoordelijkheid voor de muziek, de musici, alle betrokkenen en de omgeving.<\/p>\n\n\n\n<p>Musica Gloria trekt een enthousiast publiek aan en speelt een dertigtal concerten per jaar, waaronder geregeld voor volle zalen op nationale en internationale podia zoals AMUZ (BE), BachFest Leipzig (DE), BOZAR (BE), 30CC (BE), Concertgebouw Brugge (BE), De Bijloke (BE), Internationale Telemann-Gesellschaft Magdeburg (DE), Itin\u00e9raire Baroque (FR), Klara (BE), K\u00f6lner Philharmonie (DE), Les Festivals de Wallonie (BE), LUNALIA (BE), MA Festival (BE), Mubafa (BE), Musica Antica (NL), SHF-festival (CZ), Trigonale Festival (AT) en Viaggio in Italia (IT). In 2024 verzorgt Musica Gloria de openingsconcerten van de festivals LUNALIA en Les Nuits de Septembere. Van stilzitten is bij het ensemble geen sprake, naast het brengen van deze concerten realiseerde het ensemble reeds vele video-opnames op YouTube en vijf cd\u2019s:&nbsp;<a href=\"https:\/\/musicagloria.com\/portfolio-items\/encounters-in-rome-corelli-handel\/\">Corelli &amp; H\u00e4ndel: Encounters in Rome<\/a>&nbsp;(2023),&nbsp;<a href=\"https:\/\/musicagloria.com\/portfolio-items\/the-bachs-the-flute-musica-gloria-beniamino-paganini\/\">The Bachs &amp; The Flute<\/a>&nbsp;(2022),&nbsp;<a href=\"https:\/\/musicagloria.com\/portfolio-items\/faschs-oboe-musica-gloria-nele-vertommen-beniamino-paganini\/\">Fasch\u2019s Oboe<\/a>&nbsp;(2022) en twee cd\u2019s met een selectie van onze YouTube-publicaties (<a href=\"https:\/\/musicagloria.com\/portfolio-items\/purcell-handel-telemann-platti-vivaldi\/\">2021<\/a>&nbsp;&amp;&nbsp;<a href=\"https:\/\/musicagloria.com\/portfolio-items\/a-musical-gallery\/\">2023<\/a>). Deze opnames worden wereldwijd beluisterd en positief onthaald door tal van luisteraars, radiostations, tv-zenders en recensenten (o.a.&nbsp;<a href=\"https:\/\/musicagloria.com\/wp-content\/uploads\/2023\/06\/Diapason.pdf\">5&nbsp;<em>Diapasons<\/em><\/a>,&nbsp;<a href=\"https:\/\/musicagloria.com\/wp-content\/uploads\/2023\/06\/Luister-1.pdf\">10\/10 in&nbsp;<em>Luister<\/em><\/a>,&nbsp;<a href=\"https:\/\/musicagloria.com\/wp-content\/uploads\/2023\/07\/The-Bachs-the-Flute-Beniamino-Paganini-Musica-Gloria.pdf\"><em>Disque du jour<\/em><\/a>&nbsp;bij&nbsp;<em>Radio France<\/em>).<\/p>\n\n\n\n<p>Musica Gloria kan rekenen op steun van enthousiaste vrijwilligers, (duurzame) sponsors, crowdfunders, fans en van de Vlaamse overheid, steden Brugge, Knokke en Leuven, en Tax Shelter. Het ensemble dankt alle betrokkenen van harte!&nbsp;<\/p>\n\n\n\n<p>Hoe het begon\u2026<\/p>\n\n\n\n<p>Musica Gloria werd in 2006 opgericht te Brugge door de toen 12-jarige Beniamino. Het ensemble en koor bestond uit een 20-tal enthousiaste kinderen en jongeren. Ze veroverden de harten van jong en oud met sfeervolle barokke kerstconcerten, gebaseerd op oude kerstliederen. Na selectie voor de fringe concerten van het MAfestival in Brugge en het Oude Muziek Festival in Utrecht in 2014, evolueerde het verder tot een professioneel ensemble met een stevige basis dankzij verscheidene projecten met uiteenlopende bezettingen: van traverso met strijkers en basso continuo tot orkestrale bezetting en van programma\u2019s in duo-bezetting tot zang met instrumentaal ensemble. In 2020 zorgden o.a. de publicatie van enkele opnames \u2013 zowel in eigen beheer als bij Klara en AMUZ \u2013 voor een stroomversnelling.<\/p>\n\n\n\n<div style=\"height:25px\" aria-hidden=\"true\" class=\"wp-block-spacer\"><\/div>\n\n\n\n<h4 class=\"wp-block-heading\">Beniamino Paganini en Nele Vertommen<\/h4>\n\n\n\n<p><strong>Beniamino Paganini<\/strong>&nbsp;(\u00b01994) is een gepassioneerde traversospeler, klavecinist, maestro al cembalo, muziekleerkracht en musicoloog. Daarnaast treedt hij ook op met claviorganum, orgel en blokfluit. Door de Belgische Muziekpers werd hij uitgeroepen tot Jonge Musicus van het jaar 2020 en Klara selecteerde hem in 2021 als \u00e9\u00e9n van de Twintigers. Hij behaalde meerdere eerste prijzen en ontving de \u2018Sonderpreis der Jury\u2019 op de Internationale Telemann Wedstrijd (2021).<\/p>\n\n\n\n<p>Beniamino is oprichter en, samen met Nele Vertommen, algemene en artistieke leider van het barokensemble&nbsp;<a href=\"https:\/\/musicagloria.com\/over-musica-gloria\/\">Musica Gloria<\/a>. Met dit ensemble speelt hij een dertigtal concerten per jaar voor organisaties als AMUZ (BE), Bachfest Leipzig (DE), BOZAR (BE), Concertgebouw Brugge (BE), De Bijloke (BE), Klara (BE), Les Festivals de Wallonie (BE), MA Festival (BE), Musica Antica (NL) en Trigonale Festival (AT). Ook realiseerde hij met Musica Gloria reeds talrijke&nbsp;<a href=\"https:\/\/www.youtube.com\/@EnsembleMusicaGloria\">video-opnames<\/a>&nbsp;en vijf cd\u2019s waaronder \u2018<a href=\"https:\/\/musicagloria.com\/portfolio-items\/the-bachs-the-flute-musica-gloria-beniamino-paganini\/\">The Bachs &amp; The Flute<\/a>\u2019 en \u2018<a href=\"https:\/\/musicagloria.com\/portfolio-items\/encounters-in-rome-corelli-handel\/\">Corelli &amp; H\u00e4ndel<\/a>: Encounters in Rome\u2019. Verder werkt hij samen met vele andere ensembles zoals Il Gardellino (Jan De Winne en Marcel Ponseele), Scherzi Musicali (Nicolas Achten), B\u2019Rock en La Petite Bande (Sigiswald Kuijken) in concerten en opnames. Aan het Conservatoire Royal de Bruxelles en de Kunstbrug te Gentbrugge is hij klavecimbelbegeleider en aan de academies van Brugge en Gentbrugge leraar traverso en historische uitvoeringspraktijk.<\/p>\n\n\n\n<p>Al van jongs af aan heeft Beniamino&nbsp;een passie voor oude muziek. Op 16-jarige leeftijd startte hij aan beide Koninklijke Conservatoria van Brussel, later aan de conservatoria van Leuven en Den Haag. Hij ontving zijn masterdiploma\u2019s voor Traverso (2016), Klavecimbel (2017), Maestro al Cembalo (2019) en een bachelordiploma Musicologie (2018), allen met grote onderscheiding. Hij studeerde traverso bij Barthold Kuijken, Frank Theuns en Jan De Winne, renaissance fluit bij Kate Clark en Patrick Beuckels, klavecimbel bij Fr\u00e9d\u00e9rick Haas, Fabio Bonizzoni, Kris Verhelst en Maestro al Cembalo bij Patrick Ayrton en musicologie aan de KU Leuven waar hij eveneens het diploma Educatieve master Cultuurwetenschappen behaalde.<\/p>\n\n\n\n<p><strong>Nele Vertommen<\/strong>&nbsp;(\u00b01999)&nbsp;werd reeds als 5-jarige geboeid door oude muziek, bij het horen van de Matthe\u00fcs-Passie van Bach. Hier werd haar al duidelijk dat ze deze muziek ook zelf wilde kunnen spelen.<\/p>\n\n\n\n<p>Enkele jaren later startte ze met hobolessen bij Korneel Alsteens. Wanneer ze na 2 jaar spelen ontdekte dat die prachtige hobo-solo\u2019s uit de Matthe\u00fcs-Passie eigenlijk voor de barokhobo geschreven werden, ontstond het idee om barokhobo\u00efste te worden.<\/p>\n\n\n\n<p>Op haar 14de begon ze met zelfstudie voor barokhobo, waarna ze zich op 15-jarige leeftijd studente kon noemen aan het Koninklijk Conservatorium Brussel, in de klas van Marcel Ponseele. Na een tussenjaar in Den Haag waarin ze zowel barokhobo als blokfluit studeerde, ontving ze daar haar bachelordiploma met grote onderscheiding. Eenmaal terug in Belgi\u00eb voltooide ze haar masterdiploma in Brussel, eveneens met grote onderscheiding. Voor haar afstuderen ontving ze een prijs van de artistieke stichting \u201cHorlait-Dapsens\u201d en kort daarna werd ze geselecteerd door Klara om deel uit te maken van hun gelijknamige reeks \u201cDe Twintigers\u201d. In september 2021 won ze de eerste prijs bij de eerste en laatste wedstrijd waaraan ze deelnam: de \u201cInternational Telemann Competition in Magdeburg\u201d. Omdat ze ook een grote liefde heeft voor vroeger repertoire, werkt ze sinds enkele jaren ijverig aan haar vaardigheden op vroegere dubbelrietinstrumenten.<\/p>\n\n\n\n<p>Samen met haar partner Beniamino Paganini leidt ze Musica Gloria. Dit ensemble treedt op voor organisaties zoals BOZAR (BE), Trigonale (AT), Bachfest Leipzig (DE), AMUZ (BE), Festivals de Wallonie (BE), SHFestival (CZ), Concertgebouw Brugge (BE), TAM Regensburg (DE) en 30CC (BE) en heeft tot nu toe 5 cd\u2019s opgenomen.&nbsp;<\/p>\n\n\n\n<p>Behalve met Musica Gloria, speelt Nele regelmatig met ensembles als Il Gardellino (BE), A Nocte Temporis (BE), La Chapelle Harmonique (FR), Collegium Marianum (CZ), B\u2019Rock (BE), Gli Angeli Gen\u00e8ve (CH), Le Po\u00e8me Harmonique (FR), Utopia Orchestra (DE) en Concerto K\u00f6ln (DE).<\/p>\n\n\n\n<p><strong>Priv\u00e9 evenement<\/strong><\/p>\n","protected":false},"excerpt":{"rendered":"<p>Donderdag 20 februari19:30 Concerti e arie veneziani Het kleurrijke Veneti\u00eb was een Italiaanse pioniersstad in het veelvuldige gebruik van de \u2018moderne\u2019 blaasinstrumenten aan het begin van de 18e eeuw. In dit concert komen daarvan de traverso, hobo en blokfluit aan bod. Niet alleen voor zijn wereldberoemde vier seizoen, maar ook voor andere composities, liet Vivaldi [&hellip;]<\/p>\n","protected":false},"author":2,"featured_media":0,"parent":39953,"menu_order":3,"comment_status":"closed","ping_status":"closed","template":"","meta":{"_acf_changed":false,"_themeisle_gutenberg_block_has_review":false,"footnotes":""},"class_list":["post-40167","page","type-page","status-publish","hentry"],"acf":[],"yoast_head":"<!-- This site is optimized with the Yoast SEO plugin v27.2 - https:\/\/yoast.com\/product\/yoast-seo-wordpress\/ -->\n<title>Musica Gloria - FestiVita!<\/title>\n<meta name=\"robots\" content=\"index, follow, max-snippet:-1, max-image-preview:large, max-video-preview:-1\" \/>\n<link rel=\"canonical\" href=\"https:\/\/festivita.be\/nl\/festivita-2025\/programma-festivita-2025\/musica-gloria\/\" \/>\n<meta property=\"og:locale\" content=\"nl_NL\" \/>\n<meta property=\"og:type\" content=\"article\" \/>\n<meta property=\"og:title\" content=\"Musica Gloria - FestiVita!\" \/>\n<meta property=\"og:description\" content=\"Donderdag 20 februari19:30 Concerti e arie veneziani Het kleurrijke Veneti\u00eb was een Italiaanse pioniersstad in het veelvuldige gebruik van de \u2018moderne\u2019 blaasinstrumenten aan het begin van de 18e eeuw. In dit concert komen daarvan de traverso, hobo en blokfluit aan bod. Niet alleen voor zijn wereldberoemde vier seizoen, maar ook voor andere composities, liet Vivaldi [&hellip;]\" \/>\n<meta property=\"og:url\" content=\"https:\/\/festivita.be\/nl\/festivita-2025\/programma-festivita-2025\/musica-gloria\/\" \/>\n<meta property=\"og:site_name\" content=\"FestiVita!\" \/>\n<meta property=\"article:publisher\" content=\"https:\/\/www.facebook.com\/FestiVita-Brussels-Early-Music-Festival-102508725164674\/about\/?ref=page_internal\" \/>\n<meta property=\"article:modified_time\" content=\"2024-11-09T20:40:16+00:00\" \/>\n<meta property=\"og:image\" content=\"https:\/\/festivita.be\/wp-content\/uploads\/2024\/10\/Copyright-Malou-Van-Den-Heuvel-1-scaled.jpg\" \/>\n\t<meta property=\"og:image:width\" content=\"2560\" \/>\n\t<meta property=\"og:image:height\" content=\"1633\" \/>\n\t<meta property=\"og:image:type\" content=\"image\/jpeg\" \/>\n<meta name=\"twitter:card\" content=\"summary_large_image\" \/>\n<meta name=\"twitter:label1\" content=\"Geschatte leestijd\" \/>\n\t<meta name=\"twitter:data1\" content=\"7 minuten\" \/>\n<script type=\"application\/ld+json\" class=\"yoast-schema-graph\">{\"@context\":\"https:\/\/schema.org\",\"@graph\":[{\"@type\":\"WebPage\",\"@id\":\"https:\/\/festivita.be\/nl\/festivita-2025\/programma-festivita-2025\/musica-gloria\/\",\"url\":\"https:\/\/festivita.be\/nl\/festivita-2025\/programma-festivita-2025\/musica-gloria\/\",\"name\":\"Musica Gloria - FestiVita!\",\"isPartOf\":{\"@id\":\"https:\/\/festivita.be\/nl\/#website\"},\"primaryImageOfPage\":{\"@id\":\"https:\/\/festivita.be\/nl\/festivita-2025\/programma-festivita-2025\/musica-gloria\/#primaryimage\"},\"image\":{\"@id\":\"https:\/\/festivita.be\/nl\/festivita-2025\/programma-festivita-2025\/musica-gloria\/#primaryimage\"},\"thumbnailUrl\":\"https:\/\/festivita.be\/wp-content\/uploads\/2024\/10\/Copyright-Malou-Van-Den-Heuvel-1-1024x653.jpg\",\"datePublished\":\"2024-11-09T20:40:14+00:00\",\"dateModified\":\"2024-11-09T20:40:16+00:00\",\"breadcrumb\":{\"@id\":\"https:\/\/festivita.be\/nl\/festivita-2025\/programma-festivita-2025\/musica-gloria\/#breadcrumb\"},\"inLanguage\":\"nl-NL\",\"potentialAction\":[{\"@type\":\"ReadAction\",\"target\":[\"https:\/\/festivita.be\/nl\/festivita-2025\/programma-festivita-2025\/musica-gloria\/\"]}]},{\"@type\":\"ImageObject\",\"inLanguage\":\"nl-NL\",\"@id\":\"https:\/\/festivita.be\/nl\/festivita-2025\/programma-festivita-2025\/musica-gloria\/#primaryimage\",\"url\":\"https:\/\/festivita.be\/wp-content\/uploads\/2024\/10\/Copyright-Malou-Van-Den-Heuvel-1-1024x653.jpg\",\"contentUrl\":\"https:\/\/festivita.be\/wp-content\/uploads\/2024\/10\/Copyright-Malou-Van-Den-Heuvel-1-1024x653.jpg\"},{\"@type\":\"BreadcrumbList\",\"@id\":\"https:\/\/festivita.be\/nl\/festivita-2025\/programma-festivita-2025\/musica-gloria\/#breadcrumb\",\"itemListElement\":[{\"@type\":\"ListItem\",\"position\":1,\"name\":\"Accueil\",\"item\":\"https:\/\/festivita.be\/nl\/\"},{\"@type\":\"ListItem\",\"position\":2,\"name\":\"FESTIVITA! 2025\",\"item\":\"https:\/\/festivita.be\/nl\/festivita-2025\/\"},{\"@type\":\"ListItem\",\"position\":3,\"name\":\"Programma FestiVita! 2025\",\"item\":\"https:\/\/festivita.be\/nl\/festivita-2025\/programma-festivita-2025\/\"},{\"@type\":\"ListItem\",\"position\":4,\"name\":\"Musica Gloria\"}]},{\"@type\":\"WebSite\",\"@id\":\"https:\/\/festivita.be\/nl\/#website\",\"url\":\"https:\/\/festivita.be\/nl\/\",\"name\":\"FestiVita!\",\"description\":\"Brussels Early Music Festival\",\"publisher\":{\"@id\":\"https:\/\/festivita.be\/nl\/#organization\"},\"potentialAction\":[{\"@type\":\"SearchAction\",\"target\":{\"@type\":\"EntryPoint\",\"urlTemplate\":\"https:\/\/festivita.be\/nl\/?s={search_term_string}\"},\"query-input\":{\"@type\":\"PropertyValueSpecification\",\"valueRequired\":true,\"valueName\":\"search_term_string\"}}],\"inLanguage\":\"nl-NL\"},{\"@type\":\"Organization\",\"@id\":\"https:\/\/festivita.be\/nl\/#organization\",\"name\":\"Festivita\",\"url\":\"https:\/\/festivita.be\/nl\/\",\"logo\":{\"@type\":\"ImageObject\",\"inLanguage\":\"nl-NL\",\"@id\":\"https:\/\/festivita.be\/nl\/#\/schema\/logo\/image\/\",\"url\":\"https:\/\/festivita.be\/wp-content\/uploads\/2020\/10\/festivita-2-logo.jpg\",\"contentUrl\":\"https:\/\/festivita.be\/wp-content\/uploads\/2020\/10\/festivita-2-logo.jpg\",\"width\":887,\"height\":400,\"caption\":\"Festivita\"},\"image\":{\"@id\":\"https:\/\/festivita.be\/nl\/#\/schema\/logo\/image\/\"},\"sameAs\":[\"https:\/\/www.facebook.com\/FestiVita-Brussels-Early-Music-Festival-102508725164674\/about\/?ref=page_internal\",\"https:\/\/www.instagram.com\/festivita_be\/\",\"https:\/\/www.youtube.com\/channel\/UC_hlu4NfyE2QYXIYy-3EiVQ\"]}]}<\/script>\n<!-- \/ Yoast SEO plugin. -->","yoast_head_json":{"title":"Musica Gloria - FestiVita!","robots":{"index":"index","follow":"follow","max-snippet":"max-snippet:-1","max-image-preview":"max-image-preview:large","max-video-preview":"max-video-preview:-1"},"canonical":"https:\/\/festivita.be\/nl\/festivita-2025\/programma-festivita-2025\/musica-gloria\/","og_locale":"nl_NL","og_type":"article","og_title":"Musica Gloria - FestiVita!","og_description":"Donderdag 20 februari19:30 Concerti e arie veneziani Het kleurrijke Veneti\u00eb was een Italiaanse pioniersstad in het veelvuldige gebruik van de \u2018moderne\u2019 blaasinstrumenten aan het begin van de 18e eeuw. In dit concert komen daarvan de traverso, hobo en blokfluit aan bod. Niet alleen voor zijn wereldberoemde vier seizoen, maar ook voor andere composities, liet Vivaldi [&hellip;]","og_url":"https:\/\/festivita.be\/nl\/festivita-2025\/programma-festivita-2025\/musica-gloria\/","og_site_name":"FestiVita!","article_publisher":"https:\/\/www.facebook.com\/FestiVita-Brussels-Early-Music-Festival-102508725164674\/about\/?ref=page_internal","article_modified_time":"2024-11-09T20:40:16+00:00","og_image":[{"width":2560,"height":1633,"url":"https:\/\/festivita.be\/wp-content\/uploads\/2024\/10\/Copyright-Malou-Van-Den-Heuvel-1-scaled.jpg","type":"image\/jpeg"}],"twitter_card":"summary_large_image","twitter_misc":{"Geschatte leestijd":"7 minuten"},"schema":{"@context":"https:\/\/schema.org","@graph":[{"@type":"WebPage","@id":"https:\/\/festivita.be\/nl\/festivita-2025\/programma-festivita-2025\/musica-gloria\/","url":"https:\/\/festivita.be\/nl\/festivita-2025\/programma-festivita-2025\/musica-gloria\/","name":"Musica Gloria - FestiVita!","isPartOf":{"@id":"https:\/\/festivita.be\/nl\/#website"},"primaryImageOfPage":{"@id":"https:\/\/festivita.be\/nl\/festivita-2025\/programma-festivita-2025\/musica-gloria\/#primaryimage"},"image":{"@id":"https:\/\/festivita.be\/nl\/festivita-2025\/programma-festivita-2025\/musica-gloria\/#primaryimage"},"thumbnailUrl":"https:\/\/festivita.be\/wp-content\/uploads\/2024\/10\/Copyright-Malou-Van-Den-Heuvel-1-1024x653.jpg","datePublished":"2024-11-09T20:40:14+00:00","dateModified":"2024-11-09T20:40:16+00:00","breadcrumb":{"@id":"https:\/\/festivita.be\/nl\/festivita-2025\/programma-festivita-2025\/musica-gloria\/#breadcrumb"},"inLanguage":"nl-NL","potentialAction":[{"@type":"ReadAction","target":["https:\/\/festivita.be\/nl\/festivita-2025\/programma-festivita-2025\/musica-gloria\/"]}]},{"@type":"ImageObject","inLanguage":"nl-NL","@id":"https:\/\/festivita.be\/nl\/festivita-2025\/programma-festivita-2025\/musica-gloria\/#primaryimage","url":"https:\/\/festivita.be\/wp-content\/uploads\/2024\/10\/Copyright-Malou-Van-Den-Heuvel-1-1024x653.jpg","contentUrl":"https:\/\/festivita.be\/wp-content\/uploads\/2024\/10\/Copyright-Malou-Van-Den-Heuvel-1-1024x653.jpg"},{"@type":"BreadcrumbList","@id":"https:\/\/festivita.be\/nl\/festivita-2025\/programma-festivita-2025\/musica-gloria\/#breadcrumb","itemListElement":[{"@type":"ListItem","position":1,"name":"Accueil","item":"https:\/\/festivita.be\/nl\/"},{"@type":"ListItem","position":2,"name":"FESTIVITA! 2025","item":"https:\/\/festivita.be\/nl\/festivita-2025\/"},{"@type":"ListItem","position":3,"name":"Programma FestiVita! 2025","item":"https:\/\/festivita.be\/nl\/festivita-2025\/programma-festivita-2025\/"},{"@type":"ListItem","position":4,"name":"Musica Gloria"}]},{"@type":"WebSite","@id":"https:\/\/festivita.be\/nl\/#website","url":"https:\/\/festivita.be\/nl\/","name":"FestiVita!","description":"Brussels Early Music Festival","publisher":{"@id":"https:\/\/festivita.be\/nl\/#organization"},"potentialAction":[{"@type":"SearchAction","target":{"@type":"EntryPoint","urlTemplate":"https:\/\/festivita.be\/nl\/?s={search_term_string}"},"query-input":{"@type":"PropertyValueSpecification","valueRequired":true,"valueName":"search_term_string"}}],"inLanguage":"nl-NL"},{"@type":"Organization","@id":"https:\/\/festivita.be\/nl\/#organization","name":"Festivita","url":"https:\/\/festivita.be\/nl\/","logo":{"@type":"ImageObject","inLanguage":"nl-NL","@id":"https:\/\/festivita.be\/nl\/#\/schema\/logo\/image\/","url":"https:\/\/festivita.be\/wp-content\/uploads\/2020\/10\/festivita-2-logo.jpg","contentUrl":"https:\/\/festivita.be\/wp-content\/uploads\/2020\/10\/festivita-2-logo.jpg","width":887,"height":400,"caption":"Festivita"},"image":{"@id":"https:\/\/festivita.be\/nl\/#\/schema\/logo\/image\/"},"sameAs":["https:\/\/www.facebook.com\/FestiVita-Brussels-Early-Music-Festival-102508725164674\/about\/?ref=page_internal","https:\/\/www.instagram.com\/festivita_be\/","https:\/\/www.youtube.com\/channel\/UC_hlu4NfyE2QYXIYy-3EiVQ"]}]}},"_links":{"self":[{"href":"https:\/\/festivita.be\/nl\/wp-json\/wp\/v2\/pages\/40167","targetHints":{"allow":["GET"]}}],"collection":[{"href":"https:\/\/festivita.be\/nl\/wp-json\/wp\/v2\/pages"}],"about":[{"href":"https:\/\/festivita.be\/nl\/wp-json\/wp\/v2\/types\/page"}],"author":[{"embeddable":true,"href":"https:\/\/festivita.be\/nl\/wp-json\/wp\/v2\/users\/2"}],"replies":[{"embeddable":true,"href":"https:\/\/festivita.be\/nl\/wp-json\/wp\/v2\/comments?post=40167"}],"version-history":[{"count":4,"href":"https:\/\/festivita.be\/nl\/wp-json\/wp\/v2\/pages\/40167\/revisions"}],"predecessor-version":[{"id":40252,"href":"https:\/\/festivita.be\/nl\/wp-json\/wp\/v2\/pages\/40167\/revisions\/40252"}],"up":[{"embeddable":true,"href":"https:\/\/festivita.be\/nl\/wp-json\/wp\/v2\/pages\/39953"}],"wp:attachment":[{"href":"https:\/\/festivita.be\/nl\/wp-json\/wp\/v2\/media?parent=40167"}],"curies":[{"name":"wp","href":"https:\/\/api.w.org\/{rel}","templated":true}]}}