{"id":41620,"date":"2025-11-07T16:57:07","date_gmt":"2025-11-07T15:57:07","guid":{"rendered":"https:\/\/festivita.be\/?page_id=41620"},"modified":"2025-11-10T18:36:24","modified_gmt":"2025-11-10T17:36:24","slug":"consort-la-capriola","status":"publish","type":"page","link":"https:\/\/festivita.be\/nl\/festivita-2026\/programma-festivita-2026\/consort-la-capriola\/","title":{"rendered":"Consort La Capriola"},"content":{"rendered":"\n<h4 class=\"wp-block-heading has-text-align-center\" id=\"block-408db3a8-3a9e-41ac-9d79-5e57311ab68d\">Vrijdag 13 februari<br>18:00<\/h4>\n\n\n\n<div style=\"height:25px\" aria-hidden=\"true\" class=\"wp-block-spacer\"><\/div>\n\n\n\n<figure class=\"wp-block-image size-large\"><img loading=\"lazy\" decoding=\"async\" width=\"1024\" height=\"683\" src=\"https:\/\/festivita.be\/wp-content\/uploads\/2025\/05\/Premiere-CONSORT-LA-CAPRIOLA-26-1024x683.jpg\" alt=\"\" class=\"wp-image-41266\" srcset=\"https:\/\/festivita.be\/wp-content\/uploads\/2025\/05\/Premiere-CONSORT-LA-CAPRIOLA-26-1024x683.jpg 1024w, https:\/\/festivita.be\/wp-content\/uploads\/2025\/05\/Premiere-CONSORT-LA-CAPRIOLA-26-300x200.jpg 300w, https:\/\/festivita.be\/wp-content\/uploads\/2025\/05\/Premiere-CONSORT-LA-CAPRIOLA-26-768x512.jpg 768w, https:\/\/festivita.be\/wp-content\/uploads\/2025\/05\/Premiere-CONSORT-LA-CAPRIOLA-26-1536x1024.jpg 1536w, https:\/\/festivita.be\/wp-content\/uploads\/2025\/05\/Premiere-CONSORT-LA-CAPRIOLA-26-2048x1365.jpg 2048w\" sizes=\"auto, (max-width: 1024px) 100vw, 1024px\" \/><figcaption class=\"wp-element-caption\">\u00a9Malou van den Heuvel<\/figcaption><\/figure>\n\n\n\n<h4 class=\"wp-block-heading\" id=\"block-42a7329d-2fdc-4b33-83ed-45dc10adcbfb\">Dresden in de 16e eeuw. <em>Echo&#8217;s van een Europa in beweging<\/em><\/h4>\n\n\n\n<p>Tijdens de Renaissance was Dresden niet alleen een politieke hoofdstad, maar ook een bruisende muziekscene, een waar klanklaboratorium waar Italiaanse, Franse en Duitse invloeden elkaar kruisten. Het Consort La Capriola verkent deze verwantschappen en breuken in een reis door Dresden aan het begin van de 17e eeuw, in een tijd waarin de muziek langzaam van gedaante verandert.<\/p>\n\n\n\n<p>In deze dynamische context ontvouwt zich hun programma, dat een mix is van even rijke als kosmopolitische artistieke parcours. Hans Leo Hassler, opgeleid in Veneti\u00eb bij Andrea Gabrieli, belichaamt de ontmoeting tussen de Duitse contrapuntische strengheid en de Italiaanse expressiviteit. Antonio Scandello en Carlo Farina, Italiaanse musici die zich in Dresden vestigden, zullen ook een centrale rol spelen in deze culturele vermenging, door een brug te slaan tussen twee werelden en de grote instrumentale innovaties die nog zouden komen aan te kondigen. Gregor Brayssing, een luitspeler uit Dresden die na de Slag bij M\u00fchlberg naar Frankrijk was gevlucht, zette de Franse muziek van het einde van de 15e eeuw in tabulatuur om en maakte daarmee de weg vrij voor een nieuwe taal. Deze kruisende trajecten getuigen van de rijkdom van de Europese muzikale uitwisselingen. Zo werd Dresden op de overgang van de 16e naar de 17e eeuw een vruchtbare smeltkroes van experimenten en stilistische vernieuwingen, die de opkomst van de barok aankondigden.<\/p>\n\n\n\n<p>In Saksen is de kathedraal van Freiburg bij musicologen bekend om zijn vijf beelden van engelen met renaissanceviolen \u2013 een mooie verwijzing naar de traditie van het vioolconsort in de regio. Er zijn verschillende kopie\u00ebn van deze instrumenten gemaakt, maar wij hebben ervoor gekozen om op onze Italiaanse violen uit Cremona te spelen. Deze keuze sluit aan bij de geest van die tijd: onze instrumenten passen volledig in de context van uitwisselingen die Dresden tijdens de renaissance kenmerkten. De invloeden uit Itali\u00eb waren sterk en hebben in grote mate bijgedragen aan een ingrijpende verandering van het lokale muziekleven. Door dit programma te spelen op Italiaanse violen, zetten we deze grote muzikale dialoog voort die de contouren van een Europa in beweging schetst, en brengen we deze onder de aandacht.<\/p>\n\n\n\n<p class=\"has-text-align-right\"><strong>Gabrielle Varbetian<\/strong>, canto<br><strong>Elizabeth Sommers<\/strong>, violino soprano &amp; alto<br><strong>Dorine Lepeltier-Kov\u00e1cs<\/strong>, violino tenore<br><strong>Manon Papasergio<\/strong>, violino basso &amp; arpa doppia<\/p>\n\n\n\n<div style=\"height:10px\" aria-hidden=\"true\" class=\"wp-block-spacer\"><\/div>\n\n\n\n<figure class=\"wp-block-embed is-type-video is-provider-youtube wp-block-embed-youtube wp-embed-aspect-16-9 wp-has-aspect-ratio\"><div class=\"wp-block-embed__wrapper\">\n<iframe loading=\"lazy\" title=\"Consort La Capriola \u2022 Cipriano de Rore, Ancor che col partire\" width=\"640\" height=\"360\" src=\"https:\/\/www.youtube.com\/embed\/Fv6mtlw1wuA?feature=oembed\" frameborder=\"0\" allow=\"accelerometer; autoplay; clipboard-write; encrypted-media; gyroscope; picture-in-picture; web-share\" referrerpolicy=\"strict-origin-when-cross-origin\" allowfullscreen><\/iframe>\n<\/div><\/figure>\n\n\n\n<div style=\"height:10px\" aria-hidden=\"true\" class=\"wp-block-spacer\"><\/div>\n\n\n\n<h4 class=\"wp-block-heading\" id=\"block-34f588fb-1261-48f9-8682-f29b611f11c9\">Consort La Capriola<\/h4>\n\n\n\n<p><strong>La Capriola<\/strong> is een muzikale en vriendschappelijke ontmoeting aan het Conservatoire National Sup\u00e9rieur de Musique et de Danse de Lyon, gebaseerd op een gedeeld enthousiasme voor renaissancemuziek en \u00e9\u00e9n van de meest toonaangevende instrumenten uit die periode, de viool.\u00a0<\/p>\n\n\n\n<p>Het ensemble, opgericht door Dorine Lepeltier-Kov\u00e1cs en gedragen door een rigoureus onderzoeksproject, ziet in 2021 het levenslicht. Een jaar later volgen de vier violisten van het Consort La Capriola een masteropleiding kamermuziek aan het Conservatoire National sup\u00e9rieur musique et Danse Lyon, waar ze les krijgen van Odile \u00c9douard, Myriam Rignol, Anne Delafosse en Tiago Simas-Freire.&nbsp;<\/p>\n\n\n\n<p>Van de imposante <em>violino basso<\/em> tot de <em>violino canto<\/em>, via de <em>alto<\/em> en de <em>tenore<\/em>, sluit het Consort La Capriola aan bij de muzikale traditie van de vioolensembles uit de 16e eeuw. Dit samenspel van instrumenten, waarvan het klassieke strijkkwartet een directe afstammeling is, vormt een ideaal kader voor het verkennen van de polyfone sacrale en profane muziek uit de renaissance. Sinds april 2024 maakt het Consort La Capriola deel uit van het Europese programma S-EEEMERGING+, een springplank voor jonge ensembles die \u201cOude Muziek\u201d spelen. In februari 2025 won het de Eerste Prijs van de Jury en de Publieksprijs op het Concours Premi\u00e8re in Brussel, in het kader van het Festival Festi<em>Vita! <\/em>(Brussels Early Music Festival). Het consort treedt op in Frankrijk (Lyon, Avignon, Marseille) en in het buitenland (Letland, Portugal, Itali\u00eb, Belgi\u00eb).&nbsp;<\/p>\n\n\n\n<p>Daarnaast ontwikkelt het ensemble ook een voorliefde voor theatrale vormen en biedt het vandaag de dag muziekvoorstellingen aan die de verbanden tussen de humanistische filosofie en onze hedendaagse tijd verkennen. La Capriola-Commedia is dan ook de auteur en uitvoerder van de show \u201cHarlou ! La Complainte de l&#8217;Enfant Sauvage\u201d, gecre\u00eberd in juli 2024 op het Festival OFF d&#8217;Avignon (publieksfavoriet Masque et la Plume 2024).&nbsp;<\/p>\n\n\n\n<p>Organologisch onderzoek, trans disciplinaire projecten, onbekende of zelfs ongepubliceerde partituren: La Capriola wil de muziek van de renaissance verspreiden door historische en muzikale eisen te combineren en deze tegelijkertijd voor iedereen toegankelijk te maken. Met een experimentele en collectieve aanpak nodigt het u uit om de rijkdom van de Europese renaissancemuziek te ontdekken, waarbij de klankkleuren van de stem en de tokkelinstrumenten worden gecombineerd met die van de violen.&nbsp;<\/p>\n\n\n\n<p>Sinds 2025 is La Capriola lid van de FEVIS (F\u00e9d\u00e9ration des Ensembles Vocaux et Instrumentaux Sp\u00e9cialis\u00e9s).<\/p>\n\n\n\n<p><a href=\"\/nl\/?page_id=41590\"><strong>Tarieven: <\/strong><br>Voorverkoop: 20\u20ac\/15\u20ac\/5\u20ac<br>Verkoop: 25\u20ac\/18\u20ac\/5\u20ac<\/a><\/p>\n","protected":false},"excerpt":{"rendered":"<p>Vrijdag 13 februari18:00 Dresden in de 16e eeuw. Echo&#8217;s van een Europa in beweging Tijdens de Renaissance was Dresden niet alleen een politieke hoofdstad, maar ook een bruisende muziekscene, een waar klanklaboratorium waar Italiaanse, Franse en Duitse invloeden elkaar kruisten. Het Consort La Capriola verkent deze verwantschappen en breuken in een reis door Dresden aan [&hellip;]<\/p>\n","protected":false},"author":2,"featured_media":0,"parent":41584,"menu_order":2,"comment_status":"closed","ping_status":"closed","template":"","meta":{"_acf_changed":false,"_themeisle_gutenberg_block_has_review":false,"footnotes":""},"class_list":["post-41620","page","type-page","status-publish","hentry"],"acf":[],"yoast_head":"<!-- This site is optimized with the Yoast SEO plugin v27.2 - https:\/\/yoast.com\/product\/yoast-seo-wordpress\/ -->\n<title>Consort La Capriola - FestiVita!<\/title>\n<meta name=\"robots\" content=\"index, follow, max-snippet:-1, max-image-preview:large, max-video-preview:-1\" \/>\n<link rel=\"canonical\" href=\"https:\/\/festivita.be\/nl\/festivita-2026\/programma-festivita-2026\/consort-la-capriola\/\" \/>\n<meta property=\"og:locale\" content=\"nl_NL\" \/>\n<meta property=\"og:type\" content=\"article\" \/>\n<meta property=\"og:title\" content=\"Consort La Capriola - FestiVita!\" \/>\n<meta property=\"og:description\" content=\"Vrijdag 13 februari18:00 Dresden in de 16e eeuw. Echo&#8217;s van een Europa in beweging Tijdens de Renaissance was Dresden niet alleen een politieke hoofdstad, maar ook een bruisende muziekscene, een waar klanklaboratorium waar Italiaanse, Franse en Duitse invloeden elkaar kruisten. Het Consort La Capriola verkent deze verwantschappen en breuken in een reis door Dresden aan [&hellip;]\" \/>\n<meta property=\"og:url\" content=\"https:\/\/festivita.be\/nl\/festivita-2026\/programma-festivita-2026\/consort-la-capriola\/\" \/>\n<meta property=\"og:site_name\" content=\"FestiVita!\" \/>\n<meta property=\"article:publisher\" content=\"https:\/\/www.facebook.com\/FestiVita-Brussels-Early-Music-Festival-102508725164674\/about\/?ref=page_internal\" \/>\n<meta property=\"article:modified_time\" content=\"2025-11-10T17:36:24+00:00\" \/>\n<meta property=\"og:image\" content=\"https:\/\/festivita.be\/wp-content\/uploads\/2025\/05\/Premiere-CONSORT-LA-CAPRIOLA-26-scaled.jpg\" \/>\n\t<meta property=\"og:image:width\" content=\"2560\" \/>\n\t<meta property=\"og:image:height\" content=\"1707\" \/>\n\t<meta property=\"og:image:type\" content=\"image\/jpeg\" \/>\n<meta name=\"twitter:card\" content=\"summary_large_image\" \/>\n<meta name=\"twitter:label1\" content=\"Geschatte leestijd\" \/>\n\t<meta name=\"twitter:data1\" content=\"5 minuten\" \/>\n<script type=\"application\/ld+json\" class=\"yoast-schema-graph\">{\"@context\":\"https:\/\/schema.org\",\"@graph\":[{\"@type\":\"WebPage\",\"@id\":\"https:\/\/festivita.be\/nl\/festivita-2026\/programma-festivita-2026\/consort-la-capriola\/\",\"url\":\"https:\/\/festivita.be\/nl\/festivita-2026\/programma-festivita-2026\/consort-la-capriola\/\",\"name\":\"Consort La Capriola - FestiVita!\",\"isPartOf\":{\"@id\":\"https:\/\/festivita.be\/nl\/#website\"},\"primaryImageOfPage\":{\"@id\":\"https:\/\/festivita.be\/nl\/festivita-2026\/programma-festivita-2026\/consort-la-capriola\/#primaryimage\"},\"image\":{\"@id\":\"https:\/\/festivita.be\/nl\/festivita-2026\/programma-festivita-2026\/consort-la-capriola\/#primaryimage\"},\"thumbnailUrl\":\"https:\/\/festivita.be\/wp-content\/uploads\/2025\/05\/Premiere-CONSORT-LA-CAPRIOLA-26-1024x683.jpg\",\"datePublished\":\"2025-11-07T15:57:07+00:00\",\"dateModified\":\"2025-11-10T17:36:24+00:00\",\"breadcrumb\":{\"@id\":\"https:\/\/festivita.be\/nl\/festivita-2026\/programma-festivita-2026\/consort-la-capriola\/#breadcrumb\"},\"inLanguage\":\"nl-NL\",\"potentialAction\":[{\"@type\":\"ReadAction\",\"target\":[\"https:\/\/festivita.be\/nl\/festivita-2026\/programma-festivita-2026\/consort-la-capriola\/\"]}]},{\"@type\":\"ImageObject\",\"inLanguage\":\"nl-NL\",\"@id\":\"https:\/\/festivita.be\/nl\/festivita-2026\/programma-festivita-2026\/consort-la-capriola\/#primaryimage\",\"url\":\"https:\/\/festivita.be\/wp-content\/uploads\/2025\/05\/Premiere-CONSORT-LA-CAPRIOLA-26-1024x683.jpg\",\"contentUrl\":\"https:\/\/festivita.be\/wp-content\/uploads\/2025\/05\/Premiere-CONSORT-LA-CAPRIOLA-26-1024x683.jpg\"},{\"@type\":\"BreadcrumbList\",\"@id\":\"https:\/\/festivita.be\/nl\/festivita-2026\/programma-festivita-2026\/consort-la-capriola\/#breadcrumb\",\"itemListElement\":[{\"@type\":\"ListItem\",\"position\":1,\"name\":\"Accueil\",\"item\":\"https:\/\/festivita.be\/nl\/\"},{\"@type\":\"ListItem\",\"position\":2,\"name\":\"FESTIVITA! 2026\",\"item\":\"https:\/\/festivita.be\/nl\/festivita-2026\/\"},{\"@type\":\"ListItem\",\"position\":3,\"name\":\"Programma FestiVita! 2026\",\"item\":\"https:\/\/festivita.be\/nl\/festivita-2026\/programma-festivita-2026\/\"},{\"@type\":\"ListItem\",\"position\":4,\"name\":\"Consort La Capriola\"}]},{\"@type\":\"WebSite\",\"@id\":\"https:\/\/festivita.be\/nl\/#website\",\"url\":\"https:\/\/festivita.be\/nl\/\",\"name\":\"FestiVita!\",\"description\":\"Brussels Early Music Festival\",\"publisher\":{\"@id\":\"https:\/\/festivita.be\/nl\/#organization\"},\"potentialAction\":[{\"@type\":\"SearchAction\",\"target\":{\"@type\":\"EntryPoint\",\"urlTemplate\":\"https:\/\/festivita.be\/nl\/?s={search_term_string}\"},\"query-input\":{\"@type\":\"PropertyValueSpecification\",\"valueRequired\":true,\"valueName\":\"search_term_string\"}}],\"inLanguage\":\"nl-NL\"},{\"@type\":\"Organization\",\"@id\":\"https:\/\/festivita.be\/nl\/#organization\",\"name\":\"Festivita\",\"url\":\"https:\/\/festivita.be\/nl\/\",\"logo\":{\"@type\":\"ImageObject\",\"inLanguage\":\"nl-NL\",\"@id\":\"https:\/\/festivita.be\/nl\/#\/schema\/logo\/image\/\",\"url\":\"https:\/\/festivita.be\/wp-content\/uploads\/2020\/10\/festivita-2-logo.jpg\",\"contentUrl\":\"https:\/\/festivita.be\/wp-content\/uploads\/2020\/10\/festivita-2-logo.jpg\",\"width\":887,\"height\":400,\"caption\":\"Festivita\"},\"image\":{\"@id\":\"https:\/\/festivita.be\/nl\/#\/schema\/logo\/image\/\"},\"sameAs\":[\"https:\/\/www.facebook.com\/FestiVita-Brussels-Early-Music-Festival-102508725164674\/about\/?ref=page_internal\",\"https:\/\/www.instagram.com\/festivita_be\/\",\"https:\/\/www.youtube.com\/channel\/UC_hlu4NfyE2QYXIYy-3EiVQ\"]}]}<\/script>\n<!-- \/ Yoast SEO plugin. -->","yoast_head_json":{"title":"Consort La Capriola - FestiVita!","robots":{"index":"index","follow":"follow","max-snippet":"max-snippet:-1","max-image-preview":"max-image-preview:large","max-video-preview":"max-video-preview:-1"},"canonical":"https:\/\/festivita.be\/nl\/festivita-2026\/programma-festivita-2026\/consort-la-capriola\/","og_locale":"nl_NL","og_type":"article","og_title":"Consort La Capriola - FestiVita!","og_description":"Vrijdag 13 februari18:00 Dresden in de 16e eeuw. Echo&#8217;s van een Europa in beweging Tijdens de Renaissance was Dresden niet alleen een politieke hoofdstad, maar ook een bruisende muziekscene, een waar klanklaboratorium waar Italiaanse, Franse en Duitse invloeden elkaar kruisten. Het Consort La Capriola verkent deze verwantschappen en breuken in een reis door Dresden aan [&hellip;]","og_url":"https:\/\/festivita.be\/nl\/festivita-2026\/programma-festivita-2026\/consort-la-capriola\/","og_site_name":"FestiVita!","article_publisher":"https:\/\/www.facebook.com\/FestiVita-Brussels-Early-Music-Festival-102508725164674\/about\/?ref=page_internal","article_modified_time":"2025-11-10T17:36:24+00:00","og_image":[{"width":2560,"height":1707,"url":"https:\/\/festivita.be\/wp-content\/uploads\/2025\/05\/Premiere-CONSORT-LA-CAPRIOLA-26-scaled.jpg","type":"image\/jpeg"}],"twitter_card":"summary_large_image","twitter_misc":{"Geschatte leestijd":"5 minuten"},"schema":{"@context":"https:\/\/schema.org","@graph":[{"@type":"WebPage","@id":"https:\/\/festivita.be\/nl\/festivita-2026\/programma-festivita-2026\/consort-la-capriola\/","url":"https:\/\/festivita.be\/nl\/festivita-2026\/programma-festivita-2026\/consort-la-capriola\/","name":"Consort La Capriola - FestiVita!","isPartOf":{"@id":"https:\/\/festivita.be\/nl\/#website"},"primaryImageOfPage":{"@id":"https:\/\/festivita.be\/nl\/festivita-2026\/programma-festivita-2026\/consort-la-capriola\/#primaryimage"},"image":{"@id":"https:\/\/festivita.be\/nl\/festivita-2026\/programma-festivita-2026\/consort-la-capriola\/#primaryimage"},"thumbnailUrl":"https:\/\/festivita.be\/wp-content\/uploads\/2025\/05\/Premiere-CONSORT-LA-CAPRIOLA-26-1024x683.jpg","datePublished":"2025-11-07T15:57:07+00:00","dateModified":"2025-11-10T17:36:24+00:00","breadcrumb":{"@id":"https:\/\/festivita.be\/nl\/festivita-2026\/programma-festivita-2026\/consort-la-capriola\/#breadcrumb"},"inLanguage":"nl-NL","potentialAction":[{"@type":"ReadAction","target":["https:\/\/festivita.be\/nl\/festivita-2026\/programma-festivita-2026\/consort-la-capriola\/"]}]},{"@type":"ImageObject","inLanguage":"nl-NL","@id":"https:\/\/festivita.be\/nl\/festivita-2026\/programma-festivita-2026\/consort-la-capriola\/#primaryimage","url":"https:\/\/festivita.be\/wp-content\/uploads\/2025\/05\/Premiere-CONSORT-LA-CAPRIOLA-26-1024x683.jpg","contentUrl":"https:\/\/festivita.be\/wp-content\/uploads\/2025\/05\/Premiere-CONSORT-LA-CAPRIOLA-26-1024x683.jpg"},{"@type":"BreadcrumbList","@id":"https:\/\/festivita.be\/nl\/festivita-2026\/programma-festivita-2026\/consort-la-capriola\/#breadcrumb","itemListElement":[{"@type":"ListItem","position":1,"name":"Accueil","item":"https:\/\/festivita.be\/nl\/"},{"@type":"ListItem","position":2,"name":"FESTIVITA! 2026","item":"https:\/\/festivita.be\/nl\/festivita-2026\/"},{"@type":"ListItem","position":3,"name":"Programma FestiVita! 2026","item":"https:\/\/festivita.be\/nl\/festivita-2026\/programma-festivita-2026\/"},{"@type":"ListItem","position":4,"name":"Consort La Capriola"}]},{"@type":"WebSite","@id":"https:\/\/festivita.be\/nl\/#website","url":"https:\/\/festivita.be\/nl\/","name":"FestiVita!","description":"Brussels Early Music Festival","publisher":{"@id":"https:\/\/festivita.be\/nl\/#organization"},"potentialAction":[{"@type":"SearchAction","target":{"@type":"EntryPoint","urlTemplate":"https:\/\/festivita.be\/nl\/?s={search_term_string}"},"query-input":{"@type":"PropertyValueSpecification","valueRequired":true,"valueName":"search_term_string"}}],"inLanguage":"nl-NL"},{"@type":"Organization","@id":"https:\/\/festivita.be\/nl\/#organization","name":"Festivita","url":"https:\/\/festivita.be\/nl\/","logo":{"@type":"ImageObject","inLanguage":"nl-NL","@id":"https:\/\/festivita.be\/nl\/#\/schema\/logo\/image\/","url":"https:\/\/festivita.be\/wp-content\/uploads\/2020\/10\/festivita-2-logo.jpg","contentUrl":"https:\/\/festivita.be\/wp-content\/uploads\/2020\/10\/festivita-2-logo.jpg","width":887,"height":400,"caption":"Festivita"},"image":{"@id":"https:\/\/festivita.be\/nl\/#\/schema\/logo\/image\/"},"sameAs":["https:\/\/www.facebook.com\/FestiVita-Brussels-Early-Music-Festival-102508725164674\/about\/?ref=page_internal","https:\/\/www.instagram.com\/festivita_be\/","https:\/\/www.youtube.com\/channel\/UC_hlu4NfyE2QYXIYy-3EiVQ"]}]}},"_links":{"self":[{"href":"https:\/\/festivita.be\/nl\/wp-json\/wp\/v2\/pages\/41620","targetHints":{"allow":["GET"]}}],"collection":[{"href":"https:\/\/festivita.be\/nl\/wp-json\/wp\/v2\/pages"}],"about":[{"href":"https:\/\/festivita.be\/nl\/wp-json\/wp\/v2\/types\/page"}],"author":[{"embeddable":true,"href":"https:\/\/festivita.be\/nl\/wp-json\/wp\/v2\/users\/2"}],"replies":[{"embeddable":true,"href":"https:\/\/festivita.be\/nl\/wp-json\/wp\/v2\/comments?post=41620"}],"version-history":[{"count":5,"href":"https:\/\/festivita.be\/nl\/wp-json\/wp\/v2\/pages\/41620\/revisions"}],"predecessor-version":[{"id":42115,"href":"https:\/\/festivita.be\/nl\/wp-json\/wp\/v2\/pages\/41620\/revisions\/42115"}],"up":[{"embeddable":true,"href":"https:\/\/festivita.be\/nl\/wp-json\/wp\/v2\/pages\/41584"}],"wp:attachment":[{"href":"https:\/\/festivita.be\/nl\/wp-json\/wp\/v2\/media?parent=41620"}],"curies":[{"name":"wp","href":"https:\/\/api.w.org\/{rel}","templated":true}]}}