{"id":41670,"date":"2025-11-07T17:22:49","date_gmt":"2025-11-07T16:22:49","guid":{"rendered":"https:\/\/festivita.be\/?page_id=41670"},"modified":"2026-01-29T19:26:10","modified_gmt":"2026-01-29T18:26:10","slug":"ricercar-consort","status":"publish","type":"page","link":"https:\/\/festivita.be\/nl\/festivita-2026\/programma-festivita-2026\/ricercar-consort\/","title":{"rendered":"Ricercar Consort"},"content":{"rendered":"\n<h4 class=\"wp-block-heading has-text-align-center\" id=\"block-408db3a8-3a9e-41ac-9d79-5e57311ab68d\">Zaterdag 14 februari<br>21:00<\/h4>\n\n\n\n<div style=\"height:25px\" aria-hidden=\"true\" class=\"wp-block-spacer\"><\/div>\n\n\n\n<figure class=\"wp-block-image size-large\"><img loading=\"lazy\" decoding=\"async\" width=\"1024\" height=\"684\" src=\"https:\/\/festivita.be\/wp-content\/uploads\/2025\/10\/Ricercar-Consort-Monteverdi-1024x684.jpg\" alt=\"Festivita26-ricercar\" class=\"wp-image-41601\" srcset=\"https:\/\/festivita.be\/wp-content\/uploads\/2025\/10\/Ricercar-Consort-Monteverdi-1024x684.jpg 1024w, https:\/\/festivita.be\/wp-content\/uploads\/2025\/10\/Ricercar-Consort-Monteverdi-300x200.jpg 300w, https:\/\/festivita.be\/wp-content\/uploads\/2025\/10\/Ricercar-Consort-Monteverdi-768x513.jpg 768w, https:\/\/festivita.be\/wp-content\/uploads\/2025\/10\/Ricercar-Consort-Monteverdi-1536x1025.jpg 1536w, https:\/\/festivita.be\/wp-content\/uploads\/2025\/10\/Ricercar-Consort-Monteverdi-2048x1367.jpg 2048w\" sizes=\"auto, (max-width: 1024px) 100vw, 1024px\" \/><\/figure>\n\n\n\n<h4 class=\"wp-block-heading\" id=\"block-42a7329d-2fdc-4b33-83ed-45dc10adcbfb\">Da Pacem<\/h4>\n\n\n\n<p>Tijdens de bezetting van Leipzig in 1633, midden in de Dertigjarige Oorlog, zocht het volk troost en eenheid in gebed en muziek. Ondanks de bombardementen, kwamen de inwoners dag en nacht samen in de kerken, om hun geloof en angst te uiten door middel van liederen en boetpsalmen.&nbsp;<\/p>\n\n\n\n<p>In deze context, componeert Heinrich Sch\u00fctz, Kapelmeester van de keurvorst van Saxen Jean-Georges de eerste, zowel offici\u00eble als spirituele muziek, bedoeld om zijn tijdgenoten moreel te ondersteunen. Zijn werken weerspiegelen het streven naar vrede en het vragen om vergiffenis van godswege.&nbsp;<\/p>\n\n\n\n<p>Sommige composities, zoals Teutoniam dudum belli (SWV 338) of Da pacem, Domine (SWV 465), hadden een politieke betekenis en waren verbonden met openbare ceremonies, met name rond het Verdrag van Praag (1635). Andere, zoals Domine, ne in furore tuo arguas me (SWV 85) of Herr, unser Herrscher (SWV 449), drukken berouw en christelijke hoop uit in een context van oorlog die werd gezien als een straf voor zonde.<\/p>\n\n\n\n<p>Sch\u00fctz bracht ook hulde aan zijn muzikale vrienden, zoals Christoph Cornett en Hermann Schein, door hun herinneringen te verwerken in werken als Musicalische Exequien en Geistliche Chormusik (1648), opgedragen aan de kerken en scholen van Leipzig voor vredigere tijden.<\/p>\n\n\n\n<p>Zijn muziek combineert geloof, troost en het ideaal van vrede, met als hoogtepunt werken als Verley uns Frieden gen\u00e4diglich (SWV 372) en de psalm Siehe, wie fein und lieblich ists (SWV 48), symbool van hernieuwde broederschap na de Vrede van Westfalen (1648).<\/p>\n\n\n\n<p>Zo belichaamt het werk van Sch\u00fctz de collectieve stem van een volk dat op zoek is naar vrede en verlossing te midden van de verwoestingen van de oorlog.<\/p>\n\n\n\n<p class=\"has-text-align-right\"><strong>C\u00e9line Scheen<\/strong>, sopraan<br><strong>Barbora Kabatkova<\/strong>, sopraan<br><strong>Daniel Folqu\u00e9<\/strong>, alt<br><strong>Hugo Hymas<\/strong>, tenor<br><strong>Matthias Vieweg<\/strong>, bas<br><strong><strong>Jozef Zak<\/strong><\/strong>, viool<br><strong>Joanna Huszcza<\/strong>, viool<br><strong>Anna Lachegy<\/strong>i, viola da gamba<br><strong>Cl\u00e9mence Schiltz<\/strong>, viola da gamba<br><strong>Beno\u00eet Vanden Bemden<\/strong>, violone<br><strong>Julien Wolfs<\/strong>, orgel<br><strong>Philippe Pierlot<\/strong>, viola da gamba &amp; leiding<\/p>\n\n\n\n<div style=\"height:10px\" aria-hidden=\"true\" class=\"wp-block-spacer\"><\/div>\n\n\n\n<div style=\"height:25px\" aria-hidden=\"true\" class=\"wp-block-spacer\"><\/div>\n\n\n\n<figure class=\"wp-block-embed is-type-video is-provider-youtube wp-block-embed-youtube wp-embed-aspect-4-3 wp-has-aspect-ratio\"><div class=\"wp-block-embed__wrapper\">\n<iframe loading=\"lazy\" title=\"Da pacem, Domine, SWV 465\" width=\"640\" height=\"480\" src=\"https:\/\/www.youtube.com\/embed\/5jIITeYlWz8?feature=oembed\" frameborder=\"0\" allow=\"accelerometer; autoplay; clipboard-write; encrypted-media; gyroscope; picture-in-picture; web-share\" referrerpolicy=\"strict-origin-when-cross-origin\" allowfullscreen><\/iframe>\n<\/div><\/figure>\n\n\n\n<div style=\"height:10px\" aria-hidden=\"true\" class=\"wp-block-spacer\"><\/div>\n\n\n\n<div style=\"height:25px\" aria-hidden=\"true\" class=\"wp-block-spacer\"><\/div>\n\n\n\n<h4 class=\"wp-block-heading\" id=\"block-34f588fb-1261-48f9-8682-f29b611f11c9\">Ricercar Consort<\/h4>\n\n\n\n<p>\u201cRondom de viola da gamba van Philippe Pierlot heeft het Ricercar Consort een nauwkeurig, genereus en inspirerend kader gecre\u00eberd: een uitvoering die nederigheid en charisma, helderheid en warmte combineert.\u201d&nbsp;<\/p>\n\n\n\n<p>In 1985 maakt het Ricercar Consort zijn eerste concerttournee met L\u2019Offrande Musicale van J.S. Bach. Het ensemble verwerft internationale bekendheid, met name op het gebied van cantates en instrumentale muziek uit de Duitse barok. Het geeft talrijke concerten met Henri Ledroit, Max van Egmond, James Bowman&#8230; en neemt een vijftigtal platen op, waaronder het complete werk van onbekende componisten als N. Bruhns en M. Weckmann.&nbsp;<\/p>\n\n\n\n<p>Het ensemble, onder leiding van de Luikse Philippe Pierlot, wisselt vandaag de dag grootschalige producties af, voornamelijk op het gebied van sacrale muziek; de Passies, cantates van Bach, het Stabat Mater van Pergolesi, Vivaldi&#8230; met kamermuziek, waarvan een groot deel rond het gambaconsort.&nbsp;<\/p>\n\n\n\n<p>Hun opnames van de werken van Bach (Magnificat, Trauer-Ode, Johannespassie, kerstcantates&#8230;) worden door de internationale pers erkend en geprezen als referentie-uitvoeringen.&nbsp;<\/p>\n\n\n\n<p>Met de steun van de Franse Gemeenschap van Belgi\u00eb en \u2018Wallonie Bruxelles International\u2019 treedt het ensemble op tijdens prestigieuze festivals zoals Boston, San Diego, Edinburgh, Utrecht, Leipzig of Weimar&#8230; en al vele jaren tijdens \u2018Les Folles Journ\u00e9es de Nantes\u2019. Hun opnames gewijd aan de cantates van Bach en de representatieve muziek van Biber werden bekroond met de Diapason d&#8217;Or.<br><\/p>\n\n\n<div class=\"wp-block-image\">\n<figure class=\"aligncenter size-large is-resized\"><img loading=\"lazy\" decoding=\"async\" width=\"1024\" height=\"683\" src=\"https:\/\/festivita.be\/wp-content\/uploads\/2025\/10\/PIERLOT-1024x683.jpg\" alt=\"festivita26-philippepierlot\" class=\"wp-image-41671\" style=\"width:531px;height:auto\" srcset=\"https:\/\/festivita.be\/wp-content\/uploads\/2025\/10\/PIERLOT-1024x683.jpg 1024w, https:\/\/festivita.be\/wp-content\/uploads\/2025\/10\/PIERLOT-300x200.jpg 300w, https:\/\/festivita.be\/wp-content\/uploads\/2025\/10\/PIERLOT-768x512.jpg 768w, https:\/\/festivita.be\/wp-content\/uploads\/2025\/10\/PIERLOT-1536x1024.jpg 1536w, https:\/\/festivita.be\/wp-content\/uploads\/2025\/10\/PIERLOT-2048x1365.jpg 2048w\" sizes=\"auto, (max-width: 1024px) 100vw, 1024px\" \/><\/figure><\/div>\n\n\n<div style=\"height:25px\" aria-hidden=\"true\" class=\"wp-block-spacer\"><\/div>\n\n\n\n<h4 class=\"wp-block-heading\">Philippe Pierlot<\/h4>\n\n\n\n<p>Philippe Pierlot werd geboren in Luik. Nadat hij zichzelf gitaar en luit had aangeleerd, richtte hij zich op de viola da gamba, die hij studeerde bij Wieland Kuijken. Hij legt zich toe op kamermuziek, oratoria en opera, en verdeelt zijn tijd tussen de viola da gamba en dirigeren. Hij zorgdevoor bewerkingen en hernieuwde interesse voor de opera&#8217;s Il Ritorno d&#8217;Ulisse van Monteverdi (in een enscenering van William Kentridge, die al twintig jaar regelmatig over de hele wereld wordt opgevoerd), S\u00e9m\u00e9l\u00e9 van Marin Marais en de Marcus Passie (BWV 247) van Bach.<\/p>\n\n\n\n<p>Hij houdt ervan om ongewone ontmoetingen met de viola da gamba te cre\u00ebren, waarbij hij hedendaagse creaties tot stand brengt of volkstradities herinterpreteert. Zijn meest recente opnames zijn gewijd aan een recital voor solo gamba (\u201cM\u00e9ditation\u201d), met sopraan C\u00e9line Scheen \u201cDolcissimo Sospiro\u201d en \u201cLarmes de la Vierge\u201d, dat binnenkort verschijnt.<\/p>\n\n\n\n<p>Naast recitals en concerten met zijn ensemble, hecht hij bijzonder veel waarde aan zijn regelmatige samenwerking met Jordi Savall in het ensemble Hesp\u00e9rion XXI. Omdat hij veel belang hecht aan het aanmoedigen en begeleiden van jonge artiesten, heeft hij vijftien jaar geleden samen met collega&#8217;s een platenlabel opgericht dat muzikanten uitnodigt om hun persoonlijke projecten zelf te produceren.<\/p>\n\n\n\n<p>Philippe Pierlot is gevestigd in de stad Spa in Belgi\u00eb, waar hij sinds het najaar van 2015 een internationaal seminarie rond de viola da gamba organiseert, een festival \u201cPrintemps Baroque de Spa\u201d en een kleine reeks zomerconcerten waar jonge creatieve artiesten hun visie op oude muziek vandaag de dag kunnen voorstellen. Philippe Pierlot geeft les in Spa tijdens masterclasses of stages en is docent aan het Koninklijk Conservatorium van Brussel.<\/p>\n\n\n\n<p><a href=\"\/nl\/?page_id=41590\"><strong>Tarieven: <\/strong><br>Voorverkoop: 35\u20ac\/25\u20ac\/20\u20ac\/10\u20ac\/5\u20ac<br>Verkoop: 40\u20ac\/30\u20ac\/25\u20ac\/10\u20ac\/5\u20ac<\/a><\/p>\n","protected":false},"excerpt":{"rendered":"<p>Zaterdag 14 februari21:00 Da Pacem Tijdens de bezetting van Leipzig in 1633, midden in de Dertigjarige Oorlog, zocht het volk troost en eenheid in gebed en muziek. Ondanks de bombardementen, kwamen de inwoners dag en nacht samen in de kerken, om hun geloof en angst te uiten door middel van liederen en boetpsalmen.&nbsp; In deze [&hellip;]<\/p>\n","protected":false},"author":2,"featured_media":0,"parent":41584,"menu_order":3,"comment_status":"closed","ping_status":"closed","template":"","meta":{"_acf_changed":false,"_themeisle_gutenberg_block_has_review":false,"footnotes":""},"class_list":["post-41670","page","type-page","status-publish","hentry"],"acf":[],"yoast_head":"<!-- This site is optimized with the Yoast SEO plugin v27.2 - https:\/\/yoast.com\/product\/yoast-seo-wordpress\/ -->\n<title>Ricercar Consort - FestiVita!<\/title>\n<meta name=\"robots\" content=\"index, follow, max-snippet:-1, max-image-preview:large, max-video-preview:-1\" \/>\n<link rel=\"canonical\" href=\"https:\/\/festivita.be\/nl\/festivita-2026\/programma-festivita-2026\/ricercar-consort\/\" \/>\n<meta property=\"og:locale\" content=\"nl_NL\" \/>\n<meta property=\"og:type\" content=\"article\" \/>\n<meta property=\"og:title\" content=\"Ricercar Consort - FestiVita!\" \/>\n<meta property=\"og:description\" content=\"Zaterdag 14 februari21:00 Da Pacem Tijdens de bezetting van Leipzig in 1633, midden in de Dertigjarige Oorlog, zocht het volk troost en eenheid in gebed en muziek. Ondanks de bombardementen, kwamen de inwoners dag en nacht samen in de kerken, om hun geloof en angst te uiten door middel van liederen en boetpsalmen.&nbsp; In deze [&hellip;]\" \/>\n<meta property=\"og:url\" content=\"https:\/\/festivita.be\/nl\/festivita-2026\/programma-festivita-2026\/ricercar-consort\/\" \/>\n<meta property=\"og:site_name\" content=\"FestiVita!\" \/>\n<meta property=\"article:publisher\" content=\"https:\/\/www.facebook.com\/FestiVita-Brussels-Early-Music-Festival-102508725164674\/about\/?ref=page_internal\" \/>\n<meta property=\"article:modified_time\" content=\"2026-01-29T18:26:10+00:00\" \/>\n<meta property=\"og:image\" content=\"https:\/\/festivita.be\/wp-content\/uploads\/2025\/10\/Ricercar-Consort-Monteverdi.jpg\" \/>\n\t<meta property=\"og:image:width\" content=\"2500\" \/>\n\t<meta property=\"og:image:height\" content=\"1669\" \/>\n\t<meta property=\"og:image:type\" content=\"image\/jpeg\" \/>\n<meta name=\"twitter:card\" content=\"summary_large_image\" \/>\n<meta name=\"twitter:label1\" content=\"Geschatte leestijd\" \/>\n\t<meta name=\"twitter:data1\" content=\"5 minuten\" \/>\n<script type=\"application\/ld+json\" class=\"yoast-schema-graph\">{\"@context\":\"https:\/\/schema.org\",\"@graph\":[{\"@type\":\"WebPage\",\"@id\":\"https:\/\/festivita.be\/nl\/festivita-2026\/programma-festivita-2026\/ricercar-consort\/\",\"url\":\"https:\/\/festivita.be\/nl\/festivita-2026\/programma-festivita-2026\/ricercar-consort\/\",\"name\":\"Ricercar Consort - FestiVita!\",\"isPartOf\":{\"@id\":\"https:\/\/festivita.be\/nl\/#website\"},\"primaryImageOfPage\":{\"@id\":\"https:\/\/festivita.be\/nl\/festivita-2026\/programma-festivita-2026\/ricercar-consort\/#primaryimage\"},\"image\":{\"@id\":\"https:\/\/festivita.be\/nl\/festivita-2026\/programma-festivita-2026\/ricercar-consort\/#primaryimage\"},\"thumbnailUrl\":\"https:\/\/festivita.be\/wp-content\/uploads\/2025\/10\/Ricercar-Consort-Monteverdi-1024x684.jpg\",\"datePublished\":\"2025-11-07T16:22:49+00:00\",\"dateModified\":\"2026-01-29T18:26:10+00:00\",\"breadcrumb\":{\"@id\":\"https:\/\/festivita.be\/nl\/festivita-2026\/programma-festivita-2026\/ricercar-consort\/#breadcrumb\"},\"inLanguage\":\"nl-NL\",\"potentialAction\":[{\"@type\":\"ReadAction\",\"target\":[\"https:\/\/festivita.be\/nl\/festivita-2026\/programma-festivita-2026\/ricercar-consort\/\"]}]},{\"@type\":\"ImageObject\",\"inLanguage\":\"nl-NL\",\"@id\":\"https:\/\/festivita.be\/nl\/festivita-2026\/programma-festivita-2026\/ricercar-consort\/#primaryimage\",\"url\":\"https:\/\/festivita.be\/wp-content\/uploads\/2025\/10\/Ricercar-Consort-Monteverdi-1024x684.jpg\",\"contentUrl\":\"https:\/\/festivita.be\/wp-content\/uploads\/2025\/10\/Ricercar-Consort-Monteverdi-1024x684.jpg\"},{\"@type\":\"BreadcrumbList\",\"@id\":\"https:\/\/festivita.be\/nl\/festivita-2026\/programma-festivita-2026\/ricercar-consort\/#breadcrumb\",\"itemListElement\":[{\"@type\":\"ListItem\",\"position\":1,\"name\":\"Accueil\",\"item\":\"https:\/\/festivita.be\/nl\/\"},{\"@type\":\"ListItem\",\"position\":2,\"name\":\"FESTIVITA! 2026\",\"item\":\"https:\/\/festivita.be\/nl\/festivita-2026\/\"},{\"@type\":\"ListItem\",\"position\":3,\"name\":\"Programma FestiVita! 2026\",\"item\":\"https:\/\/festivita.be\/nl\/festivita-2026\/programma-festivita-2026\/\"},{\"@type\":\"ListItem\",\"position\":4,\"name\":\"Ricercar Consort\"}]},{\"@type\":\"WebSite\",\"@id\":\"https:\/\/festivita.be\/nl\/#website\",\"url\":\"https:\/\/festivita.be\/nl\/\",\"name\":\"FestiVita!\",\"description\":\"Brussels Early Music Festival\",\"publisher\":{\"@id\":\"https:\/\/festivita.be\/nl\/#organization\"},\"potentialAction\":[{\"@type\":\"SearchAction\",\"target\":{\"@type\":\"EntryPoint\",\"urlTemplate\":\"https:\/\/festivita.be\/nl\/?s={search_term_string}\"},\"query-input\":{\"@type\":\"PropertyValueSpecification\",\"valueRequired\":true,\"valueName\":\"search_term_string\"}}],\"inLanguage\":\"nl-NL\"},{\"@type\":\"Organization\",\"@id\":\"https:\/\/festivita.be\/nl\/#organization\",\"name\":\"Festivita\",\"url\":\"https:\/\/festivita.be\/nl\/\",\"logo\":{\"@type\":\"ImageObject\",\"inLanguage\":\"nl-NL\",\"@id\":\"https:\/\/festivita.be\/nl\/#\/schema\/logo\/image\/\",\"url\":\"https:\/\/festivita.be\/wp-content\/uploads\/2020\/10\/festivita-2-logo.jpg\",\"contentUrl\":\"https:\/\/festivita.be\/wp-content\/uploads\/2020\/10\/festivita-2-logo.jpg\",\"width\":887,\"height\":400,\"caption\":\"Festivita\"},\"image\":{\"@id\":\"https:\/\/festivita.be\/nl\/#\/schema\/logo\/image\/\"},\"sameAs\":[\"https:\/\/www.facebook.com\/FestiVita-Brussels-Early-Music-Festival-102508725164674\/about\/?ref=page_internal\",\"https:\/\/www.instagram.com\/festivita_be\/\",\"https:\/\/www.youtube.com\/channel\/UC_hlu4NfyE2QYXIYy-3EiVQ\"]}]}<\/script>\n<!-- \/ Yoast SEO plugin. -->","yoast_head_json":{"title":"Ricercar Consort - FestiVita!","robots":{"index":"index","follow":"follow","max-snippet":"max-snippet:-1","max-image-preview":"max-image-preview:large","max-video-preview":"max-video-preview:-1"},"canonical":"https:\/\/festivita.be\/nl\/festivita-2026\/programma-festivita-2026\/ricercar-consort\/","og_locale":"nl_NL","og_type":"article","og_title":"Ricercar Consort - FestiVita!","og_description":"Zaterdag 14 februari21:00 Da Pacem Tijdens de bezetting van Leipzig in 1633, midden in de Dertigjarige Oorlog, zocht het volk troost en eenheid in gebed en muziek. Ondanks de bombardementen, kwamen de inwoners dag en nacht samen in de kerken, om hun geloof en angst te uiten door middel van liederen en boetpsalmen.&nbsp; In deze [&hellip;]","og_url":"https:\/\/festivita.be\/nl\/festivita-2026\/programma-festivita-2026\/ricercar-consort\/","og_site_name":"FestiVita!","article_publisher":"https:\/\/www.facebook.com\/FestiVita-Brussels-Early-Music-Festival-102508725164674\/about\/?ref=page_internal","article_modified_time":"2026-01-29T18:26:10+00:00","og_image":[{"width":2500,"height":1669,"url":"https:\/\/festivita.be\/wp-content\/uploads\/2025\/10\/Ricercar-Consort-Monteverdi.jpg","type":"image\/jpeg"}],"twitter_card":"summary_large_image","twitter_misc":{"Geschatte leestijd":"5 minuten"},"schema":{"@context":"https:\/\/schema.org","@graph":[{"@type":"WebPage","@id":"https:\/\/festivita.be\/nl\/festivita-2026\/programma-festivita-2026\/ricercar-consort\/","url":"https:\/\/festivita.be\/nl\/festivita-2026\/programma-festivita-2026\/ricercar-consort\/","name":"Ricercar Consort - FestiVita!","isPartOf":{"@id":"https:\/\/festivita.be\/nl\/#website"},"primaryImageOfPage":{"@id":"https:\/\/festivita.be\/nl\/festivita-2026\/programma-festivita-2026\/ricercar-consort\/#primaryimage"},"image":{"@id":"https:\/\/festivita.be\/nl\/festivita-2026\/programma-festivita-2026\/ricercar-consort\/#primaryimage"},"thumbnailUrl":"https:\/\/festivita.be\/wp-content\/uploads\/2025\/10\/Ricercar-Consort-Monteverdi-1024x684.jpg","datePublished":"2025-11-07T16:22:49+00:00","dateModified":"2026-01-29T18:26:10+00:00","breadcrumb":{"@id":"https:\/\/festivita.be\/nl\/festivita-2026\/programma-festivita-2026\/ricercar-consort\/#breadcrumb"},"inLanguage":"nl-NL","potentialAction":[{"@type":"ReadAction","target":["https:\/\/festivita.be\/nl\/festivita-2026\/programma-festivita-2026\/ricercar-consort\/"]}]},{"@type":"ImageObject","inLanguage":"nl-NL","@id":"https:\/\/festivita.be\/nl\/festivita-2026\/programma-festivita-2026\/ricercar-consort\/#primaryimage","url":"https:\/\/festivita.be\/wp-content\/uploads\/2025\/10\/Ricercar-Consort-Monteverdi-1024x684.jpg","contentUrl":"https:\/\/festivita.be\/wp-content\/uploads\/2025\/10\/Ricercar-Consort-Monteverdi-1024x684.jpg"},{"@type":"BreadcrumbList","@id":"https:\/\/festivita.be\/nl\/festivita-2026\/programma-festivita-2026\/ricercar-consort\/#breadcrumb","itemListElement":[{"@type":"ListItem","position":1,"name":"Accueil","item":"https:\/\/festivita.be\/nl\/"},{"@type":"ListItem","position":2,"name":"FESTIVITA! 2026","item":"https:\/\/festivita.be\/nl\/festivita-2026\/"},{"@type":"ListItem","position":3,"name":"Programma FestiVita! 2026","item":"https:\/\/festivita.be\/nl\/festivita-2026\/programma-festivita-2026\/"},{"@type":"ListItem","position":4,"name":"Ricercar Consort"}]},{"@type":"WebSite","@id":"https:\/\/festivita.be\/nl\/#website","url":"https:\/\/festivita.be\/nl\/","name":"FestiVita!","description":"Brussels Early Music Festival","publisher":{"@id":"https:\/\/festivita.be\/nl\/#organization"},"potentialAction":[{"@type":"SearchAction","target":{"@type":"EntryPoint","urlTemplate":"https:\/\/festivita.be\/nl\/?s={search_term_string}"},"query-input":{"@type":"PropertyValueSpecification","valueRequired":true,"valueName":"search_term_string"}}],"inLanguage":"nl-NL"},{"@type":"Organization","@id":"https:\/\/festivita.be\/nl\/#organization","name":"Festivita","url":"https:\/\/festivita.be\/nl\/","logo":{"@type":"ImageObject","inLanguage":"nl-NL","@id":"https:\/\/festivita.be\/nl\/#\/schema\/logo\/image\/","url":"https:\/\/festivita.be\/wp-content\/uploads\/2020\/10\/festivita-2-logo.jpg","contentUrl":"https:\/\/festivita.be\/wp-content\/uploads\/2020\/10\/festivita-2-logo.jpg","width":887,"height":400,"caption":"Festivita"},"image":{"@id":"https:\/\/festivita.be\/nl\/#\/schema\/logo\/image\/"},"sameAs":["https:\/\/www.facebook.com\/FestiVita-Brussels-Early-Music-Festival-102508725164674\/about\/?ref=page_internal","https:\/\/www.instagram.com\/festivita_be\/","https:\/\/www.youtube.com\/channel\/UC_hlu4NfyE2QYXIYy-3EiVQ"]}]}},"_links":{"self":[{"href":"https:\/\/festivita.be\/nl\/wp-json\/wp\/v2\/pages\/41670","targetHints":{"allow":["GET"]}}],"collection":[{"href":"https:\/\/festivita.be\/nl\/wp-json\/wp\/v2\/pages"}],"about":[{"href":"https:\/\/festivita.be\/nl\/wp-json\/wp\/v2\/types\/page"}],"author":[{"embeddable":true,"href":"https:\/\/festivita.be\/nl\/wp-json\/wp\/v2\/users\/2"}],"replies":[{"embeddable":true,"href":"https:\/\/festivita.be\/nl\/wp-json\/wp\/v2\/comments?post=41670"}],"version-history":[{"count":5,"href":"https:\/\/festivita.be\/nl\/wp-json\/wp\/v2\/pages\/41670\/revisions"}],"predecessor-version":[{"id":42463,"href":"https:\/\/festivita.be\/nl\/wp-json\/wp\/v2\/pages\/41670\/revisions\/42463"}],"up":[{"embeddable":true,"href":"https:\/\/festivita.be\/nl\/wp-json\/wp\/v2\/pages\/41584"}],"wp:attachment":[{"href":"https:\/\/festivita.be\/nl\/wp-json\/wp\/v2\/media?parent=41670"}],"curies":[{"name":"wp","href":"https:\/\/api.w.org\/{rel}","templated":true}]}}