{"id":41676,"date":"2025-11-09T11:57:23","date_gmt":"2025-11-09T10:57:23","guid":{"rendered":"https:\/\/festivita.be\/?page_id=41676"},"modified":"2025-11-10T18:34:10","modified_gmt":"2025-11-10T17:34:10","slug":"ayres-extemporae","status":"publish","type":"page","link":"https:\/\/festivita.be\/nl\/festivita-2026\/programma-festivita-2026\/ayres-extemporae\/","title":{"rendered":"Ayres Extemporae"},"content":{"rendered":"\n<h4 class=\"wp-block-heading has-text-align-center\" id=\"block-408db3a8-3a9e-41ac-9d79-5e57311ab68d\">Zaterdag 14 februari<br>23:00<\/h4>\n\n\n\n<div style=\"height:25px\" aria-hidden=\"true\" class=\"wp-block-spacer\"><\/div>\n\n\n\n<figure class=\"wp-block-image size-large\"><img loading=\"lazy\" decoding=\"async\" width=\"1024\" height=\"683\" src=\"https:\/\/festivita.be\/wp-content\/uploads\/2025\/10\/Ayres_Extemporae_Ines_Rocha-22-1024x683.jpg\" alt=\"Festivita26-ayresextemporae\" class=\"wp-image-41603\" srcset=\"https:\/\/festivita.be\/wp-content\/uploads\/2025\/10\/Ayres_Extemporae_Ines_Rocha-22-1024x683.jpg 1024w, https:\/\/festivita.be\/wp-content\/uploads\/2025\/10\/Ayres_Extemporae_Ines_Rocha-22-300x200.jpg 300w, https:\/\/festivita.be\/wp-content\/uploads\/2025\/10\/Ayres_Extemporae_Ines_Rocha-22-768x512.jpg 768w, https:\/\/festivita.be\/wp-content\/uploads\/2025\/10\/Ayres_Extemporae_Ines_Rocha-22-1536x1024.jpg 1536w, https:\/\/festivita.be\/wp-content\/uploads\/2025\/10\/Ayres_Extemporae_Ines_Rocha-22-2048x1365.jpg 2048w\" sizes=\"auto, (max-width: 1024px) 100vw, 1024px\" \/><figcaption class=\"wp-element-caption\">\u00a9Ines Rocha<br><\/figcaption><\/figure>\n\n\n\n<h4 class=\"wp-block-heading\" id=\"block-42a7329d-2fdc-4b33-83ed-45dc10adcbfb\">A gift from Bach<\/h4>\n\n\n\n<p>Johann Sebastian Bach droeg veel van zijn werken op aan mensen die een belangrijke rol in zijn leven hadden gespeeld, uit respect, bewondering en soms ook uit strategische diplomatie. Dit programma verkent enkele van deze opgedragen werken: muziek die werd gecomponeerd voor koningen, vrienden, familieleden en collega-musici. Sommige getuigden van genegenheid en artistieke uitwisseling, andere hadden een subtielere politieke bedoeling. Samen laten ze zien op hoeveel verschillende manieren Bach menselijke banden omzet in muziek.<\/p>\n\n\n\n<p>In 1747 bezocht Bach het hof van Frederik II de Grote van Pruisen, waar de koning hem een thema voorlegde dat moeilijk was om op te improviseren. Bach antwoordde met \u2018Musikalisches Opfer\u2019 (BWV 1079), een prachtige verzameling canons, fuga&#8217;s en een triosonate, allemaal afgeleid van het koninklijke thema. Een selectie van stukken uit deze verzameling vormt de rode draad in dit programma.<\/p>\n\n\n\n<p>Een van Bachs meest intieme geschenken zijn de \u2018Notenb\u00fcchlein f\u00fcr Anna Magdalena Bach\u2019, twee handgeschreven verzamelingen die hij voor zijn vrouw samenstelde. Deze boekjes bevatten enkele van zijn meest geliefde stukken, zoals de Aria uit de Goldbergvariaties (BWV 988) en Bist du bei mir (BWV 508), een werk van Gottfried Heinrich St\u00f6lzel. De boekjes bevatten ook werken van andere componisten die Bach bewonderde, waaronder Fran\u00e7ois Couperin. Zijn Concerts Royaux, bedoeld voor vrije instrumentatie, bieden een ideaal terrein om te experimenteren met de uitvoering van de basso continuo met de twee cello&#8217;s, evenals andere improvisatie-elementen.<\/p>\n\n\n\n<p>In 1733 presenteerde Bach de delen Kyrie en Gloria, die later zijn Mis in b mineur (BWV 232) zouden worden, aan het hof van Dresden, in een poging om de eer te verwerven om tot hofcomponist te worden benoemd. Onder de leden van het orkest bevond zich Johann Georg Pisendel (1687\u20131755) als eerste violist. De Sonate in c mineur van Pisendel, die lange tijd aan Bach werd toegeschreven, weerspiegelt de nauwe artistieke band tussen de twee musici. Het is waarschijnlijk, dat Bach het virtuoze \u2018Laudamus te\u2019 zelf componeerde met de virtuositeit van Pisendel in gedachten. In dit programma nemen we onze eigen bewerking van het ontroerende Agnus Dei op, waarin de piccolo cello de rol van de altstem vervult.<\/p>\n\n\n\n<p class=\"has-text-align-right\"><strong>Xenia Gogu<\/strong>, viool<br><strong>V\u00edctor Garc\u00eda Garc\u00eda<\/strong>, violoncello piccolo<br><strong>Teresa Madeira<\/strong>, cello<\/p>\n\n\n\n<div style=\"height:10px\" aria-hidden=\"true\" class=\"wp-block-spacer\"><\/div>\n\n\n\n<div style=\"height:25px\" aria-hidden=\"true\" class=\"wp-block-spacer\"><\/div>\n\n\n\n<figure class=\"wp-block-embed is-type-video is-provider-youtube wp-block-embed-youtube wp-embed-aspect-16-9 wp-has-aspect-ratio\"><div class=\"wp-block-embed__wrapper\">\n<iframe loading=\"lazy\" title=\"J.S. Bach, Sonata for Viola da Gamba and Harpsichord BWV 1027 in G Major - Ayres Extemporae\" width=\"640\" height=\"360\" src=\"https:\/\/www.youtube.com\/embed\/2DhSXHNZ-7w?feature=oembed\" frameborder=\"0\" allow=\"accelerometer; autoplay; clipboard-write; encrypted-media; gyroscope; picture-in-picture; web-share\" referrerpolicy=\"strict-origin-when-cross-origin\" allowfullscreen><\/iframe>\n<\/div><\/figure>\n\n\n\n<div style=\"height:10px\" aria-hidden=\"true\" class=\"wp-block-spacer\"><\/div>\n\n\n\n<div style=\"height:25px\" aria-hidden=\"true\" class=\"wp-block-spacer\"><\/div>\n\n\n\n<h4 class=\"wp-block-heading\" id=\"block-34f588fb-1261-48f9-8682-f29b611f11c9\">Ayres Extemporae<\/h4>\n\n\n\n<p>Ayres Extemporae is een barokensemble dat gevestigd is in Belgi\u00eb en Nederland. Het bestaat uit de Moldavische violiste Xenia Gogu, de Spaanse cellist V\u00edctor Garc\u00eda Garc\u00eda, die op een vijf-snarige piccolo-cello speelt, en de Portugese celliste Teresa Madeira.&nbsp;<\/p>\n\n\n\n<p>Als winnaars van de York International Young Artists Competition 2024 ontvingen ze onder andere een professioneel platencontract bij Linn Records voor hun eerste album, dat gepland staat voor juni 2026. In 2022 wonnen ze de eerste prijs en de publieksprijs op de Semana de M\u00fasica Antigua de Estella-Lizarra, waardoor ze werden geprogrammeerd voor de editie van 2023 van het festival. In datzelfde jaar wonnen ze ook de tweede prijs op de internationale wedstrijd voor oude muziek Biagio Marini in Duitsland. Ze traden op op festivals zoals MA Brugge, York Early Music Festival, Schwetzinger SWR Festspiele, Brighton Early Music Festival, Festi<em>Vita!<\/em> Brussels Early Music Festival, Ecos Festival, Festival Impulso Canarias in La Palma en \u00c0 Corda Cello Sessions in Portugal.<\/p>\n\n\n\n<p>Een innovatief kenmerk van hun voorstel is het experimenteren met de uitvoering van basso continuo, ge\u00efnspireerd door recent onderzoek naar het gebruik van strijkinstrumenten in de basso continuo in de tijd van Corelli. De combinatie van een viersnarige cello en een vijf-snarige piccolo-cello voegt nieuwe texturen toe aan de traditionele instrumentatie van cello en klavecimbel. Door middel van ex temporae improvisatie van tegenmelodie\u00ebn, versieringen en akkoorden proberen ze de verschillende affecten van de muziek te benadrukken en een verscheidenheid aan texturen en kleuren te vinden, die ook worden verkregen door de wisselende rollen van elk instrument.<\/p>\n\n\n\n<p>De ensembleleden ontmoetten elkaar in Belgi\u00eb aan de Academie van het Collegium Vocale Gent in 2020 en hebben sindsdien een gedeelde passie voor het samenspelen ontwikkeld. De leden van Ayres Extemporae studeerden aan de afdelingen oude muziek van het Koninklijk Conservatorium van Brussel, de Universiteit der Kunsten in Berlijn en de Universiteit der Kunsten in Bremen, en V\u00edctor rondde in 2024 zijn doctoraat af aan het Koninklijk Conservatorium van Glasgow. Ze treden regelmatig op in ensembles zoals Collegium Vocale Gent, Balthasar Neumann Ensembles, Vox Luminis, Utopia Orchestra, Orchestre des Champs-\u00c9lys\u00e9es, Cappella Mediterranea, Orchestre de l&#8217;Op\u00e9ra Royal de Versailles, Orchestre R\u00e9volutionnaire et Romantique en het Barokorkest Casa da M\u00fasica.<\/p>\n\n\n\n<p><a href=\"\/nl\/?page_id=41590\"><strong>Tarieven: <\/strong><br>Voorverkoop: 20\u20ac\/15\u20ac\/5\u20ac<br>Verkoop: 25\u20ac\/20\u20ac\/5\u20ac<\/a><\/p>\n\n\n\n<p><\/p>\n","protected":false},"excerpt":{"rendered":"<p>Zaterdag 14 februari23:00 A gift from Bach Johann Sebastian Bach droeg veel van zijn werken op aan mensen die een belangrijke rol in zijn leven hadden gespeeld, uit respect, bewondering en soms ook uit strategische diplomatie. Dit programma verkent enkele van deze opgedragen werken: muziek die werd gecomponeerd voor koningen, vrienden, familieleden en collega-musici. Sommige [&hellip;]<\/p>\n","protected":false},"author":2,"featured_media":0,"parent":41584,"menu_order":4,"comment_status":"closed","ping_status":"closed","template":"","meta":{"_acf_changed":false,"_themeisle_gutenberg_block_has_review":false,"footnotes":""},"class_list":["post-41676","page","type-page","status-publish","hentry"],"acf":[],"yoast_head":"<!-- This site is optimized with the Yoast SEO plugin v27.2 - https:\/\/yoast.com\/product\/yoast-seo-wordpress\/ -->\n<title>Ayres Extemporae - FestiVita!<\/title>\n<meta name=\"robots\" content=\"index, follow, max-snippet:-1, max-image-preview:large, max-video-preview:-1\" \/>\n<link rel=\"canonical\" href=\"https:\/\/festivita.be\/nl\/festivita-2026\/programma-festivita-2026\/ayres-extemporae\/\" \/>\n<meta property=\"og:locale\" content=\"nl_NL\" \/>\n<meta property=\"og:type\" content=\"article\" \/>\n<meta property=\"og:title\" content=\"Ayres Extemporae - FestiVita!\" \/>\n<meta property=\"og:description\" content=\"Zaterdag 14 februari23:00 A gift from Bach Johann Sebastian Bach droeg veel van zijn werken op aan mensen die een belangrijke rol in zijn leven hadden gespeeld, uit respect, bewondering en soms ook uit strategische diplomatie. Dit programma verkent enkele van deze opgedragen werken: muziek die werd gecomponeerd voor koningen, vrienden, familieleden en collega-musici. Sommige [&hellip;]\" \/>\n<meta property=\"og:url\" content=\"https:\/\/festivita.be\/nl\/festivita-2026\/programma-festivita-2026\/ayres-extemporae\/\" \/>\n<meta property=\"og:site_name\" content=\"FestiVita!\" \/>\n<meta property=\"article:publisher\" content=\"https:\/\/www.facebook.com\/FestiVita-Brussels-Early-Music-Festival-102508725164674\/about\/?ref=page_internal\" \/>\n<meta property=\"article:modified_time\" content=\"2025-11-10T17:34:10+00:00\" \/>\n<meta property=\"og:image\" content=\"https:\/\/festivita.be\/wp-content\/uploads\/2025\/10\/Ayres_Extemporae_Ines_Rocha-22-scaled.jpg\" \/>\n\t<meta property=\"og:image:width\" content=\"2560\" \/>\n\t<meta property=\"og:image:height\" content=\"1707\" \/>\n\t<meta property=\"og:image:type\" content=\"image\/jpeg\" \/>\n<meta name=\"twitter:card\" content=\"summary_large_image\" \/>\n<meta name=\"twitter:label1\" content=\"Geschatte leestijd\" \/>\n\t<meta name=\"twitter:data1\" content=\"4 minuten\" \/>\n<script type=\"application\/ld+json\" class=\"yoast-schema-graph\">{\"@context\":\"https:\/\/schema.org\",\"@graph\":[{\"@type\":\"WebPage\",\"@id\":\"https:\/\/festivita.be\/nl\/festivita-2026\/programma-festivita-2026\/ayres-extemporae\/\",\"url\":\"https:\/\/festivita.be\/nl\/festivita-2026\/programma-festivita-2026\/ayres-extemporae\/\",\"name\":\"Ayres Extemporae - FestiVita!\",\"isPartOf\":{\"@id\":\"https:\/\/festivita.be\/nl\/#website\"},\"primaryImageOfPage\":{\"@id\":\"https:\/\/festivita.be\/nl\/festivita-2026\/programma-festivita-2026\/ayres-extemporae\/#primaryimage\"},\"image\":{\"@id\":\"https:\/\/festivita.be\/nl\/festivita-2026\/programma-festivita-2026\/ayres-extemporae\/#primaryimage\"},\"thumbnailUrl\":\"https:\/\/festivita.be\/wp-content\/uploads\/2025\/10\/Ayres_Extemporae_Ines_Rocha-22-1024x683.jpg\",\"datePublished\":\"2025-11-09T10:57:23+00:00\",\"dateModified\":\"2025-11-10T17:34:10+00:00\",\"breadcrumb\":{\"@id\":\"https:\/\/festivita.be\/nl\/festivita-2026\/programma-festivita-2026\/ayres-extemporae\/#breadcrumb\"},\"inLanguage\":\"nl-NL\",\"potentialAction\":[{\"@type\":\"ReadAction\",\"target\":[\"https:\/\/festivita.be\/nl\/festivita-2026\/programma-festivita-2026\/ayres-extemporae\/\"]}]},{\"@type\":\"ImageObject\",\"inLanguage\":\"nl-NL\",\"@id\":\"https:\/\/festivita.be\/nl\/festivita-2026\/programma-festivita-2026\/ayres-extemporae\/#primaryimage\",\"url\":\"https:\/\/festivita.be\/wp-content\/uploads\/2025\/10\/Ayres_Extemporae_Ines_Rocha-22-1024x683.jpg\",\"contentUrl\":\"https:\/\/festivita.be\/wp-content\/uploads\/2025\/10\/Ayres_Extemporae_Ines_Rocha-22-1024x683.jpg\"},{\"@type\":\"BreadcrumbList\",\"@id\":\"https:\/\/festivita.be\/nl\/festivita-2026\/programma-festivita-2026\/ayres-extemporae\/#breadcrumb\",\"itemListElement\":[{\"@type\":\"ListItem\",\"position\":1,\"name\":\"Accueil\",\"item\":\"https:\/\/festivita.be\/nl\/\"},{\"@type\":\"ListItem\",\"position\":2,\"name\":\"FESTIVITA! 2026\",\"item\":\"https:\/\/festivita.be\/nl\/festivita-2026\/\"},{\"@type\":\"ListItem\",\"position\":3,\"name\":\"Programma FestiVita! 2026\",\"item\":\"https:\/\/festivita.be\/nl\/festivita-2026\/programma-festivita-2026\/\"},{\"@type\":\"ListItem\",\"position\":4,\"name\":\"Ayres Extemporae\"}]},{\"@type\":\"WebSite\",\"@id\":\"https:\/\/festivita.be\/nl\/#website\",\"url\":\"https:\/\/festivita.be\/nl\/\",\"name\":\"FestiVita!\",\"description\":\"Brussels Early Music Festival\",\"publisher\":{\"@id\":\"https:\/\/festivita.be\/nl\/#organization\"},\"potentialAction\":[{\"@type\":\"SearchAction\",\"target\":{\"@type\":\"EntryPoint\",\"urlTemplate\":\"https:\/\/festivita.be\/nl\/?s={search_term_string}\"},\"query-input\":{\"@type\":\"PropertyValueSpecification\",\"valueRequired\":true,\"valueName\":\"search_term_string\"}}],\"inLanguage\":\"nl-NL\"},{\"@type\":\"Organization\",\"@id\":\"https:\/\/festivita.be\/nl\/#organization\",\"name\":\"Festivita\",\"url\":\"https:\/\/festivita.be\/nl\/\",\"logo\":{\"@type\":\"ImageObject\",\"inLanguage\":\"nl-NL\",\"@id\":\"https:\/\/festivita.be\/nl\/#\/schema\/logo\/image\/\",\"url\":\"https:\/\/festivita.be\/wp-content\/uploads\/2020\/10\/festivita-2-logo.jpg\",\"contentUrl\":\"https:\/\/festivita.be\/wp-content\/uploads\/2020\/10\/festivita-2-logo.jpg\",\"width\":887,\"height\":400,\"caption\":\"Festivita\"},\"image\":{\"@id\":\"https:\/\/festivita.be\/nl\/#\/schema\/logo\/image\/\"},\"sameAs\":[\"https:\/\/www.facebook.com\/FestiVita-Brussels-Early-Music-Festival-102508725164674\/about\/?ref=page_internal\",\"https:\/\/www.instagram.com\/festivita_be\/\",\"https:\/\/www.youtube.com\/channel\/UC_hlu4NfyE2QYXIYy-3EiVQ\"]}]}<\/script>\n<!-- \/ Yoast SEO plugin. -->","yoast_head_json":{"title":"Ayres Extemporae - FestiVita!","robots":{"index":"index","follow":"follow","max-snippet":"max-snippet:-1","max-image-preview":"max-image-preview:large","max-video-preview":"max-video-preview:-1"},"canonical":"https:\/\/festivita.be\/nl\/festivita-2026\/programma-festivita-2026\/ayres-extemporae\/","og_locale":"nl_NL","og_type":"article","og_title":"Ayres Extemporae - FestiVita!","og_description":"Zaterdag 14 februari23:00 A gift from Bach Johann Sebastian Bach droeg veel van zijn werken op aan mensen die een belangrijke rol in zijn leven hadden gespeeld, uit respect, bewondering en soms ook uit strategische diplomatie. Dit programma verkent enkele van deze opgedragen werken: muziek die werd gecomponeerd voor koningen, vrienden, familieleden en collega-musici. Sommige [&hellip;]","og_url":"https:\/\/festivita.be\/nl\/festivita-2026\/programma-festivita-2026\/ayres-extemporae\/","og_site_name":"FestiVita!","article_publisher":"https:\/\/www.facebook.com\/FestiVita-Brussels-Early-Music-Festival-102508725164674\/about\/?ref=page_internal","article_modified_time":"2025-11-10T17:34:10+00:00","og_image":[{"width":2560,"height":1707,"url":"https:\/\/festivita.be\/wp-content\/uploads\/2025\/10\/Ayres_Extemporae_Ines_Rocha-22-scaled.jpg","type":"image\/jpeg"}],"twitter_card":"summary_large_image","twitter_misc":{"Geschatte leestijd":"4 minuten"},"schema":{"@context":"https:\/\/schema.org","@graph":[{"@type":"WebPage","@id":"https:\/\/festivita.be\/nl\/festivita-2026\/programma-festivita-2026\/ayres-extemporae\/","url":"https:\/\/festivita.be\/nl\/festivita-2026\/programma-festivita-2026\/ayres-extemporae\/","name":"Ayres Extemporae - FestiVita!","isPartOf":{"@id":"https:\/\/festivita.be\/nl\/#website"},"primaryImageOfPage":{"@id":"https:\/\/festivita.be\/nl\/festivita-2026\/programma-festivita-2026\/ayres-extemporae\/#primaryimage"},"image":{"@id":"https:\/\/festivita.be\/nl\/festivita-2026\/programma-festivita-2026\/ayres-extemporae\/#primaryimage"},"thumbnailUrl":"https:\/\/festivita.be\/wp-content\/uploads\/2025\/10\/Ayres_Extemporae_Ines_Rocha-22-1024x683.jpg","datePublished":"2025-11-09T10:57:23+00:00","dateModified":"2025-11-10T17:34:10+00:00","breadcrumb":{"@id":"https:\/\/festivita.be\/nl\/festivita-2026\/programma-festivita-2026\/ayres-extemporae\/#breadcrumb"},"inLanguage":"nl-NL","potentialAction":[{"@type":"ReadAction","target":["https:\/\/festivita.be\/nl\/festivita-2026\/programma-festivita-2026\/ayres-extemporae\/"]}]},{"@type":"ImageObject","inLanguage":"nl-NL","@id":"https:\/\/festivita.be\/nl\/festivita-2026\/programma-festivita-2026\/ayres-extemporae\/#primaryimage","url":"https:\/\/festivita.be\/wp-content\/uploads\/2025\/10\/Ayres_Extemporae_Ines_Rocha-22-1024x683.jpg","contentUrl":"https:\/\/festivita.be\/wp-content\/uploads\/2025\/10\/Ayres_Extemporae_Ines_Rocha-22-1024x683.jpg"},{"@type":"BreadcrumbList","@id":"https:\/\/festivita.be\/nl\/festivita-2026\/programma-festivita-2026\/ayres-extemporae\/#breadcrumb","itemListElement":[{"@type":"ListItem","position":1,"name":"Accueil","item":"https:\/\/festivita.be\/nl\/"},{"@type":"ListItem","position":2,"name":"FESTIVITA! 2026","item":"https:\/\/festivita.be\/nl\/festivita-2026\/"},{"@type":"ListItem","position":3,"name":"Programma FestiVita! 2026","item":"https:\/\/festivita.be\/nl\/festivita-2026\/programma-festivita-2026\/"},{"@type":"ListItem","position":4,"name":"Ayres Extemporae"}]},{"@type":"WebSite","@id":"https:\/\/festivita.be\/nl\/#website","url":"https:\/\/festivita.be\/nl\/","name":"FestiVita!","description":"Brussels Early Music Festival","publisher":{"@id":"https:\/\/festivita.be\/nl\/#organization"},"potentialAction":[{"@type":"SearchAction","target":{"@type":"EntryPoint","urlTemplate":"https:\/\/festivita.be\/nl\/?s={search_term_string}"},"query-input":{"@type":"PropertyValueSpecification","valueRequired":true,"valueName":"search_term_string"}}],"inLanguage":"nl-NL"},{"@type":"Organization","@id":"https:\/\/festivita.be\/nl\/#organization","name":"Festivita","url":"https:\/\/festivita.be\/nl\/","logo":{"@type":"ImageObject","inLanguage":"nl-NL","@id":"https:\/\/festivita.be\/nl\/#\/schema\/logo\/image\/","url":"https:\/\/festivita.be\/wp-content\/uploads\/2020\/10\/festivita-2-logo.jpg","contentUrl":"https:\/\/festivita.be\/wp-content\/uploads\/2020\/10\/festivita-2-logo.jpg","width":887,"height":400,"caption":"Festivita"},"image":{"@id":"https:\/\/festivita.be\/nl\/#\/schema\/logo\/image\/"},"sameAs":["https:\/\/www.facebook.com\/FestiVita-Brussels-Early-Music-Festival-102508725164674\/about\/?ref=page_internal","https:\/\/www.instagram.com\/festivita_be\/","https:\/\/www.youtube.com\/channel\/UC_hlu4NfyE2QYXIYy-3EiVQ"]}]}},"_links":{"self":[{"href":"https:\/\/festivita.be\/nl\/wp-json\/wp\/v2\/pages\/41676","targetHints":{"allow":["GET"]}}],"collection":[{"href":"https:\/\/festivita.be\/nl\/wp-json\/wp\/v2\/pages"}],"about":[{"href":"https:\/\/festivita.be\/nl\/wp-json\/wp\/v2\/types\/page"}],"author":[{"embeddable":true,"href":"https:\/\/festivita.be\/nl\/wp-json\/wp\/v2\/users\/2"}],"replies":[{"embeddable":true,"href":"https:\/\/festivita.be\/nl\/wp-json\/wp\/v2\/comments?post=41676"}],"version-history":[{"count":4,"href":"https:\/\/festivita.be\/nl\/wp-json\/wp\/v2\/pages\/41676\/revisions"}],"predecessor-version":[{"id":42113,"href":"https:\/\/festivita.be\/nl\/wp-json\/wp\/v2\/pages\/41676\/revisions\/42113"}],"up":[{"embeddable":true,"href":"https:\/\/festivita.be\/nl\/wp-json\/wp\/v2\/pages\/41584"}],"wp:attachment":[{"href":"https:\/\/festivita.be\/nl\/wp-json\/wp\/v2\/media?parent=41676"}],"curies":[{"name":"wp","href":"https:\/\/api.w.org\/{rel}","templated":true}]}}