{"id":41680,"date":"2025-11-09T12:04:22","date_gmt":"2025-11-09T11:04:22","guid":{"rendered":"https:\/\/festivita.be\/?page_id=41680"},"modified":"2026-01-29T19:27:05","modified_gmt":"2026-01-29T18:27:05","slug":"les-abbagliati","status":"publish","type":"page","link":"https:\/\/festivita.be\/nl\/festivita-2026\/programma-festivita-2026\/les-abbagliati\/","title":{"rendered":"Les Abbagliati"},"content":{"rendered":"\n<h4 class=\"wp-block-heading has-text-align-center\" id=\"block-408db3a8-3a9e-41ac-9d79-5e57311ab68d\">Zondag 15 februari<br>10:30<\/h4>\n\n\n\n<div style=\"height:25px\" aria-hidden=\"true\" class=\"wp-block-spacer\"><\/div>\n\n\n\n<figure class=\"wp-block-image size-large\"><img loading=\"lazy\" decoding=\"async\" width=\"1024\" height=\"682\" src=\"https:\/\/festivita.be\/wp-content\/uploads\/2025\/11\/BijlokeLR-133-1024x682.jpg\" alt=\"festivita26-lesabbagliati\" class=\"wp-image-41681\" srcset=\"https:\/\/festivita.be\/wp-content\/uploads\/2025\/11\/BijlokeLR-133-1024x682.jpg 1024w, https:\/\/festivita.be\/wp-content\/uploads\/2025\/11\/BijlokeLR-133-300x200.jpg 300w, https:\/\/festivita.be\/wp-content\/uploads\/2025\/11\/BijlokeLR-133-768x512.jpg 768w, https:\/\/festivita.be\/wp-content\/uploads\/2025\/11\/BijlokeLR-133-1536x1024.jpg 1536w, https:\/\/festivita.be\/wp-content\/uploads\/2025\/11\/BijlokeLR-133.jpg 2000w\" sizes=\"auto, (max-width: 1024px) 100vw, 1024px\" \/><\/figure>\n\n\n\n<h4 class=\"wp-block-heading\" id=\"block-42a7329d-2fdc-4b33-83ed-45dc10adcbfb\">R\u00eave d&#8217;\u00e9t\u00e9<\/h4>\n\n\n\n<p>Zelfs op de langste dag van het jaar, wordt het uiteindelijk donker. Snel, laten we een vreugdevuur bouwen, voor de nacht valt! Laten we bloemen onder onze hoofdkussens leggen, zodat we mooie dromen krijgen straks. De lucht ruikt naar hooi en naar goudgele honingklaver, en wij gaan op pad. Wij willen groots en meeslepend feestvieren, wij willen niet bang zijn. Het is midzomer, en vanavond is alles mogelijk.<\/p>\n\n\n\n<p>Midzomer is een voorstelling\/concert voor kinderen vanaf 8 jaar. Verteller Tinneke Van Ransbeeck neemt ons mee op sleeptouw doorheen een midzomernacht, waarop de grens tussen werkelijkheid en verbeelding flinterdun is. Ook de grens tussen barok- en folkmuziek vervaagt tijdens de voorstelling; Het barokensemble Les Abbagliati (klavecimbel, traverso, viool en cello) brengt samen met Marieke Van Ransbeeck (barokmusette en doedelzak) en Benjamin Macke (diatonische accordeon en voetbas) een mix van Noordelijke folkmelodie\u00ebn en Franse barokmuziek. De muzikanten zoeken naar volkse, speelse randjes van de barokcomponisten als De Boismortier en Hotteterre. Illustratrice Herlinde Demaerel vat de feestelijke taferelen in bewegende beelden. Muziek, tekst en beeld duiken samen met ons de nacht in. Een familievoorstelling die tot de verbeelding spreekt en het mystieke gebeuren rond midzomer in de spotlight zet.<\/p>\n\n\n\n<p class=\"has-text-align-right\"><strong>Annelies Decock<\/strong>, viool<br><strong>Sien Huybrechts<\/strong>, fluit<br><strong>Marieke Van Ransbeeck<\/strong>, barokmusette &amp; doedelzak<br><strong>Benjamin Macke<\/strong>, diatonisch accordeon, voetbas, percussie<br><strong>Mathilde Wolfs<\/strong>, cello<br><strong>Liesje Vanmassenhove<\/strong>, klavecimbel <br><strong>Anne Fr\u00e8ches<\/strong>, vertelling<\/p>\n\n\n\n<div style=\"height:10px\" aria-hidden=\"true\" class=\"wp-block-spacer\"><\/div>\n\n\n\n<div style=\"height:25px\" aria-hidden=\"true\" class=\"wp-block-spacer\"><\/div>\n\n\n\n<figure class=\"wp-block-embed is-type-video is-provider-youtube wp-block-embed-youtube wp-embed-aspect-16-9 wp-has-aspect-ratio\"><div class=\"wp-block-embed__wrapper\">\n<iframe loading=\"lazy\" title=\"Lesmap Midzomerdroom: Jig, Bal de la Nopce Champ\u00eatre\" width=\"640\" height=\"360\" src=\"https:\/\/www.youtube.com\/embed\/HClq8XDD-Aw?feature=oembed\" frameborder=\"0\" allow=\"accelerometer; autoplay; clipboard-write; encrypted-media; gyroscope; picture-in-picture; web-share\" referrerpolicy=\"strict-origin-when-cross-origin\" allowfullscreen><\/iframe>\n<\/div><\/figure>\n\n\n\n<div style=\"height:10px\" aria-hidden=\"true\" class=\"wp-block-spacer\"><\/div>\n\n\n\n<div style=\"height:25px\" aria-hidden=\"true\" class=\"wp-block-spacer\"><\/div>\n\n\n\n<h4 class=\"wp-block-heading\" id=\"block-34f588fb-1261-48f9-8682-f29b611f11c9\">Les Abbagliati<\/h4>\n\n\n\n<p>Het Belgische ensemble <strong>Les Abbagliati<\/strong> is genoemd naar de informele Venetiaanse academie van kunst en wetenschap uit de 17<sup>e<\/sup> eeuw. De basisbezetting van het ensemble is traverso, viool, cello en klavecimbel, en kan naargelang het programma uitgebreid of gereduceerd worden.<\/p>\n\n\n\n<p>De zeventiende en achttiende eeuw zijn het geliefde werkterrein van Les Abbagliati. In hun programma\u2019s gaan ze graag op zoek naar een combinatie van bekende meesterwerken en nieuwe vondsten, van grote namen en onbekende meesters.&nbsp;<\/p>\n\n\n\n<p>Les Abbagliati wordt regelmatig aangevuld met gastmuzikanten in functie van het programma. Zo werken ze samen met sopraan Gwendoline Blondeel voor programma\u2019s rond Haendel en Franse barok, met Marieke Van Ransbeeck (musette) en met vertelster Sieglinde Michiel. Een verfrissende duik in de geschiedenis is het resultaat.&nbsp;<\/p>\n\n\n\n<p>De muzikanten van Les Abbagliati ontmoetten elkaar voor het eerst tijdens hun studiejaren aan het Koninklijk Conservatorium Brussel. Ieder van hen speelde een indrukwekkend traject bij elkaar in gerenommeerde oude-muziek-ensembles zoals Il Gardellino, Ricercar Consort, Amsterdam Baroque Orchestra, Anima Eterna, l\u2019Ensemble Pygmalion, Concerto K\u00f6ln, B\u2019Rock, A Nocte Temporis, etc.<\/p>\n\n\n\n<p>In 2010 werden zij finalist van de jaarlijkse International Young Artist Presentation in Antwerpen. Sindsdien bouwde het ensemble een solide reputatie uit met concerten binnen en buiten Belgi\u00eb.<\/p>\n\n\n\n<h4 class=\"wp-block-heading\">Marieke Van Ransbeeck<\/h4>\n\n\n\n<p><strong>Marieke Van Ransbeeck<\/strong> (\u00b094 \u2013 Aalst) is professioneel volksmuzikante, barokmuzikante, componiste en arrangeur. Met haar doedelzak treedt ze op in diverse nationale en internationale volks- en barokprojecten. Ze speelt voornamelijk Vlaamse doedelzak, barokmusette en Zweedse doedelzak. Marieke voltooide haar artistieke studies in Belgi\u00eb (LUCA School of Arts, Campus Lemmens) en in de Scandinavische landen als onderdeel van de prestigieuze Nordic Master in Folk Music.<\/p>\n\n\n\n<p><br>Marieke en volksmuziek gaan ver terug. Ze heeft haar wortels in de Belgische volksmuziekscene, waar ze volledig verliefd werd op volks-\/traditionele muziek en dans. Haar missie is om de vibes van volksmuziek over de hele wereld te verspreiden. Haar motto: \u201cBreng volksmuziek naar de mensen\u201d! Ze geeft je een energieboost die je nooit zult vergeten!<\/p>\n\n\n\n<p><br>Naast muzikante is Marieke ook dol op lesgeven: volksmuziek, volksdans, ensemble-, arrangement- en natuurlijk instrumentlessen.<\/p>\n\n\n\n<h4 class=\"wp-block-heading\">Benjamin Macke<\/h4>\n\n\n\n<p><strong>Benjamin Macke<\/strong> werd in 1983 geboren in Noord-Frankrijk. Hij begon zijn carri\u00e8re als muzikant met klassieke percussie en jazz-drums, alvorens op zijn 18e de diatonische accordeon te ontdekken die hij als autodidact en tijdens ontmoetingen leerde spelen. Vanaf 2005 maakte hij er zijn beroep van onder verschillende petten:&nbsp;<\/p>\n\n\n\n<p>&#8211; Bals met Shillelagh, een trio dat \u201cdansmuziek uit Vlaanderen en van elders\u201d speelt met Gabriel Lenoir (viool) en Aur\u00e9lien Tanghe (gitaar).&nbsp;<\/p>\n\n\n\n<p>&#8211; Barokmuziek met het Duo Macke-Bornauw met Birgit Bornauw (doedelzak en barokke musette). Samen cre\u00eberden ze twee programma&#8217;s: It&#8217;s Baroque to my Ears en vervolgens Curly Music. Ze bieden ook een balrepertoire aan. Midsummer Dream, met een Frans repertoire met Marieke Van Ransbeeck (barokke musette) en Ensemble Les Abbagliati. Hush, Henry\u2019s Dream Machine, een kinderopera van Compagnie Zonzo rond het repertoire van Henry Purcell met Jan Van Outryve (luit) en Lieselot De Wilde en Julie Calbete (zang).&nbsp;<\/p>\n\n\n\n<p>&#8211; Filmconcerten met Le Cin\u00e9-concert de Poche, solo met rollen van 16 mm, Et pendant ce temps-l\u00e0 chez les Dugaumier, een filmconcert met pianist en componist Eloi Baudimont. La Ma\u00eetresse des Ombres, een ontmoeting tussen filmconcert en sprookje met Sandrine Gniady naar de films van Lotte Reiniger. Easy Street, een filmconcert voor harmonieorkesten, gebaseerd op deze klassieker van Charlie Chaplin.&nbsp;<\/p>\n\n\n\n<p>&#8211; Sprookjes met Les Contes in 1000 Gueules, dat zich afspeelt in de wereld van de steenkoolmijnen, met Pascal Duclermortier (verhaal) en Gabriel Lenoir (viool).&nbsp;<\/p>\n\n\n\n<p>Ook onderwijs is een belangrijk onderdeel van het werk van Benjamin Macke. Hij doceerde accordeon en samenspel bij Cric-Crac Compagnie, aan de Muziekacademie van Gooik en die van Gent alvorens zijn cursus te maken aan het Conservatorium van Doornik. Bovendien geeft hij overal in Europa tal van accordeonstages, samenspel en beeldmuziek.&nbsp;<\/p>\n\n\n\n<p>Benjamin Macke staat ook bekend om zijn werk rond de voetbas, een grappige accordeon die met de voeten wordt bespeeld en zeer zware klanken produceert. Hij wil dit in onbruik geraakte instrument nieuw leven inblazen.&nbsp;<\/p>\n\n\n\n<p>De nieuwsgierige en muzikale duizendpoot Benjamin Macke was te horen bij eclectische artiesten: Amazing Airbags, een kinderorkest met doedelzak onder leiding van Birgit Bornauw, Septembre, een toneelstuk met G\u00e9raldine Bogaert en Claudia Bruno, Une Aventure de Tom Sawyer, radiofictie van Radio-France, rond David Chevallier (gitaar), het Benjamin Macke 4tet met Christophe &#8220;Pher&#8221; Motury (bugel), Jean-Christophe Cheneval (vibrafoon) en Aur\u00e9lien Tanghe (contrabas), het filmconcert Odna met Anne Fr\u00e8ches (zang) en Rapha\u00ebl De Cock (Siberische muziek), de leiding over Orchestre Insolite met gehandicapte muzikanten, de medeleiding over Orchestre Transfrontalier met 20 Franse en Belgische muzikanten, Le Duo Bastringue, een ongewone ontmoeting tussen het folkbal en musettebal met Philippe Destanque (gitaar) en Rachel Bazoge (zang) &#8230;<\/p>\n\n\n\n<p><a href=\"\/nl\/?page_id=41590\"><strong>Tarieven: <\/strong><br>Voorverkoop: 20\u20ac\/15\u20ac\/gratuit pour les enfants de moins de 12 ans<br>Verkoop: 25\u20ac\/20\u20ac\/15\u20ac\/gratuit pour les enfants de moins de 12 ans<\/a><\/p>\n","protected":false},"excerpt":{"rendered":"<p>Zondag 15 februari10:30 R\u00eave d&#8217;\u00e9t\u00e9 Zelfs op de langste dag van het jaar, wordt het uiteindelijk donker. Snel, laten we een vreugdevuur bouwen, voor de nacht valt! Laten we bloemen onder onze hoofdkussens leggen, zodat we mooie dromen krijgen straks. De lucht ruikt naar hooi en naar goudgele honingklaver, en wij gaan op pad. Wij [&hellip;]<\/p>\n","protected":false},"author":2,"featured_media":0,"parent":41584,"menu_order":3,"comment_status":"closed","ping_status":"closed","template":"","meta":{"_acf_changed":false,"_themeisle_gutenberg_block_has_review":false,"footnotes":""},"class_list":["post-41680","page","type-page","status-publish","hentry"],"acf":[],"yoast_head":"<!-- This site is optimized with the Yoast SEO plugin v27.2 - https:\/\/yoast.com\/product\/yoast-seo-wordpress\/ -->\n<title>Les Abbagliati - FestiVita!<\/title>\n<meta name=\"robots\" content=\"index, follow, max-snippet:-1, max-image-preview:large, max-video-preview:-1\" \/>\n<link rel=\"canonical\" href=\"https:\/\/festivita.be\/nl\/festivita-2026\/programma-festivita-2026\/les-abbagliati\/\" \/>\n<meta property=\"og:locale\" content=\"nl_NL\" \/>\n<meta property=\"og:type\" content=\"article\" \/>\n<meta property=\"og:title\" content=\"Les Abbagliati - FestiVita!\" \/>\n<meta property=\"og:description\" content=\"Zondag 15 februari10:30 R\u00eave d&#8217;\u00e9t\u00e9 Zelfs op de langste dag van het jaar, wordt het uiteindelijk donker. Snel, laten we een vreugdevuur bouwen, voor de nacht valt! Laten we bloemen onder onze hoofdkussens leggen, zodat we mooie dromen krijgen straks. De lucht ruikt naar hooi en naar goudgele honingklaver, en wij gaan op pad. Wij [&hellip;]\" \/>\n<meta property=\"og:url\" content=\"https:\/\/festivita.be\/nl\/festivita-2026\/programma-festivita-2026\/les-abbagliati\/\" \/>\n<meta property=\"og:site_name\" content=\"FestiVita!\" \/>\n<meta property=\"article:publisher\" content=\"https:\/\/www.facebook.com\/FestiVita-Brussels-Early-Music-Festival-102508725164674\/about\/?ref=page_internal\" \/>\n<meta property=\"article:modified_time\" content=\"2026-01-29T18:27:05+00:00\" \/>\n<meta property=\"og:image\" content=\"https:\/\/festivita.be\/wp-content\/uploads\/2025\/11\/BijlokeLR-133.jpg\" \/>\n\t<meta property=\"og:image:width\" content=\"2000\" \/>\n\t<meta property=\"og:image:height\" content=\"1333\" \/>\n\t<meta property=\"og:image:type\" content=\"image\/jpeg\" \/>\n<meta name=\"twitter:card\" content=\"summary_large_image\" \/>\n<meta name=\"twitter:label1\" content=\"Geschatte leestijd\" \/>\n\t<meta name=\"twitter:data1\" content=\"6 minuten\" \/>\n<script type=\"application\/ld+json\" class=\"yoast-schema-graph\">{\"@context\":\"https:\/\/schema.org\",\"@graph\":[{\"@type\":\"WebPage\",\"@id\":\"https:\/\/festivita.be\/nl\/festivita-2026\/programma-festivita-2026\/les-abbagliati\/\",\"url\":\"https:\/\/festivita.be\/nl\/festivita-2026\/programma-festivita-2026\/les-abbagliati\/\",\"name\":\"Les Abbagliati - FestiVita!\",\"isPartOf\":{\"@id\":\"https:\/\/festivita.be\/nl\/#website\"},\"primaryImageOfPage\":{\"@id\":\"https:\/\/festivita.be\/nl\/festivita-2026\/programma-festivita-2026\/les-abbagliati\/#primaryimage\"},\"image\":{\"@id\":\"https:\/\/festivita.be\/nl\/festivita-2026\/programma-festivita-2026\/les-abbagliati\/#primaryimage\"},\"thumbnailUrl\":\"https:\/\/festivita.be\/wp-content\/uploads\/2025\/11\/BijlokeLR-133-1024x682.jpg\",\"datePublished\":\"2025-11-09T11:04:22+00:00\",\"dateModified\":\"2026-01-29T18:27:05+00:00\",\"breadcrumb\":{\"@id\":\"https:\/\/festivita.be\/nl\/festivita-2026\/programma-festivita-2026\/les-abbagliati\/#breadcrumb\"},\"inLanguage\":\"nl-NL\",\"potentialAction\":[{\"@type\":\"ReadAction\",\"target\":[\"https:\/\/festivita.be\/nl\/festivita-2026\/programma-festivita-2026\/les-abbagliati\/\"]}]},{\"@type\":\"ImageObject\",\"inLanguage\":\"nl-NL\",\"@id\":\"https:\/\/festivita.be\/nl\/festivita-2026\/programma-festivita-2026\/les-abbagliati\/#primaryimage\",\"url\":\"https:\/\/festivita.be\/wp-content\/uploads\/2025\/11\/BijlokeLR-133-1024x682.jpg\",\"contentUrl\":\"https:\/\/festivita.be\/wp-content\/uploads\/2025\/11\/BijlokeLR-133-1024x682.jpg\"},{\"@type\":\"BreadcrumbList\",\"@id\":\"https:\/\/festivita.be\/nl\/festivita-2026\/programma-festivita-2026\/les-abbagliati\/#breadcrumb\",\"itemListElement\":[{\"@type\":\"ListItem\",\"position\":1,\"name\":\"Accueil\",\"item\":\"https:\/\/festivita.be\/nl\/\"},{\"@type\":\"ListItem\",\"position\":2,\"name\":\"FESTIVITA! 2026\",\"item\":\"https:\/\/festivita.be\/nl\/festivita-2026\/\"},{\"@type\":\"ListItem\",\"position\":3,\"name\":\"Programma FestiVita! 2026\",\"item\":\"https:\/\/festivita.be\/nl\/festivita-2026\/programma-festivita-2026\/\"},{\"@type\":\"ListItem\",\"position\":4,\"name\":\"Les Abbagliati\"}]},{\"@type\":\"WebSite\",\"@id\":\"https:\/\/festivita.be\/nl\/#website\",\"url\":\"https:\/\/festivita.be\/nl\/\",\"name\":\"FestiVita!\",\"description\":\"Brussels Early Music Festival\",\"publisher\":{\"@id\":\"https:\/\/festivita.be\/nl\/#organization\"},\"potentialAction\":[{\"@type\":\"SearchAction\",\"target\":{\"@type\":\"EntryPoint\",\"urlTemplate\":\"https:\/\/festivita.be\/nl\/?s={search_term_string}\"},\"query-input\":{\"@type\":\"PropertyValueSpecification\",\"valueRequired\":true,\"valueName\":\"search_term_string\"}}],\"inLanguage\":\"nl-NL\"},{\"@type\":\"Organization\",\"@id\":\"https:\/\/festivita.be\/nl\/#organization\",\"name\":\"Festivita\",\"url\":\"https:\/\/festivita.be\/nl\/\",\"logo\":{\"@type\":\"ImageObject\",\"inLanguage\":\"nl-NL\",\"@id\":\"https:\/\/festivita.be\/nl\/#\/schema\/logo\/image\/\",\"url\":\"https:\/\/festivita.be\/wp-content\/uploads\/2020\/10\/festivita-2-logo.jpg\",\"contentUrl\":\"https:\/\/festivita.be\/wp-content\/uploads\/2020\/10\/festivita-2-logo.jpg\",\"width\":887,\"height\":400,\"caption\":\"Festivita\"},\"image\":{\"@id\":\"https:\/\/festivita.be\/nl\/#\/schema\/logo\/image\/\"},\"sameAs\":[\"https:\/\/www.facebook.com\/FestiVita-Brussels-Early-Music-Festival-102508725164674\/about\/?ref=page_internal\",\"https:\/\/www.instagram.com\/festivita_be\/\",\"https:\/\/www.youtube.com\/channel\/UC_hlu4NfyE2QYXIYy-3EiVQ\"]}]}<\/script>\n<!-- \/ Yoast SEO plugin. -->","yoast_head_json":{"title":"Les Abbagliati - FestiVita!","robots":{"index":"index","follow":"follow","max-snippet":"max-snippet:-1","max-image-preview":"max-image-preview:large","max-video-preview":"max-video-preview:-1"},"canonical":"https:\/\/festivita.be\/nl\/festivita-2026\/programma-festivita-2026\/les-abbagliati\/","og_locale":"nl_NL","og_type":"article","og_title":"Les Abbagliati - FestiVita!","og_description":"Zondag 15 februari10:30 R\u00eave d&#8217;\u00e9t\u00e9 Zelfs op de langste dag van het jaar, wordt het uiteindelijk donker. Snel, laten we een vreugdevuur bouwen, voor de nacht valt! Laten we bloemen onder onze hoofdkussens leggen, zodat we mooie dromen krijgen straks. De lucht ruikt naar hooi en naar goudgele honingklaver, en wij gaan op pad. Wij [&hellip;]","og_url":"https:\/\/festivita.be\/nl\/festivita-2026\/programma-festivita-2026\/les-abbagliati\/","og_site_name":"FestiVita!","article_publisher":"https:\/\/www.facebook.com\/FestiVita-Brussels-Early-Music-Festival-102508725164674\/about\/?ref=page_internal","article_modified_time":"2026-01-29T18:27:05+00:00","og_image":[{"width":2000,"height":1333,"url":"https:\/\/festivita.be\/wp-content\/uploads\/2025\/11\/BijlokeLR-133.jpg","type":"image\/jpeg"}],"twitter_card":"summary_large_image","twitter_misc":{"Geschatte leestijd":"6 minuten"},"schema":{"@context":"https:\/\/schema.org","@graph":[{"@type":"WebPage","@id":"https:\/\/festivita.be\/nl\/festivita-2026\/programma-festivita-2026\/les-abbagliati\/","url":"https:\/\/festivita.be\/nl\/festivita-2026\/programma-festivita-2026\/les-abbagliati\/","name":"Les Abbagliati - FestiVita!","isPartOf":{"@id":"https:\/\/festivita.be\/nl\/#website"},"primaryImageOfPage":{"@id":"https:\/\/festivita.be\/nl\/festivita-2026\/programma-festivita-2026\/les-abbagliati\/#primaryimage"},"image":{"@id":"https:\/\/festivita.be\/nl\/festivita-2026\/programma-festivita-2026\/les-abbagliati\/#primaryimage"},"thumbnailUrl":"https:\/\/festivita.be\/wp-content\/uploads\/2025\/11\/BijlokeLR-133-1024x682.jpg","datePublished":"2025-11-09T11:04:22+00:00","dateModified":"2026-01-29T18:27:05+00:00","breadcrumb":{"@id":"https:\/\/festivita.be\/nl\/festivita-2026\/programma-festivita-2026\/les-abbagliati\/#breadcrumb"},"inLanguage":"nl-NL","potentialAction":[{"@type":"ReadAction","target":["https:\/\/festivita.be\/nl\/festivita-2026\/programma-festivita-2026\/les-abbagliati\/"]}]},{"@type":"ImageObject","inLanguage":"nl-NL","@id":"https:\/\/festivita.be\/nl\/festivita-2026\/programma-festivita-2026\/les-abbagliati\/#primaryimage","url":"https:\/\/festivita.be\/wp-content\/uploads\/2025\/11\/BijlokeLR-133-1024x682.jpg","contentUrl":"https:\/\/festivita.be\/wp-content\/uploads\/2025\/11\/BijlokeLR-133-1024x682.jpg"},{"@type":"BreadcrumbList","@id":"https:\/\/festivita.be\/nl\/festivita-2026\/programma-festivita-2026\/les-abbagliati\/#breadcrumb","itemListElement":[{"@type":"ListItem","position":1,"name":"Accueil","item":"https:\/\/festivita.be\/nl\/"},{"@type":"ListItem","position":2,"name":"FESTIVITA! 2026","item":"https:\/\/festivita.be\/nl\/festivita-2026\/"},{"@type":"ListItem","position":3,"name":"Programma FestiVita! 2026","item":"https:\/\/festivita.be\/nl\/festivita-2026\/programma-festivita-2026\/"},{"@type":"ListItem","position":4,"name":"Les Abbagliati"}]},{"@type":"WebSite","@id":"https:\/\/festivita.be\/nl\/#website","url":"https:\/\/festivita.be\/nl\/","name":"FestiVita!","description":"Brussels Early Music Festival","publisher":{"@id":"https:\/\/festivita.be\/nl\/#organization"},"potentialAction":[{"@type":"SearchAction","target":{"@type":"EntryPoint","urlTemplate":"https:\/\/festivita.be\/nl\/?s={search_term_string}"},"query-input":{"@type":"PropertyValueSpecification","valueRequired":true,"valueName":"search_term_string"}}],"inLanguage":"nl-NL"},{"@type":"Organization","@id":"https:\/\/festivita.be\/nl\/#organization","name":"Festivita","url":"https:\/\/festivita.be\/nl\/","logo":{"@type":"ImageObject","inLanguage":"nl-NL","@id":"https:\/\/festivita.be\/nl\/#\/schema\/logo\/image\/","url":"https:\/\/festivita.be\/wp-content\/uploads\/2020\/10\/festivita-2-logo.jpg","contentUrl":"https:\/\/festivita.be\/wp-content\/uploads\/2020\/10\/festivita-2-logo.jpg","width":887,"height":400,"caption":"Festivita"},"image":{"@id":"https:\/\/festivita.be\/nl\/#\/schema\/logo\/image\/"},"sameAs":["https:\/\/www.facebook.com\/FestiVita-Brussels-Early-Music-Festival-102508725164674\/about\/?ref=page_internal","https:\/\/www.instagram.com\/festivita_be\/","https:\/\/www.youtube.com\/channel\/UC_hlu4NfyE2QYXIYy-3EiVQ"]}]}},"_links":{"self":[{"href":"https:\/\/festivita.be\/nl\/wp-json\/wp\/v2\/pages\/41680","targetHints":{"allow":["GET"]}}],"collection":[{"href":"https:\/\/festivita.be\/nl\/wp-json\/wp\/v2\/pages"}],"about":[{"href":"https:\/\/festivita.be\/nl\/wp-json\/wp\/v2\/types\/page"}],"author":[{"embeddable":true,"href":"https:\/\/festivita.be\/nl\/wp-json\/wp\/v2\/users\/2"}],"replies":[{"embeddable":true,"href":"https:\/\/festivita.be\/nl\/wp-json\/wp\/v2\/comments?post=41680"}],"version-history":[{"count":5,"href":"https:\/\/festivita.be\/nl\/wp-json\/wp\/v2\/pages\/41680\/revisions"}],"predecessor-version":[{"id":42464,"href":"https:\/\/festivita.be\/nl\/wp-json\/wp\/v2\/pages\/41680\/revisions\/42464"}],"up":[{"embeddable":true,"href":"https:\/\/festivita.be\/nl\/wp-json\/wp\/v2\/pages\/41584"}],"wp:attachment":[{"href":"https:\/\/festivita.be\/nl\/wp-json\/wp\/v2\/media?parent=41680"}],"curies":[{"name":"wp","href":"https:\/\/api.w.org\/{rel}","templated":true}]}}