{"id":41688,"date":"2025-11-09T12:10:43","date_gmt":"2025-11-09T11:10:43","guid":{"rendered":"https:\/\/festivita.be\/?page_id=41688"},"modified":"2026-01-30T16:27:11","modified_gmt":"2026-01-30T15:27:11","slug":"banquet-quon-sert","status":"publish","type":"page","link":"https:\/\/festivita.be\/nl\/festivita-2026\/programma-festivita-2026\/banquet-quon-sert\/","title":{"rendered":"Banquet-qu&#8217;on-sert"},"content":{"rendered":"\n<h4 class=\"wp-block-heading has-text-align-center\" id=\"h-19-0212-00-14-30\">Zondag 15 februari<br>12:00<\/h4>\n\n\n\n<div style=\"height:25px\" aria-hidden=\"true\" class=\"wp-block-spacer\"><\/div>\n\n\n\n<div class=\"wp-block-columns is-layout-flex wp-container-core-columns-is-layout-9d6595d7 wp-block-columns-is-layout-flex\">\n<div class=\"wp-block-column is-layout-flow wp-block-column-is-layout-flow\">\n<figure class=\"wp-block-image size-large\"><img loading=\"lazy\" decoding=\"async\" width=\"1024\" height=\"683\" src=\"https:\/\/festivita.be\/wp-content\/uploads\/2025\/03\/Banquet-21-1024x683.jpg\" alt=\"festivita25-banquet\" class=\"wp-image-40931\" srcset=\"https:\/\/festivita.be\/wp-content\/uploads\/2025\/03\/Banquet-21-1024x683.jpg 1024w, https:\/\/festivita.be\/wp-content\/uploads\/2025\/03\/Banquet-21-300x200.jpg 300w, https:\/\/festivita.be\/wp-content\/uploads\/2025\/03\/Banquet-21-768x512.jpg 768w, https:\/\/festivita.be\/wp-content\/uploads\/2025\/03\/Banquet-21-1536x1024.jpg 1536w, https:\/\/festivita.be\/wp-content\/uploads\/2025\/03\/Banquet-21-2048x1365.jpg 2048w\" sizes=\"auto, (max-width: 1024px) 100vw, 1024px\" \/><figcaption class=\"wp-element-caption\">\u00a9Malou Van den Heuvel<\/figcaption><\/figure>\n<\/div>\n\n\n\n<div class=\"wp-block-column is-layout-flow wp-block-column-is-layout-flow\">\n<figure class=\"wp-block-image size-large\"><img loading=\"lazy\" decoding=\"async\" width=\"1024\" height=\"683\" src=\"https:\/\/festivita.be\/wp-content\/uploads\/2025\/03\/Banquet-35-1024x683.jpg\" alt=\"festivita25-banquet\" class=\"wp-image-40937\" srcset=\"https:\/\/festivita.be\/wp-content\/uploads\/2025\/03\/Banquet-35-1024x683.jpg 1024w, https:\/\/festivita.be\/wp-content\/uploads\/2025\/03\/Banquet-35-300x200.jpg 300w, https:\/\/festivita.be\/wp-content\/uploads\/2025\/03\/Banquet-35-768x512.jpg 768w, https:\/\/festivita.be\/wp-content\/uploads\/2025\/03\/Banquet-35-1536x1024.jpg 1536w, https:\/\/festivita.be\/wp-content\/uploads\/2025\/03\/Banquet-35-2048x1365.jpg 2048w\" sizes=\"auto, (max-width: 1024px) 100vw, 1024px\" \/><figcaption class=\"wp-element-caption\">\u00a9Malou Van den Heuvel<\/figcaption><\/figure>\n<\/div>\n<\/div>\n\n\n<p>Herbeleef de sfeer van een Saksisch banket uit de barokperiode, gekruid met optredens van acteur Bruno Georis en muzikale interventies door de laureaten van het concours Premi\u00e8re.<\/p>\n<p>Het 18e-eeuws Saksisch menu wordt samengesteld door onze musicoloog Marc Vanscheeuwijck en chef-kok Thierry Lefevre.<\/p>\n<p>In de barokperiode was Saksen een van de tien keurvorstendommen van het Heilige Roomse Rijk, een regio ten noorden van het huidige Tsjechi\u00eb die zich uitstrekte van G\u00f6rlitz aan de Poolse grens tot M\u00fchlhausen in centraal Duitsland. De Saksische hoofdstad was toen Dresden met als andere belangrijke steden Leipzig, Zwickau, Mei\u00dfen en Chemnitz.<\/p>\n<p>De keuken, nogal middeleeuws van traditie, was gebaseerd op vleesdieet, maar werd in de zeventiende eeuw verrijkt met nieuwe invloeden. Groenten en peulvruchten waren steeds minder verdacht en gedroogd fruit, riviervis, maar ook gebak, cacao en koffie werden ge\u00efntroduceerd als ingredi\u00ebnten van de dagelijkse keuken. Er was uiteraard ook nooit een tekort aan bier en wijn. Het was in de tijd van Bach (zelf een groot liefhebber van bier en lekker eten) dat een nieuwe \u201cburgerlijke\u201d keuken in het leven werd geroepen, ge\u00efnspireerd door de tradities van de Franse keuken (vooral sauzen) en die werd verspreid door de publicatie van allerlei kookboeken voor gezinnen.<\/p>\n<p><strong>Aan tafel met de familie Bach<br \/>met een typisch menu voor het Saksen van de 18e eeuw<\/strong><\/p>\n<p><strong>V<span style=\"color: initial;\">oorgerecht<\/span><\/strong><\/p>\n<p><span style=\"font-weight: 400;\">Biersoep op basis van runderbouillon<\/span><\/p>\n<p><span style=\"font-weight: 400;\">of<\/span><\/p>\n<p><span style=\"font-weight: 400;\">Schafm\u00e4uler Salat op basis van veldsla en sardientjes<\/span><\/p>\n<p><strong><span style=\"color: initial;\">Hoofdgerecht<\/span><\/strong><\/p>\n<p><span style=\"font-weight: 400;\">\u201cBoeuf \u00e0 la mode\u201d<\/span><\/p>\n<p><span style=\"font-weight: 400;\">of<\/span><\/p>\n<p><span style=\"font-weight: 400;\">Snoekbaarsfilet<\/span><\/p>\n<p><strong><span style=\"color: initial;\">Bijgerecht<\/span><\/strong><\/p>\n<p><span style=\"font-weight: 400;\">Champignons met sinaasappeldressing en citroen<\/span><\/p>\n<p><strong><span style=\"color: initial;\">Dessert<\/span><\/strong><\/p>\n<p><span style=\"font-weight: 400;\">Gevulde appeltjes<\/span><\/p>\n<p><span style=\"color: initial;\">Koffie<\/span><\/p>\n<p><span style=\"font-weight: 400;\">Rijnwijn: Riesling trocken Estate R\u00fcdesheim 2022<br \/><\/span><span style=\"font-weight: 400;\">Saksisch bier: K\u00f6strizer Schwartzbier<\/span><\/p>\n<p><a href=\"\/nl\/?page_id=41590\">Tarief:<\/a><br \/><a href=\"\/nl\/?page_id=41590\">80\u20ac<\/a><\/p>\n<p>EINDE VAN DE RESERVERINGEN OP 12 FEBRUARI OM MIDDERNACHT!<\/p>\n<div>\u00a0<\/div>","protected":false},"excerpt":{"rendered":"<p>Zondag 15 februari12:00 Herbeleef de sfeer van een Saksisch banket uit de barokperiode, gekruid met optredens van acteur Bruno Georis en muzikale interventies door de laureaten van het concours Premi\u00e8re. Het 18e-eeuws Saksisch menu wordt samengesteld door onze musicoloog Marc Vanscheeuwijck en chef-kok Thierry Lefevre. In de barokperiode was Saksen een van de tien keurvorstendommen [&hellip;]<\/p>\n","protected":false},"author":2,"featured_media":0,"parent":41584,"menu_order":10,"comment_status":"closed","ping_status":"closed","template":"","meta":{"_acf_changed":false,"_themeisle_gutenberg_block_has_review":false,"footnotes":""},"class_list":["post-41688","page","type-page","status-publish","hentry"],"acf":[],"yoast_head":"<!-- This site is optimized with the Yoast SEO plugin v27.2 - https:\/\/yoast.com\/product\/yoast-seo-wordpress\/ -->\n<title>Banquet-qu&#039;on-sert - FestiVita!<\/title>\n<meta name=\"robots\" content=\"index, follow, max-snippet:-1, max-image-preview:large, max-video-preview:-1\" \/>\n<link rel=\"canonical\" href=\"https:\/\/festivita.be\/nl\/festivita-2026\/programma-festivita-2026\/banquet-quon-sert\/\" \/>\n<meta property=\"og:locale\" content=\"nl_NL\" \/>\n<meta property=\"og:type\" content=\"article\" \/>\n<meta property=\"og:title\" content=\"Banquet-qu&#039;on-sert - FestiVita!\" \/>\n<meta property=\"og:description\" content=\"Zondag 15 februari12:00 Herbeleef de sfeer van een Saksisch banket uit de barokperiode, gekruid met optredens van acteur Bruno Georis en muzikale interventies door de laureaten van het concours Premi\u00e8re. Het 18e-eeuws Saksisch menu wordt samengesteld door onze musicoloog Marc Vanscheeuwijck en chef-kok Thierry Lefevre. In de barokperiode was Saksen een van de tien keurvorstendommen [&hellip;]\" \/>\n<meta property=\"og:url\" content=\"https:\/\/festivita.be\/nl\/festivita-2026\/programma-festivita-2026\/banquet-quon-sert\/\" \/>\n<meta property=\"og:site_name\" content=\"FestiVita!\" \/>\n<meta property=\"article:publisher\" content=\"https:\/\/www.facebook.com\/FestiVita-Brussels-Early-Music-Festival-102508725164674\/about\/?ref=page_internal\" \/>\n<meta property=\"article:modified_time\" content=\"2026-01-30T15:27:11+00:00\" \/>\n<meta property=\"og:image\" content=\"https:\/\/festivita.be\/wp-content\/uploads\/2025\/03\/Banquet-21-scaled.jpg\" \/>\n\t<meta property=\"og:image:width\" content=\"2560\" \/>\n\t<meta property=\"og:image:height\" content=\"1707\" \/>\n\t<meta property=\"og:image:type\" content=\"image\/jpeg\" \/>\n<meta name=\"twitter:card\" content=\"summary_large_image\" \/>\n<meta name=\"twitter:label1\" content=\"Geschatte leestijd\" \/>\n\t<meta name=\"twitter:data1\" content=\"2 minuten\" \/>\n<script type=\"application\/ld+json\" class=\"yoast-schema-graph\">{\"@context\":\"https:\/\/schema.org\",\"@graph\":[{\"@type\":\"WebPage\",\"@id\":\"https:\/\/festivita.be\/nl\/festivita-2026\/programma-festivita-2026\/banquet-quon-sert\/\",\"url\":\"https:\/\/festivita.be\/nl\/festivita-2026\/programma-festivita-2026\/banquet-quon-sert\/\",\"name\":\"Banquet-qu'on-sert - FestiVita!\",\"isPartOf\":{\"@id\":\"https:\/\/festivita.be\/nl\/#website\"},\"primaryImageOfPage\":{\"@id\":\"https:\/\/festivita.be\/nl\/festivita-2026\/programma-festivita-2026\/banquet-quon-sert\/#primaryimage\"},\"image\":{\"@id\":\"https:\/\/festivita.be\/nl\/festivita-2026\/programma-festivita-2026\/banquet-quon-sert\/#primaryimage\"},\"thumbnailUrl\":\"https:\/\/festivita.be\/wp-content\/uploads\/2025\/03\/Banquet-21-1024x683.jpg\",\"datePublished\":\"2025-11-09T11:10:43+00:00\",\"dateModified\":\"2026-01-30T15:27:11+00:00\",\"breadcrumb\":{\"@id\":\"https:\/\/festivita.be\/nl\/festivita-2026\/programma-festivita-2026\/banquet-quon-sert\/#breadcrumb\"},\"inLanguage\":\"nl-NL\",\"potentialAction\":[{\"@type\":\"ReadAction\",\"target\":[\"https:\/\/festivita.be\/nl\/festivita-2026\/programma-festivita-2026\/banquet-quon-sert\/\"]}]},{\"@type\":\"ImageObject\",\"inLanguage\":\"nl-NL\",\"@id\":\"https:\/\/festivita.be\/nl\/festivita-2026\/programma-festivita-2026\/banquet-quon-sert\/#primaryimage\",\"url\":\"https:\/\/festivita.be\/wp-content\/uploads\/2025\/03\/Banquet-21-1024x683.jpg\",\"contentUrl\":\"https:\/\/festivita.be\/wp-content\/uploads\/2025\/03\/Banquet-21-1024x683.jpg\"},{\"@type\":\"BreadcrumbList\",\"@id\":\"https:\/\/festivita.be\/nl\/festivita-2026\/programma-festivita-2026\/banquet-quon-sert\/#breadcrumb\",\"itemListElement\":[{\"@type\":\"ListItem\",\"position\":1,\"name\":\"Accueil\",\"item\":\"https:\/\/festivita.be\/nl\/\"},{\"@type\":\"ListItem\",\"position\":2,\"name\":\"FESTIVITA! 2026\",\"item\":\"https:\/\/festivita.be\/nl\/festivita-2026\/\"},{\"@type\":\"ListItem\",\"position\":3,\"name\":\"Programma FestiVita! 2026\",\"item\":\"https:\/\/festivita.be\/nl\/festivita-2026\/programma-festivita-2026\/\"},{\"@type\":\"ListItem\",\"position\":4,\"name\":\"Banquet-qu&rsquo;on-sert\"}]},{\"@type\":\"WebSite\",\"@id\":\"https:\/\/festivita.be\/nl\/#website\",\"url\":\"https:\/\/festivita.be\/nl\/\",\"name\":\"FestiVita!\",\"description\":\"Brussels Early Music Festival\",\"publisher\":{\"@id\":\"https:\/\/festivita.be\/nl\/#organization\"},\"potentialAction\":[{\"@type\":\"SearchAction\",\"target\":{\"@type\":\"EntryPoint\",\"urlTemplate\":\"https:\/\/festivita.be\/nl\/?s={search_term_string}\"},\"query-input\":{\"@type\":\"PropertyValueSpecification\",\"valueRequired\":true,\"valueName\":\"search_term_string\"}}],\"inLanguage\":\"nl-NL\"},{\"@type\":\"Organization\",\"@id\":\"https:\/\/festivita.be\/nl\/#organization\",\"name\":\"Festivita\",\"url\":\"https:\/\/festivita.be\/nl\/\",\"logo\":{\"@type\":\"ImageObject\",\"inLanguage\":\"nl-NL\",\"@id\":\"https:\/\/festivita.be\/nl\/#\/schema\/logo\/image\/\",\"url\":\"https:\/\/festivita.be\/wp-content\/uploads\/2020\/10\/festivita-2-logo.jpg\",\"contentUrl\":\"https:\/\/festivita.be\/wp-content\/uploads\/2020\/10\/festivita-2-logo.jpg\",\"width\":887,\"height\":400,\"caption\":\"Festivita\"},\"image\":{\"@id\":\"https:\/\/festivita.be\/nl\/#\/schema\/logo\/image\/\"},\"sameAs\":[\"https:\/\/www.facebook.com\/FestiVita-Brussels-Early-Music-Festival-102508725164674\/about\/?ref=page_internal\",\"https:\/\/www.instagram.com\/festivita_be\/\",\"https:\/\/www.youtube.com\/channel\/UC_hlu4NfyE2QYXIYy-3EiVQ\"]}]}<\/script>\n<!-- \/ Yoast SEO plugin. -->","yoast_head_json":{"title":"Banquet-qu'on-sert - FestiVita!","robots":{"index":"index","follow":"follow","max-snippet":"max-snippet:-1","max-image-preview":"max-image-preview:large","max-video-preview":"max-video-preview:-1"},"canonical":"https:\/\/festivita.be\/nl\/festivita-2026\/programma-festivita-2026\/banquet-quon-sert\/","og_locale":"nl_NL","og_type":"article","og_title":"Banquet-qu'on-sert - FestiVita!","og_description":"Zondag 15 februari12:00 Herbeleef de sfeer van een Saksisch banket uit de barokperiode, gekruid met optredens van acteur Bruno Georis en muzikale interventies door de laureaten van het concours Premi\u00e8re. Het 18e-eeuws Saksisch menu wordt samengesteld door onze musicoloog Marc Vanscheeuwijck en chef-kok Thierry Lefevre. In de barokperiode was Saksen een van de tien keurvorstendommen [&hellip;]","og_url":"https:\/\/festivita.be\/nl\/festivita-2026\/programma-festivita-2026\/banquet-quon-sert\/","og_site_name":"FestiVita!","article_publisher":"https:\/\/www.facebook.com\/FestiVita-Brussels-Early-Music-Festival-102508725164674\/about\/?ref=page_internal","article_modified_time":"2026-01-30T15:27:11+00:00","og_image":[{"width":2560,"height":1707,"url":"https:\/\/festivita.be\/wp-content\/uploads\/2025\/03\/Banquet-21-scaled.jpg","type":"image\/jpeg"}],"twitter_card":"summary_large_image","twitter_misc":{"Geschatte leestijd":"2 minuten"},"schema":{"@context":"https:\/\/schema.org","@graph":[{"@type":"WebPage","@id":"https:\/\/festivita.be\/nl\/festivita-2026\/programma-festivita-2026\/banquet-quon-sert\/","url":"https:\/\/festivita.be\/nl\/festivita-2026\/programma-festivita-2026\/banquet-quon-sert\/","name":"Banquet-qu'on-sert - FestiVita!","isPartOf":{"@id":"https:\/\/festivita.be\/nl\/#website"},"primaryImageOfPage":{"@id":"https:\/\/festivita.be\/nl\/festivita-2026\/programma-festivita-2026\/banquet-quon-sert\/#primaryimage"},"image":{"@id":"https:\/\/festivita.be\/nl\/festivita-2026\/programma-festivita-2026\/banquet-quon-sert\/#primaryimage"},"thumbnailUrl":"https:\/\/festivita.be\/wp-content\/uploads\/2025\/03\/Banquet-21-1024x683.jpg","datePublished":"2025-11-09T11:10:43+00:00","dateModified":"2026-01-30T15:27:11+00:00","breadcrumb":{"@id":"https:\/\/festivita.be\/nl\/festivita-2026\/programma-festivita-2026\/banquet-quon-sert\/#breadcrumb"},"inLanguage":"nl-NL","potentialAction":[{"@type":"ReadAction","target":["https:\/\/festivita.be\/nl\/festivita-2026\/programma-festivita-2026\/banquet-quon-sert\/"]}]},{"@type":"ImageObject","inLanguage":"nl-NL","@id":"https:\/\/festivita.be\/nl\/festivita-2026\/programma-festivita-2026\/banquet-quon-sert\/#primaryimage","url":"https:\/\/festivita.be\/wp-content\/uploads\/2025\/03\/Banquet-21-1024x683.jpg","contentUrl":"https:\/\/festivita.be\/wp-content\/uploads\/2025\/03\/Banquet-21-1024x683.jpg"},{"@type":"BreadcrumbList","@id":"https:\/\/festivita.be\/nl\/festivita-2026\/programma-festivita-2026\/banquet-quon-sert\/#breadcrumb","itemListElement":[{"@type":"ListItem","position":1,"name":"Accueil","item":"https:\/\/festivita.be\/nl\/"},{"@type":"ListItem","position":2,"name":"FESTIVITA! 2026","item":"https:\/\/festivita.be\/nl\/festivita-2026\/"},{"@type":"ListItem","position":3,"name":"Programma FestiVita! 2026","item":"https:\/\/festivita.be\/nl\/festivita-2026\/programma-festivita-2026\/"},{"@type":"ListItem","position":4,"name":"Banquet-qu&rsquo;on-sert"}]},{"@type":"WebSite","@id":"https:\/\/festivita.be\/nl\/#website","url":"https:\/\/festivita.be\/nl\/","name":"FestiVita!","description":"Brussels Early Music Festival","publisher":{"@id":"https:\/\/festivita.be\/nl\/#organization"},"potentialAction":[{"@type":"SearchAction","target":{"@type":"EntryPoint","urlTemplate":"https:\/\/festivita.be\/nl\/?s={search_term_string}"},"query-input":{"@type":"PropertyValueSpecification","valueRequired":true,"valueName":"search_term_string"}}],"inLanguage":"nl-NL"},{"@type":"Organization","@id":"https:\/\/festivita.be\/nl\/#organization","name":"Festivita","url":"https:\/\/festivita.be\/nl\/","logo":{"@type":"ImageObject","inLanguage":"nl-NL","@id":"https:\/\/festivita.be\/nl\/#\/schema\/logo\/image\/","url":"https:\/\/festivita.be\/wp-content\/uploads\/2020\/10\/festivita-2-logo.jpg","contentUrl":"https:\/\/festivita.be\/wp-content\/uploads\/2020\/10\/festivita-2-logo.jpg","width":887,"height":400,"caption":"Festivita"},"image":{"@id":"https:\/\/festivita.be\/nl\/#\/schema\/logo\/image\/"},"sameAs":["https:\/\/www.facebook.com\/FestiVita-Brussels-Early-Music-Festival-102508725164674\/about\/?ref=page_internal","https:\/\/www.instagram.com\/festivita_be\/","https:\/\/www.youtube.com\/channel\/UC_hlu4NfyE2QYXIYy-3EiVQ"]}]}},"_links":{"self":[{"href":"https:\/\/festivita.be\/nl\/wp-json\/wp\/v2\/pages\/41688","targetHints":{"allow":["GET"]}}],"collection":[{"href":"https:\/\/festivita.be\/nl\/wp-json\/wp\/v2\/pages"}],"about":[{"href":"https:\/\/festivita.be\/nl\/wp-json\/wp\/v2\/types\/page"}],"author":[{"embeddable":true,"href":"https:\/\/festivita.be\/nl\/wp-json\/wp\/v2\/users\/2"}],"replies":[{"embeddable":true,"href":"https:\/\/festivita.be\/nl\/wp-json\/wp\/v2\/comments?post=41688"}],"version-history":[{"count":8,"href":"https:\/\/festivita.be\/nl\/wp-json\/wp\/v2\/pages\/41688\/revisions"}],"predecessor-version":[{"id":42483,"href":"https:\/\/festivita.be\/nl\/wp-json\/wp\/v2\/pages\/41688\/revisions\/42483"}],"up":[{"embeddable":true,"href":"https:\/\/festivita.be\/nl\/wp-json\/wp\/v2\/pages\/41584"}],"wp:attachment":[{"href":"https:\/\/festivita.be\/nl\/wp-json\/wp\/v2\/media?parent=41688"}],"curies":[{"name":"wp","href":"https:\/\/api.w.org\/{rel}","templated":true}]}}